{"id":4638,"date":"2023-06-29T15:27:32","date_gmt":"2023-06-29T15:27:32","guid":{"rendered":"http:\/\/khantam.h193.dpsmedia.vn\/?page_id=4638"},"modified":"2024-04-26T10:07:23","modified_gmt":"2024-04-26T03:07:23","slug":"chinh-sach-mua-hang","status":"publish","type":"page","link":"https:\/\/khantamgiare.com\/en\/chinh-sach-mua-hang\/","title":{"rendered":"Purchase policy"},"content":{"rendered":"<figure class=\"wp-block-image size-full\"><img loading=\"lazy\" decoding=\"async\" width=\"850\" height=\"500\" class=\"wp-image-4644\" src=\"http:\/\/khantamgiare.com\/wp-content\/uploads\/2023\/06\/chinh-sach-mua-hang.jpg\" alt=\"\" title=\"\"><\/figure>\r\n\r\n\r\n\r\n<p>Purchase policy at Khan Nam Phong<\/p>\r\n\r\n\r\n\r\n<p>\u2013 Agent: Need to direct the company to be investment advice directly, depending on the needs that have policies consistent with each agent. Call to\u00a0<a href=\"tel:0934150780\">093 415 07 80<\/a>\u00a0(<a href=\"https:\/\/www.facebook.com\/nhunglekhannamphong\" target=\"_blank\" rel=\"noreferrer noopener nofollow\">Nhung Le<\/a>) to understand more.<\/p>\r\n\r\n\r\n\r\n<p>\u2013 Project: active, bring SAMPLES to KH, after the client key material &amp; prices, then browse the samples started to offer to KH.<\/p>\r\n\r\n\r\n\r\n<p>\u2013 Retail customers: Currently, the company does not sell retail directly at the company, but to the flexibility and does not take much time we retail on the floor\u00a0<strong>ECOMMERCE<\/strong>\u00a0as\u00a0<a href=\"https:\/\/tiki.vn\/thuong-hieu\/khan-nam-phong.html\" target=\"_blank\" rel=\"noreferrer noopener nofollow\">Tiki<\/a>\u00a0\u2013\u00a0<a href=\"https:\/\/shopee.vn\/namphongkhan\" target=\"_blank\" rel=\"noreferrer noopener nofollow\">Shopee<\/a>\u00a0or message on\u00a0<a href=\"https:\/\/www.facebook.com\/khannamphong\/\" target=\"_blank\" rel=\"noreferrer noopener nofollow\">www.facebook.com\/khannamphong\/<\/a>\u00a0\u2013\u00a0<a href=\"https:\/\/www.facebook.com\/KhanNamPhong.HaNoi\" target=\"_blank\" rel=\"noreferrer noopener nofollow\">https:\/\/www.facebook.com\/KhanNamPhong.HaNoi<\/a>\u00a0to his side sending the goods to you.<\/p>\r\n\r\n\r\n\r\n<p>Refer to the model are provided in Nam Phong:\u00a0<a href=\"https:\/\/khantamgiare.com\/en\/khan-spa\/\">towel spa premium<\/a>\u00a0\u2013\u00a0<a href=\"https:\/\/khantamgiare.com\/en\/khan-khach-san\/\">hotel towels wholesale price<\/a>\u00a0\u2013\u00a0<a href=\"https:\/\/khantamgiare.com\/en\/khan-qua-tang\/\">towel gifts<\/a>\u00a0\u2013\u00a0<a href=\"https:\/\/khantamgiare.com\/en\/dong-phuc-spa\/\">spa uniforms<\/a>\u00a0\u2013\u00a0<a href=\"https:\/\/khantamgiare.com\/en\/ao-choang-tam\/\">hotel bathrobe<\/a>\u00a0\u2013\u00a0<a href=\"https:\/\/khantamgiare.com\/en\/khan-the-thao\/\">sports towel<\/a>\u00a0\u2013\u00a0<a href=\"https:\/\/khantamgiare.com\/en\/vay-quay\/\">dresses strapless<\/a>\u00a0\u2013\u00a0<a href=\"https:\/\/khantamgiare.com\/en\/bang-do\/\">tape dollar<\/a>\u00a0\u2013\u00a0<a href=\"https:\/\/khantamgiare.com\/en\/tham-chan-khach-san\/\">carpet hotel<\/a>\u00a0\u2013\u00a0<a href=\"https:\/\/khantamgiare.com\/en\/ga-giuong-spa\/\">bed sheets spa<\/a>\u00a0\u2013\u00a0<a href=\"https:\/\/khantamgiare.com\/en\/giuong-spa\/\">spa bed<\/a><\/p>\r\n\r\n\r\n\r\n<p>For customers who want to see scarf patterns to a decision, then there are 3 options as follows:<\/p>\r\n\r\n\r\n\r\n<p><em>\u2013 Employee COMPANY will bring to counseling<\/em><\/p>\r\n\r\n\r\n\r\n<p><em>\u2013 Send Grab to customers in Saigon<\/em><\/p>\r\n\r\n\r\n\r\n<p><em>\u2013 Send the post to the customers in the province<\/em><\/p>\r\n\r\n\r\n\r\n<p>In addition, depending on the order and location address, geographical location, then Khan Male Style will have\u00a0<a href=\"https:\/\/khantamgiare.com\/en\/chinh-sach-doi-tra\/\">return policy<\/a>\u00a0&amp; support reasonable.<\/p>\r\n\r\n\r\n\r\n<p>You want to have for their communication needs, business opportunities, contribute comments, you can contact us through the address below:<\/p>\r\n\r\n\r\n\r\n<p>A: 268 Thoai Ngoc Hau Ward, Phu Thanh \u2013 Tan Phu District \u2013 Ho Chi Minh City<\/p>","protected":false},"excerpt":{"rendered":"<p>Ch\u00ednh s\u00e1ch mua h\u00e0ng t\u1ea1i Khan Nam Phong \u2013 \u0110\u1ea1i L\u00fd: C\u1ea7n \u0111\u1ebfn tr\u1ef1c ti\u1ebfp c\u00f4ng ty \u0111\u1ec3 \u0111\u01b0\u1ee3c t\u01b0 v\u1ea5n tr\u1ef1c ti\u1ebfp, t\u00f9y theo nhu c\u1ea7u m\u00e0 c\u00f3 ch\u00ednh s\u00e1ch ph\u00f9 h\u1ee3p v\u1edbi t\u1eebng \u0111\u1ea1i l\u00fd. G\u1ecdi \u0111\u1ebfn\u00a0093 415 07 80\u00a0(Nhung L\u00ea) \u0111\u1ec3 hi\u1ec3u r\u00f5 h\u01a1n. \u2013 D\u1ef1 \u00e1n: Ch\u1ee7 \u0111\u1ed9ng mang M\u1eaaU \u0111\u1ebfn &hellip; <a href=\"https:\/\/khantamgiare.com\/en\/chinh-sach-mua-hang\/\" class=\"more-link\">Continue reading <span class=\"screen-reader-text\">Purchase policy<\/span><\/a><\/p>","protected":false},"author":1,"featured_media":0,"parent":0,"menu_order":0,"comment_status":"closed","ping_status":"closed","template":"","meta":{"footnotes":""},"class_list":["post-4638","page","type-page","status-publish","hentry"],"acf":[],"_links":{"self":[{"href":"https:\/\/khantamgiare.com\/en\/wp-json\/wp\/v2\/pages\/4638","targetHints":{"allow":["GET"]}}],"collection":[{"href":"https:\/\/khantamgiare.com\/en\/wp-json\/wp\/v2\/pages"}],"about":[{"href":"https:\/\/khantamgiare.com\/en\/wp-json\/wp\/v2\/types\/page"}],"author":[{"embeddable":true,"href":"https:\/\/khantamgiare.com\/en\/wp-json\/wp\/v2\/users\/1"}],"replies":[{"embeddable":true,"href":"https:\/\/khantamgiare.com\/en\/wp-json\/wp\/v2\/comments?post=4638"}],"version-history":[{"count":1,"href":"https:\/\/khantamgiare.com\/en\/wp-json\/wp\/v2\/pages\/4638\/revisions"}],"predecessor-version":[{"id":13953,"href":"https:\/\/khantamgiare.com\/en\/wp-json\/wp\/v2\/pages\/4638\/revisions\/13953"}],"wp:attachment":[{"href":"https:\/\/khantamgiare.com\/en\/wp-json\/wp\/v2\/media?parent=4638"}],"curies":[{"name":"wp","href":"https:\/\/api.w.org\/{rel}","templated":true}]}}