{"id":4639,"date":"2023-06-29T15:27:31","date_gmt":"2023-06-29T15:27:31","guid":{"rendered":"http:\/\/khantam.h193.dpsmedia.vn\/?page_id=4639"},"modified":"2023-06-29T15:27:52","modified_gmt":"2023-06-29T15:27:52","slug":"chinh-sach-quy-dinh-chung","status":"publish","type":"page","link":"https:\/\/khantamgiare.com\/en\/chinh-sach-quy-dinh-chung\/","title":{"rendered":"Policy general provisions"},"content":{"rendered":"<p>Welcome to the&nbsp;<a href=\"https:\/\/khantamgiare.com\/en\/\">Towels Cheap<\/a><\/p>\n\n\n\n<p>We specializes in providing products:&nbsp;<a href=\"https:\/\/khantamgiare.com\/en\/khan-khach-san\/\">Hotel towels<\/a>,&nbsp;<a href=\"https:\/\/khantamgiare.com\/en\/khan-spa\/\">Towel spa<\/a>,&nbsp;<a href=\"https:\/\/khantamgiare.com\/en\/khan-quan-tang\/\">Towel gifts<\/a>,&nbsp;<a href=\"https:\/\/khantamgiare.com\/en\/dong-phuc-spa\/\">Spa uniforms<\/a>...When you access our website, means you agree to these terms.<\/p>\n\n\n\n<p>Website reserves the right to change, modify, add, or remove any part in the Regulation and conditions of use, at any time. The changes take effect immediately when posted on our website without notice. And when you continue using the website, after the change of Rules and conditions to be posted, that means you accept those changes.<\/p>\n\n\n\n<p><strong>See more<\/strong>:&nbsp;<a href=\"https:\/\/khantamgiare.com\/en\/chinh-sach-hoan-tien\/\">Refund policy<\/a>&nbsp;\u2013&nbsp;<a href=\"https:\/\/khantamgiare.com\/en\/chinh-sach-mua-hang\/\">Purchase policy<\/a><\/p>\n\n\n\n<p>Please check regularly to update the changes of the us.<\/p>\n\n\n\n<p>All claims nai information contact us address below:<\/p>\n\n\n\n<p>A: 268 thoai Ngoc hau, Phu Thanh, Tan Phu, Ho Chi Minh city<\/p>\n\n\n\n<p>M: KhanNamPhong@Gmail.Com<\/p>\n\n\n\n<p>P:&nbsp;<a href=\"tel:0903367867\">0903 367 867<\/a><\/p>\n\n\n\n<p>W:&nbsp;<a href=\"https:\/\/khantamgiare.com\/en\/\">KhanTamGiaRe.Com<\/a><\/p>","protected":false},"excerpt":{"rendered":"<p>Ch\u00e0o m\u1eebng qu\u00fd kh\u00e1ch \u0111\u1ebfn v\u1edbi&nbsp;Kh\u0103n T\u1eafm Gi\u00e1 R\u1ebb Ch\u00fang t\u00f4i chuy\u00ean cung c\u1ea5p c\u00e1c s\u1ea3n ph\u1ea9m:&nbsp;Kh\u0103n kh\u00e1ch s\u1ea1n,&nbsp;Kh\u0103n spa,&nbsp;Kh\u0103n qu\u00e0 t\u1eb7ng,&nbsp;\u0110\u1ed3ng ph\u1ee5c spa\u2026Khi qu\u00fd kh\u00e1ch truy c\u1eadp v\u00e0o trang web c\u1ee7a ch\u00fang t\u00f4i c\u00f3 ngh\u0129a l\u00e0 qu\u00fd kh\u00e1ch \u0111\u1ed3ng \u00fd v\u1edbi c\u00e1c \u0111i\u1ec1u kho\u1ea3n n\u00e0y. Trang web c\u00f3 quy\u1ec1n thay \u0111\u1ed5i, ch\u1ec9nh s\u1eeda, th\u00eam &hellip; <a href=\"https:\/\/khantamgiare.com\/en\/chinh-sach-quy-dinh-chung\/\" class=\"more-link\">Continue reading <span class=\"screen-reader-text\">Policy general provisions<\/span><\/a><\/p>","protected":false},"author":1,"featured_media":0,"parent":0,"menu_order":0,"comment_status":"closed","ping_status":"closed","template":"","meta":{"footnotes":""},"class_list":["post-4639","page","type-page","status-publish","hentry"],"acf":[],"_links":{"self":[{"href":"https:\/\/khantamgiare.com\/en\/wp-json\/wp\/v2\/pages\/4639","targetHints":{"allow":["GET"]}}],"collection":[{"href":"https:\/\/khantamgiare.com\/en\/wp-json\/wp\/v2\/pages"}],"about":[{"href":"https:\/\/khantamgiare.com\/en\/wp-json\/wp\/v2\/types\/page"}],"author":[{"embeddable":true,"href":"https:\/\/khantamgiare.com\/en\/wp-json\/wp\/v2\/users\/1"}],"replies":[{"embeddable":true,"href":"https:\/\/khantamgiare.com\/en\/wp-json\/wp\/v2\/comments?post=4639"}],"version-history":[{"count":0,"href":"https:\/\/khantamgiare.com\/en\/wp-json\/wp\/v2\/pages\/4639\/revisions"}],"wp:attachment":[{"href":"https:\/\/khantamgiare.com\/en\/wp-json\/wp\/v2\/media?parent=4639"}],"curies":[{"name":"wp","href":"https:\/\/api.w.org\/{rel}","templated":true}]}}