{"id":4640,"date":"2023-06-29T15:27:42","date_gmt":"2023-06-29T15:27:42","guid":{"rendered":"http:\/\/khantam.h193.dpsmedia.vn\/?page_id=4640"},"modified":"2024-04-26T09:21:37","modified_gmt":"2024-04-26T02:21:37","slug":"chinh-sach-hoan-tien","status":"publish","type":"page","link":"https:\/\/khantamgiare.com\/en\/chinh-sach-hoan-tien\/","title":{"rendered":"Refund policy"},"content":{"rendered":"<p>The desire to bring quality products to experience best service is the pleasure of us. But indispensable flaws. And we are pleased to refund or return the product in the following cases:<\/p>\r\n\r\n\r\n\r\n<p>\u2013 Defective products from our side that delivery to the customer, then KH immediately report with us to CO withdrawal of error return SP new quality to KH. (<a href=\"https:\/\/khantamgiare.com\/en\/khan-spa\/\">Towel spa<\/a>,\u00a0<a href=\"https:\/\/khantamgiare.com\/en\/khan-khach-san\/\">hotel towels<\/a>,\u00a0<a href=\"https:\/\/khantamgiare.com\/en\/khan-qua-tang\/\">towel gifts<\/a>,\u00a0<a href=\"https:\/\/khantamgiare.com\/en\/dong-phuc-spa\/\">spa uniforms<\/a>)<\/p>\r\n\r\n\r\n\r\n<p>\u2013 If the product is not of the right quality as what the two sides to exchange customers have the right to cancel orders or return SP right quality, in addition to our unit compensation contract 50%.<\/p>\r\n\r\n\r\n\r\n<p>\u2013 No change of delivery when delivery to customers on REQUEST<\/p>\r\n\r\n\r\n\r\n<p>Read more:\u00a0<a href=\"https:\/\/khantamgiare.com\/en\/bao-mat-thong-tin\/\">Privacy policy<\/a>\u00a0\u2013\u00a0<a href=\"https:\/\/khantamgiare.com\/en\/hinh-thuc-thanh-toan\/\">Form of payment<\/a><\/p>\r\n\r\n\r\n\r\n<p>N\u1ebfu c\u00f3 b\u1ea5t k\u00ec s\u1ef1 kh\u00f4ng h\u00e0i l\u00f2ng s\u1ea3n ph\u1ea9m c\u0169ng nh\u01b0 g\u00f3p \u00fd v\u1ec1 s\u1ea3n ph\u1ea9m th\u00ec b\u1ea1n c\u00f3 th\u1ec3\u00a0li\u00ean h\u1ec7\u00a0v\u1edbi ch\u00fang t\u00f4i \u0111\u1ecba ch\u1ec9 b\u00ean d\u01b0\u1edbi<\/p>\r\n\r\n\r\n\r\n<p>A: ho chi minh CITY: 268 thoai Ngoc hau, Phu Thanh, Tan Phu, Ho Chi Minh city<\/p>\r\n\r\n\r\n\r\n<p>M:\u00a0KhanNamPhong@Gmail.Com<\/p>\r\n\r\n\r\n\r\n<p>P:\u00a0<a href=\"tel:0903367867\">0903 367 867<\/a><\/p>\r\n\r\n\r\n\r\n<p>W:\u00a0<a href=\"https:\/\/khantamgiare.com\/en\/\">KhanTamGiaRe.Com<\/a><\/p>","protected":false},"excerpt":{"rendered":"<p>Mong mu\u1ed1n mang \u0111\u1ebfn s\u1ea3n ph\u1ea9m ch\u1ea5t l\u01b0\u1ee3ng tr\u1ea3i nghi\u1ec7m d\u1ecbch v\u1ee5 t\u1ed1t nh\u1ea5t l\u00e0 ni\u1ec1m vinh h\u1ea1nh c\u1ee7a ch\u00fang t\u00f4i. Nh\u01b0ng kh\u00f4ng th\u1ec3 thi\u1ebfu nh\u1eefng sai s\u00f3t. V\u00e0 ch\u00fang t\u00f4i xin \u0111\u01b0\u1ee3c ho\u00e0n ti\u1ec1n khi ho\u1eb7c \u0111\u1ed5i tr\u1ea3 s\u1ea3n ph\u1ea9m trong c\u00e1c tr\u01b0\u1eddng h\u1ee3p sau: \u2013 S\u1ea3n ph\u1ea9m l\u1ed7i t\u1eeb ph\u00eda ch\u00fang t\u00f4i m\u00e0 &hellip; <a href=\"https:\/\/khantamgiare.com\/en\/chinh-sach-hoan-tien\/\" class=\"more-link\">Continue reading <span class=\"screen-reader-text\">Refund policy<\/span><\/a><\/p>","protected":false},"author":1,"featured_media":0,"parent":0,"menu_order":0,"comment_status":"closed","ping_status":"closed","template":"","meta":{"footnotes":""},"class_list":["post-4640","page","type-page","status-publish","hentry"],"acf":[],"_links":{"self":[{"href":"https:\/\/khantamgiare.com\/en\/wp-json\/wp\/v2\/pages\/4640","targetHints":{"allow":["GET"]}}],"collection":[{"href":"https:\/\/khantamgiare.com\/en\/wp-json\/wp\/v2\/pages"}],"about":[{"href":"https:\/\/khantamgiare.com\/en\/wp-json\/wp\/v2\/types\/page"}],"author":[{"embeddable":true,"href":"https:\/\/khantamgiare.com\/en\/wp-json\/wp\/v2\/users\/1"}],"replies":[{"embeddable":true,"href":"https:\/\/khantamgiare.com\/en\/wp-json\/wp\/v2\/comments?post=4640"}],"version-history":[{"count":2,"href":"https:\/\/khantamgiare.com\/en\/wp-json\/wp\/v2\/pages\/4640\/revisions"}],"predecessor-version":[{"id":13936,"href":"https:\/\/khantamgiare.com\/en\/wp-json\/wp\/v2\/pages\/4640\/revisions\/13936"}],"wp:attachment":[{"href":"https:\/\/khantamgiare.com\/en\/wp-json\/wp\/v2\/media?parent=4640"}],"curies":[{"name":"wp","href":"https:\/\/api.w.org\/{rel}","templated":true}]}}