{"id":4641,"date":"2023-06-29T15:29:18","date_gmt":"2023-06-29T15:29:18","guid":{"rendered":"http:\/\/khantam.h193.dpsmedia.vn\/?page_id=4641"},"modified":"2024-04-26T09:39:44","modified_gmt":"2024-04-26T02:39:44","slug":"doi-tac-dai-ly","status":"publish","type":"page","link":"https:\/\/khantamgiare.com\/en\/doi-tac-dai-ly\/","title":{"rendered":"Partner agents"},"content":{"rendered":"<p>For you are want to start your business need a factory do level 1 agent of us to get the product (<a href=\"https:\/\/khantamgiare.com\/en\/khan-spa\/\">Towel spa<\/a>\u00a0\u2013\u00a0<a href=\"https:\/\/khantamgiare.com\/en\/khan-khach-san\/\">hotel towels<\/a>\u00a0\u2013\u00a0<a href=\"https:\/\/khantamgiare.com\/en\/khan-qua-tang\/\">towel gifts<\/a>\u00a0\u2013\u00a0<a href=\"https:\/\/khantamgiare.com\/en\/dong-phuc-spa\/\">spa uniforms<\/a>) best price, then<\/p>\r\n\r\n\r\n\r\n<p>Dealers: Need to direct the company to be investment advice directly, depending on the needs that have policies consistent with each agent. Call to\u00a0<a href=\"tel:0934150780\">093 415 07 80<\/a>\u00a0(<a href=\"https:\/\/www.facebook.com\/nhunglekhannamphong\" target=\"_blank\" rel=\"noreferrer noopener nofollow\">Nhung Le<\/a>) to understand more.\u00a0<\/p>\r\n\r\n\r\n\r\n<p>Read more:\u00a0<a href=\"https:\/\/khantamgiare.com\/en\/chinh-sach-hoan-tien\/\">Refund policy<\/a>\u00a0\u2013\u00a0<a href=\"https:\/\/khantamgiare.com\/en\/gioi-thieu\/\">About us<\/a><\/p>\r\n\r\n\r\n\r\n<p>A: 268 thoai Ngoc hau, Phu Thanh, Tan Phu, Ho Chi Minh city<\/p>\r\n\r\n\r\n\r\n<p>M:\u00a0KhanNamPhong@Gmail.Com<\/p>\r\n\r\n\r\n\r\n<p>P:\u00a0<a href=\"tel:0903367867\">0903 367 867<\/a><\/p>\r\n\r\n\r\n\r\n<p>W:\u00a0<a href=\"https:\/\/khantamgiare.com\/en\/\">KhanTamGiaRe.Com<\/a><\/p>","protected":false},"excerpt":{"rendered":"<p>\u0110\u1ed1i v\u1edbi b\u1ea1n \u0111ang mu\u1ed1n kh\u1edfi nghi\u1ec7p c\u1ea7n m\u1ed9t x\u01b0\u1edfng s\u1ea3n xu\u1ea5t l\u00e0m \u0111\u1ea1i l\u00fd c\u1ea5p 1 c\u1ee7a ch\u00fang t\u00f4i \u0111\u1ec3 l\u1ea5y s\u1ea3n ph\u1ea9m (Kh\u0103n spa\u00a0\u2013\u00a0kh\u0103n kh\u00e1ch s\u1ea1n\u00a0\u2013\u00a0kh\u0103n qu\u00e0 t\u1eb7ng\u00a0\u2013\u00a0\u0111\u1ed3ng ph\u1ee5c spa) gi\u00e1 t\u1ed1t nh\u1ea5t th\u00ec \u0110\u1ea1i L\u00fd: C\u1ea7n \u0111\u1ebfn tr\u1ef1c ti\u1ebfp c\u00f4ng ty \u0111\u1ec3 \u0111\u01b0\u1ee3c t\u01b0 v\u1ea5n tr\u1ef1c ti\u1ebfp, t\u00f9y theo nhu c\u1ea7u m\u00e0 &hellip; <a href=\"https:\/\/khantamgiare.com\/en\/doi-tac-dai-ly\/\" class=\"more-link\">Continue reading <span class=\"screen-reader-text\">Partner agents<\/span><\/a><\/p>","protected":false},"author":1,"featured_media":0,"parent":0,"menu_order":0,"comment_status":"closed","ping_status":"closed","template":"","meta":{"footnotes":""},"class_list":["post-4641","page","type-page","status-publish","hentry"],"acf":[],"_links":{"self":[{"href":"https:\/\/khantamgiare.com\/en\/wp-json\/wp\/v2\/pages\/4641","targetHints":{"allow":["GET"]}}],"collection":[{"href":"https:\/\/khantamgiare.com\/en\/wp-json\/wp\/v2\/pages"}],"about":[{"href":"https:\/\/khantamgiare.com\/en\/wp-json\/wp\/v2\/types\/page"}],"author":[{"embeddable":true,"href":"https:\/\/khantamgiare.com\/en\/wp-json\/wp\/v2\/users\/1"}],"replies":[{"embeddable":true,"href":"https:\/\/khantamgiare.com\/en\/wp-json\/wp\/v2\/comments?post=4641"}],"version-history":[{"count":1,"href":"https:\/\/khantamgiare.com\/en\/wp-json\/wp\/v2\/pages\/4641\/revisions"}],"predecessor-version":[{"id":13934,"href":"https:\/\/khantamgiare.com\/en\/wp-json\/wp\/v2\/pages\/4641\/revisions\/13934"}],"wp:attachment":[{"href":"https:\/\/khantamgiare.com\/en\/wp-json\/wp\/v2\/media?parent=4641"}],"curies":[{"name":"wp","href":"https:\/\/api.w.org\/{rel}","templated":true}]}}