{"id":4643,"date":"2023-06-29T15:29:48","date_gmt":"2023-06-29T15:29:48","guid":{"rendered":"http:\/\/khantam.h193.dpsmedia.vn\/?page_id=4643"},"modified":"2024-04-26T09:21:08","modified_gmt":"2024-04-26T02:21:08","slug":"chinh-sach-nhan-quyen","status":"publish","type":"page","link":"https:\/\/khantamgiare.com\/en\/chinh-sach-nhan-quyen\/","title":{"rendered":"Human rights policy"},"content":{"rendered":"<h2 id=\"h-chinh-sach-kinh-doanh-cam-k\u1ebft-v\u1ec1-trach-nhi\u1ec7m-d\u1ed1i-v\u1edbi-xa-h\u1ed9i-c\u1ee7a-khan-nam-phong\" class=\"wp-block-heading\">BUSINESS POLICY &amp; COMMITMENT OF RESPONSIBILITY TOWARDS THE SOCIETY OF THE SCARF MEN STYLE<\/h2>\r\n\r\n\r\n\r\n<p><a href=\"https:\/\/khantamgiare.com\/en\/\">Towels Cheap<\/a> l\u00e0 c\u00f4ng ty chuy\u00ean s\u1ea3n xu\u1ea5t <a href=\"https:\/\/khantamgiare.com\/en\/khan-khach-san\/\">hotel towels<\/a>, <a href=\"https:\/\/khantamgiare.com\/en\/khan-qua-tang\/\">towel gifts<\/a> and <a href=\"https:\/\/khantamgiare.com\/en\/khan-spa\/\">towel spa<\/a> , ph\u00e2n ph\u1ed1i tr\u00ean to\u00e0n qu\u1ed1c, nh\u1eadn th\u00eau, d\u1ec7t logo tr\u00ean kh\u0103n theo y\u00eau c\u1ea7u, t\u1eeb \u0111\u01a1n h\u00e0ng nh\u1ecf \u0111\u1ebfn l\u1edbn, \u0111\u1eb7c bi\u1ec7t ch\u00fang t\u00f4i c\u00f3 nh\u00e0 m\u00e1y s\u1ea3n xu\u1ea5t kh\u0103n v\u1edbi s\u1ed1 l\u01b0\u1ee3ng l\u1edbn ph\u00e2n ph\u1ed1i c\u1ea3 n\u01b0\u1edbc.<\/p>\r\n\r\n\r\n\r\n<ol class=\"wp-block-list\">\r\n<li><strong>Company policies with respect to social<\/strong><\/li>\r\n<\/ol>\r\n\r\n\r\n\r\n<ul class=\"wp-block-list\">\r\n<li>\u00a0 \u00a0\u00a0Maintain management good company strictly adhere to ethical standards of business.<\/li>\r\n\r\n\r\n\r\n<li>\u00a0 \u00a0\u00a0Compliance with legal regulations.<\/li>\r\n\r\n\r\n\r\n<li>\u00a0 \u00a0\u00a0The current-mode full coverage for employees, workers in the company.<\/li>\r\n\r\n\r\n\r\n<li>\u00a0 \u00a0\u00a0Implementation of policy social security and charity every year.<\/li>\r\n\r\n\r\n\r\n<li>\u00a0 \u00a0\u00a0Prohibited acts of fraud, bribery and corruption in all business activities.<\/li>\r\n\r\n\r\n\r\n<li>\u00a0 \u00a0\u00a0Registered copyright intellectual property for the brand.<\/li>\r\n<\/ul>\r\n\r\n\r\n\r\n<ol class=\"wp-block-list\">\r\n<li><strong>COMPANY POLICY FOR EMPLOYEES<\/strong><\/li>\r\n<\/ol>\r\n\r\n\r\n\r\n<ul class=\"wp-block-list\">\r\n<li>\u00a0 \u00a0\u00a0Provides work environment, safe, healthy for staff, space to develop their talent with the salary policy, welfare reasonable.<\/li>\r\n\r\n\r\n\r\n<li>\u00a0 \u00a0\u00a0Encourage employees to participate in activities of public utility society.<\/li>\r\n\r\n\r\n\r\n<li>\u00a0 \u00a0\u00a0Provide work steadily, does not exceed the number of hours worked.<\/li>\r\n\r\n\r\n\r\n<li>\u00a0 \u00a0\u00a0Salary of us meet the needs of the market<\/li>\r\n\r\n\r\n\r\n<li>\u00a0 \u00a0\u00a0Not use child labor.<\/li>\r\n\r\n\r\n\r\n<li>\u00a0 \u00a0\u00a0Not been involved in the fraudulent activity, corruption or collusion to violate laws and regulations, whether direct or indirect.<\/li>\r\n<\/ul>\r\n\r\n\r\n\r\n<p>See more details\u00a0<a href=\"https:\/\/docs.google.com\/document\/d\/1G8bdMdLhDmd7NOFWio6P9xGBioKI9b3Ks2ldX43koco\/edit?usp=sharing\" target=\"_blank\" rel=\"noreferrer noopener nofollow\">human rights policy<\/a>\u00a0to know more details<\/p>\r\n\r\n\r\n\r\n<p><strong>Co., LTD. TITO<\/strong><\/p>\r\n\r\n\r\n\r\n<p><strong>TITO COMPANY LIMITED<\/strong><\/p>\r\n\r\n\r\n\r\n<p><strong>Address<\/strong>:<\/p>\r\n\r\n\r\n\r\n<p>VP1:\u00a0<a href=\"https:\/\/g.page\/r\/CXv7Skpplu7jEAE\" target=\"_blank\" rel=\"noreferrer noopener nofollow\">268 Tho\u1ea1i Ng\u1ecdc H\u1ea7u \u2013\u00a0 Ph\u01b0\u1eddng Ph\u00fa Th\u1ea1nh \u2013 Qu\u1eadn T\u00e2n Ph\u00fa, TP. HCM<\/a><\/p>\r\n\r\n\r\n\r\n<p>VP2:\u00a0<a href=\"https:\/\/g.page\/khanspakhachsanhanoi?share\" target=\"_blank\" rel=\"noreferrer noopener nofollow\">74B, LANE 295 , BACH MAI STREET, HAI BA TRUNG DISTRICT , HA NOI<\/a><\/p>\r\n\r\n\r\n\r\n<p><strong>SDT<\/strong>:\u00a0<a href=\"tel:0707164369\">0707 164 369<\/a>\u00a0\u2013\u00a0<a href=\"tel:0934150780\">093 415 07 80<\/a>\u00a0\u2013<a href=\"tel:0903367867\">\u00a00903 367 867<\/a><\/p>\r\n\r\n\r\n\r\n<p><strong>Mail:<\/strong>\u00a0<a href=\"mailto:khannamphong@gmail.com\">khannamphong@gmail.com<\/a><\/p>","protected":false},"excerpt":{"rendered":"<p>CH\u00cdNH S\u00c1CH KINH DOANH &amp; CAM K\u1ebeT V\u1ec0 TR\u00c1CH NHI\u1ec6M \u0110\u1ed0I V\u1edaI X\u00c3 H\u1ed8I C\u1ee6A KH\u0102N NAM PHONG Kh\u0103n T\u1eafm Gi\u00e1 R\u1ebb l\u00e0 c\u00f4ng ty chuy\u00ean s\u1ea3n xu\u1ea5t kh\u0103n kh\u00e1ch s\u1ea1n, kh\u0103n qu\u00e0 t\u1eb7ng v\u00e0 kh\u0103n spa , ph\u00e2n ph\u1ed1i tr\u00ean to\u00e0n qu\u1ed1c, nh\u1eadn th\u00eau, d\u1ec7t logo tr\u00ean kh\u0103n theo y\u00eau c\u1ea7u, t\u1eeb \u0111\u01a1n h\u00e0ng &hellip; <a href=\"https:\/\/khantamgiare.com\/en\/chinh-sach-nhan-quyen\/\" class=\"more-link\">Continue reading <span class=\"screen-reader-text\">Human rights policy<\/span><\/a><\/p>","protected":false},"author":1,"featured_media":0,"parent":0,"menu_order":0,"comment_status":"closed","ping_status":"closed","template":"","meta":{"footnotes":""},"class_list":["post-4643","page","type-page","status-publish","hentry"],"acf":[],"_links":{"self":[{"href":"https:\/\/khantamgiare.com\/en\/wp-json\/wp\/v2\/pages\/4643","targetHints":{"allow":["GET"]}}],"collection":[{"href":"https:\/\/khantamgiare.com\/en\/wp-json\/wp\/v2\/pages"}],"about":[{"href":"https:\/\/khantamgiare.com\/en\/wp-json\/wp\/v2\/types\/page"}],"author":[{"embeddable":true,"href":"https:\/\/khantamgiare.com\/en\/wp-json\/wp\/v2\/users\/1"}],"replies":[{"embeddable":true,"href":"https:\/\/khantamgiare.com\/en\/wp-json\/wp\/v2\/comments?post=4643"}],"version-history":[{"count":2,"href":"https:\/\/khantamgiare.com\/en\/wp-json\/wp\/v2\/pages\/4643\/revisions"}],"predecessor-version":[{"id":13933,"href":"https:\/\/khantamgiare.com\/en\/wp-json\/wp\/v2\/pages\/4643\/revisions\/13933"}],"wp:attachment":[{"href":"https:\/\/khantamgiare.com\/en\/wp-json\/wp\/v2\/media?parent=4643"}],"curies":[{"name":"wp","href":"https:\/\/api.w.org\/{rel}","templated":true}]}}