{"id":7279,"date":"2023-07-03T09:31:58","date_gmt":"2023-07-03T09:31:58","guid":{"rendered":"https:\/\/khantam.h193.dpsmedia.vn\/?page_id=7279"},"modified":"2024-04-26T09:20:21","modified_gmt":"2024-04-26T02:20:21","slug":"tuyen-dung","status":"publish","type":"page","link":"https:\/\/khantamgiare.com\/en\/tuyen-dung\/","title":{"rendered":"Recruitment"},"content":{"rendered":"<h3 id=\"h-1-nhan-vien-content-marketing\" class=\"wp-block-heading\">1. Staff Content Marketing<\/h3>\r\n\r\n\r\n\r\n<p><strong>\u2013 Salary:\u00a0<\/strong>6,500,000 linear to 9.000.000<\/p>\r\n\r\n\r\n\r\n<p><strong>\u2013 Work\u00a0<\/strong>: 268 Thoai Ngoc Hau Ward, Phu Thanh \u2013 Tan Phu District \u2013 Ho Chi Minh City (<a href=\"https:\/\/goo.gl\/maps\/NoX6HhVUjPaSdZ2F7\" target=\"_blank\" rel=\"noreferrer noopener nofollow\">Map<\/a>)<\/p>\r\n\r\n\r\n\r\n<p><strong>\u2013 Working time\u00a0<\/strong>: Administrative hours<\/p>\r\n\r\n\r\n\r\n<p><strong>\u2013 Required level\u00a0<\/strong>: Graduate Level COLLEGE\/UNIVERSITY majoring in Marketing\/journalism\/information technology\/PR.<\/p>\r\n\r\n\r\n\r\n<p><strong>\u2013 Number of years work experience<\/strong>: \u00a01 n\u0103m n\u1ebfu kh\u00f4ng bi\u1ebft c\u00f3 th\u1ec3 \u0111\u00e0o t\u1ea1o<\/p>\r\n\r\n\r\n\r\n<p><strong>\u2013 Required number :<\/strong>\u00a0 1<\/p>\r\n\r\n\r\n\r\n<p><strong>\u2013\u00a0M\u00f4 t\u1ea3 c\u00f4ng vi\u1ec7c\u00a0:<\/strong><\/p>\r\n\r\n\r\n\r\n<ul class=\"wp-block-list\">\r\n<li>Planned web content for the website by week, month, quarter<\/li>\r\n\r\n\r\n\r\n<li>Write\u00a0<strong>CONTENT SALES<\/strong>\u00a0&amp;\u00a0<strong>CONTENT SEO<\/strong>\u00a0for systems COMPANY WEBSITE<\/li>\r\n\r\n\r\n\r\n<li>Also supports up Content for the\u00a0<strong>COMMUNICATION CHANNEL<\/strong>\u00a0other (Facebook, Youtube...).<\/li>\r\n\r\n\r\n\r\n<li>Combine design department, upload content for the program, event, company.<\/li>\r\n<\/ul>\r\n\r\n\r\n\r\n<p><strong>\u2013\u00a0Y\u00eau c\u1ea7u c\u00f4ng vi\u1ec7c:<\/strong><\/p>\r\n\r\n\r\n\r\n<ul class=\"wp-block-list\">\r\n<li>Dynamic\u00a0<strong>CREATIVE<\/strong>\u00a0&amp; THE ABILITY TO WRITE WELL<\/li>\r\n\r\n\r\n\r\n<li>SENSE OF RESPONSIBILITY, ACTIVE, AT WORK, PROGRESSIVE.<\/li>\r\n\r\n\r\n\r\n<li>Know\u00a0<strong>IMAGE DESIGN<\/strong>\u00a0is an advantage.<\/li>\r\n\r\n\r\n\r\n<li>Know more about the brand story.<\/li>\r\n<\/ul>\r\n\r\n\r\n\r\n<p><strong>\u2013\u00a0Quy\u1ec1n l\u1ee3i \u0111\u01b0\u1ee3c h\u01b0\u1edfng:<\/strong><\/p>\r\n\r\n\r\n\r\n<ul class=\"wp-block-list\">\r\n<li>Enjoy the full rights of workers under current law.<\/li>\r\n\r\n\r\n\r\n<li>Enjoy travel mode; bonus holidays; bonus according to performance.<\/li>\r\n\r\n\r\n\r\n<li>Work environment, active, friendly. There is a high chance of promotion.<\/li>\r\n\r\n\r\n\r\n<li>Be taking the class advanced expertise.<\/li>\r\n<\/ul>\r\n\r\n\r\n\r\n<p><strong>\u2013\u00a0Y\u00eau c\u1ea7u h\u1ed3 s\u01a1:<\/strong><\/p>\r\n\r\n\r\n\r\n<ul class=\"wp-block-list\">\r\n<li>CV, clearly stating the learning process, task, and work experience.<\/li>\r\n<\/ul>\r\n\r\n\r\n\r\n<p>&gt;&gt;&gt; For any questions: 03.3335.9020 (\u00a0<a href=\"https:\/\/www.facebook.com\/phidienlatoi\" target=\"_blank\" rel=\"noreferrer noopener nofollow\">Le Non Solo<\/a>\u00a0)<\/p>\r\n\r\n\r\n\r\n<p><strong>\u2013 Filing period:<\/strong>\u00a0\u00a0<strong>Date 02\/01\/2021 to date 05\/02\/2021<\/strong><\/p>\r\n\r\n\r\n\r\n<h3 id=\"h-2-nhan-vien-ban-hang-sale\" class=\"wp-block-heading\">2. Employees sales (SALE)<\/h3>\r\n\r\n\r\n\r\n<p><strong>\u2013 Salary:\u00a0<\/strong>Agreement<\/p>\r\n\r\n\r\n\r\n<p><strong>\u2013 Work\u00a0<\/strong>: 268 Thoai Ngoc Hau Ward, Phu Thanh \u2013 Tan Phu District \u2013 Ho Chi Minh City (<a href=\"https:\/\/goo.gl\/maps\/NoX6HhVUjPaSdZ2F7\" target=\"_blank\" rel=\"noreferrer noopener nofollow\">Map<\/a>)<\/p>\r\n\r\n\r\n\r\n<p><strong>\u2013 Working time\u00a0<\/strong>: Administrative hours<\/p>\r\n\r\n\r\n\r\n<p><strong>\u2013 Required level\u00a0<\/strong>: Graduate Level COLLEGE\/UNIVERSITY majoring in Marketing\/journalism\/information technology\/PR.<\/p>\r\n\r\n\r\n\r\n<p><strong>\u2013 Number of years work experience<\/strong>: \u00a01 n\u0103m n\u1ebfu kh\u00f4ng bi\u1ebft c\u00f3 th\u1ec3 \u0111\u00e0o t\u1ea1o<\/p>\r\n\r\n\r\n\r\n<p><strong>\u2013 Required number :<\/strong>\u00a0 5<\/p>\r\n\r\n\r\n\r\n<p><strong>\u2013\u00a0M\u00f4 t\u1ea3 c\u00f4ng vi\u1ec7c:<\/strong><\/p>\r\n\r\n\r\n\r\n<ul class=\"wp-block-list\">\r\n<li>L\u00e0 c\u00f4ng ty chuy\u00ean s\u1ea3n xu\u1ea5t kh\u0103n cho kh\u00e1ch s\u1ea1n, kh\u0103n spa, kh\u0103n ti\u00eau d\u00f9ng , <a class=\"wpil_keyword_link\" title=\"towel gifts\" href=\"https:\/\/khantamgiare.com\/en\/khan-qua-tang\/\" data-wpil-keyword-link=\"linked\">towel gifts<\/a>, ngo\u00e0i ra c\u00f4ng ty c\u00f2n cung c\u1ea5p th\u00eam m\u1ed9t s\u1ed1 m\u1eb7t h\u00e0ng d\u00e0nh cho spa nh\u01b0, gi\u01b0\u1eddng spa, dra gi\u01b0\u1eddng spa, \u0111\u1ed3ng ph\u1ee5c spa\u2026. , v\u00ec c\u00f3 nhi\u1ec1u sp \u0111i k\u00e8m n\u00ean r\u1ea5t d\u1ec5 b\u00e1n h\u00e0ng v\u00e0 \u0111\u1ea1t doanh s\u1ed1 cao.<\/li>\r\n\r\n\r\n\r\n<li>Give the dealer, wholesale and retail, restaurant, hotel, spa, salon, resort, gym, towel gifts..... With the most competitive price.<\/li>\r\n\r\n\r\n\r\n<li>Analyze market information, such as competition, consumer habits of customers, to the proposed schemes improve the quality of service and increase market share.<\/li>\r\n\r\n\r\n\r\n<li>SPECIAL: Customer contact with the company and customer resources available<\/li>\r\n\r\n\r\n\r\n<li>Build, develop sources of potential clients.<\/li>\r\n\r\n\r\n\r\n<li>Coordinate closely with other departments to ensure the work efficiency<\/li>\r\n\r\n\r\n\r\n<li>Processing of orders of old customers, and the orders, new customers.<\/li>\r\n\r\n\r\n\r\n<li>Perform tasks assigned by the leadership.<\/li>\r\n\r\n\r\n\r\n<li>Track the debt incurred, for projection and recovery of receivables.<\/li>\r\n\r\n\r\n\r\n<li>The work will be discussed in the interview<\/li>\r\n<\/ul>\r\n\r\n\r\n\r\n<p><strong>\u2013\u00a0Y\u00eau C\u1ea7u:<\/strong><\/p>\r\n\r\n\r\n\r\n<ul class=\"wp-block-list\">\r\n<li>Proficient user of microsoft office;<\/li>\r\n\r\n\r\n\r\n<li>Standard voice, no loss, no voice, local<\/li>\r\n\r\n\r\n\r\n<li>The style agile, communication skills, fluency, openness, ability to convince ,like to communicate.<\/li>\r\n\r\n\r\n\r\n<li>Priority who has ever done customer care via phone or have the experience in the consulting services care KH<\/li>\r\n\r\n\r\n\r\n<li>Responsible in work.<\/li>\r\n\r\n\r\n\r\n<li>Strives to know and improve your results at work.<\/li>\r\n\r\n\r\n\r\n<li>Hard-working, inquisitive, high sense of responsibility<\/li>\r\n<\/ul>\r\n\r\n\r\n\r\n<p>A look through the product offering:\u00a0<a href=\"https:\/\/khantamgiare.com\/en\/khan-spa\/\">towel spa premium<\/a>,\u00a0<a href=\"https:\/\/khantamgiare.com\/en\/khan-khach-san\/\">hotel towels wholesale price<\/a>,\u00a0b\u1ed9 kh\u0103n l\u00e0m qu\u00e0 t\u1eb7ng) ho\u1eb7c c\u00e1c s\u1ea3n ph\u1ea9m kh\u00e1c (<a href=\"https:\/\/khantamgiare.com\/en\/dong-phuc-spa\/\">spa uniforms cheap<\/a>,\u00a0<a href=\"https:\/\/khantamgiare.com\/en\/ga-giuong-spa\/\">bed sheets spa<\/a>...).<\/p>\r\n\r\n\r\n\r\n<p>You want to have for their communication needs, business opportunities, contribute comments, you can contact us through the address below:<\/p>\r\n\r\n\r\n\r\n<p>CS1: 268 thoai Ngoc hau Ward, Phu Thanh \u2013 Tan Phu District \u2013 Ho Chi Minh City<\/p>\r\n\r\n\r\n\r\n<p>SDT:\u00a0<a href=\"tel:0934150780\">093 415 07 80<\/a><\/p>\r\n\r\n\r\n\r\n<p>Fanpage company:\u00a0<a href=\"https:\/\/www.facebook.com\/khannamphong\/\" target=\"_blank\" rel=\"noreferrer noopener nofollow\">www.facebook.com\/khannamphong\/<\/a>\u00a0\u2013\u00a0<a href=\"https:\/\/www.facebook.com\/KhanNamPhong.HaNoi\" target=\"_blank\" rel=\"noreferrer noopener nofollow\">https:\/\/www.facebook.com\/KhanNamPhong.HaNoi<\/a><\/p>\r\n\r\n\r\n\r\n<p><em><strong>CO., LTD TITO \u2013\u00a0<\/strong><\/em>Towels Cheap<\/p>\r\n\r\n\r\n\r\n<p><strong>Address<\/strong>: 268 Tho\u1ea1i Ng\u1ecdc H\u1ea7u \u2013\u00a0 Ph\u00fa Th\u1ea1nh \u2013 T\u00e2n Ph\u00fa TPHCM<\/p>\r\n\r\n\r\n\r\n<p><strong>Mail<\/strong>:\u00a0khannamphong@gmail.com<\/p>\r\n\r\n\r\n\r\n<p><strong>SDT<\/strong>:\u00a0<a href=\"tel:0707164369\">0707 164 369<\/a>\u00a0\u2013\u00a0<a href=\"tel:0934150780\">093 415 07 80<\/a>\u00a0\u2013<a href=\"tel:0903367867\">\u00a00903 367 867<\/a><\/p>\r\n\r\n\r\n\r\n<p><strong>Websites:\u00a0<\/strong><a href=\"https:\/\/khantamgiare.com\/en\/\">Khantamgiare.com<\/a><\/p>","protected":false},"excerpt":{"rendered":"<p>1. Nh\u00e2n vi\u00ean Content Marketing \u2013 M\u1ee9c l\u01b0\u01a1ng:\u00a06.500.000 \u0111\u1ebfn 9.000.000 \u2013 N\u01a1i l\u00e0m vi\u1ec7c\u00a0: 268 Tho\u1ea1i Ng\u1ecdc H\u1ea7u \u2013 Ph\u01b0\u1eddng Ph\u00fa Th\u1ea1nh \u2013 Qu\u1eadn T\u00e2n Ph\u00fa \u2013 Th\u00e0nh Ph\u1ed1 H\u1ed3 Ch\u00ed Minh (B\u1ea3n \u0111\u1ed3) \u2013 Th\u1eddi gian l\u00e0m vi\u1ec7c\u00a0: Gi\u1edd h\u00e0nh ch\u00ednh \u2013 Y\u00eau c\u1ea7u tr\u00ecnh \u0111\u1ed9\u00a0: T\u1ed1t nghi\u1ec7p Trung C\u1ea5p C\u0110\/\u0110H chuy\u00ean ng\u00e0nh Marketing\/B\u00e1o &hellip; <a href=\"https:\/\/khantamgiare.com\/en\/tuyen-dung\/\" class=\"more-link\">Continue reading <span class=\"screen-reader-text\">Recruitment<\/span><\/a><\/p>","protected":false},"author":1,"featured_media":7280,"parent":0,"menu_order":0,"comment_status":"closed","ping_status":"closed","template":"","meta":{"footnotes":""},"class_list":["post-7279","page","type-page","status-publish","has-post-thumbnail","hentry"],"acf":[],"_links":{"self":[{"href":"https:\/\/khantamgiare.com\/en\/wp-json\/wp\/v2\/pages\/7279","targetHints":{"allow":["GET"]}}],"collection":[{"href":"https:\/\/khantamgiare.com\/en\/wp-json\/wp\/v2\/pages"}],"about":[{"href":"https:\/\/khantamgiare.com\/en\/wp-json\/wp\/v2\/types\/page"}],"author":[{"embeddable":true,"href":"https:\/\/khantamgiare.com\/en\/wp-json\/wp\/v2\/users\/1"}],"replies":[{"embeddable":true,"href":"https:\/\/khantamgiare.com\/en\/wp-json\/wp\/v2\/comments?post=7279"}],"version-history":[{"count":3,"href":"https:\/\/khantamgiare.com\/en\/wp-json\/wp\/v2\/pages\/7279\/revisions"}],"predecessor-version":[{"id":13932,"href":"https:\/\/khantamgiare.com\/en\/wp-json\/wp\/v2\/pages\/7279\/revisions\/13932"}],"wp:featuredmedia":[{"embeddable":true,"href":"https:\/\/khantamgiare.com\/en\/wp-json\/wp\/v2\/media\/7280"}],"wp:attachment":[{"href":"https:\/\/khantamgiare.com\/en\/wp-json\/wp\/v2\/media?parent=7279"}],"curies":[{"name":"wp","href":"https:\/\/api.w.org\/{rel}","templated":true}]}}