{"id":10740,"date":"2023-10-17T08:02:16","date_gmt":"2023-10-17T08:02:16","guid":{"rendered":"https:\/\/khantamgiare.com\/?post_type=product&#038;p=10740"},"modified":"2024-03-07T16:04:31","modified_gmt":"2024-03-07T16:04:31","slug":"khan-qua-tang-20-11","status":"publish","type":"product","link":"https:\/\/khantamgiare.com\/en\/khan-qua-tang-20-11\/","title":{"rendered":"Towel Gift 20\/11"},"content":{"rendered":"<p style=\"text-align: justify;\"><a href=\"https:\/\/khantamgiare.com\/en\/khan-qua-tang-20-11\/\"><strong>Kh\u0103n qu\u00e0 t\u1eb7ng 20\/11<\/strong><\/a> \u0111\u01b0\u1ee3c l\u00e0m t\u1eeb ch\u1ea5t li\u1ec7u cao c\u1ea5p, m\u1ec1m m\u1ea1i v\u00e0 tho\u00e1ng m\u00e1t, kh\u00f4ng g\u00e2y k\u00edch \u1ee9ng da. Kh\u0103n c\u00f3 nhi\u1ec1u m\u00e0u s\u1eafc v\u00e0 h\u1ecda ti\u1ebft \u0111\u1eb9p m\u1eaft, ph\u00f9 h\u1ee3p v\u1edbi nhi\u1ec1u phong c\u00e1ch v\u00e0 s\u1edf th\u00edch kh\u00e1c nhau. Kh\u0103n qu\u00e0 t\u1eb7ng 20\/11 c\u00f2n c\u00f3 th\u1ec3 \u0111\u01b0\u1ee3c th\u00eau ho\u1eb7c in logo, t\u00ean, ho\u1eb7c kh\u1ea9u hi\u1ec7u c\u1ee7a tr\u01b0\u1eddng h\u1ecdc, \u0111\u1ec3 t\u1ea1o n\u00ean s\u1ef1 \u0111\u1ed3ng nh\u1ea5t v\u00e0 g\u00e2y \u1ea5n t\u01b0\u1ee3ng m\u1ea1nh v\u1edbi ng\u01b0\u1eddi nh\u1eadn.<\/p>\n<p style=\"text-align: justify;\">Kh\u0103n qu\u00e0 t\u1eb7ng 20\/11 c\u00f2n c\u00f3 th\u1ec3 \u0111\u01b0\u1ee3c g\u00f3i c\u00f9ng nh\u1eefng ph\u1ee5 ki\u1ec7n \u0111i k\u00e8m nh\u01b0 b\u00ecnh gi\u1eef nhi\u1ec7t \u0111\u1ec3 tr\u1edf th\u00e0nh nh\u1eefng set qu\u00e0 cao c\u1ea5p. B\u1ea1n c\u00f3 th\u1ec3 th\u00eam nh\u1eefng ph\u1ee5 ki\u1ec7n nh\u01b0 n\u01a1, ruy b\u0103ng, hay thi\u1ec7p \u0111\u1ec3 t\u0103ng th\u00eam s\u1ef1 \u1ea5n t\u01b0\u1ee3ng cho m\u00f3n qu\u00e0 c\u1ee7a m\u00ecnh.<\/p>\n<div id='gallery-1' class='gallery galleryid-10740 gallery-columns-3 gallery-size-full'><figure class='gallery-item'>\n\t\t\t<div class='gallery-icon landscape'>\n\t\t\t\t<img loading=\"lazy\" decoding=\"async\" width=\"2560\" height=\"1707\" src=\"https:\/\/khantamgiare.com\/wp-content\/uploads\/2023\/10\/z4782140050114_b15d3e34bac4e00373a8a2d0ab368d60-1.jpg\" class=\"attachment-full size-full\" alt=\"\" data-id=\"10743\" title=\"\">\n\t\t\t<\/div><\/figure><figure class='gallery-item'>\n\t\t\t<div class='gallery-icon landscape'>\n\t\t\t\t<img loading=\"lazy\" decoding=\"async\" width=\"2560\" height=\"1707\" src=\"https:\/\/khantamgiare.com\/wp-content\/uploads\/2023\/10\/z4782140215424_6b42a622b8a0c433ce2866d110495a2e.jpg\" class=\"attachment-full size-full\" alt=\"\" data-id=\"10744\" title=\"\">\n\t\t\t<\/div><\/figure><figure class='gallery-item'>\n\t\t\t<div class='gallery-icon landscape'>\n\t\t\t\t<img loading=\"lazy\" decoding=\"async\" width=\"2560\" height=\"1707\" src=\"https:\/\/khantamgiare.com\/wp-content\/uploads\/2023\/10\/z4782140215439_d2e2f6709070f7d57a0e36187a6a875e.jpg\" class=\"attachment-full size-full\" alt=\"\" data-id=\"10745\" title=\"\">\n\t\t\t<\/div><\/figure><figure class='gallery-item'>\n\t\t\t<div class='gallery-icon landscape'>\n\t\t\t\t<img loading=\"lazy\" decoding=\"async\" width=\"2560\" height=\"1707\" src=\"https:\/\/khantamgiare.com\/wp-content\/uploads\/2023\/10\/z4782140216176_d530846efaeaaa5a69eae7fdc5ae721e.jpg\" class=\"attachment-full size-full\" alt=\"\" data-id=\"10746\" title=\"\">\n\t\t\t<\/div><\/figure><figure class='gallery-item'>\n\t\t\t<div class='gallery-icon landscape'>\n\t\t\t\t<img loading=\"lazy\" decoding=\"async\" width=\"2560\" height=\"1707\" src=\"https:\/\/khantamgiare.com\/wp-content\/uploads\/2023\/10\/z4782140216213_3d128fd37ea49d1a15b23e4df0889f6d.jpg\" class=\"attachment-full size-full\" alt=\"\" data-id=\"10747\" title=\"\">\n\t\t\t<\/div><\/figure><figure class='gallery-item'>\n\t\t\t<div class='gallery-icon landscape'>\n\t\t\t\t<img loading=\"lazy\" decoding=\"async\" width=\"2560\" height=\"1707\" src=\"https:\/\/khantamgiare.com\/wp-content\/uploads\/2023\/10\/z4782140226592_f1d1f81ba2e8b6d15c31d48b5c67d57d.jpg\" class=\"attachment-full size-full\" alt=\"\" data-id=\"10749\" title=\"\">\n\t\t\t<\/div><\/figure><figure class='gallery-item'>\n\t\t\t<div class='gallery-icon landscape'>\n\t\t\t\t<img loading=\"lazy\" decoding=\"async\" width=\"2560\" height=\"1707\" src=\"https:\/\/khantamgiare.com\/wp-content\/uploads\/2023\/10\/z4782140226679_84f71b37ca757b5d29416e5e68b7184f.jpg\" class=\"attachment-full size-full\" alt=\"\" data-id=\"10751\" title=\"\">\n\t\t\t<\/div><\/figure><figure class='gallery-item'>\n\t\t\t<div class='gallery-icon landscape'>\n\t\t\t\t<img loading=\"lazy\" decoding=\"async\" width=\"2560\" height=\"1707\" src=\"https:\/\/khantamgiare.com\/wp-content\/uploads\/2023\/10\/z4782140226858_da1e4b09ebea156548c9d19f141cf745.jpg\" class=\"attachment-full size-full\" alt=\"\" data-id=\"10752\" title=\"\">\n\t\t\t<\/div><\/figure><figure class='gallery-item'>\n\t\t\t<div class='gallery-icon landscape'>\n\t\t\t\t<img loading=\"lazy\" decoding=\"async\" width=\"2560\" height=\"1707\" src=\"https:\/\/khantamgiare.com\/wp-content\/uploads\/2023\/10\/z4787212766217_739a19170372a46e98b3182b1b08929b.jpg\" class=\"attachment-full size-full\" alt=\"\" data-id=\"10753\" title=\"\">\n\t\t\t<\/div><\/figure>\n\t\t<\/div>\n\n<p style=\"text-align: justify;\">Kh\u0103n qu\u00e0 t\u1eb7ng 20\/11 l\u00e0 m\u1ed9t c\u00e1ch \u0111\u01a1n gi\u1ea3n nh\u01b0ng hi\u1ec7u qu\u1ea3 \u0111\u1ec3 b\u00e0y t\u1ecf l\u00f2ng bi\u1ebft \u01a1n v\u00e0 khen ng\u1ee3i nh\u1eefng ng\u01b0\u1eddi th\u1ea7y c\u00f4 gi\u00e1o \u0111\u00e3 c\u1ed1ng hi\u1ebfn h\u1ebft m\u00ecnh cho s\u1ef1 nghi\u1ec7p gi\u00e1o d\u1ee5c. H\u00e3y ch\u1ecdn cho m\u00ecnh m\u1ed9t chi\u1ebfc <a href=\"https:\/\/khantamgiare.com\/en\/khan-qua-tang\/\"><strong>towel gifts<\/strong><\/a> 20\/11 ngay h\u00f4m nay \u0111\u1ec3 g\u1eedi g\u1eafm nh\u1eefng l\u1eddi ch\u00fac t\u1ed1t \u0111\u1eb9p nh\u1ea5t cho nh\u1eefng ng\u01b0\u1eddi \u0111\u00e3 g\u00f3p ph\u1ea7n x\u00e2y d\u1ef1ng n\u1ec1n t\u1ea3ng cho t\u01b0\u01a1ng lai c\u1ee7a x\u00e3 h\u1ed9i.<\/p>","protected":false},"excerpt":{"rendered":"<p><strong>There are two types of size :<\/strong><\/p>\n<p>+\u00a0<strong>Face towel:<\/strong>\u00a040 x 80 cm, 34 x 78 cm<\/p>\n<p>+\u00a0<strong>Towels:<\/strong>\u00a070 x 140 cm, 60 x 120 cm<\/p>\n<p><strong>Material:<\/strong>\u00a0100% natural cotton<\/p>\n<p><strong>Color: <\/strong>\u00a0<em><strong>\u00a0<\/strong>moss green, blue, brown, chocolate, purple, pink, gray, white,buff, red, turquoise...<\/em><\/p>\n<p><strong>Place of origin:<\/strong>\u00a0Vietnam<\/p>","protected":false},"featured_media":10741,"comment_status":"closed","ping_status":"closed","template":"","meta":[],"product_cat":[52],"product_tag":[],"class_list":{"0":"post-10740","1":"product","2":"type-product","3":"status-publish","4":"has-post-thumbnail","6":"product_cat-khan-qua-tang","9":"instock","10":"shipping-taxable","11":"product-type-simple"},"acf":[],"_links":{"self":[{"href":"https:\/\/khantamgiare.com\/en\/wp-json\/wp\/v2\/product\/10740","targetHints":{"allow":["GET"]}}],"collection":[{"href":"https:\/\/khantamgiare.com\/en\/wp-json\/wp\/v2\/product"}],"about":[{"href":"https:\/\/khantamgiare.com\/en\/wp-json\/wp\/v2\/types\/product"}],"replies":[{"embeddable":true,"href":"https:\/\/khantamgiare.com\/en\/wp-json\/wp\/v2\/comments?post=10740"}],"wp:featuredmedia":[{"embeddable":true,"href":"https:\/\/khantamgiare.com\/en\/wp-json\/wp\/v2\/media\/10741"}],"wp:attachment":[{"href":"https:\/\/khantamgiare.com\/en\/wp-json\/wp\/v2\/media?parent=10740"}],"wp:term":[{"taxonomy":"product_cat","embeddable":true,"href":"https:\/\/khantamgiare.com\/en\/wp-json\/wp\/v2\/product_cat?post=10740"},{"taxonomy":"product_tag","embeddable":true,"href":"https:\/\/khantamgiare.com\/en\/wp-json\/wp\/v2\/product_tag?post=10740"}],"curies":[{"name":"wp","href":"https:\/\/api.w.org\/{rel}","templated":true}]}}