{"id":3429,"date":"2023-06-29T07:32:02","date_gmt":"2023-06-29T07:32:02","guid":{"rendered":"http:\/\/khantam.h193.dpsmedia.vn\/san-pham\/khan-qt-rmit-trangdo-cotton\/"},"modified":"2026-03-22T21:43:43","modified_gmt":"2026-03-22T14:43:43","slug":"khan-qt-rmit-trangdo-cotton","status":"publish","type":"product","link":"https:\/\/khantamgiare.com\/en\/khan-qt-rmit-trangdo-cotton\/","title":{"rendered":"Scarf QT Rmit \u2013 White&amp;Red (Cotton)"},"content":{"rendered":"<h2><strong>Product characteristics\u00a0<\/strong><\/h2>\n<ul>\n<li><a href=\"https:\/\/khantamgiare.com\/en\/khan-qua-tang\/\"><strong>Towel gifts<\/strong><\/a> RMit v\u1edbi b\u1ed9 \u0111\u00f4i m\u00e0u tr\u1eafng \u0111\u1ecf h\u1ee9a h\u1eb9n l\u00e0 d\u00f2ng s\u1ea3n ph\u1ea9m kh\u0103n qu\u00e0 t\u1eb7ng hot nh\u1ea5t hi\u1ec7n nay. V\u1edbi hai gam m\u00e0u n\u1ed5i b\u1eadt, s\u1ea3n ph\u1ea9m nhanh ch\u00f3ng thu h\u00fat \u0111\u01b0\u1ee3c s\u1ef1 quan t\u00e2m c\u1ee7a kh\u00e1ch h\u00e0ng ngay t\u1eeb \u00e1nh nh\u00ecn \u0111\u1ea7u ti\u00ean. N\u1ebfu nh\u01b0 b\u1ea1n c\u00f3 nhu c\u1ea7u t\u00ecm mua qu\u00e0 t\u1eb7ng cho \u0111\u1ed1i t\u00e1c ho\u1eb7c kh\u00e1ch h\u00e0ng c\u1ee7a m\u00ecnh, h\u00e3y l\u1ef1a ch\u1ecdn b\u1ed9 kh\u0103n qu\u00e0 t\u1eb7ng do Kh\u0103n T\u1eafm Gi\u00e1 R\u1ebb cung c\u1ea5p. B\u1ed9 s\u1ea3n ph\u1ea9m n\u00e0y kh\u00f4ng ch\u1ec9 c\u00f3 t\u00ednh th\u1ea9m m\u1ef9 cao m\u00e0 c\u00f2n c\u00f3 nhi\u1ec1u l\u1ee3i \u00edch thi\u1ebft th\u1ef1c.<\/li>\n<li>\u0110\u01b0\u1ee3c s\u1ea3n xu\u1ea5t tr\u00ean d\u00e2y chuy\u1ec1n hi\u1ec7n \u0111\u1ea1i, kh\u0103n qu\u00e0 t\u1eb7ng Kh\u0103n T\u1eafm Gi\u00e1 R\u1ebb c\u00f3 \u0111\u1ed9 b\u1ec1n cao v\u00e0 ch\u1ea5t l\u01b0\u1ee3ng t\u1ed1t. Ch\u1ea5t li\u1ec7u cotton \u0111em \u0111\u1ebfn nhi\u1ec1u \u01b0u \u0111i\u1ec3m n\u1ed5i tr\u1ed9i h\u01a1n h\u1eb3n so v\u1edbi c\u00e1c ch\u1ea5t li\u1ec7u th\u00f4ng th\u01b0\u1eddng. Kh\u0103n c\u00f3 kh\u1ea3 n\u0103ng th\u1ea5m h\u00fat cao, an to\u00e0n v\u1edbi m\u1ecdi l\u00e0n da. T\u00ednh kh\u00e1ng khu\u1ea9n t\u1ed1t, ch\u1ed1ng nh\u0103n ch\u1ed1ng s\u1eddn ch\u1ec9 hi\u1ec7u qu\u1ea3.<\/li>\n<li>Towel gift RMit has two types of towels basically, bath towel and face towel. Customers can order the full set of two products or choose 1 of the two are. Scarf size common should be easy to use, convenient to move and diverse applications in life.<\/li>\n<\/ul>\n<figure id=\"attachment_680\" aria-describedby=\"caption-attachment-680\" style=\"width: 300px\" class=\"wp-caption aligncenter\"><img loading=\"lazy\" decoding=\"async\" class=\"wp-image-680\" title=\"Scarf QT Rmit - White&amp;Red (Cotton)\" src=\"http:\/\/khantamgiare.com\/wp-content\/uploads\/2020\/10\/khan-Rmit.jpg\" alt=\"Scarf QT Rmit - White&amp;Red (Cotton)\" width=\"300\" height=\"425\" \/><figcaption id=\"caption-attachment-680\" class=\"wp-caption-text\">Scarf QT Rmit \u2013 White&amp;Red (Cotton)<\/figcaption><\/figure>\n<figure id=\"attachment_681\" aria-describedby=\"caption-attachment-681\" style=\"width: 300px\" class=\"wp-caption aligncenter\"><img loading=\"lazy\" decoding=\"async\" class=\"wp-image-681\" title=\"Scarf QT Rmit - White&amp;Red (Cotton)\" src=\"http:\/\/khantamgiare.com\/wp-content\/uploads\/2020\/10\/khan-Rmit2.jpg\" alt=\"Scarf QT Rmit - White&amp;Red (Cotton)\" width=\"300\" height=\"570\" \/><figcaption id=\"caption-attachment-681\" class=\"wp-caption-text\">Scarf QT Rmit \u2013 White&amp;Red (Cotton)<\/figcaption><\/figure>\n<figure id=\"attachment_682\" aria-describedby=\"caption-attachment-682\" style=\"width: 300px\" class=\"wp-caption aligncenter\"><img loading=\"lazy\" decoding=\"async\" class=\"wp-image-682\" title=\"Scarf QT Rmit - White&amp;Red (Cotton)\" src=\"http:\/\/khantamgiare.com\/wp-content\/uploads\/2020\/10\/khan-Rmit3.jpg\" alt=\"Scarf QT Rmit - White&amp;Red (Cotton)\" width=\"300\" height=\"546\" \/><figcaption id=\"caption-attachment-682\" class=\"wp-caption-text\">Scarf QT Rmit \u2013 White&amp;Red (Cotton)<\/figcaption><\/figure>\n<figure id=\"attachment_683\" aria-describedby=\"caption-attachment-683\" style=\"width: 300px\" class=\"wp-caption aligncenter\"><img loading=\"lazy\" decoding=\"async\" class=\"wp-image-683\" title=\"Scarf QT Rmit - White&amp;Red (Cotton)\" src=\"http:\/\/khantamgiare.com\/wp-content\/uploads\/2020\/10\/khan-Rmit5.jpg\" alt=\"Scarf QT Rmit - White&amp;Red (Cotton)\" width=\"300\" height=\"662\" \/><figcaption id=\"caption-attachment-683\" class=\"wp-caption-text\">Scarf QT Rmit \u2013 White&amp;Red (Cotton)<\/figcaption><\/figure>\n<h2><strong>Application of towel gift<\/strong><\/h2>\n<p>Kh\u0103n qu\u00e0 t\u1eb7ng RMit do Kh\u0103n T\u1eafm Gi\u00e1 R\u1ebb s\u1ea3n xu\u1ea5t \u0111\u01b0\u1ee3c \u1ee9ng d\u1ee5ng \u0111a d\u1ea1ng trong \u0111\u1eddi s\u1ed1ng th\u1ef1c t\u1ebf. B\u1ed9 s\u1ea3n ph\u1ea9m n\u00e0y c\u00f3 th\u00eau d\u1ec7t logo c\u1ee7a th\u01b0\u01a1ng hi\u1ec7u tr\u01b0\u1eddng \u0111\u1ea1i h\u1ecdc RMit n\u00ean \u0111\u01b0\u1ee3c l\u1ef1a ch\u1ecdn \u0111\u1ec3 l\u00e0m qu\u00e0 t\u1eb7ng cho c\u00e1c \u0111\u1ed1i t\u00e1c, b\u1eadc ph\u1ee5 huynh ho\u1eb7c c\u00e1c em h\u1ecdc sinh trong tr\u01b0\u1eddng.<\/p>\n<p>The recipient not only use towel gift to preserve memories with schools. On the other hand also use it in real life practices. Face towels, bath towels are the necessary products should be used every day. There may also bring travel in the trip are.<\/p>\n<figure id=\"attachment_684\" aria-describedby=\"caption-attachment-684\" style=\"width: 300px\" class=\"wp-caption aligncenter\"><img loading=\"lazy\" decoding=\"async\" class=\"wp-image-684\" title=\"Scarf QT Rmit - White&amp;Red (Cotton)\" src=\"http:\/\/khantamgiare.com\/wp-content\/uploads\/2020\/10\/khan-Rmit8.jpg\" alt=\"Scarf QT Rmit - White&amp;Red (Cotton)\" width=\"300\" height=\"623\" \/><figcaption id=\"caption-attachment-684\" class=\"wp-caption-text\">Scarf QT Rmit \u2013 White&amp;Red (Cotton)<\/figcaption><\/figure>\n<figure id=\"attachment_685\" aria-describedby=\"caption-attachment-685\" style=\"width: 300px\" class=\"wp-caption aligncenter\"><img loading=\"lazy\" decoding=\"async\" class=\"wp-image-685\" title=\"Scarf QT Rmit - White&amp;Red (Cotton)\" src=\"http:\/\/khantamgiare.com\/wp-content\/uploads\/2020\/10\/khan-Rmit9.jpg\" alt=\"Scarf QT Rmit - White&amp;Red (Cotton)\" width=\"300\" height=\"588\" \/><figcaption id=\"caption-attachment-685\" class=\"wp-caption-text\">Scarf QT Rmit \u2013 White&amp;Red (Cotton)<\/figcaption><\/figure>\n<figure id=\"attachment_686\" aria-describedby=\"caption-attachment-686\" style=\"width: 300px\" class=\"wp-caption aligncenter\"><img loading=\"lazy\" decoding=\"async\" class=\"wp-image-686\" title=\"Scarf QT Rmit - White&amp;Red (Cotton)\" src=\"http:\/\/khantamgiare.com\/wp-content\/uploads\/2020\/10\/khan-Rmit12.jpg\" alt=\"Scarf QT Rmit - White&amp;Red (Cotton)\" width=\"300\" height=\"672\" \/><figcaption id=\"caption-attachment-686\" class=\"wp-caption-text\">Scarf QT Rmit \u2013 White&amp;Red (Cotton)<\/figcaption><\/figure>\n<h2><b>Kh\u0103n T\u1eafm Gi\u00e1 R\u1ebb &#8211; Th\u01b0\u01a1ng hi\u1ec7u s\u1ea3n xu\u1ea5t kh\u0103n ch\u1ea5t l\u01b0\u1ee3ng<\/b><\/h2>\n<p>Kh\u00e1ch h\u00e0ng c\u00f3 nhu c\u1ea7u t\u00ecm mua kh\u0103n t\u1eafm gi\u00e1 r\u1ebb, vui l\u00f2ng li\u00ean h\u1ec7 \u0111\u1ebfn th\u01b0\u01a1ng hi\u1ec7u Kh\u0103n T\u1eafm Gi\u00e1 R\u1ebb v\u1edbi c\u00e1c th\u00f4ng tin b\u00ean d\u01b0\u1edbi. Ch\u00fang t\u00f4i l\u00e0 \u0111\u01a1n v\u1ecb s\u1ea3n xu\u1ea5t chuy\u00ean nghi\u1ec7p v\u00e0 l\u00e2u n\u0103m trong ngh\u1ec1. Kh\u0103n T\u1eafm Gi\u00e1 R\u1ebb lu\u00f4n c\u1ed1 g\u1eafng n\u1ed7 l\u1ef1c h\u1ebft m\u00ecnh, b\u1eb1ng s\u1ef1 t\u1eadn t\u00e2m v\u00e0 chu \u0111\u00e1o \u0111\u1ec3 ph\u1ee5c v\u1ee5 kh\u00e1ch h\u00e0ng m\u1ed9t c\u00e1ch t\u1ed1t nh\u1ea5t.<\/p>\n<p>\u0110\u1ec3 tham kh\u1ea3o c\u00e1c m\u1eabu kh\u0103n qu\u00e0 t\u1eb7ng c\u1ee7a Kh\u0103n T\u1eafm Gi\u00e1 R\u1ebb, h\u00e3y truy c\u1eadp v\u00e0o \u0111\u01b0\u1eddng link KhanTamGiaRe.Com ho\u1eb7c li\u00ean h\u1ec7 tr\u1ef1c ti\u1ebfp t\u1edbi s\u1ed1 hotline \u00a0<strong>0903 367 867<\/strong>. We are ready to assist and answer any questions of our customers. Customers wishing to book scarf gift by number, will have the opportunity to own attractive discount. Discount will be presented in detail in the transaction process, and work.<\/p>","protected":false},"excerpt":{"rendered":"<p><strong>There are two types of size :<\/strong><\/p>\n<p>+\u00a0<strong>Face towel:<\/strong>\u00a040 x 80 cm, 34 x 78 cm<\/p>\n<p>+\u00a0<strong>Towels:<\/strong>\u00a070 x 140 cm, 60 x 120 cm<\/p>\n<p><strong>Material :<\/strong>\u00a0100% natural cotton<\/p>\n<p><strong>Color :\u00a0<\/strong>\u00a0<em><strong>\u00a0<\/strong>moss green, blue, brown, chocolate, purple, pink, gray, white,buff, red, turquoise...<\/em><\/p>\n<p><strong>Place of origin:<\/strong>\u00a0Vietnam<\/p>","protected":false},"featured_media":5025,"comment_status":"closed","ping_status":"closed","template":"","meta":[],"product_cat":[52],"product_tag":[],"class_list":{"0":"post-3429","1":"product","2":"type-product","3":"status-publish","4":"has-post-thumbnail","6":"product_cat-khan-qua-tang","7":"pa_chat-lieu-cotton","8":"pa_kich-thuoc-34cmx80cm","9":"pa_kich-thuoc-70cm-x-140cm","10":"pa_mau-sac-do","11":"pa_mau-sac-trang","14":"instock","15":"product-type-simple"},"acf":[],"_links":{"self":[{"href":"https:\/\/khantamgiare.com\/en\/wp-json\/wp\/v2\/product\/3429","targetHints":{"allow":["GET"]}}],"collection":[{"href":"https:\/\/khantamgiare.com\/en\/wp-json\/wp\/v2\/product"}],"about":[{"href":"https:\/\/khantamgiare.com\/en\/wp-json\/wp\/v2\/types\/product"}],"replies":[{"embeddable":true,"href":"https:\/\/khantamgiare.com\/en\/wp-json\/wp\/v2\/comments?post=3429"}],"wp:featuredmedia":[{"embeddable":true,"href":"https:\/\/khantamgiare.com\/en\/wp-json\/wp\/v2\/media\/5025"}],"wp:attachment":[{"href":"https:\/\/khantamgiare.com\/en\/wp-json\/wp\/v2\/media?parent=3429"}],"wp:term":[{"taxonomy":"product_cat","embeddable":true,"href":"https:\/\/khantamgiare.com\/en\/wp-json\/wp\/v2\/product_cat?post=3429"},{"taxonomy":"product_tag","embeddable":true,"href":"https:\/\/khantamgiare.com\/en\/wp-json\/wp\/v2\/product_tag?post=3429"}],"curies":[{"name":"wp","href":"https:\/\/api.w.org\/{rel}","templated":true}]}}