{"id":3568,"date":"2023-06-29T07:41:54","date_gmt":"2023-06-29T07:41:54","guid":{"rendered":"http:\/\/khantam.h193.dpsmedia.vn\/san-pham\/bo-khan-trai-giuong-spa-mau-hong-microfiber\/"},"modified":"2024-04-04T16:19:08","modified_gmt":"2024-04-04T09:19:08","slug":"bo-khan-trai-giuong-spa-mau-hong-microfiber","status":"publish","type":"product","link":"https:\/\/khantamgiare.com\/en\/bo-khan-trai-giuong-spa-mau-hong-microfiber\/","title":{"rendered":"Bedding Spa Pink Microfiber"},"content":{"rendered":"<h2><strong>Gi\u1ea3i m\u00e3 s\u1ee9c h\u00fat c\u1ee7a b\u1ed9 kh\u0103n tr\u1ea3i gi\u01b0\u1eddng Spa m\u00e0u h\u1ed3ng Microfiber<\/strong><\/h2>\n<p>The <a href=\"https:\/\/khantamgiare.com\/en\/khan-trai-giuong-spa\/\">bed linen spa<\/a> m\u00e0u h\u1ed3ng \u0111ang &#8220;l\u00e0m m\u01b0a l\u00e0m gi\u00f3&#8221; v\u00e0 \u0111\u01b0\u1ee3c c\u00e1c spa thi nhau \u0111\u1eb7t h\u00e0ng. Kh\u00f4ng ph\u1ea3i t\u1ef1 nhi\u00ean, b\u1ed9 s\u1ea3n ph\u1ea9m n\u00e0y l\u1ea1i \u0111\u01b0\u1ee3c \u01b0a chu\u1ed9ng \u0111\u1ebfn v\u1eady. S\u1ee9c h\u00fat c\u1ee7a n\u00f3 l\u00e0m \u1edf \u0111\u00e2u? \u0110\u1ea7u ti\u00ean, ch\u00fang ta c\u00f3 th\u1ec3 th\u1ea5y r\u1eb1ng, b\u1ed9 kh\u0103n s\u1eed d\u1ee5ng t\u00f4ng m\u00e0u h\u1ed3ng l\u00e0m ch\u1ee7 \u0111\u1ea1o.<\/p>\n<p>A tone gentle, sweet but no less chic and modern. With the spa are looking for a color that \u201cwinds of change\u201d, then this is the right choice.<\/p>\n<p>Next to the material of towel, bed cover pink use material microfiber premium. Therefore, the outside looking scarf has high aesthetic appeal. Until reality experience, you will be surprised because the material is soft and very smooth. Bedding is safe for all skin and absolutely no cocoon objects to use.<\/p>\n<p>+ Form bedspreads AdoraSpa \u2013 Pink \u2013 (Microfiber)<\/p>\n<figure id=\"attachment_4284\" aria-describedby=\"caption-attachment-4284\" style=\"width: 720px\" class=\"wp-caption aligncenter\"><img loading=\"lazy\" decoding=\"async\" class=\"wp-image-4284 size-full\" title=\"bed linen microfiber pink - khannamphong\" src=\"http:\/\/khantamgiare.com\/wp-content\/uploads\/2023\/06\/IMG_2764.jpg\" alt=\"Pattern bedspreads AdoraSpa - Pink - (Microfiber)\" width=\"720\" height=\"480\" \/><figcaption id=\"caption-attachment-4284\" class=\"wp-caption-text\">Pattern bedspreads AdoraSpa \u2013 Pink \u2013 (Microfiber)<\/figcaption><\/figure>\n<figure id=\"attachment_4287\" aria-describedby=\"caption-attachment-4287\" style=\"width: 720px\" class=\"wp-caption aligncenter\"><img loading=\"lazy\" decoding=\"async\" class=\"wp-image-4287 size-full\" title=\"bed linen microfiber pink - khannamphong\" src=\"http:\/\/khantamgiare.com\/wp-content\/uploads\/2023\/06\/IMG_2767.jpg\" alt=\"Pattern bedspreads AdoraSpa - Pink - (Microfiber)\" width=\"720\" height=\"480\" \/><figcaption id=\"caption-attachment-4287\" class=\"wp-caption-text\">Pattern bedspreads AdoraSpa \u2013 Pink \u2013 (Microfiber)<\/figcaption><\/figure>\n<h2><strong>How to set buy bed linen spa, the most preferred price?\u00a0<\/strong><\/h2>\n<p>Khi c\u00f3 nhu c\u1ea7u \u0111\u1eb7t mua kh\u0103n tr\u1ea3i gi\u01b0\u1eddng spa, kh\u00e1ch h\u00e0ng c\u1ea7n quan t\u00e2m t\u1edbi ngu\u1ed3n g\u1ed1c xu\u1ea5t x\u1ee9 c\u1ee7a s\u1ea3n ph\u1ea9m. N\u00ean ch\u1ecdn mua kh\u0103n \u1edf n\u01a1i c\u00f3 th\u01b0\u01a1ng hi\u1ec7u uy t\u00edn. M\u1ed9t trong nh\u1eefng \u0111i\u1ec3m \u0111\u1ebfn ho\u00e0n h\u1ea3o c\u1ee7a m\u1ecdi spa l\u00e0 th\u01b0\u01a1ng hi\u1ec7u Kh\u0103n T\u1eafm Gi\u00e1 R\u1ebb. Ch\u00fang t\u00f4i l\u00e0 x\u01b0\u1edfng s\u1ea3n xu\u1ea5t <a href=\"https:\/\/khantamgiare.com\/en\/khan-spa\/\">towel spa quality<\/a> s\u1ed1 1 hi\u1ec7n nay n\u00ean lu\u00f4n c\u00f3 nh\u1eefng ch\u00ednh s\u00e1ch gi\u00e1 \u01b0u \u0111\u00e3i d\u00e0nh t\u1eb7ng kh\u00e1ch h\u00e0ng.<\/p>\n<p>\u0110\u1ec3 mua kh\u0103n tr\u1ea3i gi\u01b0\u1eddng spa m\u00e0u h\u1ed3ng microfiber v\u1edbi gi\u00e1 \u01b0u \u0111\u00e3i, b\u1ea1n h\u00e3y k\u1ebft n\u1ed1i v\u1edbi ch\u00fang t\u00f4i qua s\u1ed1 hotline. <a href=\"https:\/\/khantamgiare.com\/en\/\">Towels Cheap<\/a> l\u00e0 x\u01b0\u1edfng s\u1ea3n xu\u1ea5t n\u00ean n\u1ebfu kh\u00e1ch h\u00e0ng \u0111\u1eb7t kh\u0103n theo s\u1ed1 l\u01b0\u1ee3ng l\u1edbn, th\u00ec m\u1ee9c chi\u1ebft kh\u1ea5u s\u1ebd c\u00e0ng h\u1ea5p d\u1eabn. M\u1ee9c chi\u1ebft kh\u1ea5u \u0111\u00f3 s\u1ebd \u0111\u01b0\u1ee3c th\u00f4ng b\u00e1o c\u1ee5 th\u1ec3 trong qu\u00e1 tr\u00ecnh trao \u0111\u1ed5i v\u00e0 t\u01b0 v\u1ea5n.<\/p>\n<figure id=\"attachment_4285\" aria-describedby=\"caption-attachment-4285\" style=\"width: 480px\" class=\"wp-caption aligncenter\"><img loading=\"lazy\" decoding=\"async\" class=\"wp-image-4285 size-full\" style=\"color: #333333; font-size: 14.4px;\" title=\"bed linen microfiber pink - khannamphong\" src=\"http:\/\/khantamgiare.com\/wp-content\/uploads\/2023\/06\/IMG_2765.jpg\" alt=\"Pattern bedspreads AdoraSpa - Pink - (Microfiber)\" width=\"480\" height=\"720\" \/><figcaption id=\"caption-attachment-4285\" class=\"wp-caption-text\">Pattern bedspreads AdoraSpa \u2013 Pink \u2013 (Microfiber)<\/figcaption><\/figure>\n<p>+ Form bedspreads Your Beauty (Pink pastel \u2013 Microfiber)<\/p>\n<figure id=\"attachment_11126\" aria-describedby=\"caption-attachment-11126\" style=\"width: 850px\" class=\"wp-caption aligncenter\"><img loading=\"lazy\" decoding=\"async\" class=\"wp-image-11126 size-full\" style=\"color: #333333;\" src=\"http:\/\/khantamgiare.com\/wp-content\/uploads\/2023\/06\/khan-your-beauty1.jpg\" alt=\"Pattern bedspreads Your Beauty (Pink pastel - Microfiber)\" width=\"850\" height=\"500\" title=\"\"><figcaption id=\"caption-attachment-11126\" class=\"wp-caption-text\">Pattern bedspreads Your Beauty (Pink pastel \u2013 Microfiber)<\/figcaption><\/figure>\n<figure id=\"attachment_11128\" aria-describedby=\"caption-attachment-11128\" style=\"width: 850px\" class=\"wp-caption aligncenter\"><img loading=\"lazy\" decoding=\"async\" class=\"wp-image-11128 size-full\" src=\"http:\/\/khantamgiare.com\/wp-content\/uploads\/2023\/06\/khan-your-beauty3.jpg\" alt=\"Pattern bedspreads Your Beauty (Pink pastel - Microfiber)\" width=\"850\" height=\"500\" title=\"\"><figcaption id=\"caption-attachment-11128\" class=\"wp-caption-text\">Pattern bedspreads Your Beauty (Pink pastel \u2013 Microfiber)<\/figcaption><\/figure>\n<figure id=\"attachment_11127\" aria-describedby=\"caption-attachment-11127\" style=\"width: 550px\" class=\"wp-caption aligncenter\"><img loading=\"lazy\" decoding=\"async\" class=\"wp-image-11127 size-full\" src=\"http:\/\/khantamgiare.com\/wp-content\/uploads\/2023\/06\/khan-your-beauty2.jpg\" alt=\"Pattern bedspreads Your Beauty (Pink pastel - Microfiber)\" width=\"550\" height=\"800\" title=\"\"><figcaption id=\"caption-attachment-11127\" class=\"wp-caption-text\">Pattern bedspreads Your Beauty (Pink pastel \u2013 Microfiber)<\/figcaption><\/figure>\n<p style=\"text-align: center;\">Tham kh\u1ea3o th\u00eam h\u01a1n 100+ m\u1eabu kh\u0103n tr\u1ea3i gi\u01b0\u1eddng spa \u0111ang \u0111\u01b0\u1ee3c Kh\u0103n T\u1eafm Gi\u00e1 R\u1ebb \u0111\u00e3 th\u1ef1c hi\u1ec7n v\u00e0 cung c\u1ea5p tr\u00ean th\u1ecb tr\u01b0\u1eddng<\/p>\n<h2><strong>T\u1ea1i sao n\u00ean l\u1ef1a ch\u1ecdn Kh\u0103n T\u1eafm Gi\u00e1 R\u1ebb?\u00a0<\/strong><\/h2>\n<p>We are committed to quality products. If bedding sets pink microfiber&#039;t right as the terms of the agreement with the client, we will take full responsibility.<\/p>\n<p>T\u1ea5t c\u1ea3 c\u00e1c s\u1ea3n ph\u1ea9m Kh\u0103n T\u1eafm Gi\u00e1 R\u1ebb \u0111\u1ec1u c\u00f3 tem m\u00e1c v\u00e0 \u0111\u01b0\u1ee3c \u0111\u00f3ng g\u00f3i c\u1ea9n th\u1eadn. Tr\u01b0\u1edbc khi nh\u1eadn kh\u0103n, qu\u00fd kh\u00e1ch c\u00f3 quy\u1ec1n ki\u1ec3m tra. M\u1ecdi v\u1ea5n \u0111\u1ec1 th\u1eafc m\u1eafc h\u00e3y li\u00ean h\u1ec7 v\u1edbi Kh\u0103n T\u1eafm Gi\u00e1 R\u1ebb \u0111\u1ec3 \u0111\u01b0\u1ee3c h\u1ed7 tr\u1ee3. Tr\u00e2n tr\u1ecdng c\u00e1m \u01a1n.<\/p>\n<p><em><strong>Read more: <a href=\"https:\/\/khantamgiare.com\/en\/bo-khan-trai-giuong-spa-mau-nau-microfiber\/\">Set Of Bed Linen, Spa Brown Microfiber<\/a><\/strong><\/em><\/p>","protected":false},"excerpt":{"rendered":"<p><em><strong>Size: <\/strong>Bed linen: 90\u00d7190 (750g)<\/em><\/p>\n<p><em><strong>Material:\u00a0<\/strong>fiber Microfiber.<\/em><\/p>\n<p><em><strong>Color:\u00a0<\/strong>moss green, blue, brown, chocolate, purple, pink, gray, white,buff, red, turquoise.<\/em><\/p>\n<p><em><strong>Special:<\/strong><\/em>\u00a0<em>Have a embroidery logo according to customer&#039;s requirement.<\/em><\/p>\n<p><iframe loading=\"lazy\" src=\"https:\/\/www.youtube.com\/embed\/w-BpArzr95g\" width=\"560\" height=\"315\" frameborder=\"0\" allowfullscreen=\"allowfullscreen\"><\/iframe><\/p>","protected":false},"featured_media":5140,"comment_status":"closed","ping_status":"closed","template":"","meta":[],"product_cat":[48,50],"product_tag":[],"class_list":{"0":"post-3568","1":"product","2":"type-product","3":"status-publish","4":"has-post-thumbnail","6":"product_cat-khan-spa","7":"product_cat-khan-trai-giuong-spa","8":"pa_chat-lieu-microfiber","9":"pa_kich-thuoc-90cm-x-190cm","10":"pa_mau-sac-hong","13":"instock","14":"product-type-simple"},"acf":[],"_links":{"self":[{"href":"https:\/\/khantamgiare.com\/en\/wp-json\/wp\/v2\/product\/3568","targetHints":{"allow":["GET"]}}],"collection":[{"href":"https:\/\/khantamgiare.com\/en\/wp-json\/wp\/v2\/product"}],"about":[{"href":"https:\/\/khantamgiare.com\/en\/wp-json\/wp\/v2\/types\/product"}],"replies":[{"embeddable":true,"href":"https:\/\/khantamgiare.com\/en\/wp-json\/wp\/v2\/comments?post=3568"}],"wp:featuredmedia":[{"embeddable":true,"href":"https:\/\/khantamgiare.com\/en\/wp-json\/wp\/v2\/media\/5140"}],"wp:attachment":[{"href":"https:\/\/khantamgiare.com\/en\/wp-json\/wp\/v2\/media?parent=3568"}],"wp:term":[{"taxonomy":"product_cat","embeddable":true,"href":"https:\/\/khantamgiare.com\/en\/wp-json\/wp\/v2\/product_cat?post=3568"},{"taxonomy":"product_tag","embeddable":true,"href":"https:\/\/khantamgiare.com\/en\/wp-json\/wp\/v2\/product_tag?post=3568"}],"curies":[{"name":"wp","href":"https:\/\/api.w.org\/{rel}","templated":true}]}}