{"id":3575,"date":"2023-06-29T07:41:54","date_gmt":"2023-06-29T07:41:54","guid":{"rendered":"http:\/\/khantam.h193.dpsmedia.vn\/san-pham\/bo-khan-trai-giuong-spa-mau-do-microfiber\/"},"modified":"2024-04-04T15:08:00","modified_gmt":"2024-04-04T08:08:00","slug":"bo-khan-trai-giuong-spa-mau-do-microfiber","status":"publish","type":"product","link":"https:\/\/khantamgiare.com\/en\/bo-khan-trai-giuong-spa-mau-do-microfiber\/","title":{"rendered":"Bedding Spa Red Microfiber"},"content":{"rendered":"<h2><strong>Characteristics of bedding spa red microfiber\u00a0<\/strong><\/h2>\n<p>B\u1ed9 kh\u0103n c\u00f3 m\u00e0u \u0111\u1ecf n\u1ed5i b\u1eadt, \u0111\u00e2y l\u00e0 m\u00e0u \u0111\u01b0\u1ee3c r\u1ea5t nhi\u1ec1u spa l\u1ef1a ch\u1ecdn v\u00ec mang \u0111\u1ebfn c\u1ea3m gi\u00e1c m\u1edbi l\u1ea1, h\u1ea5p d\u1eabn. M\u00e0u s\u1eafc n\u00e0y ho\u00e0n to\u00e0n kh\u00f4ng b\u1ecb l\u1eabn l\u1ed9n v\u1edbi c\u00e1c m\u00e0u s\u1eafc kh\u00e1c. Do \u0111\u00f3, \u0111\u01b0\u1ee3c c\u00e1c spa \u0111\u1eb7c bi\u1ec7t y\u00eau th\u00edch. T\u00f9y v\u00e0o y\u00eau c\u1ea7u \u0111\u1eb7t h\u00e0ng c\u1ee7a b\u1ea1n, m\u00e0 Kh\u0103n T\u1eafm Gi\u00e1 R\u1ebb s\u1ebd linh ho\u1ea1t l\u1ef1a ch\u1ecdn m\u00e0u \u0111\u1ecf t\u01b0\u01a1ng \u1ee9ng.<\/p>\n<p>For example, if the customer requires red original \u2013 bright red color will be different with the color pink. It is also the color red, but there will be many diverse colors differently, to bring customers more choice.<\/p>\n<p>Bed linens the spa is made from high quality materials microfiber. Microfiber is a high quality synthetic fabric, is made from fiber fabric, artificial. Advantages of this type of scarf: the ability to absorb water, good antibacterial effect and high color fastness.<\/p>\n<p>Moreover, the aesthetics of the product is very good. The surface of the towel natural soft so it is very safe and benign. Even for customers who have sensitive skin, when used bed linen spa microfiber also does not cause any phenomena of irritation.<\/p>\n<p>+ Form bedspreads Tuyen Kelly Spa (Red \u2013 Microfiber)<\/p>\n<figure id=\"attachment_3101\" aria-describedby=\"caption-attachment-3101\" style=\"width: 720px\" class=\"wp-caption aligncenter\"><img loading=\"lazy\" decoding=\"async\" class=\"wp-image-3101 size-full\" src=\"http:\/\/khantamgiare.com\/wp-content\/uploads\/2023\/06\/9695f63f0ab0e8eeb1a1.jpg\" alt=\"Pattern bedspreads Tuyen Kelly Spa (Red - Microfiber)\" width=\"720\" height=\"480\" title=\"\"><figcaption id=\"caption-attachment-3101\" class=\"wp-caption-text\">Pattern bedspreads Tuyen Kelly Spa (Red \u2013 Microfiber)<\/figcaption><\/figure>\n<figure id=\"attachment_3103\" aria-describedby=\"caption-attachment-3103\" style=\"width: 720px\" class=\"wp-caption aligncenter\"><img loading=\"lazy\" decoding=\"async\" class=\"wp-image-3103\" src=\"http:\/\/khantamgiare.com\/wp-content\/uploads\/2023\/06\/05da1473e8fc0aa253ed.jpg\" alt=\"Pattern bedspreads Tuyen Kelly Spa (Red - Microfiber)\" width=\"720\" height=\"1080\" title=\"\"><figcaption id=\"caption-attachment-3103\" class=\"wp-caption-text\">Pattern bedspreads Tuyen Kelly Spa (Red \u2013 Microfiber)<\/figcaption><\/figure>\n<figure id=\"attachment_3104\" aria-describedby=\"caption-attachment-3104\" style=\"width: 720px\" class=\"wp-caption aligncenter\"><img loading=\"lazy\" decoding=\"async\" class=\"wp-image-3104 size-full\" src=\"http:\/\/khantamgiare.com\/wp-content\/uploads\/2023\/06\/5d9ff83604b9e6e7bfa8.jpg\" alt=\"Pattern bedspreads Tuyen Kelly Spa (Red - Microfiber)\" width=\"720\" height=\"480\" title=\"\"><figcaption id=\"caption-attachment-3104\" class=\"wp-caption-text\">Pattern bedspreads Tuyen Kelly Spa (Red \u2013 Microfiber)<\/figcaption><\/figure>\n<figure id=\"attachment_3108\" aria-describedby=\"caption-attachment-3108\" style=\"width: 720px\" class=\"wp-caption aligncenter\"><img loading=\"lazy\" decoding=\"async\" class=\"wp-image-3108 size-full\" src=\"http:\/\/khantamgiare.com\/wp-content\/uploads\/2023\/06\/a2fbb0524cddae83f7cc.jpg\" alt=\"Pattern bedspreads Tuyen Kelly Spa (Red - Microfiber)\" width=\"720\" height=\"480\" title=\"\"><figcaption id=\"caption-attachment-3108\" class=\"wp-caption-text\">Pattern bedspreads Tuyen Kelly Spa (Red \u2013 Microfiber)<\/figcaption><\/figure>\n<figure id=\"attachment_3109\" aria-describedby=\"caption-attachment-3109\" style=\"width: 720px\" class=\"wp-caption aligncenter\"><img loading=\"lazy\" decoding=\"async\" class=\"wp-image-3109 size-full\" src=\"http:\/\/khantamgiare.com\/wp-content\/uploads\/2023\/06\/b8eedf4623c9c19798d8.jpg\" alt=\"Pattern bedspreads Tuyen Kelly Spa (Red - Microfiber)\" width=\"720\" height=\"480\" title=\"\"><figcaption id=\"caption-attachment-3109\" class=\"wp-caption-text\">Pattern bedspreads Tuyen Kelly Spa (Red \u2013 Microfiber)<\/figcaption><\/figure>\n<p>&nbsp;<\/p>\n<figure id=\"attachment_3111\" aria-describedby=\"caption-attachment-3111\" style=\"width: 720px\" class=\"wp-caption aligncenter\"><img loading=\"lazy\" decoding=\"async\" class=\"wp-image-3111 size-full\" src=\"http:\/\/khantamgiare.com\/wp-content\/uploads\/2023\/06\/d3f30d54f1db13854aca.jpg\" alt=\"Pattern bedspreads Tuyen Kelly Spa (Red - Microfiber)\" width=\"720\" height=\"480\" title=\"\"><figcaption id=\"caption-attachment-3111\" class=\"wp-caption-text\">Pattern bedspreads Tuyen Kelly Spa (Red \u2013 Microfiber)<span style=\"color: #555555; font-size: 14.4px;\">\u00a0<\/span><\/figcaption><\/figure>\n<h2><strong>The note when ordering and use the bedding sets-red microfiber\u00a0<\/strong><\/h2>\n<p>Customers should consider carefully before making a choice. If selected color is red the brand logo embroidered on the scarf, must be a quite different colors. The aim is to help brand logo is striking and impressive.<\/p>\n<p>Kh\u00e1ch h\u00e0ng khi \u0111\u1eb7t mua s\u1ea3n ph\u1ea9m, \u0111\u1ec3 tr\u00e1nh mua ph\u1ea3i h\u00e0ng gi\u1ea3 h\u00e0ng k\u00e9m ch\u1ea5t l\u01b0\u1ee3ng, h\u00e3y li\u00ean h\u1ec7 tr\u1ef1c ti\u1ebfp t\u1edbi s\u1ed1 hotline c\u1ee7a Kh\u0103n T\u1eafm Gi\u00e1 R\u1ebb. Ch\u00fang t\u00f4i l\u00e0 x\u01b0\u1edfng s\u1ea3n xu\u1ea5t <a href=\"https:\/\/khantamgiare.com\/en\/khan-spa\/\">kh\u0103n spa gi\u00e1 r\u1ebb<\/a> s\u1ed1 1 hi\u1ec7n nay n\u00ean lu\u00f4n c\u00f3 s\u1ef1 cam k\u1ebft minh b\u1ea1ch v\u1ec1 ch\u1ea5t l\u01b0\u1ee3ng c\u1ee7a s\u1ea3n ph\u1ea9m. N\u1ebfu s\u1ea3n ph\u1ea9m b\u1ecb l\u1ed7i do ph\u00eda nh\u00e0 s\u1ea3n xu\u1ea5t, Kh\u0103n T\u1eafm Gi\u00e1 R\u1ebb s\u1ebd ch\u1ecbu tr\u00e1ch nhi\u1ec7m ho\u00e0n to\u00e0n.<\/p>\n<p>Customers ordering bed linen to note about sizes. Should select the type of towel sizes available fits the bed spa are. Should not choose cloths too big or too small compared to the size of the bed. The imbalance will cause the overall spa bed becomes less aesthetic.<\/p>\n<p>+ Form bedspreads Massage 666 Spa (Red Wine \u2013 Microfiber)<\/p>\n<figure id=\"attachment_8464\" aria-describedby=\"caption-attachment-8464\" style=\"width: 850px\" class=\"wp-caption aligncenter\"><img loading=\"lazy\" decoding=\"async\" class=\"wp-image-8464 size-full\" src=\"http:\/\/khantamgiare.com\/wp-content\/uploads\/2023\/06\/khan-spa-massage-666-2.jpg\" alt=\"Pattern bedspreads Massage 666 Spa (Red Wine - Microfiber)\" width=\"850\" height=\"500\" title=\"\"><figcaption id=\"caption-attachment-8464\" class=\"wp-caption-text\">Pattern bedspreads Massage 666 Spa (Red Wine \u2013 Microfiber)<\/figcaption><\/figure>\n<figure id=\"attachment_8465\" aria-describedby=\"caption-attachment-8465\" style=\"width: 850px\" class=\"wp-caption aligncenter\"><img loading=\"lazy\" decoding=\"async\" class=\"wp-image-8465 size-full\" src=\"http:\/\/khantamgiare.com\/wp-content\/uploads\/2023\/06\/khan-spa-massage-666-3.jpg\" alt=\"Pattern bedspreads Massage 666 Spa (Red Wine - Microfiber)\" width=\"850\" height=\"500\" title=\"\"><figcaption id=\"caption-attachment-8465\" class=\"wp-caption-text\">Pattern bedspreads Massage 666 Spa (Red Wine \u2013 Microfiber)<\/figcaption><\/figure>\n<p style=\"text-align: center;\">Tham kh\u1ea3o th\u00eam h\u01a1n 100+ m\u1eabu kh\u0103n tr\u1ea3i gi\u01b0\u1eddng spa \u0111ang \u0111\u01b0\u1ee3c <a href=\"https:\/\/khantamgiare.com\/en\/\">Towels Cheap<\/a> \u0111\u00e3 th\u1ef1c hi\u1ec7n v\u00e0 cung c\u1ea5p tr\u00ean th\u1ecb tr\u01b0\u1eddng<\/p>\n<p style=\"text-align: center;\">&gt;&gt;&gt;\u00a0<strong>CALL NOW<\/strong>: <strong><a href=\"tel:0903367867\" rel=\"nofollow\">0903 367 867<\/a><\/strong>\u00a0for ADVICE &amp; best quotes.<\/p>","protected":false},"excerpt":{"rendered":"<p><em><strong>Size: 90X190cm\u00a0<\/strong><\/em><\/p>\n<p><em><strong>Material: 100% Microfiber<\/strong><\/em><\/p>\n<p><em><strong>Color:\u00a0<\/strong>moss green, dark blue, copper color, gold color, brown chocolate, dark green, light purple, pink, gray, white, green, blue nuggets, cowhide, brown, red.<\/em><\/p>\n<p><em><strong>Place of origin:\u00a0<\/strong>Vietnam.<\/em><\/p>\n<p><em><strong>Special:<\/strong><\/em>\u00a0<em>Have a embroidery logo according to customer&#039;s requirement.<\/em><\/p>","protected":false},"featured_media":5145,"comment_status":"closed","ping_status":"closed","template":"","meta":[],"product_cat":[48,50],"product_tag":[],"class_list":{"0":"post-3575","1":"product","2":"type-product","3":"status-publish","4":"has-post-thumbnail","6":"product_cat-khan-spa","7":"product_cat-khan-trai-giuong-spa","8":"pa_chat-lieu-microfiber","9":"pa_kich-thuoc-90cm-x-190cm","10":"pa_mau-sac-do","13":"instock","14":"product-type-simple"},"acf":[],"_links":{"self":[{"href":"https:\/\/khantamgiare.com\/en\/wp-json\/wp\/v2\/product\/3575","targetHints":{"allow":["GET"]}}],"collection":[{"href":"https:\/\/khantamgiare.com\/en\/wp-json\/wp\/v2\/product"}],"about":[{"href":"https:\/\/khantamgiare.com\/en\/wp-json\/wp\/v2\/types\/product"}],"replies":[{"embeddable":true,"href":"https:\/\/khantamgiare.com\/en\/wp-json\/wp\/v2\/comments?post=3575"}],"wp:featuredmedia":[{"embeddable":true,"href":"https:\/\/khantamgiare.com\/en\/wp-json\/wp\/v2\/media\/5145"}],"wp:attachment":[{"href":"https:\/\/khantamgiare.com\/en\/wp-json\/wp\/v2\/media?parent=3575"}],"wp:term":[{"taxonomy":"product_cat","embeddable":true,"href":"https:\/\/khantamgiare.com\/en\/wp-json\/wp\/v2\/product_cat?post=3575"},{"taxonomy":"product_tag","embeddable":true,"href":"https:\/\/khantamgiare.com\/en\/wp-json\/wp\/v2\/product_tag?post=3575"}],"curies":[{"name":"wp","href":"https:\/\/api.w.org\/{rel}","templated":true}]}}