{"id":3597,"date":"2023-06-29T07:42:40","date_gmt":"2023-06-29T07:42:40","guid":{"rendered":"http:\/\/khantam.h193.dpsmedia.vn\/san-pham\/khan-body-spa-mau-nau-nhat-cotton\/"},"modified":"2024-04-04T15:37:08","modified_gmt":"2024-04-04T08:37:08","slug":"khan-body-spa-mau-nau-nhat-cotton","status":"publish","type":"product","link":"https:\/\/khantamgiare.com\/en\/khan-body-spa-mau-nau-nhat-cotton\/","title":{"rendered":"Towel Body Spa Light Brown Cotton"},"content":{"rendered":"<h2><strong>Product characteristics\u00a0<\/strong><\/h2>\n<ul>\n<li>Towel body spa light brown cotton is the smart choice for customers who desire to find to the impressive and striking. Other than the form conventional towel, towel, body, light brown brings a feeling of closeness natural, soothing colors fit with every use.<\/li>\n<li><a href=\"https:\/\/khantamgiare.com\/en\/khan-spa\/\">Kh\u0103n spa m\u00e0u n\u00e2u<\/a> n\u00e0y \u0111\u01b0\u1ee3c l\u00e0m t\u1eeb c\u00e1c s\u1ee3i v\u1ea3i cotton n\u00ean c\u00f3 nhi\u1ec1u \u01b0u \u0111i\u1ec3m n\u1ed5i b\u1eadt. Kh\u1ea3 n\u0103ng th\u1ea5m h\u00fat t\u1ed1t g\u1ea5p 3-5 l\u1ea7n so v\u1edbi c\u00e1c lo\u1ea1i v\u1ea3i truy\u1ec1n th\u1ed1ng. Th\u1eddi gian h\u00fat nhanh ch\u00f3ng, ti\u1ebft ki\u1ec7m th\u1eddi gian \u0111\u1ed3ng th\u1eddi b\u1ea3o v\u1ec7 s\u1ee9c kh\u1ecfe c\u1ee7a ng\u01b0\u1eddi s\u1eed d\u1ee5ng. M\u1eb7t kh\u00e1c, kh\u0103n c\u00f3 t\u00ednh kh\u00e1ng khu\u1ea9n cao, an to\u00e0n v\u00e0 l\u00e0nh t\u00ednh v\u1edbi l\u00e0n da. Ngay c\u1ea3 v\u1edbi nh\u1eefng ng\u01b0\u1eddi c\u00f3 l\u00e0n da nh\u1ea1y c\u1ea3m, lo\u1ea1i kh\u0103n n\u00e0y s\u1ebd \u0111em \u0111\u1ebfn s\u1ef1 an t\u00e2m tuy\u1ec7t \u0111\u1ed1i.<\/li>\n<li>Towel size 70*140cm, this is the sample size common in line scarf body. Size on allows users to easily folded back when there is no demand. When opened for use next scarf also not wrinkle. Thereby keeping the aesthetics of modern.<\/li>\n<\/ul>\n<p>+ Scarf pattern body Gym Healthy Beautiful (Pale Brown \u2013 Cotton)<\/p>\n<figure id=\"attachment_6507\" aria-describedby=\"caption-attachment-6507\" style=\"width: 720px\" class=\"wp-caption aligncenter\"><img loading=\"lazy\" decoding=\"async\" class=\"wp-image-6507 size-full\" title=\"towels-bath-cotton-brown-pale.KhanNamPhong\" src=\"http:\/\/khantamgiare.com\/wp-content\/uploads\/2023\/06\/khan-tam-cotton-nau-nhat.KhanNamPhong.jpg\" alt=\"Scarf pattern body Gym Healthy Beautiful (Pale Brown - Cotton)\" width=\"720\" height=\"480\" \/><figcaption id=\"caption-attachment-6507\" class=\"wp-caption-text\">Scarf pattern body Gym Healthy Beautiful (Pale Brown \u2013 Cotton)<\/figcaption><\/figure>\n<figure id=\"attachment_6508\" aria-describedby=\"caption-attachment-6508\" style=\"width: 720px\" class=\"wp-caption aligncenter\"><img loading=\"lazy\" decoding=\"async\" class=\"wp-image-6508 size-full\" title=\"towels-bath-cotton-brown-pale.KhanNamPhong\" src=\"http:\/\/khantamgiare.com\/wp-content\/uploads\/2023\/06\/khan-tam-cotton-nau-nhat.KhanNamPhong1.jpg\" alt=\"Scarf pattern body Gym Healthy Beautiful (Pale Brown - Cotton)\" width=\"720\" height=\"480\" \/><figcaption id=\"caption-attachment-6508\" class=\"wp-caption-text\">Scarf pattern body Gym Healthy Beautiful (Pale Brown \u2013 Cotton)<\/figcaption><\/figure>\n<figure id=\"attachment_6509\" aria-describedby=\"caption-attachment-6509\" style=\"width: 720px\" class=\"wp-caption aligncenter\"><img loading=\"lazy\" decoding=\"async\" class=\"wp-image-6509 size-full\" title=\"towels-bath-cotton-brown-pale.KhanNamPhong\" src=\"http:\/\/khantamgiare.com\/wp-content\/uploads\/2023\/06\/khan-tam-cotton-nau-nhat.KhanNamPhong2.jpg\" alt=\"Scarf pattern body Gym Healthy Beautiful (Pale Brown - Cotton)\" width=\"720\" height=\"480\" \/><figcaption id=\"caption-attachment-6509\" class=\"wp-caption-text\">Scarf pattern body Gym Healthy Beautiful (Pale Brown \u2013 Cotton)<\/figcaption><\/figure>\n<h2><strong>Photo Towel Body Spa Light Brown Woven Logo<\/strong><\/h2>\n<p>+ Scarf pattern body Sabai Spa (Light Brown \u2013 Cotton)<\/p>\n<figure id=\"attachment_3419\" aria-describedby=\"caption-attachment-3419\" style=\"width: 720px\" class=\"wp-caption aligncenter\"><img loading=\"lazy\" decoding=\"async\" class=\"wp-image-3419 size-full\" title=\"towel embossed logo brown\" src=\"http:\/\/khantamgiare.com\/wp-content\/uploads\/2023\/06\/IMG_2229.jpg\" alt=\"Scarf pattern body Sabai Spa (Light Brown - Cotton)\" width=\"720\" height=\"480\" \/><figcaption id=\"caption-attachment-3419\" class=\"wp-caption-text\">Scarf pattern body Sabai Spa (Light Brown \u2013 Cotton)<\/figcaption><\/figure>\n<figure id=\"attachment_3420\" aria-describedby=\"caption-attachment-3420\" style=\"width: 720px\" class=\"wp-caption aligncenter\"><img loading=\"lazy\" decoding=\"async\" class=\"wp-image-3420 size-full\" title=\"towel embossed logo brown\" src=\"http:\/\/khantamgiare.com\/wp-content\/uploads\/2023\/06\/IMG_2231.jpg\" alt=\"Scarf pattern body Sabai Spa (Light Brown - Cotton)\" width=\"720\" height=\"480\" \/><figcaption id=\"caption-attachment-3420\" class=\"wp-caption-text\">Scarf pattern body Sabai Spa (Light Brown \u2013 Cotton)<\/figcaption><\/figure>\n<figure id=\"attachment_3421\" aria-describedby=\"caption-attachment-3421\" style=\"width: 720px\" class=\"wp-caption aligncenter\"><img loading=\"lazy\" decoding=\"async\" class=\"wp-image-3421 size-full\" title=\"towel embossed logo brown\" src=\"http:\/\/khantamgiare.com\/wp-content\/uploads\/2023\/06\/IMG_2235.jpg\" alt=\"Scarf pattern body Sabai Spa (Light Brown - Cotton)\" width=\"720\" height=\"480\" \/><figcaption id=\"caption-attachment-3421\" class=\"wp-caption-text\">Scarf pattern body Sabai Spa (Light Brown \u2013 Cotton)<\/figcaption><\/figure>\n<h2><b>The place should use the towel body?<\/b><\/h2>\n<p>M\u1eabu kh\u0103n body m\u00e0u n\u00e2u \u0111\u01b0\u1ee3c s\u1eed d\u1ee5ng nhi\u1ec1u t\u1ea1i c\u00e1c c\u01a1 s\u1edf spa, c\u00e1c trung t\u00e2m cung c\u1ea5p d\u1ecbch v\u1ee5 l\u00e0m \u0111\u1eb9p. T\u00f9y v\u00e0o s\u1edf th\u00edch, mong mu\u1ed1n c\u1ee7a kh\u00e1ch h\u00e0ng, m\u00e0 Kh\u0103n T\u1eafm Gi\u00e1 R\u1ebb s\u1ebd g\u1eedi \u0111\u1ebfn nhi\u1ec1u l\u1ef1a ch\u1ecdn \u0111a d\u1ea1ng. Kh\u00e1ch h\u00e0ng c\u00f3 th\u1ec3 ch\u1ecdn <a href=\"https:\/\/khantamgiare.com\/en\/khan-body-spa\/\">kh\u0103n body spa<\/a> m\u00e0u n\u00e2u \u0111\u1eadm ho\u1eb7c m\u00e0u n\u00e2u nh\u1ea1t \u0111\u1ec1u \u0111\u01b0\u1ee3c.<\/p>\n<p>Customers should refer to service logo embroidery on the towel, in order to distinguish and avoid confusion with other brands. Location embroidery is embroidered in a convenient location and eye-catching look, which helps users easily observed when using a towel.<\/p>\n<figure id=\"attachment_3422\" aria-describedby=\"caption-attachment-3422\" style=\"width: 720px\" class=\"wp-caption aligncenter\"><img loading=\"lazy\" decoding=\"async\" class=\"wp-image-3422 size-full\" title=\"towel embossed logo brown\" src=\"http:\/\/khantamgiare.com\/wp-content\/uploads\/2023\/06\/IMG_2236.jpg\" alt=\"Scarf pattern body Sabai Spa (Light Brown - Cotton)\" width=\"720\" height=\"480\" \/><figcaption id=\"caption-attachment-3422\" class=\"wp-caption-text\">Scarf pattern body Sabai Spa (Light Brown \u2013 Cotton)<\/figcaption><\/figure>\n<p>+ Scarf pattern body Lane Spa (Light Brown \u2013 Cotton)<\/p>\n<figure id=\"attachment_8490\" aria-describedby=\"caption-attachment-8490\" style=\"width: 850px\" class=\"wp-caption aligncenter\"><img loading=\"lazy\" decoding=\"async\" class=\"wp-image-8490 size-full\" src=\"http:\/\/khantamgiare.com\/wp-content\/uploads\/2023\/06\/khan-spa-ngo5.jpg\" alt=\"Scarf pattern body Lane Spa (Light Brown - Cotton)\" width=\"850\" height=\"500\" title=\"\"><figcaption id=\"caption-attachment-8490\" class=\"wp-caption-text\">Scarf pattern body Lane Spa (Light Brown \u2013 Cotton)<\/figcaption><\/figure>\n<p><img loading=\"lazy\" decoding=\"async\" class=\"wp-image-8489 size-full aligncenter\" src=\"http:\/\/khantamgiare.com\/wp-content\/uploads\/2023\/06\/khan-spa-ngo4.jpg\" alt=\"+ Scarf pattern body Lane Spa (Light Brown - Cotton)\" width=\"850\" height=\"500\" title=\"\"><\/p>\n<h2><strong>Any address provided towels body no. 1 now?<\/strong><\/h2>\n<p>Hi\u1ec7n nay, c\u00f3 r\u1ea5t nhi\u1ec1u th\u01b0\u01a1ng hi\u1ec7u s\u1ea3n xu\u1ea5t kh\u0103n body cho c\u00e1c c\u01a1 s\u1edf spa. Tuy nhi\u00ean, kh\u00f4ng ph\u1ea3i th\u01b0\u01a1ng hi\u1ec7u n\u00e0o c\u0169ng uy t\u00edn v\u00e0 c\u00f3 ch\u1ea5t l\u01b0\u1ee3ng t\u1ed1t. N\u1ebfu b\u1ea1n \u0111ang t\u00ecm ki\u1ebfm th\u01b0\u01a1ng hi\u1ec7u c\u00f3 c\u00e1c m\u1eabu kh\u0103n body chu\u1ea9n nh\u1ea5t h\u00e3y tham kh\u1ea3o th\u01b0\u01a1ng hi\u1ec7u Kh\u0103n T\u1eafm Gi\u00e1 R\u1ebb.<\/p>\n<p>We are factory number 1 in Vietnam. Therefore, there are always the list prices are extremely attractive. Guests put towels according to the number, have the opportunity to enjoy discount \u201ccrisis\u201d from 5-10%. Discount will be exchanged directly in the transaction process.<\/p>\n<p style=\"text-align: center;\">-------------<\/p>\n<p style=\"text-align: center;\">Address: 74B, LANE 295 , BACH MAI STREET, HAI BA TRUNG DISTRICT , HA NOI<\/p>\n<p style=\"text-align: center;\">Mail: KhanNamPhong@Gmail.Com<\/p>\n<p style=\"text-align: center;\">SDT:\u00a0<a href=\"tel:0903367867\" rel=\"nofollow external noopener noreferrer\" data-wpel-link=\"external\">0903 367 867<\/a><\/p>\n<p style=\"text-align: center;\">Website:\u00a0<a href=\"https:\/\/khantamgiare.com\/en\/\" data-wpel-link=\"internal\">KhanTamGiaRe.Com<\/a><\/p>","protected":false},"excerpt":{"rendered":"<p><em><strong>Size: Scarf Body: 70x140cm<\/strong><\/em><em>\u00a0 \u00a0<\/em><\/p>\n<p><em><strong>Material: 100% Cotton<\/strong><\/em><\/p>\n<p><em><strong>Color:\u00a0<\/strong>moss green, dark blue, copper color, gold color, brown chocolate, dark green, light purple, pink, gray, white, green, blue nuggets, cowhide, brown, red.<\/em><\/p>\n<p><em><strong>Place of origin:\u00a0<\/strong>Vietnam.<\/em><\/p>\n<p><em><strong>Special:<\/strong><\/em>\u00a0<em>Have a embroidery logo according to customer&#039;s requirement.<\/em><\/p>","protected":false},"featured_media":5156,"comment_status":"closed","ping_status":"closed","template":"","meta":[],"product_cat":[49,48],"product_tag":[],"class_list":{"0":"post-3597","1":"product","2":"type-product","3":"status-publish","4":"has-post-thumbnail","6":"product_cat-khan-body-spa","7":"product_cat-khan-spa","8":"pa_chat-lieu-cotton","9":"pa_kich-thuoc-70cm-x-140cm","10":"pa_mau-sac-nau-nhat","13":"instock","14":"product-type-simple"},"acf":[],"_links":{"self":[{"href":"https:\/\/khantamgiare.com\/en\/wp-json\/wp\/v2\/product\/3597","targetHints":{"allow":["GET"]}}],"collection":[{"href":"https:\/\/khantamgiare.com\/en\/wp-json\/wp\/v2\/product"}],"about":[{"href":"https:\/\/khantamgiare.com\/en\/wp-json\/wp\/v2\/types\/product"}],"replies":[{"embeddable":true,"href":"https:\/\/khantamgiare.com\/en\/wp-json\/wp\/v2\/comments?post=3597"}],"wp:featuredmedia":[{"embeddable":true,"href":"https:\/\/khantamgiare.com\/en\/wp-json\/wp\/v2\/media\/5156"}],"wp:attachment":[{"href":"https:\/\/khantamgiare.com\/en\/wp-json\/wp\/v2\/media?parent=3597"}],"wp:term":[{"taxonomy":"product_cat","embeddable":true,"href":"https:\/\/khantamgiare.com\/en\/wp-json\/wp\/v2\/product_cat?post=3597"},{"taxonomy":"product_tag","embeddable":true,"href":"https:\/\/khantamgiare.com\/en\/wp-json\/wp\/v2\/product_tag?post=3597"}],"curies":[{"name":"wp","href":"https:\/\/api.w.org\/{rel}","templated":true}]}}