{"id":3679,"date":"2023-06-29T07:47:53","date_gmt":"2023-06-29T07:47:53","guid":{"rendered":"http:\/\/khantam.h193.dpsmedia.vn\/san-pham\/bo-khan-trai-giuong-spa-cotton-mau-da-bo\/"},"modified":"2024-04-04T15:49:28","modified_gmt":"2024-04-04T08:49:28","slug":"bo-khan-trai-giuong-spa-cotton-mau-da-bo","status":"publish","type":"product","link":"https:\/\/khantamgiare.com\/en\/bo-khan-trai-giuong-spa-cotton-mau-da-bo\/","title":{"rendered":"Bedding Spa Cotton Cowhide"},"content":{"rendered":"<h2><b>Bedding spa cotton cowhide is what?<\/b><\/h2>\n<p>B\u1ed9 kh\u0103n tr\u1ea3i gi\u01b0\u1eddng spa m\u00e0u da b\u00f2 l\u00e0 s\u1ea3n ph\u1ea9m d\u00f9ng \u0111\u1ec3 ph\u1ee7 l\u00ean gi\u01b0\u1eddng spa, gi\u00fap h\u00ecnh \u1ea3nh chi\u1ebfc gi\u01b0\u1eddng tr\u1edf n\u00ean sang tr\u1ecdng v\u00e0 c\u00f3 t\u00ednh th\u1ea9m m\u1ef9 h\u01a1n. Gi\u01b0\u1eddng l\u00e0 v\u1eadt d\u1ee5ng gi\u00fap kh\u00e1ch h\u00e0ng ngh\u1ec9 ng\u01a1i v\u00e0 th\u01b0 gi\u00e3n trong qu\u00e1 tr\u00ecnh tr\u1ea3i nghi\u1ec7m d\u1ecbch v\u1ee5 t\u1ea1i spa.<\/p>\n<p>\u0110\u1ec3 gi\u00fap chi\u1ebfc gi\u01b0\u1eddng spa \u0111\u01b0\u1ee3c \u1ea5n t\u01b0\u1ee3ng h\u01a1n v\u00e0 c\u00f3 \u0111\u1ed9 \u00eam \u00e1i t\u1ed1t, r\u1ea5t c\u1ea7n \u0111\u1ebfn b\u1ed9 kh\u0103n tr\u1ea3i gi\u01b0\u1eddng spa cotton m\u00e0u da b\u00f2. S\u1ea3n ph\u1ea9m n\u00e0y do th\u01b0\u01a1ng hi\u1ec7u Kh\u0103n T\u1eafm Gi\u00e1 R\u1ebb s\u1ea3n xu\u1ea5t. Sau khi ra m\u1eaft th\u1ecb tr\u01b0\u1eddng \u0111\u00e3 nh\u1eadn \u0111\u01b0\u1ee3c r\u1ea5t nhi\u1ec1u s\u1ef1 ph\u1ea3n h\u1ed3i t\u00edch c\u1ef1c c\u1ee7a kh\u00e1ch h\u00e0ng.<\/p>\n<p>+ Form bedspreads Peace Spa (Cowhide \u2013 Cotton)<\/p>\n<figure id=\"attachment_7422\" aria-describedby=\"caption-attachment-7422\" style=\"width: 800px\" class=\"wp-caption aligncenter\"><img loading=\"lazy\" decoding=\"async\" class=\"wp-image-7422 size-full\" src=\"http:\/\/khantamgiare.com\/wp-content\/uploads\/2023\/06\/khan-nam-phong.jpg\" alt=\"Bed Linen Cotton premium GAY SPA\" width=\"800\" height=\"500\" title=\"\"><figcaption id=\"caption-attachment-7422\" class=\"wp-caption-text\">Bed Linen Cotton premium GAY SPA<\/figcaption><\/figure>\n<h2><strong>Product characteristics\u00a0<\/strong><\/h2>\n<p>Bedding sets are the predominant color is the color of cowhide. This is the light tones featured, easy to attract the interest of the customer right from the first glance. Color cowhide is loved not only by us, the novelty of which was not easily reveal dirt. That is very necessary in spa environment.<\/p>\n<p>\u0110\u01b0\u1ee3c s\u1ea3n xu\u1ea5t t\u1eeb ch\u1ea5t li\u1ec7u cotton, n\u00ean lo\u1ea1i <a href=\"https:\/\/khantamgiare.com\/en\/khan-spa\/\">towel spa premium<\/a> n\u00e0y c\u00f3 b\u1ec1 m\u1eb7t r\u1ea5t \u00eam \u00e1i v\u00e0 m\u1ec1m m\u1ea1i. Ch\u1ec9 c\u1ea7n ch\u1ea1m tay l\u00ean l\u00e0 \u0111\u00e3 c\u1ea3m th\u1ea5y r\u00f5 s\u1ef1 kh\u00e1c bi\u1ec7t. Ho\u00e0n to\u00e0n kh\u00f4ng c\u00f3 c\u1ea3m gi\u00e1c kh\u00f3 ch\u1ecbu hay b\u1ee9c b\u00ed khi ti\u1ebfp x\u00fac tr\u1ef1c ti\u1ebfp. V\u1edbi \u01b0u \u0111i\u1ec3m n\u00e0y, c\u00e1c spa h\u00e3y y\u00ean t\u00e2m \u0111\u1ec3 l\u1ef1a ch\u1ecdn v\u00e0 s\u1eed d\u1ee5ng l\u00e2u d\u00e0i.<\/p>\n<p>S\u1ea3n ph\u1ea9m c\u00f3 thi\u1ebft k\u1ebf h\u00ecnh ch\u1eef nh\u1eadt l\u1edbn \u0111\u1ec3 ph\u1ee7 to\u00e0n b\u1ed9 \u0111\u01b0\u1ee3c b\u1ec1 m\u1eb7t c\u1ee7a n\u1ec7m\/ gi\u01b0\u1eddng. T\u00f9y v\u00e0o k\u00edch c\u1ee1 m\u00e0 kh\u00e1ch h\u00e0ng \u0111\u1eb7t mua m\u00e0 Kh\u0103n T\u1eafm Gi\u00e1 R\u1ebb s\u1ebd ti\u1ebfn h\u00e0nh s\u1ea3n xu\u1ea5t theo y\u00eau c\u1ea7u \u0111\u00f3. Kh\u00e1ch h\u00e0ng c\u1ea7n x\u00e1c \u0111\u1ecbnh \u0111\u01b0\u1ee3c k\u00edch c\u1ee1 c\u1ee7a gi\u01b0\u1eddng hi\u1ec7n c\u00f3 t\u1ea1i spa th\u00ec m\u1edbi c\u00f3 th\u1ec3 \u0111\u1eb7t may kh\u0103n tr\u1ea3i gi\u01b0\u1eddng ph\u00f9 h\u1ee3p.<\/p>\n<p>+ Form bedspreads Hana Nguyen \u2013 Cowhide (Cotton)<\/p>\n<figure id=\"attachment_4290\" aria-describedby=\"caption-attachment-4290\" style=\"width: 720px\" class=\"wp-caption aligncenter\"><img loading=\"lazy\" decoding=\"async\" class=\"wp-image-4290 size-full\" title=\"bed linen cotton cowhide - khannamphong\" src=\"http:\/\/khantamgiare.com\/wp-content\/uploads\/2023\/06\/IMG_2712.jpg\" alt=\"Pattern bedspreads Hana Nguyen - Cowhide (Cotton)\" width=\"720\" height=\"480\" \/><figcaption id=\"caption-attachment-4290\" class=\"wp-caption-text\">Pattern bedspreads Hana Nguyen \u2013 Cowhide (Cotton)<\/figcaption><\/figure>\n<figure id=\"attachment_4292\" aria-describedby=\"caption-attachment-4292\" style=\"width: 480px\" class=\"wp-caption aligncenter\"><img loading=\"lazy\" decoding=\"async\" class=\"wp-image-4292 size-full\" style=\"color: #333333; font-size: 14.4px;\" title=\"bed linen cotton cowhide - khannamphong\" src=\"http:\/\/khantamgiare.com\/wp-content\/uploads\/2023\/06\/IMG_2715.jpg\" alt=\"Pattern bedspreads Hana Nguyen - Cowhide (Cotton)\" width=\"480\" height=\"720\" \/><figcaption id=\"caption-attachment-4292\" class=\"wp-caption-text\">Pattern bedspreads Hana Nguyen \u2013 Cowhide (Cotton)<\/figcaption><\/figure>\n<blockquote><p><em><strong>Read more: <a href=\"https:\/\/khantamgiare.com\/en\/bo-khan-trai-giuong-spa-mau-hong-microfiber\/\">Bedding Spa Pink Microfiber<\/a><\/strong><\/em><\/p><\/blockquote>\n<h2><strong>How to set buy bed linen spa cotton cowhide\u00a0<\/strong><\/h2>\n<p>C\u00e1ch \u0111\u1ec3 \u0111\u1eb7t mua nhanh nh\u1ea5t \u0111\u00f3 l\u00e0 b\u1ea1n h\u00e3y g\u1ecdi ngay \u0111\u1ebfn s\u1ed1 hotline c\u1ee7a <a href=\"https:\/\/khantamgiare.com\/en\/\">Towels Cheap<\/a>. Ch\u00fang t\u00f4i lu\u00f4n s\u1eb5n s\u00e0ng l\u1eafng nghe v\u00e0 gi\u1ea3i \u0111\u00e1p m\u1ecdi th\u1eafc m\u1eafc c\u1ee7a qu\u00fd kh\u00e1ch h\u00e0ng. Hi\u1ec7n nay t\u1ea1i Kh\u0103n T\u1eafm Gi\u00e1 R\u1ebb c\u00f3 r\u1ea5t nhi\u1ec1u m\u1eabu kh\u0103n tr\u1ea3i gi\u01b0\u1eddng \u0111a d\u1ea1ng. Kh\u00f4ng ch\u1ec9 c\u00f3 m\u00e0u da b\u00f2, m\u00e0 c\u00e1c m\u00e0u s\u1eafc \u0111\u1ed9c \u0111\u00e1o v\u00e0 \u1ea5n t\u01b0\u1ee3ng kh\u00e1c ch\u00fang t\u00f4i c\u0169ng \u0111\u1ec1u c\u00f3 th\u1ec3 cung c\u1ea5p.<\/p>\n<p>Before delivery to the customer, our products have been strictly moderated. When customers have the right to inspect goods. If the product is defective by the manufacturer, please contact us for assistance.<\/p>\n<blockquote>\n<p style=\"text-align: center;\"><span style=\"color: #555555; font-size: 14.4px;\">&gt;&gt; Refer more than 100+ templates <\/span><a href=\"https:\/\/khantamgiare.com\/en\/khan-trai-giuong-spa\/\">bed linen spa<\/a><span style=\"color: #555555; font-size: 14.4px;\"> other Towels Cheap made and provided.<\/span><\/p>\n<p style=\"text-align: center;\">&gt;&gt; <strong>CALL NOW<\/strong>: <span style=\"color: #ff0000;\"><a style=\"color: #ff0000;\" href=\"tel:0903367867\" rel=\"nofollow\">0903 367 867<\/a><\/span> for ADVICE &amp; best quotes<\/p>\n<\/blockquote>","protected":false},"excerpt":{"rendered":"<p>B\u1ed9 kh\u0103n tr\u1ea3i gi\u01b0\u1eddng spa cotton m\u00e0u da b\u00f2 l\u00e0 g\u00ec? B\u1ed9 kh\u0103n tr\u1ea3i gi\u01b0\u1eddng spa m\u00e0u da b\u00f2 l\u00e0 s\u1ea3n ph\u1ea9m d\u00f9ng \u0111\u1ec3 ph\u1ee7 l\u00ean gi\u01b0\u1eddng spa, gi\u00fap h\u00ecnh \u1ea3nh chi\u1ebfc gi\u01b0\u1eddng tr\u1edf n\u00ean sang tr\u1ecdng v\u00e0 c\u00f3 t\u00ednh th\u1ea9m m\u1ef9 h\u01a1n. Gi\u01b0\u1eddng l\u00e0 v\u1eadt d\u1ee5ng gi\u00fap kh\u00e1ch h\u00e0ng ngh\u1ec9 ng\u01a1i v\u00e0 th\u01b0 gi\u00e3n &hellip; <a href=\"https:\/\/khantamgiare.com\/en\/bo-khan-trai-giuong-spa-cotton-mau-da-bo\/\" class=\"more-link\">Continue reading <span class=\"screen-reader-text\">Bedding Spa Cotton Cowhide<\/span><\/a><\/p>","protected":false},"featured_media":5263,"comment_status":"closed","ping_status":"closed","template":"","meta":[],"product_cat":[48,50],"product_tag":[],"class_list":{"0":"post-3679","1":"product","2":"type-product","3":"status-publish","4":"has-post-thumbnail","6":"product_cat-khan-spa","7":"product_cat-khan-trai-giuong-spa","8":"pa_chat-lieu-cotton","9":"pa_kich-thuoc-90cm-x-190cm","10":"pa_mau-sac-mau-da-bo","13":"instock","14":"product-type-simple"},"acf":[],"_links":{"self":[{"href":"https:\/\/khantamgiare.com\/en\/wp-json\/wp\/v2\/product\/3679","targetHints":{"allow":["GET"]}}],"collection":[{"href":"https:\/\/khantamgiare.com\/en\/wp-json\/wp\/v2\/product"}],"about":[{"href":"https:\/\/khantamgiare.com\/en\/wp-json\/wp\/v2\/types\/product"}],"replies":[{"embeddable":true,"href":"https:\/\/khantamgiare.com\/en\/wp-json\/wp\/v2\/comments?post=3679"}],"wp:featuredmedia":[{"embeddable":true,"href":"https:\/\/khantamgiare.com\/en\/wp-json\/wp\/v2\/media\/5263"}],"wp:attachment":[{"href":"https:\/\/khantamgiare.com\/en\/wp-json\/wp\/v2\/media?parent=3679"}],"wp:term":[{"taxonomy":"product_cat","embeddable":true,"href":"https:\/\/khantamgiare.com\/en\/wp-json\/wp\/v2\/product_cat?post=3679"},{"taxonomy":"product_tag","embeddable":true,"href":"https:\/\/khantamgiare.com\/en\/wp-json\/wp\/v2\/product_tag?post=3679"}],"curies":[{"name":"wp","href":"https:\/\/api.w.org\/{rel}","templated":true}]}}