{"id":3683,"date":"2023-06-29T07:47:53","date_gmt":"2023-06-29T07:47:53","guid":{"rendered":"http:\/\/khantam.h193.dpsmedia.vn\/san-pham\/bo-khan-trai-giuong-spa-mau-nau-microfiber\/"},"modified":"2024-04-04T15:35:20","modified_gmt":"2024-04-04T08:35:20","slug":"bo-khan-trai-giuong-spa-mau-nau-microfiber","status":"publish","type":"product","link":"https:\/\/khantamgiare.com\/en\/bo-khan-trai-giuong-spa-mau-nau-microfiber\/","title":{"rendered":"Set Of Bed Linen, Spa Brown Microfiber"},"content":{"rendered":"<h2><strong>Characteristics of bed linen, spa brown\u00a0<\/strong><\/h2>\n<p>B\u1ed9 kh\u0103n c\u00f3 t\u00f4ng m\u00e0u ch\u1ee7 \u0111\u1ea1o l\u00e0 m\u00e0u n\u00e2u \u0111\u1eadm, \u0111\u00e2y l\u00e0 m\u1ed9t m\u00e0u s\u1eafc trung t\u00ednh nh\u01b0ng l\u1ea1i \u0111\u01b0\u1ee3c r\u1ea5t nhi\u1ec1u c\u00e1c c\u01a1 spa l\u1ef1a ch\u1ecdn. M\u00e0u n\u00e2u mang \u0111\u1ebfn h\u00ecnh \u1ea3nh sang tr\u1ecdng l\u1ecbch s\u1ef1 v\u00e0 v\u00f4 c\u00f9ng s\u1ea1ch s\u1ebd. M\u00e0u s\u1eafc n\u00e0y c\u0169ng kh\u00f4ng d\u1ec5 l\u1ed9 b\u1ea9n nh\u01b0 c\u00e1c s\u1ea3n ph\u1ea9m kh\u00e1c. Do \u0111\u00f3 r\u1ea5t th\u00edch h\u1ee3p \u0111\u1ec3 s\u1eed d\u1ee5ng trong m\u00f4i tr\u01b0\u1eddng spa.<\/p>\n<p>Main material of the towel is microfiber. Microfiber material is very familiar in modern life. With respect to the line towel spa, besides material cotton, then, microfiber is the material favored equally. The advantage of this material is the surface fiber fabric is soft, is speculation as \u201csoft as velvet\u201d should be very easy to capture the feeling of users. The ability to absorb water well, high durability and duration of long-term use<\/p>\n<p>Highlights of the bed linen, spa brown color that is being produced on line, advanced and distributed by brand Male Style. On the surface of the product with embroidery woven logo, brand, help identify images spa in a useful way. At the same time help the product become values and have high aesthetic appeal.<\/p>\n<h2><strong>Images, Bed Linen, Spa, Brown (Microfiber)<\/strong><\/h2>\n<p>+ Model products bed linen Colee Huynh-Brown Chocolate<\/p>\n<figure id=\"attachment_7563\" aria-describedby=\"caption-attachment-7563\" style=\"width: 800px\" class=\"wp-caption aligncenter\"><img loading=\"lazy\" decoding=\"async\" class=\"wp-image-7563 size-full\" src=\"http:\/\/khantamgiare.com\/wp-content\/uploads\/2023\/06\/KNP21.jpg\" alt=\"Bed Linen Spa Microfiber Premium Colee Huynh-Brown Chocolate\" width=\"800\" height=\"500\" title=\"\"><figcaption id=\"caption-attachment-7563\" class=\"wp-caption-text\">Bed Linen Spa Microfiber Premium Colee Huynh-Brown Chocolate<\/figcaption><\/figure>\n<figure id=\"attachment_7565\" aria-describedby=\"caption-attachment-7565\" style=\"width: 800px\" class=\"wp-caption aligncenter\"><img loading=\"lazy\" decoding=\"async\" class=\"wp-image-7565 size-full\" src=\"http:\/\/khantamgiare.com\/wp-content\/uploads\/2023\/06\/KNP23.jpg\" alt=\"Bed Linen Spa Microfiber Premium Colee Huynh-Brown Chocolate\" width=\"800\" height=\"500\" title=\"\"><figcaption id=\"caption-attachment-7565\" class=\"wp-caption-text\">Bed Linen Spa Microfiber Premium Colee Huynh-Brown Chocolate<\/figcaption><\/figure>\n<p>+ Model products bed linen Gangnam Spa \u2013 Brown Chocolate Embroidered Logo \u2013 (Microfiber)<\/p>\n<figure id=\"attachment_3833\" aria-describedby=\"caption-attachment-3833\" style=\"width: 480px\" class=\"wp-caption aligncenter\"><img loading=\"lazy\" decoding=\"async\" class=\"wp-image-3833 size-full\" title=\"Bed linen Microfiber brown chocolate\" src=\"http:\/\/khantamgiare.com\/wp-content\/uploads\/2023\/06\/IMG_2407.jpg\" alt=\"Bed linen Gangnam Spa - Brown Chocolate Embroidered Logo - (Microfiber)\" width=\"480\" height=\"720\" \/><figcaption id=\"caption-attachment-3833\" class=\"wp-caption-text\">Bed linen Gangnam Spa \u2013 Brown Chocolate Embroidered Logo \u2013 (Microfiber)<\/figcaption><\/figure>\n<figure id=\"attachment_3834\" aria-describedby=\"caption-attachment-3834\" style=\"width: 720px\" class=\"wp-caption aligncenter\"><img loading=\"lazy\" decoding=\"async\" class=\"wp-image-3834 size-full\" title=\"Bed linen Microfiber brown chocolate\" src=\"http:\/\/khantamgiare.com\/wp-content\/uploads\/2023\/06\/IMG_2408.jpg\" alt=\"Bed linen Gangnam Spa - Brown Chocolate Embroidered Logo - (Microfiber)\" width=\"720\" height=\"480\" \/><figcaption id=\"caption-attachment-3834\" class=\"wp-caption-text\">Bed linen Gangnam Spa \u2013 Brown Chocolate Embroidered Logo \u2013 (Microfiber)<\/figcaption><\/figure>\n<h2><strong>Benefits of the use of bed linen, spa brown<\/strong><\/h2>\n<p>S\u1eed d\u1ee5ng b\u1ed9 <a href=\"https:\/\/khantamgiare.com\/en\/khan-spa\/\">kh\u0103n spa m\u00e0u n\u00e2u<\/a> c\u1ee7a Kh\u0103n T\u1eafm Gi\u00e1 R\u1ebb mang t\u1edbi nhi\u1ec1u l\u1ee3i \u00edch thi\u1ebft th\u1ef1c. L\u1ee3i \u00edch \u0111\u1ea7u ti\u00ean d\u1ec5 d\u00e0ng nh\u00ecn th\u1ea5y l\u00e0 gi\u00fap cho gi\u01b0\u1eddng spa tr\u1edf n\u00ean \u0111\u1eb9p m\u1eaft v\u00e0 sang tr\u1ecdng h\u01a1n. Thay v\u00ec m\u1ed9t chi\u1ebfc gi\u01b0\u1eddng tr\u1ed1ng, c\u00f3 ph\u1ea7n th\u00f4 c\u1ee9ng, v\u1edbi s\u1ef1 \u0111\u1ed3ng h\u00e0nh c\u1ee7a s\u1ea3n ph\u1ea9m Kh\u0103n T\u1eafm Gi\u00e1 R\u1ebb, chi\u1ebfc gi\u01b0\u1eddng s\u1ebd c\u00f3 m\u1ed9t di\u1ec7n m\u1ea1o ho\u00e0n to\u00e0n kh\u00e1c.<\/p>\n<p>Bed spa is also one of the most clearly manifested on the professional image of the brand. Clients who come to the service experience at the spa regularly, you need to rest and relax on the bed. Eye-catching photo, logo highlights will make your customers can&#039;t pay to bedding features embroidered logo. This helps pictures of spa to become more professional in the eyes of customers.<\/p>\n<p>+ Product samples bedspreads Rustic Tam Binh Tan (Brown \u2013 Chocolate Microfiber)<\/p>\n<figure id=\"attachment_11278\" aria-describedby=\"caption-attachment-11278\" style=\"width: 850px\" class=\"wp-caption aligncenter\"><img loading=\"lazy\" decoding=\"async\" class=\"wp-image-11278 size-full\" src=\"http:\/\/khantamgiare.com\/wp-content\/uploads\/2023\/06\/khan-moc-tam-binh-tan4.jpg\" alt=\"Bed linen Rustic Tam Binh Tan (Brown - Chocolate Microfiber)\" width=\"850\" height=\"500\" title=\"\"><figcaption id=\"caption-attachment-11278\" class=\"wp-caption-text\">Bed linen Rustic Tam Binh Tan (Brown \u2013 Chocolate Microfiber)<\/figcaption><\/figure>\n<figure id=\"attachment_11277\" aria-describedby=\"caption-attachment-11277\" style=\"width: 550px\" class=\"wp-caption aligncenter\"><img loading=\"lazy\" decoding=\"async\" class=\"wp-image-11277 size-full\" src=\"http:\/\/khantamgiare.com\/wp-content\/uploads\/2023\/06\/khan-moc-tam-binh-tan3-1.jpg\" alt=\"Bed linen Rustic Tam Binh Tan (Brown - Chocolate Microfiber)\" width=\"550\" height=\"800\" title=\"\"><figcaption id=\"caption-attachment-11277\" class=\"wp-caption-text\">Bed linen Rustic Tam Binh Tan (Brown \u2013 Chocolate Microfiber)<\/figcaption><\/figure>\n<p>+ Model products bed linen AMOON Spa \u2013 Brown (Microfiber)<\/p>\n<figure id=\"attachment_4554\" aria-describedby=\"caption-attachment-4554\" style=\"width: 720px\" class=\"wp-caption aligncenter\"><img loading=\"lazy\" decoding=\"async\" class=\"wp-image-4554 size-full\" title=\"Bed linen Microfiber brown chocolate - khannamphong\" src=\"http:\/\/khantamgiare.com\/wp-content\/uploads\/2023\/06\/IMG_3137.jpg\" alt=\"bed linen AMOON Spa - Brown (Microfiber)\" width=\"720\" height=\"480\" \/><figcaption id=\"caption-attachment-4554\" class=\"wp-caption-text\">bed linen AMOON Spa \u2013 Brown (Microfiber)<\/figcaption><\/figure>\n<figure id=\"attachment_4555\" aria-describedby=\"caption-attachment-4555\" style=\"width: 720px\" class=\"wp-caption aligncenter\"><img loading=\"lazy\" decoding=\"async\" class=\"wp-image-4555 size-full\" title=\"Bed linen Microfiber brown chocolate - khannamphong\" src=\"http:\/\/khantamgiare.com\/wp-content\/uploads\/2023\/06\/IMG_3138.jpg\" alt=\"bed linen AMOON Spa - Brown (Microfiber)\" width=\"720\" height=\"480\" \/><figcaption id=\"caption-attachment-4555\" class=\"wp-caption-text\">bed linen AMOON Spa \u2013 Brown (Microfiber)<\/figcaption><\/figure>\n<p>+ Model products bed linen Nguyen Sex Amoon \u2013 Brown (Microfiber)<\/p>\n<figure id=\"attachment_4500\" aria-describedby=\"caption-attachment-4500\" style=\"width: 720px\" class=\"wp-caption aligncenter\"><img loading=\"lazy\" decoding=\"async\" class=\"wp-image-4500 size-full\" title=\"bed linen microfiber brown chocolate.khannamphong\" src=\"http:\/\/khantamgiare.com\/wp-content\/uploads\/2023\/06\/IMG_3074.jpg\" alt=\"Bed linen Nguyen Sex Amoon - Brown (Microfiber)\" width=\"720\" height=\"480\" \/><figcaption id=\"caption-attachment-4500\" class=\"wp-caption-text\">Bed linen Nguyen Sex Amoon \u2013 Brown (Microfiber)<\/figcaption><\/figure>\n<figure id=\"attachment_4501\" aria-describedby=\"caption-attachment-4501\" style=\"width: 480px\" class=\"wp-caption aligncenter\"><img loading=\"lazy\" decoding=\"async\" class=\"wp-image-4501 size-full\" style=\"color: #333333; font-size: 14.4px;\" title=\"bed linen microfiber brown chocolate.khannamphong\" src=\"http:\/\/khantamgiare.com\/wp-content\/uploads\/2023\/06\/IMG_3075.jpg\" alt=\"Bed linen Nguyen Sex Amoon - Brown (Microfiber)\" width=\"480\" height=\"720\" \/><figcaption id=\"caption-attachment-4501\" class=\"wp-caption-text\">Bed linen Nguyen Sex Amoon \u2013 Brown (Microfiber)<\/figcaption><\/figure>\n<p>+ Model products bed linen Roxie Spa ( Brown \u2013 chocolate Microfiber)<\/p>\n<figure id=\"attachment_10854\" aria-describedby=\"caption-attachment-10854\" style=\"width: 850px\" class=\"wp-caption aligncenter\"><img loading=\"lazy\" decoding=\"async\" class=\"wp-image-10854 size-full\" src=\"http:\/\/khantamgiare.com\/wp-content\/uploads\/2023\/06\/khan-spa-roxie2.jpg\" alt=\"Bed linen Roxie Spa ( Brown - chocolate Microfiber)\" width=\"850\" height=\"500\" title=\"\"><figcaption id=\"caption-attachment-10854\" class=\"wp-caption-text\">Bed linen Roxie Spa ( Brown \u2013 chocolate Microfiber)<\/figcaption><\/figure>\n<figure id=\"attachment_10853\" aria-describedby=\"caption-attachment-10853\" style=\"width: 850px\" class=\"wp-caption aligncenter\"><img loading=\"lazy\" decoding=\"async\" class=\"wp-image-10853 size-full\" src=\"http:\/\/khantamgiare.com\/wp-content\/uploads\/2023\/06\/khan-spa-roxie1.jpg\" alt=\"Bed linen Roxie Spa ( Brown - chocolate Microfiber)\" width=\"850\" height=\"500\" title=\"\"><figcaption id=\"caption-attachment-10853\" class=\"wp-caption-text\">Bed linen Roxie Spa ( Brown \u2013 chocolate Microfiber)<\/figcaption><\/figure>\n<h2><strong>Unveil brand bed linen credits<\/strong><\/h2>\n<p>\u0110\u1ec3 \u0111\u01b0\u1ee3c t\u01b0 v\u1ea5n v\u1ec1 m\u1eabu <a href=\"https:\/\/khantamgiare.com\/en\/khan-trai-giuong-spa\/\">bed linen spa<\/a> m\u00e0u n\u00e2u c\u0169ng nh\u01b0 c\u00e1c b\u1ed9 kh\u0103n tr\u1ea3i gi\u01b0\u1eddng kh\u00e1c, h\u00e3y li\u00ean h\u1ec7 v\u1edbi Kh\u0103n T\u1eafm Gi\u00e1 R\u1ebb qua th\u00f4ng tin d\u01b0\u1edbi \u0111\u00e2y. Ch\u00fang t\u00f4i lu\u00f4n s\u1eb5n l\u00f2ng \u0111\u01b0\u1ee3c gi\u1ea3i \u0111\u00e1p m\u1ecdi th\u1eafc m\u1eafc c\u1ee7a b\u1ea1n.<\/p>\n<p style=\"text-align: center;\">-------------<\/p>\n<p style=\"text-align: center;\">Address: 74B, LANE 295 , BACH MAI STREET, HAI BA TRUNG DISTRICT , HA NOI<\/p>\n<p style=\"text-align: center;\">Mail: KhanNamPhong@Gmail.Com<\/p>\n<p style=\"text-align: center;\">SDT:\u00a0<a href=\"tel:0903367867\" rel=\"nofollow external noopener noreferrer\" data-wpel-link=\"external\">0903 367 867<\/a><\/p>\n<p style=\"text-align: center;\">Website:\u00a0<a href=\"https:\/\/khantamgiare.com\/en\/\" data-wpel-link=\"internal\">KhanTamGiaRe.Com<\/a><\/p>","protected":false},"excerpt":{"rendered":"<p><em><strong>Size:\u00a0\u00a0<\/strong>Bed linen: 90x190cm\u00a0<\/em><\/p>\n<p><em><strong>Material: Microfiber<\/strong><\/em><\/p>\n<p><em><strong>Color:\u00a0<\/strong>moss green, dark blue, copper color, gold color, brown chocolate, dark green, light purple, pink, gray, white, green, blue nuggets, cowhide, brown, red.<\/em><\/p>\n<p><em><strong>Place of origin:\u00a0<\/strong>Vietnam.<\/em><\/p>\n<p><em><strong>Special:<\/strong><\/em>\u00a0<em>Have a embroidery logo according to customer&#039;s requirement.<\/em><\/p>\n<p>&nbsp;<\/p>\n<p><iframe loading=\"lazy\" src=\"https:\/\/www.youtube.com\/embed\/msvzOq5bjNM\" width=\"560\" height=\"315\" frameborder=\"0\" allowfullscreen=\"allowfullscreen\"><\/iframe><\/p>","protected":false},"featured_media":5266,"comment_status":"closed","ping_status":"closed","template":"","meta":[],"product_cat":[48,50],"product_tag":[],"class_list":{"0":"post-3683","1":"product","2":"type-product","3":"status-publish","4":"has-post-thumbnail","6":"product_cat-khan-spa","7":"product_cat-khan-trai-giuong-spa","8":"pa_chat-lieu-microfiber","9":"pa_kich-thuoc-90cm-x-190cm","10":"pa_mau-sac-nau-socola","13":"instock","14":"product-type-simple"},"acf":[],"_links":{"self":[{"href":"https:\/\/khantamgiare.com\/en\/wp-json\/wp\/v2\/product\/3683","targetHints":{"allow":["GET"]}}],"collection":[{"href":"https:\/\/khantamgiare.com\/en\/wp-json\/wp\/v2\/product"}],"about":[{"href":"https:\/\/khantamgiare.com\/en\/wp-json\/wp\/v2\/types\/product"}],"replies":[{"embeddable":true,"href":"https:\/\/khantamgiare.com\/en\/wp-json\/wp\/v2\/comments?post=3683"}],"wp:featuredmedia":[{"embeddable":true,"href":"https:\/\/khantamgiare.com\/en\/wp-json\/wp\/v2\/media\/5266"}],"wp:attachment":[{"href":"https:\/\/khantamgiare.com\/en\/wp-json\/wp\/v2\/media?parent=3683"}],"wp:term":[{"taxonomy":"product_cat","embeddable":true,"href":"https:\/\/khantamgiare.com\/en\/wp-json\/wp\/v2\/product_cat?post=3683"},{"taxonomy":"product_tag","embeddable":true,"href":"https:\/\/khantamgiare.com\/en\/wp-json\/wp\/v2\/product_tag?post=3683"}],"curies":[{"name":"wp","href":"https:\/\/api.w.org\/{rel}","templated":true}]}}