{"id":3779,"date":"2023-06-29T07:50:01","date_gmt":"2023-06-29T07:50:01","guid":{"rendered":"http:\/\/khantam.h193.dpsmedia.vn\/san-pham\/bo-khan-body-spa-microfiber-mau-xanh-co-vit\/"},"modified":"2024-04-04T15:54:40","modified_gmt":"2024-04-04T08:54:40","slug":"bo-khan-body-spa-microfiber-mau-xanh-co-vit","status":"publish","type":"product","link":"https:\/\/khantamgiare.com\/en\/bo-khan-body-spa-microfiber-mau-xanh-co-vit\/","title":{"rendered":"The Towel Body Spa Microfiber Blue Duck Stock"},"content":{"rendered":"<h2><strong>\u0110\u1eb7c \u0111i\u1ec3m s\u1ea3n ph\u1ea9m Kh\u0103n Body Spa Microfiber Ma\u0300u Xanh C\u00f4\u0309 Vi\u0323t<\/strong><\/h2>\n<ul>\n<li>The <a href=\"https:\/\/khantamgiare.com\/en\/khan-body-spa\/\">kh\u0103n body spa<\/a> microfiber m\u00e0u xanh c\u1ed5 v\u1ecbt l\u00e0 b\u1ed9 kh\u0103n c\u00f3 m\u00e0u s\u1eafc \u0111\u1eb7c bi\u1ec7t, \u1ea5n t\u01b0\u1ee3ng v\u00e0 n\u1ed5i b\u1eadt. V\u1edbi m\u00e0u s\u1eafc \u0111\u1ed9c \u0111\u00e1o, s\u1ea3n ph\u1ea9m nhanh ch\u00f3ng t\u1ea1o \u0111\u01b0\u1ee3c s\u1ee9c h\u00fat nh\u1edd v\u00e0o t\u00ednh th\u1ea9m m\u1ef9 cao c\u00f9ng nhi\u1ec1u \u01b0u \u0111i\u1ec3m h\u1ea5p d\u1eabn.<\/li>\n<li>The towels are made from high quality materials, microfiber, so the surface is as soft as velvet. Towels are safe for the skin and not picky users. Properties of the towel is absorbent, good elasticity, high antibacterial efficiency. Moreover, due to be made from yarn synthetic fabric should be durable color, super peak, duration long-term use.<\/li>\n<li>Designed with size 70*140cm, scarf easily folded back when not in need. After each use, spa staff, please wash it with water washing for professional use and exposure in dry and ventilated place. The towel body spa microfiber blue, classic duck washable by hand or machine is ok. To towels are more durable, you should dry in dry and ventilated place and there is sun.<\/li>\n<\/ul>\n<p>+ Scarf pattern body spa THESA Spa &amp; Beauty (Green Duck \u2013 Microfiber)<\/p>\n<figure id=\"attachment_10873\" aria-describedby=\"caption-attachment-10873\" style=\"width: 850px\" class=\"wp-caption aligncenter\"><a href=\"http:\/\/khantamgiare.com\/wp-content\/uploads\/2023\/06\/khan-spa-thesa3.jpg\"><img loading=\"lazy\" decoding=\"async\" class=\"wp-image-10873 size-full\" src=\"http:\/\/khantamgiare.com\/wp-content\/uploads\/2023\/06\/khan-spa-thesa3.jpg\" alt=\"Sample towel body spa THESA Spa &amp; Beauty (Green Duck - Microfiber)\" width=\"850\" height=\"500\" title=\"\"><\/a><figcaption id=\"caption-attachment-10873\" class=\"wp-caption-text\">Sample towel body spa THESA Spa &amp; Beauty (Green Duck \u2013 Microfiber)<\/figcaption><\/figure>\n<h2><b>The scarf body is used for what?<\/b><\/h2>\n<p>Product body color green duck is scarf patterns super hot millions of the spa facilities find place. In addition to the spa, the fitness center, library aesthetic is also very concerned about the product line on. Not only that, the product also appears in the place of diversity, mainly those where the service provider for health care and relaxation. For example: gym, swimming pool, modern holiday houses, hotels, resorts,...<\/p>\n<p>Towel body color green duck is used for drying the body after every shower. Besides, the scarf can be used to wrap the body, the aim is to help our customers easily to experience other services at the spa.<\/p>\n<figure id=\"attachment_10871\" aria-describedby=\"caption-attachment-10871\" style=\"width: 850px\" class=\"wp-caption aligncenter\"><a href=\"http:\/\/khantamgiare.com\/wp-content\/uploads\/2023\/06\/khan-spa-thesa1.jpg\"><img loading=\"lazy\" decoding=\"async\" class=\"wp-image-10871 size-full\" src=\"http:\/\/khantamgiare.com\/wp-content\/uploads\/2023\/06\/khan-spa-thesa1.jpg\" alt=\"Sample towel body spa THESA Spa &amp; Beauty (Green Duck - Microfiber)\" width=\"850\" height=\"500\" title=\"\"><\/a><figcaption id=\"caption-attachment-10871\" class=\"wp-caption-text\">Sample towel body spa THESA Spa &amp; Beauty (Green Duck \u2013 Microfiber)<\/figcaption><\/figure>\n<h2><b>Placing your scarf body fast most<\/b><\/h2>\n<p>Owning towel body spa blue duck stock not difficult, only with 1 phone call that your questions will be solved thoroughly. The important thing is you need to find the manufacturing unit professional to have many deals the most.<\/p>\n<p>M\u1ed9t trong nh\u1eefng th\u01b0\u01a1ng hi\u1ec7u \u0111\u01b0\u1ee3c h\u00e0ng tri\u1ec7u spa y\u00eau th\u00edch, ph\u1ea3i k\u1ec3 \u0111\u1ebfn th\u01b0\u01a1ng hi\u1ec7u <a href=\"https:\/\/khantamgiare.com\/en\/\">Towels Cheap<\/a>. Tr\u1ea3i qua nhi\u1ec1u n\u0103m x\u00e2y d\u1ef1ng v\u00e0 ph\u00e1t tri\u1ec3n, Kh\u0103n T\u1eafm Gi\u00e1 R\u1ebb hi\u1ec7n nay l\u00e0 \u0111i\u1ec3m \u0111\u1ebfn ho\u00e0n h\u1ea3o c\u1ee7a m\u1ecdi kh\u00e1ch h\u00e0ng. Ch\u00fang t\u00f4i s\u1ea3n xu\u1ea5t, cung c\u1ea5p c\u00e1c m\u1eabu kh\u0103n body ch\u1ea5t l\u01b0\u1ee3ng v\u1edbi m\u00e0u s\u1eafc v\u00e0 ch\u1ea5t li\u1ec7u \u0111a d\u1ea1ng.<\/p>\n<p>Kh\u00e1ch h\u00e0ng c\u00f3 y\u00eau c\u1ea7u c\u1ee5 th\u1ec3 n\u00e0o v\u1ec1 c\u00e1c s\u1ea3n ph\u1ea9m <a href=\"https:\/\/khantamgiare.com\/en\/khan-spa\/\">kh\u0103n spa gi\u00e1 r\u1ebb<\/a>, h\u00e3y trao \u0111\u1ed5i v\u1edbi ch\u00fang t\u00f4i. Kh\u0103n T\u1eafm Gi\u00e1 R\u1ebb lu\u00f4n l\u1eafng nghe v\u00e0 d\u1ef1a tr\u00ean y\u00eau c\u1ea7u \u0111\u00f3 \u0111\u1ec3 th\u1ef1c hi\u1ec7n ho\u00e0n t\u1ea5t s\u1ea3n ph\u1ea9m. S\u1ea3n ph\u1ea9m trao tay kh\u00e1ch h\u00e0ng ch\u1eafc ch\u1eafn l\u00e0 nh\u1eefng s\u1ea3n ph\u1ea9m t\u1ed1t nh\u1ea5t v\u00e0 \u0111\u00e3 \u0111\u01b0\u1ee3c ki\u1ec3m tra s\u00e1t sao ch\u1eb7t ch\u1ebd.<\/p>\n<blockquote><p><em><strong>Read more: <a href=\"https:\/\/khantamgiare.com\/en\/bo-khan-body-spa-mau-nau-socola-co-theu-logo-cotton\/\">The Towel Body Spa Brown Chocolate With Embroidery Logo (Cotton)<\/a><\/strong><\/em><\/p><\/blockquote>","protected":false},"excerpt":{"rendered":"<p><em><strong>Size:\u00a0<\/strong>Scarf body: 70\u00d7140 cm<\/em><\/p>\n<p><em><strong>Material:\u00a0<\/strong>100%Cotton yarn.<\/em><\/p>\n<p><em><strong>Color:\u00a0<\/strong>moss green, dark blue, copper color, gold color, brown chocolate, dark green, light purple, pink, gray, white, green, blue nuggets, cowhide, brown, red.<\/em><\/p>\n<p><em><strong>Place of origin:\u00a0<\/strong>Vietnam.<\/em><\/p>\n<p><em><strong>Special:<\/strong><\/em>\u00a0<em>Have a embroidery logo according to customer&#039;s requirement.<\/em><\/p>","protected":false},"featured_media":5305,"comment_status":"closed","ping_status":"closed","template":"","meta":[],"product_cat":[49,48],"product_tag":[],"class_list":{"0":"post-3779","1":"product","2":"type-product","3":"status-publish","4":"has-post-thumbnail","6":"product_cat-khan-body-spa","7":"product_cat-khan-spa","8":"pa_chat-lieu-microfiber","9":"pa_kich-thuoc-70cm-x-140cm","10":"pa_mau-sac-xanh-co-vit","13":"instock","14":"product-type-simple"},"acf":[],"_links":{"self":[{"href":"https:\/\/khantamgiare.com\/en\/wp-json\/wp\/v2\/product\/3779","targetHints":{"allow":["GET"]}}],"collection":[{"href":"https:\/\/khantamgiare.com\/en\/wp-json\/wp\/v2\/product"}],"about":[{"href":"https:\/\/khantamgiare.com\/en\/wp-json\/wp\/v2\/types\/product"}],"replies":[{"embeddable":true,"href":"https:\/\/khantamgiare.com\/en\/wp-json\/wp\/v2\/comments?post=3779"}],"wp:featuredmedia":[{"embeddable":true,"href":"https:\/\/khantamgiare.com\/en\/wp-json\/wp\/v2\/media\/5305"}],"wp:attachment":[{"href":"https:\/\/khantamgiare.com\/en\/wp-json\/wp\/v2\/media?parent=3779"}],"wp:term":[{"taxonomy":"product_cat","embeddable":true,"href":"https:\/\/khantamgiare.com\/en\/wp-json\/wp\/v2\/product_cat?post=3779"},{"taxonomy":"product_tag","embeddable":true,"href":"https:\/\/khantamgiare.com\/en\/wp-json\/wp\/v2\/product_tag?post=3779"}],"curies":[{"name":"wp","href":"https:\/\/api.w.org\/{rel}","templated":true}]}}