{"id":3803,"date":"2023-06-29T07:51:34","date_gmt":"2023-06-29T07:51:34","guid":{"rendered":"http:\/\/khantam.h193.dpsmedia.vn\/san-pham\/bo-khan-body-spa-mau-nau-socola-co-theu-logo-cotton\/"},"modified":"2024-04-10T15:19:14","modified_gmt":"2024-04-10T08:19:14","slug":"bo-khan-body-spa-mau-nau-socola-co-theu-logo-cotton","status":"publish","type":"product","link":"https:\/\/khantamgiare.com\/en\/bo-khan-body-spa-mau-nau-socola-co-theu-logo-cotton\/","title":{"rendered":"The Towel Body Spa Brown Chocolate With Embroidery Logo (Cotton)"},"content":{"rendered":"<p>\u2018+ Scarf pattern body An Ceiling Spa (Cotton)<\/p>\n<figure id=\"attachment_6777\" aria-describedby=\"caption-attachment-6777\" style=\"width: 720px\" class=\"wp-caption aligncenter\"><img loading=\"lazy\" decoding=\"async\" class=\"wp-image-6777 size-full\" title=\"scarf-body-Cotton-Brown-Chocolate.KhanNamPhong\" src=\"http:\/\/khantamgiare.com\/wp-content\/uploads\/2023\/06\/khan-body-Cotton-Nau-Socola.KhanNamPhong.jpg\" alt=\"Scarf pattern body An Ceiling Spa (Cotton)\" width=\"720\" height=\"480\" \/><figcaption id=\"caption-attachment-6777\" class=\"wp-caption-text\">Scarf pattern body An Ceiling Spa (Cotton)<\/figcaption><\/figure>\n<figure id=\"attachment_6778\" aria-describedby=\"caption-attachment-6778\" style=\"width: 720px\" class=\"wp-caption aligncenter\"><img loading=\"lazy\" decoding=\"async\" class=\"wp-image-6778 size-full\" title=\"scarf-body-Cotton-Brown-Chocolate.KhanNamPhong\" src=\"http:\/\/khantamgiare.com\/wp-content\/uploads\/2023\/06\/khan-body-Cotton-Nau-Socola.KhanNamPhong1.jpg\" alt=\"Scarf pattern body An Ceiling Spa (Cotton)\" width=\"720\" height=\"480\" \/><figcaption id=\"caption-attachment-6778\" class=\"wp-caption-text\">Scarf pattern body An Ceiling Spa (Cotton)<\/figcaption><\/figure>\n<p>+ Scarf pattern body BangKok (Brown \u2013 Chocolate Cotton)<\/p>\n<figure id=\"attachment_4226\" aria-describedby=\"caption-attachment-4226\" style=\"width: 720px\" class=\"wp-caption aligncenter\"><img loading=\"lazy\" decoding=\"async\" class=\"wp-image-4226 size-full\" title=\"Khantamcottonnausocola-khannamphong\" src=\"http:\/\/khantamgiare.com\/wp-content\/uploads\/2023\/06\/IMG_2626.jpg\" alt=\"Scarf pattern body BangKok (Brown - Chocolate Cotton)\" width=\"720\" height=\"480\" \/><figcaption id=\"caption-attachment-4226\" class=\"wp-caption-text\">Scarf pattern body BangKok (Brown \u2013 Chocolate Cotton)<\/figcaption><\/figure>\n<figure id=\"attachment_4229\" aria-describedby=\"caption-attachment-4229\" style=\"width: 720px\" class=\"wp-caption aligncenter\"><img loading=\"lazy\" decoding=\"async\" class=\"wp-image-4229 size-full\" title=\"Khantamcottonnausocola-khannamphong\" src=\"http:\/\/khantamgiare.com\/wp-content\/uploads\/2023\/06\/IMG_2631.jpg\" alt=\"Scarf pattern body BangKok (Brown - Chocolate Cotton)\" width=\"720\" height=\"480\" \/><figcaption id=\"caption-attachment-4229\" class=\"wp-caption-text\">Scarf pattern body BangKok (Brown \u2013 Chocolate Cotton)<\/figcaption><\/figure>\n<p>+ Scarf pattern body Dolly Beauty (Cotton)<\/p>\n<figure id=\"attachment_5461\" aria-describedby=\"caption-attachment-5461\" style=\"width: 720px\" class=\"wp-caption aligncenter\"><img loading=\"lazy\" decoding=\"async\" class=\"wp-image-5461 size-full\" title=\"towels, body cotton brown chocolate\" src=\"http:\/\/khantamgiare.com\/wp-content\/uploads\/2023\/06\/IMG_4006.jpg\" alt=\"Scarf pattern body Dolly Beauty (Cotton)\" width=\"720\" height=\"480\" \/><figcaption id=\"caption-attachment-5461\" class=\"wp-caption-text\">Scarf pattern body Dolly Beauty (Cotton)<\/figcaption><\/figure>\n<figure id=\"attachment_5462\" aria-describedby=\"caption-attachment-5462\" style=\"width: 720px\" class=\"wp-caption aligncenter\"><img loading=\"lazy\" decoding=\"async\" class=\"wp-image-5462 size-full\" title=\"towels, body cotton brown chocolate\" src=\"http:\/\/khantamgiare.com\/wp-content\/uploads\/2023\/06\/IMG_4007.jpg\" alt=\"Scarf pattern body Dolly Beauty (Cotton)\" width=\"720\" height=\"480\" \/><figcaption id=\"caption-attachment-5462\" class=\"wp-caption-text\">Scarf pattern body Dolly Beauty (Cotton)<\/figcaption><\/figure>\n<p>+ Scarf pattern body Hoang Nguyen Spa (Cotton)<\/p>\n<figure id=\"attachment_5053\" aria-describedby=\"caption-attachment-5053\" style=\"width: 720px\" class=\"wp-caption aligncenter\"><img loading=\"lazy\" decoding=\"async\" class=\"wp-image-5053 size-full\" title=\"khantamcottonnausocola.khannamphong\" src=\"http:\/\/khantamgiare.com\/wp-content\/uploads\/2023\/06\/IMG_3694.jpg\" alt=\"Scarf pattern body Hoang Nguyen Spa (Cotton)\" width=\"720\" height=\"480\" \/><figcaption id=\"caption-attachment-5053\" class=\"wp-caption-text\">Scarf pattern body Hoang Nguyen Spa (Cotton)<\/figcaption><\/figure>\n<figure id=\"attachment_5054\" aria-describedby=\"caption-attachment-5054\" style=\"width: 720px\" class=\"wp-caption aligncenter\"><img loading=\"lazy\" decoding=\"async\" class=\"wp-image-5054 size-full\" title=\"khantamcottonnausocola.khannamphong\" src=\"http:\/\/khantamgiare.com\/wp-content\/uploads\/2023\/06\/IMG_3695.jpg\" alt=\"Scarf pattern body Hoang Nguyen Spa (Cotton)\" width=\"720\" height=\"480\" \/><figcaption id=\"caption-attachment-5054\" class=\"wp-caption-text\">Scarf pattern body Hoang Nguyen Spa (Cotton)<\/figcaption><\/figure>\n<p>+ Scarf pattern body Homis Spa (Cotton)<\/p>\n<figure id=\"attachment_6391\" aria-describedby=\"caption-attachment-6391\" style=\"width: 720px\" class=\"wp-caption aligncenter\"><img loading=\"lazy\" decoding=\"async\" class=\"wp-image-6391 size-full\" title=\"towel-the-cotton-brown-chocolate-40x60cm.KhanNamPhong\" src=\"http:\/\/khantamgiare.com\/wp-content\/uploads\/2023\/06\/khan-mat-cotton-nau-socola-40x60cm.KhanNamPhong1.jpg\" alt=\"Scarf pattern body Homis Spa (Cotton)\" width=\"720\" height=\"480\" \/><figcaption id=\"caption-attachment-6391\" class=\"wp-caption-text\">Scarf pattern body Homis Spa (Cotton)<\/figcaption><\/figure>\n<figure id=\"attachment_6394\" aria-describedby=\"caption-attachment-6394\" style=\"width: 720px\" class=\"wp-caption aligncenter\"><img loading=\"lazy\" decoding=\"async\" class=\"wp-image-6394 size-full\" title=\"towel-the-cotton-brown-chocolate-40x60cm.KhanNamPhong\" src=\"http:\/\/khantamgiare.com\/wp-content\/uploads\/2023\/06\/khan-mat-cotton-nau-socola-40x60cm.KhanNamPhong5.jpg\" alt=\"Scarf pattern body Homis Spa (Cotton)\" width=\"720\" height=\"480\" \/><figcaption id=\"caption-attachment-6394\" class=\"wp-caption-text\">Scarf pattern body Homis Spa (Cotton)<\/figcaption><\/figure>\n<blockquote><p><em><strong>Read more: <a href=\"https:\/\/khantamgiare.com\/en\/khan-body-spa-mau-nau-nhat-cotton\/\">Towel Body Spa Light Brown Cotton<\/a><\/strong><\/em><\/p><\/blockquote>\n<p>+ Scarf pattern body Hotel Massage VL (Brown \u2013 Chocolate Cotton)<\/p>\n<figure id=\"attachment_13983\" aria-describedby=\"caption-attachment-13983\" style=\"width: 850px\" class=\"wp-caption aligncenter\"><img loading=\"lazy\" decoding=\"async\" class=\"wp-image-13983 size-full\" src=\"http:\/\/khantamgiare.com\/wp-content\/uploads\/2023\/06\/khan-hotel-massage-vl-1-1.jpg\" alt=\"Scarf pattern body Hotel Massage VL (Brown - Chocolate Cotton)\" width=\"850\" height=\"500\" title=\"\"><figcaption id=\"caption-attachment-13983\" class=\"wp-caption-text\">Scarf pattern body Hotel Massage VL (Brown \u2013 Chocolate Cotton)<\/figcaption><\/figure>\n<figure id=\"attachment_13984\" aria-describedby=\"caption-attachment-13984\" style=\"width: 850px\" class=\"wp-caption aligncenter\"><img loading=\"lazy\" decoding=\"async\" class=\"wp-image-13984 size-full\" src=\"http:\/\/khantamgiare.com\/wp-content\/uploads\/2023\/06\/khan-hotel-massage-vl1-1-1.jpg\" alt=\"Scarf pattern body Hotel Massage VL (Brown - Chocolate Cotton)\" width=\"850\" height=\"500\" title=\"\"><figcaption id=\"caption-attachment-13984\" class=\"wp-caption-text\">Scarf pattern body Hotel Massage VL (Brown \u2013 Chocolate Cotton)<\/figcaption><\/figure>\n<figure id=\"attachment_13633\" aria-describedby=\"caption-attachment-13633\" style=\"width: 550px\" class=\"wp-caption aligncenter\"><img loading=\"lazy\" decoding=\"async\" class=\"wp-image-13633 size-full\" style=\"color: #333333;\" src=\"http:\/\/khantamgiare.com\/wp-content\/uploads\/2023\/06\/khan-hotel-massage-vl2-2.jpg\" alt=\"Scarf pattern body Hotel Massage VL (Brown - Chocolate Cotton)\" width=\"550\" height=\"800\" title=\"\"><figcaption id=\"caption-attachment-13633\" class=\"wp-caption-text\">Scarf pattern body Hotel Massage VL (Brown \u2013 Chocolate Cotton)<\/figcaption><\/figure>\n<p>+ Scarf pattern body Men Spa (Cotton)<\/p>\n<figure id=\"attachment_4564\" aria-describedby=\"caption-attachment-4564\" style=\"width: 720px\" class=\"wp-caption aligncenter\"><img loading=\"lazy\" decoding=\"async\" class=\"wp-image-4564 size-full\" title=\"bath towel microfiber brown chocolate - khannamphong\" src=\"http:\/\/khantamgiare.com\/wp-content\/uploads\/2023\/06\/IMG_3131.jpg\" alt=\"Scarf pattern body Men Spa (Cotton)\" width=\"720\" height=\"480\" \/><figcaption id=\"caption-attachment-4564\" class=\"wp-caption-text\">Scarf pattern body Men Spa (Cotton)<\/figcaption><\/figure>\n<figure id=\"attachment_4566\" aria-describedby=\"caption-attachment-4566\" style=\"width: 720px\" class=\"wp-caption aligncenter\"><img loading=\"lazy\" decoding=\"async\" class=\"wp-image-4566 size-full\" title=\"bath towel microfiber brown chocolate - khannamphong\" src=\"http:\/\/khantamgiare.com\/wp-content\/uploads\/2023\/06\/IMG_3133.jpg\" alt=\"Scarf pattern body Men Spa (Cotton)\" width=\"720\" height=\"480\" \/><figcaption id=\"caption-attachment-4566\" class=\"wp-caption-text\">Scarf pattern body Men Spa (Cotton)<\/figcaption><\/figure>\n<figure id=\"attachment_4563\" aria-describedby=\"caption-attachment-4563\" style=\"width: 480px\" class=\"wp-caption aligncenter\"><img loading=\"lazy\" decoding=\"async\" class=\"wp-image-4563 size-full\" style=\"color: #333333; font-size: 14.4px;\" title=\"bath towel microfiber brown chocolate - khannamphong\" src=\"http:\/\/khantamgiare.com\/wp-content\/uploads\/2023\/06\/IMG_3130.jpg\" alt=\"Scarf pattern body Men Spa (Cotton)\" width=\"480\" height=\"720\" \/><figcaption id=\"caption-attachment-4563\" class=\"wp-caption-text\">Scarf pattern body Men Spa (Cotton)<\/figcaption><\/figure>\n<p>+ M\u1eabu <a href=\"https:\/\/khantamgiare.com\/en\/khan-body-spa\/\">kh\u0103n body Spa<\/a> t\u1ea1i Mai Spa (N\u00e2u Socola &#8211; Cotton)<\/p>\n<figure id=\"attachment_12614\" aria-describedby=\"caption-attachment-12614\" style=\"width: 850px\" class=\"wp-caption aligncenter\"><img loading=\"lazy\" decoding=\"async\" class=\"wp-image-12614 size-full\" src=\"http:\/\/khantamgiare.com\/wp-content\/uploads\/2023\/06\/khan-mai-spa1.jpg\" alt=\"Scarf pattern body Mai Spa (Brown - Chocolate Cotton)\" width=\"850\" height=\"500\" title=\"\"><figcaption id=\"caption-attachment-12614\" class=\"wp-caption-text\">Scarf pattern body Mai Spa (Brown \u2013 Chocolate Cotton)<\/figcaption><\/figure>\n<figure id=\"attachment_12616\" aria-describedby=\"caption-attachment-12616\" style=\"width: 850px\" class=\"wp-caption aligncenter\"><img loading=\"lazy\" decoding=\"async\" class=\"wp-image-12616 size-full\" style=\"color: #333333;\" src=\"http:\/\/khantamgiare.com\/wp-content\/uploads\/2023\/06\/khan-mai-spa3.jpg\" alt=\"Scarf pattern body Mai Spa (Brown - Chocolate Cotton)\" width=\"850\" height=\"500\" title=\"\"><figcaption id=\"caption-attachment-12616\" class=\"wp-caption-text\">Scarf pattern body Mai Spa (Brown \u2013 Chocolate Cotton)<\/figcaption><\/figure>\n<p>Li\u00ean h\u1ec7 Kh\u0103n T\u1eafm Gi\u00e1 R\u1ebb \u0111\u1ec3 \u0111\u01b0\u1ee3c t\u01b0 v\u1ea5n th\u00eam v\u1ec1 nhi\u1ec1u lo\u1ea1i <a href=\"https:\/\/khantamgiare.com\/en\/khan-spa\/\">kh\u0103n spa m\u00e0u n\u00e2u<\/a>\u00a0kh\u00e1c b\u1ea1n nh\u00e9!<\/p>","protected":false},"excerpt":{"rendered":"<p><em><strong>Size: <\/strong>70\u00d7140 (400g)<\/em><\/p>\n<p><em><strong>Material: <\/strong>100% Cotton yarn.<\/em><\/p>\n<p><em><strong>Color: <\/strong>moss green, dark blue, copper color, gold color, brown chocolate, dark green, light purple, pink, gray, white, green, blue nuggets, cowhide, brown, red.<\/em><\/p>\n<p><em><strong>Place of origin: <\/strong>Vietnam.<\/em><\/p>\n<p><em><strong>Special:<\/strong><\/em>\u00a0<em>Have a embroidery logo according to customer&#039;s requirement.<\/em><\/p>","protected":false},"featured_media":5326,"comment_status":"closed","ping_status":"closed","template":"","meta":[],"product_cat":[49,48],"product_tag":[],"class_list":{"0":"post-3803","1":"product","2":"type-product","3":"status-publish","4":"has-post-thumbnail","6":"product_cat-khan-body-spa","7":"product_cat-khan-spa","8":"pa_chat-lieu-cotton","9":"pa_kich-thuoc-70cm-x-140cm","10":"pa_mau-sac-nau-socola","13":"instock","14":"product-type-simple"},"acf":[],"_links":{"self":[{"href":"https:\/\/khantamgiare.com\/en\/wp-json\/wp\/v2\/product\/3803","targetHints":{"allow":["GET"]}}],"collection":[{"href":"https:\/\/khantamgiare.com\/en\/wp-json\/wp\/v2\/product"}],"about":[{"href":"https:\/\/khantamgiare.com\/en\/wp-json\/wp\/v2\/types\/product"}],"replies":[{"embeddable":true,"href":"https:\/\/khantamgiare.com\/en\/wp-json\/wp\/v2\/comments?post=3803"}],"wp:featuredmedia":[{"embeddable":true,"href":"https:\/\/khantamgiare.com\/en\/wp-json\/wp\/v2\/media\/5326"}],"wp:attachment":[{"href":"https:\/\/khantamgiare.com\/en\/wp-json\/wp\/v2\/media?parent=3803"}],"wp:term":[{"taxonomy":"product_cat","embeddable":true,"href":"https:\/\/khantamgiare.com\/en\/wp-json\/wp\/v2\/product_cat?post=3803"},{"taxonomy":"product_tag","embeddable":true,"href":"https:\/\/khantamgiare.com\/en\/wp-json\/wp\/v2\/product_tag?post=3803"}],"curies":[{"name":"wp","href":"https:\/\/api.w.org\/{rel}","templated":true}]}}