{"id":3890,"date":"2023-06-29T07:53:35","date_gmt":"2023-06-29T07:53:35","guid":{"rendered":"http:\/\/khantam.h193.dpsmedia.vn\/san-pham\/bo-khan-body-spa-mau-da-bo-cotton\/"},"modified":"2023-07-23T17:43:12","modified_gmt":"2023-07-23T17:43:12","slug":"bo-khan-body-spa-mau-da-bo-cotton","status":"publish","type":"product","link":"https:\/\/khantamgiare.com\/en\/bo-khan-body-spa-mau-da-bo-cotton\/","title":{"rendered":"The Towel Body Spa Color Cowhide Cotton"},"content":{"rendered":"<h2><strong>Product characteristics\u00a0<\/strong><\/h2>\n<ul>\n<li>Scarf pattern body color cowhide is very much the Spa-order the most current. Non-natural products, this is love to that. Impressive first to mention is the color cowhide unique and new, strange, completely different from the regular colors. Color cowhide bring a sense of elegance and modern. This is also the color has high aesthetic appeal, becoming consumer trends in recent years.<\/li>\n<li>The towel body spa color cowhide is made from high quality materials cotton high level. Scarf has the soft natural fibers of cotton are closely linked and able to absorb outstanding. Compared to the high quality fabric tradition, the absorbent capacity of folded cotton from 3-5 times. Just a short time&#039;s scarf will help take away all traces of standing water on the body. Returned to you a the skin dry and cool.<\/li>\n<li>The towel has antibacterial properties to help prevent the development of harmful bacteria. Besides, the scarf on are durable, high color use time long. A one-time investment purchase can be used in many consecutive months. This helps the spa facilities save considerable financial resources.<\/li>\n<\/ul>\n<p>+ Scarf pattern body Light Snow (Cowhide - Cotton)<\/p>\n<figure id=\"attachment_2102\" aria-describedby=\"caption-attachment-2102\" style=\"width: 768px\" class=\"wp-caption aligncenter\"><img loading=\"lazy\" decoding=\"async\" class=\"wp-image-2102 size-full\" src=\"http:\/\/khantamgiare.com\/wp-content\/uploads\/2023\/06\/khan-spa-da-bo.jpg\" alt=\"Scarf pattern body Light Snow (Cowhide - Cotton)\" width=\"768\" height=\"1024\" title=\"\"><figcaption id=\"caption-attachment-2102\" class=\"wp-caption-text\">Scarf pattern body Light Snow (Cowhide - Cotton)<\/figcaption><\/figure>\n<figure id=\"attachment_2103\" aria-describedby=\"caption-attachment-2103\" style=\"width: 1024px\" class=\"wp-caption aligncenter\"><img loading=\"lazy\" decoding=\"async\" class=\"wp-image-2103 size-full\" src=\"http:\/\/khantamgiare.com\/wp-content\/uploads\/2023\/06\/khan-spa-da-bo1.jpg\" alt=\"Scarf pattern body Light Snow (Cowhide - Cotton)\" width=\"1024\" height=\"768\" title=\"\"><figcaption id=\"caption-attachment-2103\" class=\"wp-caption-text\">Scarf pattern body Light Snow (Cowhide - Cotton)<\/figcaption><\/figure>\n<figure id=\"attachment_2106\" aria-describedby=\"caption-attachment-2106\" style=\"width: 768px\" class=\"wp-caption aligncenter\"><img loading=\"lazy\" decoding=\"async\" class=\"wp-image-2106 size-full\" src=\"http:\/\/khantamgiare.com\/wp-content\/uploads\/2023\/06\/khan-spa-da-bo4.jpg\" alt=\"Scarf pattern body Light Snow (Cowhide - Cotton)\" width=\"768\" height=\"1024\" title=\"\"><figcaption id=\"caption-attachment-2106\" class=\"wp-caption-text\">Scarf pattern body Light Snow (Cowhide - Cotton)<\/figcaption><\/figure>\n<h2><b>The place should use the towel body cowhide\u00a0<\/b><\/h2>\n<p>Scarf pattern body color cowhide is the spa facilities, beauty salons, beauty salon special love. The difference between the products is design and embroidery textile brand logo. To create is pressed, as well as attract the interest of customers to the spa, many facilities have service options, embroidery logo. Embroidery logo not only is the professionalism of the spa facilities but also contributing to the image the spa is more widely known.<\/p>\n<p>Besides spa, cosmetic institute,...the scarf body color cowhide is also a scarf pattern are motels, hotels, resorts very interested looking for. In general, the area provides services related to health care, can all refer to sample a towel on.<\/p>\n<p>+ Scarf pattern body Ha Cute (Cotton Cowhide)<\/p>\n<figure id=\"attachment_5168\" aria-describedby=\"caption-attachment-5168\" style=\"width: 720px\" class=\"wp-caption aligncenter\"><img loading=\"lazy\" decoding=\"async\" class=\"wp-image-5168 size-full\" title=\"khantamCottonDaBo.KhanNamPhong\" src=\"http:\/\/khantamgiare.com\/wp-content\/uploads\/2023\/06\/IMG_3820.jpg\" alt=\"Scarf pattern body Ha Cute (Cotton Cowhide)\" width=\"720\" height=\"480\" \/><figcaption id=\"caption-attachment-5168\" class=\"wp-caption-text\">Scarf pattern body Ha Cute (Cotton Cowhide)<\/figcaption><\/figure>\n<figure id=\"attachment_5169\" aria-describedby=\"caption-attachment-5169\" style=\"width: 720px\" class=\"wp-caption aligncenter\"><img loading=\"lazy\" decoding=\"async\" class=\"wp-image-5169 size-full\" title=\"khantamCottonDaBo.KhanNamPhong\" src=\"http:\/\/khantamgiare.com\/wp-content\/uploads\/2023\/06\/IMG_3821.jpg\" alt=\"Scarf pattern body Ha Cute (Cotton Cowhide)\" width=\"720\" height=\"480\" \/><figcaption id=\"caption-attachment-5169\" class=\"wp-caption-text\">Scarf pattern body Ha Cute (Cotton Cowhide)<\/figcaption><\/figure>\n<figure id=\"attachment_5170\" aria-describedby=\"caption-attachment-5170\" style=\"width: 720px\" class=\"wp-caption aligncenter\"><img loading=\"lazy\" decoding=\"async\" class=\"wp-image-5170 size-full\" title=\"khantamCottonDaBo.KhanNamPhong\" src=\"http:\/\/khantamgiare.com\/wp-content\/uploads\/2023\/06\/IMG_3822.jpg\" alt=\"Scarf pattern body Ha Cute (Cotton Cowhide)\" width=\"720\" height=\"480\" \/><figcaption id=\"caption-attachment-5170\" class=\"wp-caption-text\">Scarf pattern body Ha Cute (Cotton Cowhide)<\/figcaption><\/figure>\n<h2><strong>Nam Phong \u2013 the no. 1 brand of towel body\u00a0\u00a0<\/strong><\/h2>\n<p>To be consulting the scarf pattern body most senior, please connect to the brand Style Men through the following information. We are always ready to answer your questions in the shortest time.<\/p>\n<p style=\"text-align: center;\">-------------<\/p>\n<p style=\"text-align: center;\">Khan Nam Phong<\/p>\n<p style=\"text-align: center;\">Address: 74B, LANE 295 , BACH MAI STREET, HAI BA TRUNG DISTRICT , HA NOI<\/p>\n<p style=\"text-align: center;\">Mail: KhanNamPhong@Gmail.Com<\/p>\n<p style=\"text-align: center;\">SDT:\u00a0<a href=\"tel:0903367867\" rel=\"nofollow\">0903 367 867<\/a><\/p>\n<p style=\"text-align: center;\">Website:\u00a0<a href=\"https:\/\/khantamgiare.com\/en\/\">KhanTamGiaRe.Com<\/a><\/p>","protected":false},"excerpt":{"rendered":"<p>\u0110\u1eb7c \u0111i\u1ec3m s\u1ea3n ph\u1ea9m\u00a0 M\u1eabu kh\u0103n body m\u00e0u da b\u00f2 \u0111\u01b0\u1ee3c r\u1ea5t nhi\u1ec1u c\u00e1c Spa \u0111\u1eb7t may nhi\u1ec1u nh\u1ea5t hi\u1ec7n nay. Kh\u00f4ng ph\u1ea3i t\u1ef1 nhi\u00ean, s\u1ea3n ph\u1ea9m n\u00e0y l\u1ea1i \u0111\u01b0\u1ee3c y\u00eau th\u00edch \u0111\u1ebfn v\u1eady. \u1ea4n t\u01b0\u1ee3ng \u0111\u1ea7u ti\u00ean ph\u1ea3i k\u1ec3 \u0111\u1ebfn l\u00e0 m\u00e0u da b\u00f2 \u0111\u1ed9c \u0111\u00e1o v\u00e0 m\u1edbi l\u1ea1, ho\u00e0n to\u00e0n kh\u00e1c bi\u1ec7t v\u1edbi &hellip; <a href=\"https:\/\/khantamgiare.com\/en\/bo-khan-body-spa-mau-da-bo-cotton\/\" class=\"more-link\">Continue reading <span class=\"screen-reader-text\">The Towel Body Spa Color Cowhide Cotton<\/span><\/a><\/p>","protected":false},"featured_media":5368,"comment_status":"closed","ping_status":"open","template":"","meta":[],"product_cat":[49,48],"product_tag":[],"class_list":{"0":"post-3890","1":"product","2":"type-product","3":"status-publish","4":"has-post-thumbnail","6":"product_cat-khan-body-spa","7":"product_cat-khan-spa","8":"pa_chat-lieu-cotton","9":"pa_kich-thuoc-70cm-x-140cm","10":"pa_mau-sac-mau-da-bo","13":"instock","14":"product-type-simple"},"acf":[],"_links":{"self":[{"href":"https:\/\/khantamgiare.com\/en\/wp-json\/wp\/v2\/product\/3890","targetHints":{"allow":["GET"]}}],"collection":[{"href":"https:\/\/khantamgiare.com\/en\/wp-json\/wp\/v2\/product"}],"about":[{"href":"https:\/\/khantamgiare.com\/en\/wp-json\/wp\/v2\/types\/product"}],"replies":[{"embeddable":true,"href":"https:\/\/khantamgiare.com\/en\/wp-json\/wp\/v2\/comments?post=3890"}],"wp:featuredmedia":[{"embeddable":true,"href":"https:\/\/khantamgiare.com\/en\/wp-json\/wp\/v2\/media\/5368"}],"wp:attachment":[{"href":"https:\/\/khantamgiare.com\/en\/wp-json\/wp\/v2\/media?parent=3890"}],"wp:term":[{"taxonomy":"product_cat","embeddable":true,"href":"https:\/\/khantamgiare.com\/en\/wp-json\/wp\/v2\/product_cat?post=3890"},{"taxonomy":"product_tag","embeddable":true,"href":"https:\/\/khantamgiare.com\/en\/wp-json\/wp\/v2\/product_tag?post=3890"}],"curies":[{"name":"wp","href":"https:\/\/api.w.org\/{rel}","templated":true}]}}