{"id":3915,"date":"2023-06-29T07:54:14","date_gmt":"2023-06-29T07:54:14","guid":{"rendered":"http:\/\/khantam.h193.dpsmedia.vn\/san-pham\/khan-lau-tay-spa-mau-do-cotton\/"},"modified":"2024-04-04T15:44:44","modified_gmt":"2024-04-04T08:44:44","slug":"khan-lau-tay-spa-mau-do-cotton","status":"publish","type":"product","link":"https:\/\/khantamgiare.com\/en\/khan-lau-tay-spa-mau-do-cotton\/","title":{"rendered":"Hand Towels Spa Red Cotton"},"content":{"rendered":"<h2><strong>Product characteristics\u00a0<\/strong><\/h2>\n<ul>\n<li>N\u1ebfu d\u00f2ng s\u1ea3n ph\u1ea9m n\u00e0o c\u00f3 t\u00f4ng m\u00e0u &#8220;r\u1ef1c r\u1ee1&#8221; nh\u1ea5t th\u00ec kh\u00f4ng th\u1ec3 kh\u00f4ng nh\u1eafc \u0111\u1ebfn <a href=\"https:\/\/khantamgiare.com\/en\/khan-lau-tay\/\">kh\u0103n lau tay spa<\/a> m\u00e0u \u0111\u1ecf cotton. Kh\u0103n c\u00f3 t\u00f4ng m\u00e0u b\u1eaft m\u1eaft khi\u1ebfn b\u1ea5t c\u1ee9 ai khi nh\u00ecn c\u0169ng ph\u1ea3i m\u00ea m\u1ea9n v\u00e0 th\u00edch th\u00fa. \u0110\u1eb7c bi\u1ec7t s\u1ea3n ph\u1ea9m c\u00f3 s\u1ef1 k\u1ebft h\u1ee3p gi\u1eefa m\u00e0u \u0111\u1ecf c\u1ee7a n\u1ec1n kh\u0103n v\u1edbi m\u00e0u v\u00e0ng logo th\u01b0\u01a1ng hi\u1ec7u. M\u00e0u \u0111\u1ecf &#8211; v\u00e0ng song h\u00e0nh gi\u00fap s\u1ea3n ph\u1ea9m tr\u1edf n\u00ean n\u1ed5i b\u1eadt h\u01a1n.<\/li>\n<li>4 edges of the scarf have the yarn, just double sure. Just pair quite thick and is sew very delicate and skillful. The surface of the towel natural soft due to being made from high quality materials cotton high level. The advantage of the product is the ability to absorb quickly. In just a short time, the towel will wipe all stagnant water clinging on hand, to pay back to your skin ventilated and cool nature.<\/li>\n<li>Many people are concerned about the durability of the towel, however, hand towels, spa red cotton durability are very good. The average life expectancy of wiper arm up to 4-8 months. If you know how to use and preservation, the scarf can be used in longer time. This helps customers save upto cost. Especially with the spa facilities, a one-time investment, but use is durable, helping spa save money flow for flexibility for other problems.<\/li>\n<\/ul>\n<p>+ Pattern hand towels Dolly Beauty Nail (Red \u2013 Cotton)<\/p>\n<figure id=\"attachment_5454\" aria-describedby=\"caption-attachment-5454\" style=\"width: 720px\" class=\"wp-caption aligncenter\"><img loading=\"lazy\" decoding=\"async\" class=\"wp-image-5454 size-full\" title=\"scarf-nail-cotton-red-34x80\" src=\"http:\/\/khantamgiare.com\/wp-content\/uploads\/2023\/06\/IMG_4002.jpg\" alt=\"Sample hand towels Dolly Beauty Nail (Red \u2013 Cotton)\" width=\"720\" height=\"480\" \/><figcaption id=\"caption-attachment-5454\" class=\"wp-caption-text\">Sample hand towels Dolly Beauty Nail (Red \u2013 Cotton)<\/figcaption><\/figure>\n<h2><b>Unexpected benefits of hand towels\u00a0<\/b><\/h2>\n<p>Hand towels are used at the base spa professional. Besides, scarf can also be used in the place offers beauty services other: hospital, beauty salon, cosmetology center,...area hotels, motels, amusement parks, restaurants...should also refer to this product line.<\/p>\n<p>Hand towels bring a lot of benefits, not only help dry and protect the skin of hands. More importantly, we also are a tool, a media brand. Embroidery logo on towel is the way in which the spa assert its image, helps clients who come to the spa, get the friendly feel better.<\/p>\n<figure id=\"attachment_5453\" aria-describedby=\"caption-attachment-5453\" style=\"width: 720px\" class=\"wp-caption aligncenter\"><img loading=\"lazy\" decoding=\"async\" class=\"wp-image-5453 size-full\" title=\"scarf-nail-cotton-red-34x80\" src=\"http:\/\/khantamgiare.com\/wp-content\/uploads\/2023\/06\/IMG_4001.jpg\" alt=\"Sample hand towels Dolly Beauty Nail (Red \u2013 Cotton)\" width=\"720\" height=\"480\" \/><figcaption id=\"caption-attachment-5453\" class=\"wp-caption-text\">Sample hand towels Dolly Beauty Nail (Red \u2013 Cotton)<\/figcaption><\/figure>\n<h2><b>Kh\u0103n T\u1eafm Gi\u00e1 R\u1ebb &#8211; Th\u01b0\u01a1ng hi\u1ec7u kh\u0103n lau tay ch\u1ea5t l\u01b0\u1ee3ng<\/b><\/h2>\n<p>Kh\u0103n lau tay m\u00e0u \u0111\u1ecf cotton do <a href=\"https:\/\/khantamgiare.com\/en\/\">Towels Cheap<\/a> s\u1ea3n xu\u1ea5t lu\u00f4n \u0111\u1ea1t chu\u1ea9n v\u1ec1 ch\u1ea5t l\u01b0\u1ee3ng, m\u00e0u s\u1eafc \u0111a d\u1ea1ng phong ph\u00fa. Ngo\u00e0i kh\u0103n lau tay spa, ch\u00fang t\u00f4i c\u00f3 th\u1ec3 s\u1ea3n xu\u1ea5t nhi\u1ec1u <a href=\"https:\/\/khantamgiare.com\/en\/khan-spa\/\">towel spa premium<\/a> nh\u01b0 kh\u0103n body spa, kh\u0103n tr\u1ea3i gi\u01b0\u1eddng spa, &#8230; v\u1edbi nhi\u1ec1u m\u00e0u s\u1eafc kh\u00e1c: xanh r\u00eau, v\u00e0ng, h\u1ed3ng,&#8230;Do \u0111\u00f3, n\u1ebfu c\u00f3 y\u00eau c\u1ea7u kh\u00e1c v\u1ec1 c\u00e1c lo\u1ea1i kh\u0103n spa, vui l\u00f2ng trao \u0111\u1ed5i v\u1edbi Kh\u0103n T\u1eafm Gi\u00e1 R\u1ebb \u0111\u1ec3 ch\u00fang t\u00f4i \u0111\u01b0\u1ee3c ph\u1ee5c v\u1ee5 b\u1ea1n m\u1ed9t c\u00e1ch t\u1ed1t nh\u1ea5t.<\/p>\n<p>V\u1edbi ph\u01b0\u01a1ng ch\u00e2m l\u1eafng nghe v\u00e0 t\u00f4n tr\u1ecdng \u00fd ki\u1ebfn c\u1ee7a kh\u00e1ch h\u00e0ng, Kh\u0103n T\u1eafm Gi\u00e1 R\u1ebb s\u1ebd d\u1ef1a tr\u00ean y\u00eau c\u1ea7u \u0111\u1eb7t h\u00e0ng v\u00e0 \u0111\u01b0a ra s\u1ef1 t\u01b0 v\u1ea5n ph\u00f9 h\u1ee3p nh\u1ea5t. Do \u0111\u00f3 h\u00e3y li\u00ean h\u1ec7 ngay \u0111\u1ec3 ch\u00fang t\u00f4i c\u00f3 c\u01a1 h\u1ed9i \u0111\u01b0\u1ee3c ph\u1ee5c v\u1ee5 kh\u00e1ch h\u00e0ng trong th\u1eddi gian t\u1edbi. Tr\u00e2n tr\u1ecdng c\u00e1m \u01a1n!<\/p>\n<blockquote><p><em><strong>Read more: <a href=\"https:\/\/khantamgiare.com\/en\/cach-giat-khan-spa\/\">Preserved towel spa<\/a><\/strong><\/em><\/p><\/blockquote>","protected":false},"excerpt":{"rendered":"<p><em><strong>Size<\/strong>: Hand towel: 34cm x 34cm and 40cm x 60cm<\/em><\/p>\n<p><em><strong>Material: <\/strong>100% Cotton yarn.<\/em><\/p>\n<p><em><strong>Color: <\/strong>moss green, dark blue, copper color, gold color, brown chocolate, dark green, light purple, pink, gray, white, green, blue nuggets, cowhide, brown, red.<\/em><\/p>\n<p><em><strong>Place of origin: <\/strong>Vietnam.<\/em><\/p>\n<p><em><strong>Special:<\/strong><\/em>\u00a0<em>Have a embroidery logo according to customer&#039;s requirement.<\/em><\/p>","protected":false},"featured_media":5393,"comment_status":"closed","ping_status":"closed","template":"","meta":[],"product_cat":[56,51,48],"product_tag":[],"class_list":{"0":"post-3915","1":"product","2":"type-product","3":"status-publish","4":"has-post-thumbnail","6":"product_cat-khan-lau-tay","7":"product_cat-khan-nails","8":"product_cat-khan-spa","9":"pa_chat-lieu-cotton","10":"pa_kich-thuoc-34cm-x-34cm","11":"pa_mau-sac-do","14":"instock","15":"product-type-simple"},"acf":[],"_links":{"self":[{"href":"https:\/\/khantamgiare.com\/en\/wp-json\/wp\/v2\/product\/3915","targetHints":{"allow":["GET"]}}],"collection":[{"href":"https:\/\/khantamgiare.com\/en\/wp-json\/wp\/v2\/product"}],"about":[{"href":"https:\/\/khantamgiare.com\/en\/wp-json\/wp\/v2\/types\/product"}],"replies":[{"embeddable":true,"href":"https:\/\/khantamgiare.com\/en\/wp-json\/wp\/v2\/comments?post=3915"}],"wp:featuredmedia":[{"embeddable":true,"href":"https:\/\/khantamgiare.com\/en\/wp-json\/wp\/v2\/media\/5393"}],"wp:attachment":[{"href":"https:\/\/khantamgiare.com\/en\/wp-json\/wp\/v2\/media?parent=3915"}],"wp:term":[{"taxonomy":"product_cat","embeddable":true,"href":"https:\/\/khantamgiare.com\/en\/wp-json\/wp\/v2\/product_cat?post=3915"},{"taxonomy":"product_tag","embeddable":true,"href":"https:\/\/khantamgiare.com\/en\/wp-json\/wp\/v2\/product_tag?post=3915"}],"curies":[{"name":"wp","href":"https:\/\/api.w.org\/{rel}","templated":true}]}}