{"id":3920,"date":"2023-06-29T07:54:50","date_gmt":"2023-06-29T07:54:50","guid":{"rendered":"http:\/\/khantam.h193.dpsmedia.vn\/san-pham\/khan-lau-tay-spa-mau-xanh-com-cotton\/"},"modified":"2024-04-11T15:15:16","modified_gmt":"2024-04-11T08:15:16","slug":"khan-lau-tay-spa-mau-xanh-com-cotton","status":"publish","type":"product","link":"https:\/\/khantamgiare.com\/en\/khan-lau-tay-spa-mau-xanh-com-cotton\/","title":{"rendered":"Hand Towels Spa Blue Nuggets Cotton"},"content":{"rendered":"<h2 style=\"text-align: justify;\"><strong>Product characteristics\u00a0<\/strong><\/h2>\n<ul style=\"text-align: justify;\">\n<li>Kh\u0103n Lau Tay Spa M\u00e0u Xanh C\u1ed1m Cotton g\u00e2y s\u1ed1t b\u1edfi v\u1ebb ngo\u00e0i \u1ea5n t\u01b0\u1ee3ng, \u0111\u1eb9p m\u1eaft nh\u01b0ng kh\u00f4ng k\u00e9m ph\u1ea7n tinh t\u1ebf v\u00e0 sang tr\u1ecdng. T\u1eebng \u0111\u01b0\u1eddng may c\u1ee7a kh\u0103n \u0111\u1ec1u th\u1ec3 hi\u1ec7n s\u1ef1 t\u1ec9 m\u1ec9 v\u00e0 k\u1ef9 l\u01b0\u1ee1ng. Xung quanh vi\u1ec1n kh\u0103n \u0111\u01b0\u1ee3c may b\u1edfi s\u1ee3i ch\u1ec9 \u0111\u00f4i ch\u1eafc ch\u1eafn, gi\u00fap c\u1ed1 \u0111\u1ecbnh form kh\u0103n.<\/li>\n<li>Overview outside scarf design small square message with size is 34*34cm. This is the size commonly used at the line of hand towels. With that size, easy for users to use when needed. Scarves are lightweight, so no cocoon for users. Anyone who also are kind of this scarf.<\/li>\n<li>Make a difference with the line other towels, it is precisely thanks to high quality materials, cotton. Although product line, wipe your hands, but many spa has favored and trusted by cotton to make material for towels. No external expectations, hand towels, spa blue nuggets cotton has many advantages. In it, not to mention the possibility of water absorbency super top, quick dry hand skin in just short time. Return to the user the skin cool, naturally.<\/li>\n<li>C\u00e1ch b\u1ea3o qu\u1ea3n v\u00e0 v\u1ec7 sinh r\u1ea5t \u0111\u01a1n gi\u1ea3n, kh\u00f4ng t\u1ed1n nhi\u1ec1u th\u1eddi gian v\u00e0 c\u00f4ng s\u1ee9c. B\u1ea1n c\u00f3 th\u1ec3 <a href=\"https:\/\/khantamgiare.com\/en\/cach-giat-khan-spa\/\">gi\u1eb7t kh\u0103n kh\u0103n spa<\/a> b\u1eb1ng m\u00e1y ho\u1eb7c tay \u0111\u1ec1u \u0111\u01b0\u1ee3c nh\u01b0ng b\u1ea1n c\u1ea7n l\u01b0u \u00fd l\u00e0 ph\u1ea3i gi\u1eb7t kh\u0103n b\u1eb1ng n\u01b0\u1edbc gi\u1eb7t chuy\u00ean d\u1ee5ng. Sau \u0111\u00f3 n\u00ean ph\u01a1i kh\u0103n \u1edf n\u01a1i kh\u00f4 r\u00e1o, c\u00f3 \u00e1nh n\u1eafng m\u1eb7t tr\u1eddi \u0111\u1ec3 ch\u1ea5t l\u01b0\u1ee3ng kh\u0103n \u0111\u01b0\u1ee3c b\u1ec1n l\u00e2u h\u01a1n.<\/li>\n<\/ul>\n<p style=\"text-align: justify;\">+ Form, hand towels, Rustic Thuy Linh (Green Nuggets \u2013 Cotton)<\/p>\n<figure id=\"attachment_4233\" aria-describedby=\"caption-attachment-4233\" style=\"width: 720px\" class=\"wp-caption aligncenter\"><img loading=\"lazy\" decoding=\"async\" class=\"wp-image-4233 size-full\" title=\"Face towel cotton blue nuggets-khannamphong\" src=\"http:\/\/khantamgiare.com\/wp-content\/uploads\/2023\/06\/IMG_2653.jpg\" alt=\"Sample hand towels Rustic Thuy Linh (Green Nuggets - Cotton)\" width=\"720\" height=\"480\" \/><figcaption id=\"caption-attachment-4233\" class=\"wp-caption-text\">Sample hand towels Rustic Thuy Linh (Green Nuggets \u2013 Cotton)<\/figcaption><\/figure>\n<figure id=\"attachment_4234\" aria-describedby=\"caption-attachment-4234\" style=\"width: 720px\" class=\"wp-caption aligncenter\"><img loading=\"lazy\" decoding=\"async\" class=\"wp-image-4234 size-full\" title=\"Face towel cotton blue nuggets-khannamphong\" src=\"http:\/\/khantamgiare.com\/wp-content\/uploads\/2023\/06\/IMG_2655.jpg\" alt=\"Sample hand towels Rustic Thuy Linh (Green Nuggets - Cotton)\" width=\"720\" height=\"480\" \/><figcaption id=\"caption-attachment-4234\" class=\"wp-caption-text\">Sample hand towels Rustic Thuy Linh (Green Nuggets \u2013 Cotton)<\/figcaption><\/figure>\n<h2 style=\"text-align: justify;\"><b>Hand towels \u2013 Kind scarf has practical application high<\/b><\/h2>\n<p style=\"text-align: justify;\">Hand towels spa blue nuggets used a lot at the spa facilities professional. The other service areas: hospital, beauty salon, facilities beauty also very favorite scarf patterns this.<\/p>\n<p style=\"text-align: justify;\">Nh\u00ecn chung kh\u0103n lau tay do <a href=\"https:\/\/khantamgiare.com\/en\/\">Towels Cheap<\/a> s\u1ea3n xu\u1ea5t c\u00f3 th\u1ec3 \u1ee9ng d\u1ee5ng \u0111a d\u1ea1ng trong \u0111\u1eddi s\u1ed1ng th\u1ef1c t\u1ebf. Kh\u00f4ng ch\u1ec9 l\u00e0 lo\u1ea1i kh\u0103n ph\u1ee5c v\u1ee5 cho kh\u00e1ch h\u00e0ng khi \u0111\u1ebfn tr\u1ea3i nghi\u1ec7m t\u1ea1i spa. Quan tr\u1ecdng \u0111\u00e2y c\u00f2n l\u00e0 v\u1eadt d\u1ee5ng mang t\u00ednh bi\u1ec3u tr\u01b0ng cao. Logo \u0111\u01b0\u1ee3c th\u00eau tr\u00ean logo gi\u00fap h\u00ecnh \u1ea3nh spa \u0111\u01b0\u1ee3c bi\u1ebft \u0111\u1ebfn r\u1ed9ng r\u00e3i.<\/p>\n<figure id=\"attachment_4235\" aria-describedby=\"caption-attachment-4235\" style=\"width: 720px\" class=\"wp-caption aligncenter\"><img loading=\"lazy\" decoding=\"async\" class=\"wp-image-4235 size-full\" title=\"Face towel cotton blue nuggets-khannamphong\" src=\"http:\/\/khantamgiare.com\/wp-content\/uploads\/2023\/06\/IMG_2656.jpg\" alt=\"Sample hand towels Rustic Thuy Linh (Green Nuggets - Cotton)\" width=\"720\" height=\"480\" \/><figcaption id=\"caption-attachment-4235\" class=\"wp-caption-text\">Sample hand towels Rustic Thuy Linh (Green Nuggets \u2013 Cotton)<\/figcaption><\/figure>\n<figure id=\"attachment_4236\" aria-describedby=\"caption-attachment-4236\" style=\"width: 720px\" class=\"wp-caption aligncenter\"><img loading=\"lazy\" decoding=\"async\" class=\"wp-image-4236 size-full\" title=\"Face towel cotton blue nuggets-khannamphong\" src=\"http:\/\/khantamgiare.com\/wp-content\/uploads\/2023\/06\/IMG_2657.jpg\" alt=\"Sample hand towels Rustic Thuy Linh (Green Nuggets - Cotton)\" width=\"720\" height=\"480\" \/><figcaption id=\"caption-attachment-4236\" class=\"wp-caption-text\">Sample hand towels Rustic Thuy Linh (Green Nuggets \u2013 Cotton)<\/figcaption><\/figure>\n<figure id=\"attachment_4237\" aria-describedby=\"caption-attachment-4237\" style=\"width: 720px\" class=\"wp-caption aligncenter\"><img loading=\"lazy\" decoding=\"async\" class=\"wp-image-4237 size-full\" title=\"Face towel cotton blue nuggets-khannamphong\" src=\"http:\/\/khantamgiare.com\/wp-content\/uploads\/2023\/06\/IMG_2659.jpg\" alt=\"Sample hand towels Rustic Thuy Linh (Green Nuggets - Cotton)\" width=\"720\" height=\"480\" \/><figcaption id=\"caption-attachment-4237\" class=\"wp-caption-text\">Sample hand towels Rustic Thuy Linh (Green Nuggets \u2013 Cotton)<\/figcaption><\/figure>\n<p style=\"text-align: justify;\">+ Template wiper arm Spring Light Cotton \u2013 Blue Nuggets of Land (Moss Green)<\/p>\n<figure id=\"attachment_486\" aria-describedby=\"caption-attachment-486\" style=\"width: 1280px\" class=\"wp-caption aligncenter\"><img loading=\"lazy\" decoding=\"async\" class=\"wp-image-486 size-full\" src=\"http:\/\/khantamgiare.com\/wp-content\/uploads\/2023\/06\/b0ed4273f604165a4f15-Copy.jpg\" alt=\"Sample wiper arm Spring Light Cotton - Blue Nuggets of Land (Moss Green)\" width=\"1280\" height=\"720\" title=\"\"><figcaption id=\"caption-attachment-486\" class=\"wp-caption-text\">Sample wiper arm Spring Light Cotton \u2013 Blue Nuggets of Land (Moss Green)<\/figcaption><\/figure>\n<p style=\"text-align: justify;\">+ Pattern hand towels Aura Nails &amp; amp; Spa (various colors)<\/p>\n<figure id=\"attachment_12598\" aria-describedby=\"caption-attachment-12598\" style=\"width: 850px\" class=\"wp-caption aligncenter\"><img loading=\"lazy\" decoding=\"async\" class=\"wp-image-12598 size-full\" src=\"http:\/\/khantamgiare.com\/wp-content\/uploads\/2023\/06\/khan-aura-nails-spa3.jpg\" alt=\"Sample hand towels Aura Nails &amp; amp; Spa (various colors)\" width=\"850\" height=\"500\" title=\"\"><figcaption id=\"caption-attachment-12598\" class=\"wp-caption-text\">Sample hand towels Aura Nails &amp; amp; Spa (various colors)<\/figcaption><\/figure>\n<figure id=\"attachment_12600\" aria-describedby=\"caption-attachment-12600\" style=\"width: 850px\" class=\"wp-caption aligncenter\"><img loading=\"lazy\" decoding=\"async\" class=\"wp-image-12600 size-full\" src=\"http:\/\/khantamgiare.com\/wp-content\/uploads\/2023\/06\/khan-aura-nails-spa5-2.jpg\" alt=\"Sample hand towels Aura Nails &amp; amp; Spa (various colors)\" width=\"850\" height=\"500\" title=\"\"><figcaption id=\"caption-attachment-12600\" class=\"wp-caption-text\">Sample hand towels Aura Nails &amp; amp; Spa (various colors)<\/figcaption><\/figure>\n<h2 style=\"text-align: justify;\"><strong>Th\u00f4ng tin k\u1ebft n\u1ed1i t\u1edbi kh\u0103n lau tay Kh\u0103n T\u1eafm Gi\u00e1 R\u1ebb<\/strong><\/h2>\n<p style=\"text-align: justify;\">Kh\u0103n T\u1eafm Gi\u00e1 R\u1ebb l\u00e0 th\u01b0\u01a1ng hi\u1ec7u h\u00e0ng \u0111\u1ea7u trong l\u0129nh v\u1ef1c s\u1ea3n xu\u1ea5t v\u00e0 ph\u00e2n ph\u1ed1i c\u00e1c lo\u1ea1i <a href=\"https:\/\/khantamgiare.com\/en\/khan-spa\/\">towel spa quality<\/a>. T\u1ea5t c\u1ea3 c\u00e1c s\u1ea3n ph\u1ea9m kh\u0103n lau tay c\u1ee7a Kh\u0103n T\u1eafm Gi\u00e1 R\u1ebb \u0111\u1ec1u \u0111\u01b0\u1ee3c ki\u1ec3m duy\u1ec7t ch\u1eb7t ch\u1ebd tr\u01b0\u1edbc khi \u0111\u01b0a ra th\u1ecb tr\u01b0\u1eddng. Kh\u0103n T\u1eafm Gi\u00e1 R\u1ebb lu\u00f4n s\u1eb5n l\u00f2ng l\u1eafng nghe v\u00e0 gi\u1ea3i \u0111\u00e1p m\u1ecdi th\u1eafc m\u1eafc c\u1ee7a b\u1ea1n. Chi ti\u1ebft vui l\u00f2ng li\u00ean h\u1ec7 qua c\u00e1c th\u00f4ng tin sau.<\/p>","protected":false},"excerpt":{"rendered":"<p><em><strong>Size<\/strong>: Hand towel: 34cm x 34cm<\/em><\/p>\n<p><em><strong>Material: <\/strong>100% Cotton yarn.<\/em><\/p>\n<p><em><strong>Color: <\/strong>moss green, dark blue, copper color, gold color, brown chocolate, dark green, light purple, pink, gray, white, green, blue nuggets, cowhide, brown, red.<\/em><\/p>\n<p><em><strong>Place of origin: <\/strong>Vietnam.<\/em><\/p>\n<p><em><strong>Special:<\/strong><\/em>\u00a0<em>Have a embroidery logo according to customer&#039;s requirement.<\/em><\/p>","protected":false},"featured_media":5398,"comment_status":"closed","ping_status":"closed","template":"","meta":[],"product_cat":[56,51,48],"product_tag":[],"class_list":{"0":"post-3920","1":"product","2":"type-product","3":"status-publish","4":"has-post-thumbnail","6":"product_cat-khan-lau-tay","7":"product_cat-khan-nails","8":"product_cat-khan-spa","9":"pa_chat-lieu-cotton","10":"pa_kich-thuoc-34cm-x-34cm","11":"pa_mau-sac-xanh-com","14":"instock","15":"product-type-simple"},"acf":[],"_links":{"self":[{"href":"https:\/\/khantamgiare.com\/en\/wp-json\/wp\/v2\/product\/3920","targetHints":{"allow":["GET"]}}],"collection":[{"href":"https:\/\/khantamgiare.com\/en\/wp-json\/wp\/v2\/product"}],"about":[{"href":"https:\/\/khantamgiare.com\/en\/wp-json\/wp\/v2\/types\/product"}],"replies":[{"embeddable":true,"href":"https:\/\/khantamgiare.com\/en\/wp-json\/wp\/v2\/comments?post=3920"}],"wp:featuredmedia":[{"embeddable":true,"href":"https:\/\/khantamgiare.com\/en\/wp-json\/wp\/v2\/media\/5398"}],"wp:attachment":[{"href":"https:\/\/khantamgiare.com\/en\/wp-json\/wp\/v2\/media?parent=3920"}],"wp:term":[{"taxonomy":"product_cat","embeddable":true,"href":"https:\/\/khantamgiare.com\/en\/wp-json\/wp\/v2\/product_cat?post=3920"},{"taxonomy":"product_tag","embeddable":true,"href":"https:\/\/khantamgiare.com\/en\/wp-json\/wp\/v2\/product_tag?post=3920"}],"curies":[{"name":"wp","href":"https:\/\/api.w.org\/{rel}","templated":true}]}}