{"id":3929,"date":"2023-06-29T07:54:50","date_gmt":"2023-06-29T07:54:50","guid":{"rendered":"http:\/\/khantam.h193.dpsmedia.vn\/san-pham\/khan-lau-tay-spa-mau-nau-socola-cotton\/"},"modified":"2024-04-10T15:18:43","modified_gmt":"2024-04-10T08:18:43","slug":"khan-lau-tay-spa-mau-nau-socola-cotton","status":"publish","type":"product","link":"https:\/\/khantamgiare.com\/en\/khan-lau-tay-spa-mau-nau-socola-cotton\/","title":{"rendered":"Kh\u0103n Lau Tay Spa M\u00e0u N\u00e2u Socola Cotton"},"content":{"rendered":"<h2><strong>Product characteristics\u00a0<\/strong><\/h2>\n<ul>\n<li><a href=\"https:\/\/khantamgiare.com\/en\/khan-lau-tay\/\">Hand towels<\/a> spa m\u00e0u n\u00e2u socola cotton l\u00e0 m\u1ed9t trong nh\u1eefng m\u1eabu kh\u0103n tay b\u00e1n ch\u1ea1y t\u1ea1i <a href=\"https:\/\/khantamgiare.com\/en\/\">Towels Cheap<\/a>. C\u00f3 r\u1ea5t nhi\u1ec1u c\u00e1c c\u01a1 s\u1edf spa li\u00ean h\u1ec7 v\u1edbi Kh\u0103n T\u1eafm Gi\u00e1 R\u1ebb \u0111\u1ec3 \u0111\u1eb7t mua m\u00e0u kh\u0103n n\u00e0y. Kh\u00f4ng qu\u00e1 n\u1ed5i b\u1eadt nh\u01b0 m\u00e0u \u0111\u1ecf, m\u00e0u v\u00e0ng hay m\u00e0u h\u1ed3ng c\u00e1nh sen, m\u00e0u n\u00e2u socola v\u1eabn t\u1ea1o \u0111\u01b0\u1ee3c s\u1ee9c h\u00fat ri\u00eang bi\u1ec7t.<\/li>\n<li>Thi\u1ebft k\u1ebf t\u1ed5ng quan kh\u0103n c\u00f3 h\u00ecnh ch\u1eef nh\u1eadt v\u1edbi k\u00edch c\u1ee1 34*34cm. V\u1edbi k\u00edch c\u1ee1 n\u00e0y, gi\u00fap ng\u01b0\u1eddi d\u00f9ng d\u1ec5 d\u00e0ng s\u1eed d\u1ee5ng v\u00e0 g\u1ea5p g\u1ecdn l\u1ea1i kh\u00f4ng c\u1ea7n thi\u1ebft. Kh\u0103n \u0111\u01b0\u1ee3c l\u00e0m t\u1eeb ch\u1ea5t li\u1ec7u cotton cao c\u1ea5p, n\u00ean b\u1ec1 m\u1eb7t kh\u0103n m\u1ec1m m\u1ea1i t\u1ef1 nhi\u00ean. Khi ti\u1ebfp x\u00fac v\u1edbi l\u00e0n da r\u1ea5t an to\u00e0n, tuy\u1ec7t \u0111\u1ed1i kh\u00f4ng g\u00e2y ra b\u1ea5t c\u1ee9 s\u1ef1 k\u00edch \u1ee9ng kh\u00f3 ch\u1ecbu n\u00e0o.<\/li>\n<li>Kh\u0103n lau tay spa do Kh\u0103n T\u1eafm Gi\u00e1 R\u1ebb s\u1ea3n xu\u1ea5t c\u00f3 t\u00ednh n\u0103ng th\u1ea5m h\u00fat n\u01b0\u1edbc v\u01b0\u1ee3t tr\u1ed9i. T\u00ednh kh\u00e1ng khu\u1ea9n cao, h\u1ea1n ch\u1ebf \u0111\u01b0\u1ee3c s\u1ef1 ph\u00e1t tri\u1ec3n c\u1ee7a vi khu\u1ea9n g\u00e2y b\u1ec7nh. B\u00ean c\u1ea1nh \u0111\u00f3 kh\u0103n c\u00f3 \u0111\u1ed9 b\u1ec1n m\u00e0u t\u1ed1t, th\u1eddi gian s\u1eed d\u1ee5ng l\u00e2u d\u00e0i.<\/li>\n<\/ul>\n<p>+ M\u1eabu kh\u0103n lau tay BangKok (N\u00e2u Socola \u2013 Cotton)<\/p>\n<figure id=\"attachment_4225\" aria-describedby=\"caption-attachment-4225\" style=\"width: 720px\" class=\"wp-caption aligncenter\"><img loading=\"lazy\" decoding=\"async\" class=\"wp-image-4225 size-full\" title=\"Khantamcottonnausocola-khannamphong\" src=\"http:\/\/khantamgiare.com\/wp-content\/uploads\/2023\/06\/IMG_2625.jpg\" alt=\"M\u1eabu kh\u0103n lau tay\u00a0BangKok (N\u00e2u Socola - Cotton)\" width=\"720\" height=\"480\" \/><figcaption id=\"caption-attachment-4225\" class=\"wp-caption-text\">M\u1eabu kh\u0103n lau tay\u00a0BangKok (N\u00e2u Socola \u2013 Cotton)<\/figcaption><\/figure>\n<figure id=\"attachment_4226\" aria-describedby=\"caption-attachment-4226\" style=\"width: 720px\" class=\"wp-caption aligncenter\"><img loading=\"lazy\" decoding=\"async\" class=\"wp-image-4226 size-full\" title=\"Khantamcottonnausocola-khannamphong\" src=\"http:\/\/khantamgiare.com\/wp-content\/uploads\/2023\/06\/IMG_2626-1.jpg\" alt=\"M\u1eabu kh\u0103n lau tay\u00a0BangKok (N\u00e2u Socola - Cotton)\" width=\"720\" height=\"480\" \/><figcaption id=\"caption-attachment-4226\" class=\"wp-caption-text\">M\u1eabu kh\u0103n lau tay\u00a0BangKok (N\u00e2u Socola \u2013 Cotton)<\/figcaption><\/figure>\n<figure id=\"attachment_4227\" aria-describedby=\"caption-attachment-4227\" style=\"width: 720px\" class=\"wp-caption aligncenter\"><img loading=\"lazy\" decoding=\"async\" class=\"wp-image-4227 size-full\" title=\"Khantamcottonnausocola-khannamphong\" src=\"http:\/\/khantamgiare.com\/wp-content\/uploads\/2023\/06\/IMG_2627.jpg\" alt=\"M\u1eabu kh\u0103n lau tay\u00a0BangKok (N\u00e2u Socola - Cotton)\" width=\"720\" height=\"480\" \/><figcaption id=\"caption-attachment-4227\" class=\"wp-caption-text\">M\u1eabu kh\u0103n lau tay\u00a0BangKok (N\u00e2u Socola \u2013 Cotton)<\/figcaption><\/figure>\n<p>+ M\u1eabu kh\u0103n lau tay\u00a0Calla Spa (N\u00e2u Socola \u2013 Cotton)<\/p>\n<h2><strong>Nh\u1eefng th\u00f4ng tin c\u1ea7n bi\u1ebft v\u1ec1 kh\u0103n lau tay\u00a0\u00a0<\/strong><\/h2>\n<p>Kh\u0103n lau tay m\u00e0u n\u00e2u socola cotton \u0111\u01b0\u1ee3c c\u00e1c c\u01a1 s\u1edf spa \u0111\u1eb7c bi\u1ec7t y\u00eau th\u00edch. Kh\u00f4ng ch\u1ec9 spa m\u00e0 c\u00e1c trung t\u00e2m l\u00e0m \u0111\u1eb9p n\u00f3i chung c\u0169ng \u0111\u1eb7t h\u00e0ng r\u1ea5t nhi\u1ec1u. V\u00ed d\u1ee5 nh\u01b0 trung t\u00e2m l\u00e0m \u0111\u1eb9p, ch\u0103m s\u00f3c s\u1ee9c kh\u1ecfe, th\u1ea9m m\u1ef9 vi\u1ec7n, b\u1ec7nh vi\u1ec7n th\u1ea9m m\u1ef9,\u2026c\u0169ng \u0111ang l\u1ef1a ch\u1ecdn s\u1ea3n ph\u1ea9m tr\u00ean \u0111\u1ec3 ph\u1ee5c v\u1ee5 cho kh\u00e1ch h\u00e0ng c\u1ee7a m\u00ecnh.<\/p>\n<p>\u0110\u1ec3 t\u1ea1o \u0111\u01b0\u1ee3c s\u1ef1 ri\u00eang bi\u1ec7t, b\u1ea1n h\u00e3y tham kh\u1ea3o d\u1ecbch v\u1ee5 th\u00eau d\u1ec7t logo l\u00ean tr\u00ean kh\u0103n. Vi\u1ec7c l\u00e0m n\u00e0y gi\u00fap s\u1ea3n ph\u1ea9m c\u00f3 gi\u00e1 tr\u1ecb h\u01a1n, th\u1ec3 hi\u1ec7n \u0111\u01b0\u1ee3c s\u1ef1 \u0111\u1eb3ng c\u1ea5p c\u1ee7a spa. N\u1ebfu kh\u00e1ch h\u00e0ng \u0111\u1eb7t mua kh\u0103n theo s\u1ed1 l\u01b0\u1ee3ng l\u1edbn, Kh\u0103n T\u1eafm Gi\u00e1 R\u1ebb s\u1ebd ti\u1ebfn h\u00e0nh d\u1eadp th\u00eau logo ho\u00e0n to\u00e0n mi\u1ec5n ph\u00ed.<\/p>\n<figure id=\"attachment_9831\" aria-describedby=\"caption-attachment-9831\" style=\"width: 850px\" class=\"wp-caption alignnone\"><img loading=\"lazy\" decoding=\"async\" class=\"wp-image-9831 size-full\" src=\"http:\/\/khantamgiare.com\/wp-content\/uploads\/2023\/06\/khanspa-calla6-1.jpg\" alt=\"M\u1eabu kh\u0103n lau tay\u00a0Calla Spa (N\u00e2u Socola - Cotton)\" width=\"850\" height=\"500\" title=\"\"><figcaption id=\"caption-attachment-9831\" class=\"wp-caption-text\">M\u1eabu kh\u0103n lau tay\u00a0Calla Spa (N\u00e2u Socola \u2013 Cotton)<\/figcaption><\/figure>\n<figure id=\"attachment_9830\" aria-describedby=\"caption-attachment-9830\" style=\"width: 850px\" class=\"wp-caption alignnone\"><img loading=\"lazy\" decoding=\"async\" class=\"wp-image-9830 size-full\" src=\"http:\/\/khantamgiare.com\/wp-content\/uploads\/2023\/06\/khanspa-calla5-1.jpg\" alt=\"M\u1eabu kh\u0103n lau tay\u00a0Calla Spa (N\u00e2u Socola - Cotton)\" width=\"850\" height=\"500\" title=\"\"><figcaption id=\"caption-attachment-9830\" class=\"wp-caption-text\">M\u1eabu kh\u0103n lau tay\u00a0Calla Spa (N\u00e2u Socola \u2013 Cotton)<\/figcaption><\/figure>\n<figure id=\"attachment_9829\" aria-describedby=\"caption-attachment-9829\" style=\"width: 850px\" class=\"wp-caption alignnone\"><img loading=\"lazy\" decoding=\"async\" class=\"wp-image-9829 size-full\" src=\"http:\/\/khantamgiare.com\/wp-content\/uploads\/2023\/06\/khanspa-calla3-1.jpg\" alt=\"M\u1eabu kh\u0103n lau tay\u00a0Calla Spa (N\u00e2u Socola - Cotton)\" width=\"850\" height=\"500\" title=\"\"><figcaption id=\"caption-attachment-9829\" class=\"wp-caption-text\">M\u1eabu kh\u0103n lau tay\u00a0Calla Spa (N\u00e2u Socola \u2013 Cotton)<\/figcaption><\/figure>\n<figure id=\"attachment_9828\" aria-describedby=\"caption-attachment-9828\" style=\"width: 850px\" class=\"wp-caption alignnone\"><img loading=\"lazy\" decoding=\"async\" class=\"wp-image-9828 size-full\" src=\"http:\/\/khantamgiare.com\/wp-content\/uploads\/2023\/06\/khanspa-calla2-1-1.jpg\" alt=\"M\u1eabu kh\u0103n lau tay\u00a0Calla Spa (N\u00e2u Socola - Cotton)\" width=\"850\" height=\"500\" title=\"\"><figcaption id=\"caption-attachment-9828\" class=\"wp-caption-text\">M\u1eabu kh\u0103n lau tay\u00a0Calla Spa (N\u00e2u Socola \u2013 Cotton)<\/figcaption><\/figure>\n<h2><strong>Th\u01b0\u01a1ng hi\u1ec7u kh\u0103n lau tay s\u1ed1 1 tr\u00ean th\u1ecb tr\u01b0\u1eddng<\/strong><\/h2>\n<p>Kh\u0103n lau tay n\u00e2u cocola cotton v\u1edbi m\u00e0u s\u1eafc \u0111\u1ed9c \u0111\u00e1o, ch\u1ea5t li\u1ec7u t\u1ed1t \u0111ang l\u00e0 m\u1eabu kh\u0103n \u0111\u01b0\u1ee3c y\u00eau th\u00edch nh\u1ea5t hi\u1ec7n nay. N\u1ebfu b\u1ea1n \u0111ang c\u00f3 d\u1ef1 \u0111\u1ecbnh kinh doanh spa ho\u1eb7c c\u01a1 s\u1edf spa \u0111ang thi\u1ebft d\u00f2ng <a href=\"https:\/\/khantamgiare.com\/en\/khan-spa\/\">kh\u0103n spa m\u00e0u n\u00e2u<\/a> n\u00e0y, v\u1eady th\u00ec c\u00f2n ch\u1ea7n ch\u1eeb g\u00ec m\u00e0 kh\u00f4ng li\u00ean h\u1ec7 ngay. H\u00e3y nh\u1ea5c m\u00e1y l\u00ean v\u00e0 g\u1ecdi \u0111\u1ebfn s\u1ed1 hotline c\u1ee7a Kh\u0103n T\u1eafm Gi\u00e1 R\u1ebb. Ch\u00fang t\u00f4i s\u1ebd h\u1ed7 tr\u1ee3 v\u00e0 gi\u1ea3i \u0111\u00e1p m\u1ecdi th\u1eafc m\u1eafc c\u1ee7a b\u1ea1n.<\/p>\n<p>V\u1edbi mong mu\u1ed1n \u0111em \u0111\u1ebfn nh\u1eefng s\u1ea3n ph\u1ea9m t\u1ed1t nh\u1ea5t t\u1edbi tay ng\u01b0\u1eddi ti\u00eau d\u00f9ng, Kh\u0103n T\u1eafm Gi\u00e1 R\u1ebb lu\u00f4n lu\u00f4n n\u1ed7 l\u1ef1c v\u00e0 t\u1eadn t\u00e2m trong m\u1ecdi vi\u1ec7c l\u00e0m. T\u1eeb kh\u00e2u chu\u1ea9n b\u1ecb nguy\u00ean li\u1ec7u t\u1edbi qu\u00e1 tr\u00ecnh s\u1ea3n xu\u1ea5t hay t\u1edbi b\u01b0\u1edbc xu\u1ea5t h\u00e0ng, ch\u00fang t\u00f4i \u0111\u1ec1u c\u00f3 s\u1ef1 c\u1ea9n tr\u1ecdng v\u00e0 t\u1ec9 m\u1ec9 cao.<\/p>\n<p>Kh\u0103n T\u1eafm Gi\u00e1 R\u1ebb hy v\u1ecdng s\u1edbm \u0111\u01b0\u1ee3c \u0111\u00f3n ti\u1ebfp kh\u00e1ch h\u00e0ng trong th\u1eddi gian t\u1edbi!<\/p>\n<blockquote><p><em><strong>Read more: <a href=\"https:\/\/khantamgiare.com\/en\/khan-lau-tay-spa-mau-do-cotton\/\">Hand Towels Spa Red Cotton<\/a><\/strong><\/em><\/p><\/blockquote>","protected":false},"excerpt":{"rendered":"<p><em><strong>Size: <\/strong>34\u00d734 cm<\/em><\/p>\n<p><em><strong>Material: <\/strong>100% Cotton yarn.<\/em><\/p>\n<p><em><strong>Color: <\/strong>moss green, dark blue, copper color, gold color, brown chocolate, dark green, light purple, pink, gray, white, green, blue nuggets, cowhide, brown, red.<\/em><\/p>\n<p><em><strong>Place of origin: <\/strong>Vietnam.<\/em><\/p>\n<p><em><strong>Special:<\/strong><\/em>\u00a0<em>Have a embroidery logo according to customer&#039;s requirement.<\/em><\/p>","protected":false},"featured_media":5401,"comment_status":"closed","ping_status":"closed","template":"","meta":[],"product_cat":[56,51,48],"product_tag":[],"class_list":{"0":"post-3929","1":"product","2":"type-product","3":"status-publish","4":"has-post-thumbnail","6":"product_cat-khan-lau-tay","7":"product_cat-khan-nails","8":"product_cat-khan-spa","9":"pa_chat-lieu-cotton","10":"pa_kich-thuoc-34cm-x-34cm","11":"pa_mau-sac-nau-socola","14":"instock","15":"product-type-simple"},"acf":[],"_links":{"self":[{"href":"https:\/\/khantamgiare.com\/en\/wp-json\/wp\/v2\/product\/3929","targetHints":{"allow":["GET"]}}],"collection":[{"href":"https:\/\/khantamgiare.com\/en\/wp-json\/wp\/v2\/product"}],"about":[{"href":"https:\/\/khantamgiare.com\/en\/wp-json\/wp\/v2\/types\/product"}],"replies":[{"embeddable":true,"href":"https:\/\/khantamgiare.com\/en\/wp-json\/wp\/v2\/comments?post=3929"}],"wp:featuredmedia":[{"embeddable":true,"href":"https:\/\/khantamgiare.com\/en\/wp-json\/wp\/v2\/media\/5401"}],"wp:attachment":[{"href":"https:\/\/khantamgiare.com\/en\/wp-json\/wp\/v2\/media?parent=3929"}],"wp:term":[{"taxonomy":"product_cat","embeddable":true,"href":"https:\/\/khantamgiare.com\/en\/wp-json\/wp\/v2\/product_cat?post=3929"},{"taxonomy":"product_tag","embeddable":true,"href":"https:\/\/khantamgiare.com\/en\/wp-json\/wp\/v2\/product_tag?post=3929"}],"curies":[{"name":"wp","href":"https:\/\/api.w.org\/{rel}","templated":true}]}}