{"id":3987,"date":"2023-06-29T07:57:11","date_gmt":"2023-06-29T07:57:11","guid":{"rendered":"http:\/\/khantam.h193.dpsmedia.vn\/san-pham\/dong-phuc-spa-mau-den\/"},"modified":"2023-07-23T17:43:17","modified_gmt":"2023-07-23T17:43:17","slug":"dong-phuc-spa-mau-den","status":"publish","type":"product","link":"https:\/\/khantamgiare.com\/en\/dong-phuc-spa-mau-den\/","title":{"rendered":"Spa Uniforms Color Black"},"content":{"rendered":"<p><strong><a href=\"https:\/\/khantamgiare.com\/en\/sp\/dong-phuc-spa-mau-den\/\">\u0110\u1ed3ng ph\u1ee5c spa m\u00e0u \u0111en<\/a><\/strong> s\u1eed d\u1ee5ng m\u00e0u \u0111en l\u00e0 t\u00f4ng m\u00e0u ch\u00ednh. To\u00e0n b\u1ed9 t\u1ed5ng th\u1ec3 \u0111\u1ed3ng ph\u1ee5c, m\u00e0u \u0111en chi\u1ebfm t\u1ef7 l\u1ec7 cao. Hi\u1ec7n nay, m\u00e2\u0303u \u0111\u1ed3ng ph\u1ee5c spa \u0111\u00e3 \u0111\u01b0\u1ee3c c\u1ea3i ti\u1ebfn \u0111i r\u1ea5t nhi\u1ec1u v\u00e0 \u0111\u01b0\u1ee3c chia l\u00e0m hai lo\u1ea1i ch\u00ednh:<\/p>\n<ul>\n<li><em><strong>Uniform traditions<\/strong><\/em>: to\u00e0n b\u1ed9 m\u1eabu \u0111\u1ed3ng ph\u1ee5c \u0111\u00f3 ch\u1ec9 c\u00f3 duy nh\u1ea5t 1 m\u00e0u \u0111en, kh\u00f4ng c\u00f3 b\u1ea5t c\u1ee9 s\u1ef1 pha tr\u1ed9n hay k\u1ebft h\u1ee3p v\u1edbi m\u00e0u s\u1eafc kh\u00e1c<\/li>\n<li><em><strong>\u0110\u1ed3ng ph\u1ee5c spa m\u00e0u \u0111en k\u1ebft h\u1ee3p<\/strong><\/em>: \u0111\u01b0\u1ee3c \u01b0a chu\u00f4ng nhi\u1ec1u h\u01a1n b\u1edfi c\u00f3 th\u1ec3 d\u1ec5 d\u00e0ng \u0111an xen c\u00e1c m\u00e0u s\u1eafc kh\u00e1c. (<em>\u0110\u1ed3ng ph\u1ee5c spa m\u00e0u \u0111en v\u00e0ng, \u0111\u1ed3ng ph\u1ee5c spa \u0111en h\u1ed3ng,\u2026).<\/em><\/li>\n<\/ul>\n<h2><strong>Ta\u0323i Sao \u0110\u00f4\u0300ng Phu\u0323c Spa Ma\u0300u \u0110en \u0110\u01b0\u01a1\u0323c \u01afa Chu\u00f4\u0323ng \u0110\u00ea\u0301n Th\u00ea\u0301<\/strong><\/h2>\n<p>Kh\u00f4ng t\u01b0 nhi\u00ean ma\u0300 m\u00e2\u0303u \u0111\u00f4\u0300ng phu\u0323c spa ma\u0300u \u0111en \u0111ang tr\u01a1\u0309 tha\u0300nh ma\u0300u trend ta\u0323i Nam Phong, chi\u00ea\u0301n \u0111\u00ea\u0301n 2\/3 \u0111\u01a1n ha\u0300ng la\u0300 ca\u0301c m\u00e2\u0303u \u0111\u00f4\u0300ng phu\u0323c spa, th\u00e2\u0309m my\u0303 la\u0300 ma\u0300u \u0111en.<\/p>\n<ul>\n<li>Ma\u0300u \u0111en d\u00ea\u0309 da\u0300ng ph\u00f4\u0301i v\u01a1\u0301i t\u00e2\u0301t ca\u0309 ca\u0301c ma\u0300u kha\u0301c<\/li>\n<li>Ma\u0300u \u0111en th\u00ea\u0309 hi\u00ea\u0323n s\u01b0\u0323 sang tro\u0323ng chuy\u00ean nghi\u00ea\u0323p nh\u00e2\u0301t la\u0300 trong di\u0323ch vu\u0323 la\u0300m \u0111e\u0323p.<\/li>\n<li>Phu\u0300 h\u01a1\u0323p v\u01a1\u0301i ca\u0301c ma\u0300u da, t\u00f4n ma\u0300u da ng\u01b0\u01a1\u0300i m\u0103\u0323c.<\/li>\n<li>D\u00ea\u0309 ta\u0323o \u00e2\u0301n t\u01b0\u01a1\u0323ng v\u01a1\u0301i kha\u0301ch ha\u0300ng tra\u0309i nghi\u00ea\u0323m di\u0323ch vu\u0323.<\/li>\n<\/ul>\n<h2><strong>5+ M\u00e2\u0303u \u0110\u00f4\u0300ng Phu\u0323c Spa Ma\u0300u \u0110en Nam Phong \u0110ang \u0110\u01b0\u01a1\u0323c \u01afa Chu\u00f4\u0323ng<\/strong><\/h2>\n<p><img decoding=\"async\" class=\"aligncenter wp-image-14168 size-full\" src=\"http:\/\/khantamgiare.com\/wp-content\/uploads\/2023\/06\/dp-cheonsa1.jpg\" alt=\" width=\" height=\"500\" title=\"\"><\/p>\n<p><img decoding=\"async\" class=\"aligncenter wp-image-14167 size-full\" src=\"http:\/\/khantamgiare.com\/wp-content\/uploads\/2023\/06\/dp-cheonsa.jpg\" alt=\" width=\" height=\"800\" title=\"\"><\/p>\n<p><img decoding=\"async\" class=\"aligncenter wp-image-14172 size-full\" src=\"http:\/\/khantamgiare.com\/wp-content\/uploads\/2023\/06\/dp-cheonsa4.jpg\" alt=\" width=\" height=\"800\" title=\"\"><\/p>\n<p><img decoding=\"async\" class=\"aligncenter wp-image-14169 size-full\" src=\"http:\/\/khantamgiare.com\/wp-content\/uploads\/2023\/06\/dp-cheonsa2.jpg\" alt=\" width=\" height=\"800\" title=\"\"><\/p>\n<p><img decoding=\"async\" class=\"aligncenter wp-image-14171 size-full\" src=\"http:\/\/khantamgiare.com\/wp-content\/uploads\/2023\/06\/dp-cheonsa3.jpg\" alt=\" width=\" height=\"800\" title=\"\"><br \/>\n<img decoding=\"async\" class=\"aligncenter wp-image-13924 size-full\" src=\"http:\/\/khantamgiare.com\/wp-content\/uploads\/2023\/06\/dp-thon-hair-cafe7.jpg\" alt=\" width=\" height=\"800\" title=\"\"><\/p>\n<p><img decoding=\"async\" class=\"aligncenter wp-image-13923 size-full\" src=\"http:\/\/khantamgiare.com\/wp-content\/uploads\/2023\/06\/dp-thon-hair-cafe6.jpg\" alt=\" width=\" height=\"800\" title=\"\"><\/p>\n<p><img decoding=\"async\" class=\"aligncenter wp-image-13922 size-full\" src=\"http:\/\/khantamgiare.com\/wp-content\/uploads\/2023\/06\/dp-thon-hair-cafe5.jpg\" alt=\" width=\" height=\"800\" title=\"\"><\/p>\n<p><img decoding=\"async\" class=\"aligncenter wp-image-13921 size-full\" src=\"http:\/\/khantamgiare.com\/wp-content\/uploads\/2023\/06\/dp-thon-hair-cafe4.jpg\" alt=\" width=\" height=\"800\" title=\"\"><br \/>\n<img decoding=\"async\" class=\"aligncenter wp-image-13553 size-full\" src=\"http:\/\/khantamgiare.com\/wp-content\/uploads\/2023\/06\/dp-tea-galaxy2.jpg\" alt=\" width=\" height=\"500\" title=\"\"><\/p>\n<p><img decoding=\"async\" class=\"aligncenter wp-image-13552 size-full\" src=\"http:\/\/khantamgiare.com\/wp-content\/uploads\/2023\/06\/dp-tea-galaxy1.jpg\" alt=\" width=\" height=\"800\" title=\"\"><\/p>\n<p><img decoding=\"async\" class=\"aligncenter wp-image-13551 size-full\" src=\"http:\/\/khantamgiare.com\/wp-content\/uploads\/2023\/06\/dp-tea-galaxy.jpg\" alt=\" width=\" height=\"800\" title=\"\"><\/p>\n<p><img decoding=\"async\" class=\"aligncenter wp-image-13554 size-full\" src=\"http:\/\/khantamgiare.com\/wp-content\/uploads\/2023\/06\/dp-tea-galaxy3.jpg\" alt=\" width=\" height=\"800\" title=\"\"><\/p>\n<p><img decoding=\"async\" class=\"aligncenter wp-image-13555 size-full\" src=\"http:\/\/khantamgiare.com\/wp-content\/uploads\/2023\/06\/dp-tea-galaxy4.jpg\" alt=\" width=\" height=\"800\" title=\"\"><\/p>\n<p>SP LI\u00caN QUAN:<\/p>\n<ul>\n<li>10+ M\u00e2\u0303u <strong><a href=\"https:\/\/khantamgiare.com\/en\/sp\/dong-phuc-spa-mau-do\/\">\u0111\u00f4\u0300ng phu\u0323c spa ma\u0300u \u0111o\u0309<\/a><\/strong> \u0111ang \u0111\u01b0\u01a1\u0323c \u01b0a chu\u00f4\u0323ng nh\u00e2\u0301t<\/li>\n<li>8+ M\u00e2\u0303u <strong><a href=\"https:\/\/khantamgiare.com\/en\/sp\/dong-phuc-quan-ly-spa-dang-vest\/\">\u0111\u00f4\u0300ng phu\u0323c qua\u0309n ly\u0301 spa da\u0323ng vest<\/a><\/strong> thanh li\u0323ch sang tro\u0323ng<\/li>\n<\/ul>\n<h2><b>Ta\u0323i Sao N\u00ean Mua \u0110\u00f4\u0300ng Phu\u0323c Spa Ma\u0300u \u0110en Ta\u0323i Nam Phong<\/b><\/h2>\n<ul>\n<li>H\u01a1n 8 n\u0103m trong ngh\u00ea\u0300 cung c\u00e2\u0301p v\u00e2\u0323t du\u0323ng cu\u0303ng nh\u01b0 \u0111\u00f4\u0300ng phu\u0323c cho spa, th\u00e2\u0309m my\u0303 vi\u00ea\u0323n.<\/li>\n<li>May \u0111o theo y\u00eau c\u00e2\u0300u kha\u0301ch ha\u0300ng theo size form ng\u01b0\u01a1\u0300i kha\u0301c nhau.<\/li>\n<li>T\u01b0\u0300 4 b\u00f4\u0323 cho 1 m\u00e2\u0303u Nam Phong \u0111a\u0303 may \u0111o theo y\u00eau c\u00e2\u0300u kha\u0301ch ha\u0300ng.<\/li>\n<li>Tr\u01b0\u0323c ti\u00ea\u0301p xem m\u00e2\u0303u va\u0309i, m\u00e2\u0303u a\u0301o tr\u01b0\u0323c ti\u00ea\u0301p ta\u0323i v\u0103n pho\u0300ng Nam Phong ta\u0323i TPHCM, HA\u0300 N\u00d4\u0323I.<\/li>\n<li>Time to complete orders quickly.<\/li>\n<li>Giao ha\u0300ng MI\u00ca\u0303N PHI\u0301 ta\u0323i TPHCM cho \u0111\u01a1n ha\u0300ng SLL.<\/li>\n<li>\u0110\u00f4\u0323i ngu\u0303 t\u01b0 v\u00e2\u0301n co\u0301 nhi\u00ea\u0300u n\u0103m trong li\u0303nh v\u01b0\u0323c setup spa t\u01b0\u0323 tin se\u0303 \u0111a\u0301p \u01b0\u0301ng \u0111\u01b0\u01a1\u0323c nh\u01b0\u0303ng y\u00eau c\u00e2\u0300u cu\u0309a kha\u0301ch ha\u0300ng.<\/li>\n<\/ul>\n<p>Tr\u00ean la\u0300 nh\u01b0\u0303ng th\u00f4ng tin v\u00ea\u0300 <em><span style=\"text-decoration: underline;\">m\u00e2\u0303u \u0111\u00f4\u0300ng phu\u0323c spa ma\u0300u \u0111en<\/span>,<\/em> hi vo\u0323ng se\u0303 mang \u0111\u00ea\u0301n cho kha\u0301ch ha\u0300ng nh\u01b0\u0303ng th\u00f4ng tin h\u01b0\u0303u i\u0301ch, gia\u0301 tri\u0323. N\u00ea\u0301u co\u0301 nhu c\u00e2\u0300u \u0111\u0103\u0323t mua \u0111\u00f4\u0300ng phu\u0323c spa thi\u0300 <a href=\"https:\/\/khantamgiare.com\/en\/\">Nam Phong<\/a> la\u0300 \u0111i\u0323a chi\u0309 \u0111a\u0301ng tin c\u00e2\u0323y da\u0300nh cho ba\u0323n \u0111\u00e2\u0301y.<\/p>","protected":false},"excerpt":{"rendered":"<p><strong>Material<\/strong>:\u00a0Cotton l\u1ea1nh (Nhi\u1ec1u ch\u1ea5t li\u1ec7u kh\u00e1c n\u1eefa)<\/p>\n<p><strong>Color<\/strong>:\u00a0h\u01a1n 100 m\u00e3 m\u00e0u kh\u00e1c nhau<\/p>\n<p><strong>Size<\/strong>:\u00a0S, M, L, XL, XXL, XXXL. (May theo s\u1ed1 \u0111o ri\u00eang)<\/p>\n<p><strong>Manufacturer<\/strong>: <a href=\"https:\/\/khantamgiare.com\/en\/\">Nam Phong<\/a><\/p>\n<p><strong>Special:<\/strong> Th\u00eau d\u1ec7t logo theo y\u00eau c\u1ea7u kh\u00e1ch h\u00e0ng \/ Thi\u00ea\u0301t k\u00ea\u0301 theo y\u00eau c\u00e2\u0300u cho 4 b\u00f4\u0323 cho 1 m\u00e2\u0303u.<\/p>","protected":false},"featured_media":5449,"comment_status":"closed","ping_status":"open","template":"","meta":[],"product_cat":[61,62],"product_tag":[],"class_list":{"0":"post-3987","1":"product","2":"type-product","3":"status-publish","4":"has-post-thumbnail","6":"product_cat-dong-phuc-spa","7":"product_cat-ky-thuat-vien","8":"pa_chat-lieu-cotton-japan","9":"pa_mau-sac-den","10":"pa_mau-sac-vang","11":"pa_size-l","12":"pa_size-m","13":"pa_size-s","14":"pa_size-xl","15":"pa_size-xll","16":"pa_size-xxl","17":"pa_size-xxxl","20":"instock","21":"product-type-simple"},"acf":[],"_links":{"self":[{"href":"https:\/\/khantamgiare.com\/en\/wp-json\/wp\/v2\/product\/3987","targetHints":{"allow":["GET"]}}],"collection":[{"href":"https:\/\/khantamgiare.com\/en\/wp-json\/wp\/v2\/product"}],"about":[{"href":"https:\/\/khantamgiare.com\/en\/wp-json\/wp\/v2\/types\/product"}],"replies":[{"embeddable":true,"href":"https:\/\/khantamgiare.com\/en\/wp-json\/wp\/v2\/comments?post=3987"}],"wp:featuredmedia":[{"embeddable":true,"href":"https:\/\/khantamgiare.com\/en\/wp-json\/wp\/v2\/media\/5449"}],"wp:attachment":[{"href":"https:\/\/khantamgiare.com\/en\/wp-json\/wp\/v2\/media?parent=3987"}],"wp:term":[{"taxonomy":"product_cat","embeddable":true,"href":"https:\/\/khantamgiare.com\/en\/wp-json\/wp\/v2\/product_cat?post=3987"},{"taxonomy":"product_tag","embeddable":true,"href":"https:\/\/khantamgiare.com\/en\/wp-json\/wp\/v2\/product_tag?post=3987"}],"curies":[{"name":"wp","href":"https:\/\/api.w.org\/{rel}","templated":true}]}}