{"id":4025,"date":"2023-06-29T07:59:01","date_gmt":"2023-06-29T07:59:01","guid":{"rendered":"http:\/\/khantam.h193.dpsmedia.vn\/san-pham\/ao-choang-lua-phi-bong-mau-den\/"},"modified":"2023-07-23T17:43:17","modified_gmt":"2023-07-23T17:43:17","slug":"ao-choang-lua-phi-bong-mau-den","status":"publish","type":"product","link":"https:\/\/khantamgiare.com\/en\/ao-choang-lua-phi-bong-mau-den\/","title":{"rendered":"Silk Robes Non-Glossy Black"},"content":{"rendered":"<h2><strong>Gi\u1edbi thi\u1ec7u \u00e1o cho\u00e0ng l\u1ee5a phi b\u00f3ng m\u00e0u \u0111en Nam Phong\u00a0<\/strong><\/h2>\n<p>\u00c1o cho\u00e0ng l\u1ee5a phi b\u00f3ng m\u00e0u \u0111en \u0111\u01b0\u1ee3c s\u1ea3n xu\u1ea5t v\u00e0 ph\u00e2n ph\u1ed1i b\u1edfi th\u01b0\u01a1ng hi\u1ec7u Nam Phong. M\u1eabu \u00e1o cho\u00e0ng c\u00f3 t\u00f4ng m\u00e0u \u0111en huy\u1ec1n b\u00ed, mang \u0111\u1ebfn m\u1ed9t c\u1ea3m gi\u00e1c m\u1edbi l\u1ea1 v\u00e0 h\u1ea5p d\u1eabn. Tr\u00ean \u00e1o c\u00f3 k\u1ebft h\u1ee3p v\u1edbi \u0111\u01b0\u1eddng vi\u1ec1n v\u00e0ng \u1edf ph\u1ea7n c\u1ed5 ch\u1eef V v\u00e0 vi\u1ec1n tay \u00e1o, gi\u00fap cho s\u1ea3n ph\u1ea9m tr\u1edf n\u00ean \u1ea5n t\u01b0\u1ee3ng h\u01a1n.<\/p>\n<p>V\u1edbi nh\u1eefng spa mang mu\u1ed1n t\u00ecm ki\u1ebfm m\u1ed9t m\u1eabu \u00e1o \u0111\u1ed9c \u0111\u00e1o, sang tr\u1ecdng nh\u01b0ng kh\u00f4ng k\u00e9m ph\u1ea7n tinh t\u1ebf th\u00ec m\u1eabu \u00e1o l\u1ee5a phi b\u00f3ng m\u00e0u \u0111en l\u00e0 s\u1ef1 l\u1ef1a ch\u1ecdn ho\u00e0n h\u1ea3o. M\u1eabu \u00e1o tr\u00ean ph\u00f9 h\u1ee3p v\u1edbi m\u1ecdi \u0111\u1ed1i t\u01b0\u1ee3ng ng\u01b0\u1eddi d\u00f9ng. Tr\u00ean \u00e1o c\u00f3 th\u00eau logo th\u01b0\u01a1ng hi\u1ec7u gi\u00fap nh\u1eadn di\u1ec7n th\u01b0\u01a1ng hi\u1ec7u d\u1ec5 d\u00e0ng, tr\u00e1nh nh\u1ea7m l\u1eabn v\u1edbi c\u00e1c th\u01b0\u01a1ng hi\u1ec7u kh\u00e1c.<\/p>\n<p>&nbsp;<\/p>\n<p><img decoding=\"async\" class=\"aligncenter wp-image-14178 size-full\" src=\"http:\/\/khantamgiare.com\/wp-content\/uploads\/2023\/06\/ac-the-hair-beauty1.jpg\" alt=\" width=\" height=\"500\" title=\"\"><\/p>\n<p><img decoding=\"async\" class=\"aligncenter wp-image-14177 size-full\" src=\"http:\/\/khantamgiare.com\/wp-content\/uploads\/2023\/06\/ac-the-hair-beauty.jpg\" alt=\" width=\" height=\"800\" title=\"\"><\/p>\n<p><img decoding=\"async\" class=\"aligncenter wp-image-14180 size-full\" src=\"http:\/\/khantamgiare.com\/wp-content\/uploads\/2023\/06\/ac-the-hair-beauty3.jpg\" alt=\" width=\" height=\"800\" title=\"\"><\/p>\n<h2><strong>\u0110\u1eb7c \u0111i\u1ec3m c\u1ee7a \u00e1o cho\u00e0ng l\u1ee5a phi b\u00f3ng m\u00e0u \u0111en\u00a0<\/strong><\/h2>\n<p>S\u1ea3n ph\u1ea9m \u0111\u01b0\u1ee3c l\u00e0m t\u1eeb ch\u1ea5t li\u1ec7u l\u1ee5a phi b\u00f3ng n\u00ean c\u00f3 nhi\u1ec1u \u01b0u \u0111i\u1ec3m n\u1ed5i b\u1eadt. B\u1ec1 m\u1eb7t \u00e1o r\u1ea5t m\u1ec1m m\u1ea1i t\u1ef1 nhi\u00ean. Khi m\u1eb7c c\u1ea3m th\u1ea5y r\u1ea5t tho\u00e1ng m\u00e1t. Tuy kh\u1ea3 n\u0103ng th\u1ea5m h\u00fat kh\u00f4ng t\u1ed1t v\u1edbi ch\u1ea5t li\u1ec7u cotton, nh\u01b0ng ch\u1ea5t li\u1ec7u l\u1ee5a phi b\u00f3ng v\u1eabn c\u00f3 \u0111\u1ed9 b\u1ec1n cao v\u00e0 th\u1eddi gian s\u1eed d\u1ee5ng l\u00e2u d\u00e0i.<\/p>\n<p>H\u01a1n n\u1eefa, tr\u1ecdng l\u01b0\u1ee3ng c\u1ee7a \u00e1o c\u0169ng kh\u00e1 nh\u1eb9 n\u00ean nh\u1eadn \u0111\u01b0\u1ee3c nhi\u1ec1u c\u1ea3m t\u00ecnh t\u1eeb ph\u00eda ng\u01b0\u1eddi d\u00f9ng. Thay v\u00ec nh\u1eefng chi\u1ebfc \u00e1o n\u1eb7ng n\u1ec1, \u00e1o l\u1ee5a phi b\u00f3ng r\u1ea5t d\u1ec5 d\u00e0ng \u0111\u1ec3 m\u1eb7c, ph\u00f9 h\u1ee3p \u0111\u1ec3 di chuy\u1ec3n v\u00e0 \u0111i l\u1ea1i.<\/p>\n<p>\u00c1o c\u00f3 \u0111\u01b0\u1eddng ch\u1ec9 may tinh t\u1ebf v\u00e0 ch\u1eafc ch\u1eafn. Thi\u1ebft k\u1ebf form d\u00e1ng r\u1ed9ng, c\u00f3 nhi\u1ec1u k\u00edch c\u1ee1 \u0111a d\u1ea1ng. Kh\u00e1ch h\u00e0ng n\u00ean ch\u1ecdn l\u1ef1a k\u00edch c\u1ee1 ph\u00f9 h\u1ee3p v\u1edbi v\u00f3c d\u00e1ng. Trong tr\u01b0\u1eddng h\u1ee3p, b\u1ea1n c\u1ea7n \u0111\u1eb7t \u00e1o cho spa th\u00ec n\u00ean ch\u1ecdn m\u1eabu \u00e1o cho\u00e0ng v\u1edbi \u0111\u1ea7y \u0111\u1ee7 k\u00edch c\u1ee1. M\u1ee5c \u0111\u00edch l\u00e0 \u0111\u1ec3 cung \u1ee9ng v\u00e0 ph\u1ee5c v\u1ee5 nhi\u1ec1u \u0111\u1ed1i t\u01b0\u1ee3ng khi tr\u1ea3i nghi\u1ec7m d\u1ecbch v\u1ee5 t\u1ea1i spa.<\/p>\n<p><img decoding=\"async\" class=\"aligncenter wp-image-14179 size-full\" src=\"http:\/\/khantamgiare.com\/wp-content\/uploads\/2023\/06\/ac-the-hair-beauty2.jpg\" alt=\" width=\" height=\"800\" title=\"\"><\/p>\n<p data-wp-editing=\"1\"><img loading=\"lazy\" decoding=\"async\" class=\"aligncenter wp-image-6368 size-full\" title=\"\u00e1o-cho\u00e0ng-t\u1eafm-l\u1ee5a-phi-b\u00f3ng-m\u00e0u-\u0111en.khannamphong\" src=\"http:\/\/khantamgiare.com\/wp-content\/uploads\/2023\/06\/ao-choang-tam-lua-phi-bong-mau-den.khannamphong.jpg\" alt=\" width=\"720\" height=\"960\" \/><\/p>\n<h2 data-wp-editing=\"1\"><strong>Nam Phong \u2013 th\u01b0\u01a1ng hi\u1ec7u s\u1ea3n xu\u1ea5t \u00e1o cho\u00e0ng phi b\u00f3ng s\u1ed1 1<\/strong><\/h2>\n<p data-wp-editing=\"1\">Hi\u1ec7n nay, Nam Phong \u0111ang s\u1ea3n xu\u1ea5t c\u00e1c m\u1eabu \u00e1o cho\u00e0ng phi b\u00f3ng m\u00e0u \u0111en. Ch\u00fang t\u00f4i cam k\u1ebft v\u1ec1 ch\u1ea5t l\u01b0\u1ee3ng s\u1ea3n ph\u1ea9m. C\u00e1c m\u1eabu \u00e1o cho\u00e0ng \u0111\u01b0\u1ee3c \u0111\u1ec1u s\u1ea3n xu\u1ea5t v\u1edbi ch\u1ea5t li\u1ec7u phi b\u00f3ng t\u1ed1t nh\u1ea5t v\u00e0 d\u00e2y chuy\u1ec1n hi\u1ec7n \u0111\u1ea1i ti\u00ean ti\u1ebfn. Tr\u01b0\u1edbc khi ra m\u1eaft th\u1ecb tr\u01b0\u1eddng, \u0111\u00e3 \u0111\u01b0\u1ee3c ki\u1ec3m duy\u1ec7t ch\u1eb7t ch\u1ebd. Do v\u1eady, kh\u00e1ch h\u00e0ng ho\u00e0n to\u00e0n c\u00f3 th\u1ec3 y\u00ean t\u00e2m khi ch\u1ecdn l\u1ef1a Nam Phong.<\/p>\n<p data-wp-editing=\"1\">Kh\u00f4ng ch\u1ec9 c\u00f3 m\u1eabu \u00e1o l\u1ee5a phi b\u00f3ng \u0111en, ch\u00fang t\u00f4i hi\u1ec7n c\u00f2n cung c\u1ea5p c\u00e1c m\u1eabu \u00e1o \u0111a d\u1ea1ng kh\u00e1c. \u0110\u1ec3 \u0111\u01b0\u1ee3c t\u01b0 v\u1ea5n chi ti\u1ebft v\u00e0 c\u1ee5 th\u1ec3, vui l\u00f2ng li\u00ean h\u1ec7 v\u1edbi s\u1ed1 hotline. Nam Phong lu\u00f4n c\u00f3 \u0111\u1ed9i ng\u0169 nh\u00e2n vi\u00ean t\u01b0 v\u1ea5n nhi\u1ec7t t\u00ecnh, chu \u0111\u00e1o, s\u1eb5n s\u00e0ng gi\u1ea3i \u0111\u00e1p m\u1ecdi th\u1eafc m\u1eafc c\u1ee7a b\u1ea1n.<\/p>\n<p data-wp-editing=\"1\">Hy v\u1ecdng s\u1edbm \u0111\u01b0\u1ee3c \u0111\u00f3n ti\u1ebfp qu\u00fd kh\u00e1ch trong th\u1eddi gian t\u1edbi. Tr\u00e2n tr\u1ecdng c\u00e1m \u01a1n!<\/p>\n<p style=\"text-align: center;\">-------------<\/p>\n<p style=\"text-align: center;\">Khan Nam Phong<\/p>\n<p style=\"text-align: center;\">Address: 74B, LANE 295 , BACH MAI STREET, HAI BA TRUNG DISTRICT , HA NOI<\/p>\n<p style=\"text-align: center;\">Mail: KhanNamPhong@Gmail.Com<\/p>\n<p style=\"text-align: center;\">SDT:\u00a0<a href=\"tel:0903367867\" rel=\"nofollow external noopener noreferrer\" data-wpel-link=\"external\">0903 367 867<\/a><\/p>\n<p style=\"text-align: center;\">Website:\u00a0<a href=\"https:\/\/khantamgiare.com\/en\/\" data-wpel-link=\"internal\">KhanTamGiaRe.Com<\/a><\/p>","protected":false},"excerpt":{"rendered":"<p><strong>\u00c1o cho\u00e0ng:\u00a0<\/strong>v\u1edbi thi\u1ebft k\u1ebf form r\u1ed9ng, che k\u00edn c\u01a1 th\u1ec3.<\/p>\n<p><strong>Material<\/strong>: L\u1ee5a b\u00f3ng<\/p>\n<p><strong>Tr\u1ecdng l\u01b0\u1ee3ng<\/strong>: 580g<\/p>\n<p><strong>Place of origin:<\/strong>\u00a0Vietnam<\/p>\n<p><strong>Special:<\/strong>\u00a0c\u00f3 nh\u1eadn th\u00eau d\u1ec7t logo theo y\u00eau c\u1ea7u v\u1edbi s\u1ed1 l\u01b0\u1ee3ng l\u1edbn<\/p>\n<p>D\u1ec7t hoa v\u0103n d\u1ea1ng t\u1ed5 ong, c\u00f3 th\u1eaft l\u01b0ng, c\u00f3 t\u00fai.<\/p>\n<p>Bathrobes suitable for use: hotel, resort, spa, family, personal gifts,..<\/p>","protected":false},"featured_media":5465,"comment_status":"closed","ping_status":"open","template":"","meta":[],"product_cat":[45],"product_tag":[],"class_list":{"0":"post-4025","1":"product","2":"type-product","3":"status-publish","4":"has-post-thumbnail","6":"product_cat-ao-choang-tam","7":"pa_chat-lieu-lua-phi-bong","8":"pa_mau-sac-den","9":"pa_size-l","10":"pa_size-m","11":"pa_size-s","12":"pa_size-xl","13":"pa_size-xll","14":"pa_size-xxl","15":"pa_size-xxxl","18":"instock","19":"product-type-simple"},"acf":[],"_links":{"self":[{"href":"https:\/\/khantamgiare.com\/en\/wp-json\/wp\/v2\/product\/4025","targetHints":{"allow":["GET"]}}],"collection":[{"href":"https:\/\/khantamgiare.com\/en\/wp-json\/wp\/v2\/product"}],"about":[{"href":"https:\/\/khantamgiare.com\/en\/wp-json\/wp\/v2\/types\/product"}],"replies":[{"embeddable":true,"href":"https:\/\/khantamgiare.com\/en\/wp-json\/wp\/v2\/comments?post=4025"}],"wp:featuredmedia":[{"embeddable":true,"href":"https:\/\/khantamgiare.com\/en\/wp-json\/wp\/v2\/media\/5465"}],"wp:attachment":[{"href":"https:\/\/khantamgiare.com\/en\/wp-json\/wp\/v2\/media?parent=4025"}],"wp:term":[{"taxonomy":"product_cat","embeddable":true,"href":"https:\/\/khantamgiare.com\/en\/wp-json\/wp\/v2\/product_cat?post=4025"},{"taxonomy":"product_tag","embeddable":true,"href":"https:\/\/khantamgiare.com\/en\/wp-json\/wp\/v2\/product_tag?post=4025"}],"curies":[{"name":"wp","href":"https:\/\/api.w.org\/{rel}","templated":true}]}}