{"id":4054,"date":"2023-06-29T07:59:58","date_gmt":"2023-06-29T07:59:58","guid":{"rendered":"http:\/\/khantam.h193.dpsmedia.vn\/san-pham\/ao-choang-lua-phi-bong-mau-trang\/"},"modified":"2023-07-23T17:43:18","modified_gmt":"2023-07-23T17:43:18","slug":"ao-choang-lua-phi-bong-mau-trang","status":"publish","type":"product","link":"https:\/\/khantamgiare.com\/en\/ao-choang-lua-phi-bong-mau-trang\/","title":{"rendered":"Silk Robes Non-Glossy White"},"content":{"rendered":"<h2><strong>Why choose silk robes africa the white ball?\u00a0<\/strong><\/h2>\n<p>After market launch, model robe silk glossy white created for his attraction private thanks to the many outstanding advantages. Behind looks modern and chic, this garment also has many uses and practical significance.<\/p>\n<p>Choose silk robes africa the white ball will help the wearer feel pleasant and comfortable. Clothing helps dry the water stains on the body quickly. Cape pattern pretty handy should be able to replace is the dress frills other, saving time for users.<\/p>\n<p>On the other hand, with patterns silk robes africa ball will help the service experience at the spa place more effective. Therefore, they are app at the spa facilities, fitness center, professional area motels, hotels, high-end resorts.<\/p>\n<figure id=\"attachment_6349\" aria-describedby=\"caption-attachment-6349\" style=\"width: 764px\" class=\"wp-caption aligncenter\"><img loading=\"lazy\" decoding=\"async\" class=\"wp-image-6349\" title=\"Silk Robes Non-Glossy White\" src=\"http:\/\/khantamgiare.com\/wp-content\/uploads\/2023\/06\/ao-choang-tam-lua-phi-bong-mau-trang.khannamphong.jpg\" alt=\"Gown Of White Silk Luxury\" width=\"764\" height=\"1018\" \/><figcaption id=\"caption-attachment-6349\" class=\"wp-caption-text\">Gown Of White Silk Luxury<\/figcaption><\/figure>\n<h2><strong>Basic characteristics of the sample gown silk non-glossy white\u00a0<\/strong><\/h2>\n<p>Here is a sample shirt using high quality silk material african ball \u2013 one of these popular material in line bathrobes. Silk african ball is characterized by the surface fabric is soft naturally. The fabric is quite thin so well-loved because it is easy to bring a sense of cool, well-ventilated place. However, limitations of them is able to reveal the defects of the wearer.<\/p>\n<p>Austria has tones and white this is the color tones bring the luxury and modern. White is also the color are suitable for use in environments spa hotel. The environment is the environment that has love about the aesthetics of the product.<\/p>\n<p>Gown design long torso through the knee. Two arms wide arms easily. System belts at the waist very polite, help fixed form of beautiful gowns. The top of the shirt can embroidery logo brand image. Embroidered logo on sleeve helps to distinguish and avoid confusion with other brands.<\/p>\n<h2><strong>Nam Phong \u2013 production unit, silk robes, african ball quality\u00a0<\/strong><\/h2>\n<p>If you&#039;re looking for unit production and distribution silk robes africa ball, then please refer to the right brand of Male Style. Is factory no. 1, bathrobes, Men Style&#039;t make users frustrated by the dedication and professionalism.<\/p>\n<p>Just contact the hotline number is any problem of your questions, we will be solved quickly. We have a team of enthusiastic consultants are ready to assist you anytime, anywhere.<\/p>\n<p style=\"text-align: center;\">-------------<\/p>\n<p style=\"text-align: center;\">Khan Nam Phong<\/p>\n<p style=\"text-align: center;\">Address: 74B, LANE 295 , BACH MAI STREET, HAI BA TRUNG DISTRICT , HA NOI<\/p>\n<p style=\"text-align: center;\">Mail: KhanNamPhong@Gmail.Com<\/p>\n<p style=\"text-align: center;\">SDT:\u00a0<a href=\"tel:0903367867\" rel=\"nofollow external noopener noreferrer\" data-wpel-link=\"external\">0903 367 867<\/a><\/p>\n<p style=\"text-align: center;\">Website:\u00a0<a href=\"https:\/\/khantamgiare.com\/en\/\" data-wpel-link=\"internal\">KhanTamGiaRe.Com<\/a><\/p>","protected":false},"excerpt":{"rendered":"<p>T\u1ea1i sao n\u00ean l\u1ef1a ch\u1ecdn \u00e1o cho\u00e0ng l\u1ee5a phi b\u00f3ng m\u00e0u tr\u1eafng?\u00a0 Sau khi ra m\u1eaft th\u1ecb tr\u01b0\u1eddng, m\u1eabu \u00e1o cho\u00e0ng l\u1ee5a phi b\u00f3ng m\u00e0u tr\u1eafng \u0111\u00e3 t\u1ef1 t\u1ea1o cho m\u00ecnh s\u1ee9c h\u00fat ri\u00eang nh\u1edd v\u00e0o nhi\u1ec1u \u01b0u \u0111i\u1ec3m n\u1ed5i b\u1eadt. \u0110\u1eb1ng sau v\u1ebb ngo\u00e0i hi\u1ec7n \u0111\u1ea1i v\u00e0 sang tr\u1ecdng, m\u1eabu \u00e1o n\u00e0y c\u00f2n c\u00f3 &hellip; <a href=\"https:\/\/khantamgiare.com\/en\/ao-choang-lua-phi-bong-mau-trang\/\" class=\"more-link\">Continue reading <span class=\"screen-reader-text\">Silk Robes Non-Glossy White<\/span><\/a><\/p>","protected":false},"featured_media":5478,"comment_status":"closed","ping_status":"open","template":"","meta":[],"product_cat":[45],"product_tag":[],"class_list":{"0":"post-4054","1":"product","2":"type-product","3":"status-publish","4":"has-post-thumbnail","6":"product_cat-ao-choang-tam","7":"pa_chat-lieu-lua-phi-bong","8":"pa_mau-sac-trang","9":"pa_size-l","10":"pa_size-m","11":"pa_size-xl","14":"instock","15":"product-type-simple"},"acf":[],"_links":{"self":[{"href":"https:\/\/khantamgiare.com\/en\/wp-json\/wp\/v2\/product\/4054","targetHints":{"allow":["GET"]}}],"collection":[{"href":"https:\/\/khantamgiare.com\/en\/wp-json\/wp\/v2\/product"}],"about":[{"href":"https:\/\/khantamgiare.com\/en\/wp-json\/wp\/v2\/types\/product"}],"replies":[{"embeddable":true,"href":"https:\/\/khantamgiare.com\/en\/wp-json\/wp\/v2\/comments?post=4054"}],"wp:featuredmedia":[{"embeddable":true,"href":"https:\/\/khantamgiare.com\/en\/wp-json\/wp\/v2\/media\/5478"}],"wp:attachment":[{"href":"https:\/\/khantamgiare.com\/en\/wp-json\/wp\/v2\/media?parent=4054"}],"wp:term":[{"taxonomy":"product_cat","embeddable":true,"href":"https:\/\/khantamgiare.com\/en\/wp-json\/wp\/v2\/product_cat?post=4054"},{"taxonomy":"product_tag","embeddable":true,"href":"https:\/\/khantamgiare.com\/en\/wp-json\/wp\/v2\/product_tag?post=4054"}],"curies":[{"name":"wp","href":"https:\/\/api.w.org\/{rel}","templated":true}]}}