{"id":4114,"date":"2023-06-29T08:01:58","date_gmt":"2023-06-29T08:01:58","guid":{"rendered":"http:\/\/khantam.h193.dpsmedia.vn\/san-pham\/ga-tim-tran-bong\/"},"modified":"2024-04-11T15:29:32","modified_gmt":"2024-04-11T08:29:32","slug":"ga-tim-tran-bong","status":"publish","type":"product","link":"https:\/\/khantamgiare.com\/en\/ga-tim-tran-bong\/","title":{"rendered":"STATION Purple-quilted"},"content":{"rendered":"<h2><strong>Characteristics of the sample of bedspread purple quilted<\/strong><\/h2>\n<p>Sample bedspread purple quilted appreciated by modern color with luxurious style. Template station is suitable for use in any space spa. Looks striking and impressive, help spa created the blueprint bold in our customers.<\/p>\n<p>Bedspread is made from high quality materials, quilted 100%. Material quilted material smoothness, naturally. When using feel very comfortable and relax. No phenomenon the secret, leather-like fabrics are often.<\/p>\n<p>On the station there are many motifs, beautifully decorated, help products become more unique. Use cardboard background purple mainly, but there are still some lines white interwoven to create harmony.<\/p>\n<p><img decoding=\"async\" class=\"aligncenter wp-image-10326 size-full\" src=\"http:\/\/khantamgiare.com\/wp-content\/uploads\/2023\/06\/ga-giuong-tim-tran-bong.jpg\" alt=\" width=\" height=\"500\" title=\"\"><\/p>\n<h3><strong>Bedspread spa used to do?<\/strong><\/h3>\n<p>Sample bedspread spa purple quilted is used to cover the entire bed spa. spa bed often quite coarse so you need to use sheets to help bed become more beautiful. At the same time, making space for the spa professional, modern and has high aesthetic appeal.<\/p>\n<p>Sample bedspread spa purple is used at the base spa professional. In addition, the product can also be used at the base beauty other services: beauty salons, aesthetic centers,...<\/p>\n<p><img decoding=\"async\" class=\"aligncenter wp-image-10327 size-full\" src=\"http:\/\/khantamgiare.com\/wp-content\/uploads\/2023\/06\/ga-giuong-tim-tran-bong1.jpg\" alt=\" width=\" height=\"800\" title=\"\"><\/p>\n<h2><strong>Nh\u1eefng l\u1ee3i \u00edch khi \u0111\u1eb7t mua s\u1ea3n ph\u1ea9m t\u1ea1i Kh\u0103n T\u1eafm Gi\u00e1 R\u1ebb\u00a0<\/strong><\/h2>\n<p>Kh\u0103n T\u1eafm Gi\u00e1 R\u1ebb l\u00e0 th\u01b0\u01a1ng hi\u1ec7u h\u00e0ng \u0111\u1ea7u hi\u1ec7n nay trong l\u0129nh v\u1ef1c s\u1ea3n xu\u1ea5t v\u00e0 ph\u00e2n ph\u1ed1i c\u00e1c d\u1ee5ng c\u1ee5 chuy\u00ean d\u1ee5ng cho spa nh\u01b0 ga tr\u1ea3i gi\u01b0\u1eddng, gi\u01b0\u1eddng spa v\u00e0 <a href=\"https:\/\/khantamgiare.com\/en\/khan-spa\/\">kh\u0103n spa gi\u00e1 r\u1ebb<\/a>. C\u00e1c s\u1ea3n ph\u1ea9m ga tr\u1ea3i gi\u01b0\u1eddng c\u1ee7a Kh\u0103n T\u1eafm Gi\u00e1 R\u1ebb \u0111\u01b0\u1ee3c \u0111\u00e1nh gi\u00e1 cao v\u1ec1 ch\u1ea5t l\u01b0\u1ee3ng c\u0169ng nh\u01b0 h\u00ecnh th\u1ee9c th\u1ea9m m\u1ef9.<\/p>\n<p>Khi \u0111\u1eb7t mua s\u1ea3n ph\u1ea9m t\u1ea1i Kh\u0103n T\u1eafm Gi\u00e1 R\u1ebb, kh\u00e1ch h\u00e0ng s\u1ebd \u0111\u01b0\u1ee3c nh\u1eadn nh\u1eefng l\u1ee3i \u00edch thi\u1ebft th\u1ef1c sau:<\/p>\n<ul>\n<li>Advice enthusiastic and thoughtful by our team of professional staff<\/li>\n<li>Have the opportunity to buy bedding spa with the original price right at the factory. No need to pass through intermediate unit<\/li>\n<li>Be satisfied to choose the material, style, design of the product<\/li>\n<li>Free embroidery embossed logo with bulk orders<\/li>\n<li>Support, quick delivery, on time<\/li>\n<li>There return policy merchandise clear, specific,<\/li>\n<\/ul>\n<p>Nh\u00ecn chung, m\u1ecdi quy\u1ec1n l\u1ee3i c\u1ee7a kh\u00e1ch h\u00e0ng s\u1ebd \u0111\u01b0\u1ee3c \u0111\u1ea3m b\u1ea3o tuy\u1ec7t \u0111\u1ed1i. Khi \u0111\u1eb7t h\u00e0ng t\u1ea1i <a href=\"https:\/\/khantamgiare.com\/en\/\">Towels Cheap<\/a>, ch\u00fang t\u00f4i cam k\u1ebft mang \u0111\u1ebfn kh\u00e1ch h\u00e0ng nh\u1eefng s\u1ea3n ph\u1ea9m thi\u1ebft th\u1ef1c v\u1edbi m\u1ee9c gi\u00e1 \u01b0u \u0111\u00e3i.<\/p>\n<p>For detailed advice, please contact us via the information suggested below. Hope to soon be welcoming guests in next time!<\/p>","protected":false},"excerpt":{"rendered":"<ul>\n<li class=\"text-pages\">Linen spa by cotton, quilted by only pattern multiple color<\/li>\n<li class=\"text-pages\">Linen spa fabric diagonal stripes multicolor<\/li>\n<li class=\"text-pages\">Linen spa, spandex korea<\/li>\n<li class=\"text-pages\">Linen spa fabric<\/li>\n<\/ul>\n<p>Order according to the size customer requires.<\/p>","protected":false},"featured_media":5514,"comment_status":"closed","ping_status":"closed","template":"","meta":[],"product_cat":[66,64],"product_tag":[],"class_list":{"0":"post-4114","1":"product","2":"type-product","3":"status-publish","4":"has-post-thumbnail","6":"product_cat-chan-bong-cotton","7":"product_cat-ga-giuong-spa","8":"pa_chat-lieu-kate-tran-bong","9":"pa_kich-thuoc-90cm-x-190cm","10":"pa_mau-sac-tim","13":"instock","14":"product-type-simple"},"acf":[],"_links":{"self":[{"href":"https:\/\/khantamgiare.com\/en\/wp-json\/wp\/v2\/product\/4114","targetHints":{"allow":["GET"]}}],"collection":[{"href":"https:\/\/khantamgiare.com\/en\/wp-json\/wp\/v2\/product"}],"about":[{"href":"https:\/\/khantamgiare.com\/en\/wp-json\/wp\/v2\/types\/product"}],"replies":[{"embeddable":true,"href":"https:\/\/khantamgiare.com\/en\/wp-json\/wp\/v2\/comments?post=4114"}],"wp:featuredmedia":[{"embeddable":true,"href":"https:\/\/khantamgiare.com\/en\/wp-json\/wp\/v2\/media\/5514"}],"wp:attachment":[{"href":"https:\/\/khantamgiare.com\/en\/wp-json\/wp\/v2\/media?parent=4114"}],"wp:term":[{"taxonomy":"product_cat","embeddable":true,"href":"https:\/\/khantamgiare.com\/en\/wp-json\/wp\/v2\/product_cat?post=4114"},{"taxonomy":"product_tag","embeddable":true,"href":"https:\/\/khantamgiare.com\/en\/wp-json\/wp\/v2\/product_tag?post=4114"}],"curies":[{"name":"wp","href":"https:\/\/api.w.org\/{rel}","templated":true}]}}