{"id":4131,"date":"2023-06-29T08:02:25","date_gmt":"2023-06-29T08:02:25","guid":{"rendered":"http:\/\/khantam.h193.dpsmedia.vn\/san-pham\/ga-xanh-mint-kem-goi\/"},"modified":"2023-07-23T17:43:23","modified_gmt":"2023-07-23T17:43:23","slug":"ga-xanh-mint-kem-goi","status":"publish","type":"product","link":"https:\/\/khantamgiare.com\/en\/ga-xanh-mint-kem-goi\/","title":{"rendered":"Ga Green Mint (with pillow)"},"content":{"rendered":"<h2><strong>Gi\u1edbi thi\u1ec7u v\u1ec1 ga xanh mint k\u00e8m g\u1ed1i\u00a0<\/strong><\/h2>\n<p>Ga tr\u1ea3i gi\u01b0\u1eddng xanh mint k\u00e8m g\u1ed1i \u0111ang l\u00e0 m\u1eabu ga tr\u1ea3i gi\u01b0\u1eddng hot nh\u1ea5t t\u1ea1i Nam Phong. H\u1eb1ng ng\u00e0y, lu\u00f4n c\u00f3 \u0111\u01a1n h\u00e0ng \u0111\u1ed5 v\u1ec1 \u0111\u1eb7t may ga tr\u1ea3i gi\u01b0\u1eddng m\u00e0u xanh mint. \u0110i\u1ec1u \u0111\u00f3 cho th\u1ea5y s\u1ee9c h\u00fat kh\u00f4ng h\u1ec1 nh\u1ecf \u1edf d\u00f2ng s\u1ea3n ph\u1ea9m n\u00e0y.<\/p>\n<p>M\u00e0u ga xanh mint \u0111\u01b0\u1ee3c y\u00eau th\u00edch b\u1edfi mang \u0111\u1ebfn c\u1ea3m gi\u00e1c nh\u1eb9 nh\u00e0ng, tho\u1ea3i m\u00e1i v\u00e0 d\u1ec5 ch\u1ecbu. M\u00e0u xanh mint c\u0169ng d\u1ec5 d\u00e0ng k\u1ebft h\u1ee3p v\u00e0 s\u1eed d\u1ee5ng trong m\u1ecdi kh\u00f4ng gian spa kh\u00e1c nhau. V\u1edbi c\u00e1c c\u01a1 s\u1edf spa \u0111ang t\u00ecm ki\u1ebfm m\u1ed9t m\u00e0u s\u1eafc m\u1edbi l\u1ea1 th\u00ec \u0111\u00e2y ch\u00ednh l\u00e0 s\u1ef1 l\u1ef1a ch\u1ecdn ph\u00f9 h\u1ee3p nh\u1ea5t.<\/p>\n<p><img decoding=\"async\" class=\"aligncenter wp-image-14370 size-full\" src=\"http:\/\/khantamgiare.com\/wp-content\/uploads\/2023\/06\/ga-xanh-mint-kem-goi.jpg\" alt=\" width=\" height=\"500\" title=\"\"><\/p>\n<p><img decoding=\"async\" class=\"aligncenter wp-image-14373 size-full\" src=\"http:\/\/khantamgiare.com\/wp-content\/uploads\/2023\/06\/ga-xanh-mint-kem-goi3.jpg\" alt=\" width=\" height=\"500\" title=\"\"><\/p>\n<p><img decoding=\"async\" class=\"aligncenter wp-image-14372 size-full\" src=\"http:\/\/khantamgiare.com\/wp-content\/uploads\/2023\/06\/ga-xanh-mint-kem-goi2.jpg\" alt=\" width=\" height=\"500\" title=\"\"><\/p>\n<h2><strong>\u0110\u1eb7c \u0111i\u1ec3m ch\u1ea5t li\u1ec7u &amp; \u1ee9ng d\u1ee5ng<\/strong><\/h2>\n<p>Ga tr\u1ea3i gi\u01b0\u1eddng m\u00e0u xanh mint \u0111\u01b0\u1ee3c l\u00e0m t\u1eeb ch\u1ea5t li\u1ec7u v\u1ea3i thun cao c\u1ea5p. \u01afu \u0111i\u1ec3m c\u1ee7a lo\u1ea1i v\u1ea3i n\u00e0y r\u1ea5t m\u1ec1m m\u1ea1i, t\u1ef1 nhi\u00ean. Khi s\u1eed d\u1ee5ng, n\u1eb1m th\u01b0 gi\u00e3n l\u00ean ho\u00e0n to\u00e0n kh\u00f4ng c\u00f3 hi\u1ec7n t\u01b0\u1ee3ng b\u1ecb b\u1ee9c b\u00ed da hay kh\u00f3 ch\u1ecbu. Ch\u1ea5t v\u1ea3i th\u00f4ng tho\u00e1ng, m\u00e1t m\u1ebb, kh\u1ea3 n\u0103ng th\u1ea5m h\u00fat m\u1ed3 h\u00f4i t\u1ed1t.<\/p>\n<p>H\u01a1n n\u1eefa, ch\u1ea5t v\u1ea3i thun c\u0169ng r\u1ea5t d\u1ec5 gi\u1eb7t v\u00e0 v\u1ec7 sinh. Nh\u00e2n vi\u00ean spa c\u00f3 th\u1ec3 gi\u1eb7t m\u00e1y ho\u1eb7c gi\u1eb7t tay \u0111\u1ec1u \u0111\u01b0\u1ee3c. N\u00ean gi\u1eb7t v\u1edbi n\u01b0\u1edbc gi\u1eb7t chuy\u00ean d\u1ee5ng \u0111\u1ec3 b\u1ea3o v\u1ec7 ch\u1ea5t l\u01b0\u1ee3ng s\u1ea3n ph\u1ea9m \u0111\u01b0\u1ee3c t\u1ed1t nh\u1ea5t.<\/p>\n<p>B\u1ed9 ga tr\u1ea3i gi\u01b0\u1eddng m\u00e0u xanh mint \u0111\u01b0\u1ee3c \u1ee9ng d\u1ee5ng nhi\u1ec1u t\u1ea1i c\u00e1c c\u01a1 s\u1edf spa chuy\u00ean nghi\u1ec7p. Ngo\u00e0i ra, \u1edf nh\u1eefng n\u01a1i cung c\u1ea5p c\u00e1c d\u1ecbch v\u1ee5 ch\u0103m s\u00f3c l\u00e0m \u0111\u1eb9p kh\u00e1c: vi\u1ec7n th\u1ea9m m\u1ef9, trung t\u00e2m th\u1ea9m m\u1ef9,&#8230;<\/p>\n<p><img decoding=\"async\" class=\"aligncenter wp-image-14371 size-full\" src=\"http:\/\/khantamgiare.com\/wp-content\/uploads\/2023\/06\/ga-xanh-mint-kem-goi1.jpg\" alt=\" width=\" height=\"500\" title=\"\"><\/p>\n<h2><strong>The benefits when ordering products at Nam Phong\u00a0<\/strong><\/h2>\n<p>C\u00f3 r\u1ea5t nhi\u1ec1u th\u01b0\u01a1ng hi\u1ec7u chuy\u00ean s\u1ea3n xu\u1ea5t v\u00e0 cung c\u1ea5p ga tr\u1ea3i gi\u01b0\u1eddng m\u00e0u xanh mint. Th\u1ebf nh\u01b0ng, kh\u00f4ng ph\u1ea3i \u0111\u01a1n v\u1ecb n\u00e0o c\u0169ng l\u00e0 \u0111\u1ecba ch\u1ec9 uy t\u00edn \u0111\u1ec3 b\u1ea1n l\u1ef1a ch\u1ecdn. N\u1ebfu b\u1ea1n \u0111ang ph\u00e2n v\u00e2n, h\u00e3y d\u00e0nh th\u1eddi gian \u0111\u1ec3 \u0111\u1ecdc th\u00f4ng tin sau \u0111\u00e2y v\u1ec1 Nam Phong. Nh\u1eefng quy\u1ec1n l\u1ee3i thi\u1ebft th\u1ef1c m\u00e0 b\u1ea1n s\u1ebd nh\u1eadn \u0111\u01b0\u1ee3c n\u1ebfu ch\u1ecdn Nam Phong, s\u1ebd khi\u1ebfn b\u1ea1n c\u00f3 g\u00f3c nh\u00ecn m\u1edbi t\u00edch c\u1ef1c h\u01a1n.<\/p>\n<ul>\n<li>Khi \u0111\u1eb7t mua ga tr\u1ea3i gi\u01b0\u1eddng t\u1ea1i Nam Phong, kh\u00e1ch h\u00e0ng s\u1ebd \u0111\u01b0\u1ee3c t\u01b0 v\u1ea5n c\u00e1c m\u1eabu ga m\u1edbi nh\u1ea5t. B\u00ean c\u1ea1nh m\u00e0u xanh mint, Nam Phong c\u00f3 r\u1ea5t nhi\u1ec1u m\u1eabu ga kh\u00e1c \u0111ang ch\u1edd \u0111\u00f3n b\u1ea1n kh\u00e1m ph\u00e1 v\u00e0 tr\u1ea3i nghi\u1ec7m.<\/li>\n<li>B\u00ean c\u1ea1nh \u0111\u00f3, qu\u00fd kh\u00e1ch c\u00f3 c\u01a1 h\u1ed9i mua s\u1ea3n ph\u1ea9m v\u1edbi gi\u00e1 g\u1ed1c ngay t\u1ea1i x\u01b0\u1edfng. M\u1ee9c gi\u00e1 g\u1ed1c kh\u00f4ng c\u1ea7n qua b\u1ea5t c\u1ee9 m\u1ed9t \u0111\u01a1n v\u1ecb trung gian n\u00e0o, s\u1ebd gi\u00fap b\u1ea1n ti\u1ebft ki\u1ec7m \u0111\u01b0\u1ee3c t\u00e0i ch\u00ednh t\u1ed1i \u01b0u.<\/li>\n<li>\u0110\u01b0\u1ee3c t\u01b0 v\u1ea5n nhi\u1ec7t t\u00ecnh b\u1edfi \u0111\u1ed9i ng\u0169 nh\u00e2n vi\u00ean c\u00f3 chuy\u00ean m\u00f4n nghi\u1ec7p v\u1ee5 cao<\/li>\n<li>S\u1ea3n ph\u1ea9m ch\u1ea5t l\u01b0\u1ee3ng, th\u1eddi gian giao h\u00e0ng nhanh ch\u00f3ng<\/li>\n<li>C\u00f3 ch\u00ednh s\u00e1ch \u0111\u1ed5i tr\u1ea3 ph\u00f9 h\u1ee3p<\/li>\n<\/ul>\n<p style=\"text-align: center;\">-------------<\/p>\n<p style=\"text-align: center;\">Khan Nam Phong<\/p>\n<p style=\"text-align: center;\">Address: 74B, LANE 295 , BACH MAI STREET, HAI BA TRUNG DISTRICT , HA NOI<\/p>\n<p style=\"text-align: center;\">Mail: KhanNamPhong@Gmail.Com<\/p>\n<p style=\"text-align: center;\">SDT:\u00a0<a href=\"tel:0903367867\" rel=\"nofollow external noopener noreferrer\" data-wpel-link=\"external\">0903 367 867<\/a><\/p>\n<p style=\"text-align: center;\">Website:\u00a0<a href=\"https:\/\/khantamgiare.com\/en\/\" data-wpel-link=\"internal\">KhanTamGiaRe.Com<\/a><\/p>","protected":false},"excerpt":{"rendered":"<ul>\n<li class=\"text-pages\">Linen spa by cotton, quilted by only pattern multiple color<\/li>\n<li class=\"text-pages\">Linen spa fabric diagonal stripes multicolor<\/li>\n<li class=\"text-pages\">Linen spa, spandex korea<\/li>\n<li class=\"text-pages\">Linen spa fabric<\/li>\n<\/ul>\n<p>Order according to the size customer requires.<\/p>","protected":false},"featured_media":5526,"comment_status":"closed","ping_status":"open","template":"","meta":[],"product_cat":[64,68],"product_tag":[],"class_list":{"0":"post-4131","1":"product","2":"type-product","3":"status-publish","4":"has-post-thumbnail","6":"product_cat-ga-giuong-spa","7":"product_cat-thun","8":"pa_chat-lieu-thun-han-quoc","9":"pa_kich-thuoc-90cm-x-190cm","10":"pa_mau-sac-xanh-co-vit","13":"instock","14":"product-type-simple"},"acf":[],"_links":{"self":[{"href":"https:\/\/khantamgiare.com\/en\/wp-json\/wp\/v2\/product\/4131","targetHints":{"allow":["GET"]}}],"collection":[{"href":"https:\/\/khantamgiare.com\/en\/wp-json\/wp\/v2\/product"}],"about":[{"href":"https:\/\/khantamgiare.com\/en\/wp-json\/wp\/v2\/types\/product"}],"replies":[{"embeddable":true,"href":"https:\/\/khantamgiare.com\/en\/wp-json\/wp\/v2\/comments?post=4131"}],"wp:featuredmedia":[{"embeddable":true,"href":"https:\/\/khantamgiare.com\/en\/wp-json\/wp\/v2\/media\/5526"}],"wp:attachment":[{"href":"https:\/\/khantamgiare.com\/en\/wp-json\/wp\/v2\/media?parent=4131"}],"wp:term":[{"taxonomy":"product_cat","embeddable":true,"href":"https:\/\/khantamgiare.com\/en\/wp-json\/wp\/v2\/product_cat?post=4131"},{"taxonomy":"product_tag","embeddable":true,"href":"https:\/\/khantamgiare.com\/en\/wp-json\/wp\/v2\/product_tag?post=4131"}],"curies":[{"name":"wp","href":"https:\/\/api.w.org\/{rel}","templated":true}]}}