{"id":4239,"date":"2023-06-29T08:07:44","date_gmt":"2023-06-29T08:07:44","guid":{"rendered":"http:\/\/khantam.h193.dpsmedia.vn\/san-pham\/khan-tam-khach-san-mau-den\/"},"modified":"2024-05-23T10:26:54","modified_gmt":"2024-05-23T03:26:54","slug":"khan-tam-khach-san-mau-den","status":"publish","type":"product","link":"https:\/\/khantamgiare.com\/en\/khan-tam-khach-san-mau-den\/","title":{"rendered":"Towels, Hotel, Black"},"content":{"rendered":"<p>\u1ede m\u1ed9t kh\u00eda c\u1ea1nh n\u00e0o \u0111\u1ea5y, kh\u0103n t\u1eafm l\u00e0 s\u1ea3n ph\u1ea9m th\u1ec3 hi\u1ec7n \u0111\u01b0\u1ee3c b\u1ed9 m\u1eb7t c\u1ee7a kh\u00e1ch s\u1ea1n, ch\u1ea5t l\u01b0\u1ee3ng c\u1ee7a <a href=\"https:\/\/khantamgiare.com\/en\/khan-khach-san\/\">hotel towels<\/a> n\u00f3i ri\u00eang v\u00e0 c\u1ee7a c\u00e1c lo\u1ea1i ph\u1ee5 ki\u1ec7n kh\u00e1ch s\u1ea1n n\u00f3i chung s\u1ebd ph\u1ea3n \u00e1nh ch\u1ea5t l\u01b0\u1ee3ng d\u1ecbch v\u1ee5 t\u1ea1i \u0111\u00f3. V\u00ec v\u1eady n\u1ebfu n\u1eafm ch\u1eafc \u0111\u01b0\u1ee3c nh\u1eefng \u0111\u1eb7c \u0111i\u1ec3m m\u00e0 kh\u0103n t\u1eafm kh\u00e1ch s\u1ea1n mang l\u1ea1i, ch\u1eafc ch\u1eafn s\u1ebd l\u00e0m cho ch\u1ea5t l\u01b0\u1ee3ng d\u1ecbch v\u1ee5 v\u00e0 s\u1ed1 l\u01b0\u1ee3ng kh\u00e1ch h\u00e0ng \u0111\u1ebfn v\u1edbi kh\u00e1ch s\u1ea1n c\u1ee7a b\u1ea1n thay \u0111\u1ed5i m\u1ed9t c\u00e1ch \u0111\u00e1ng k\u1ec3.<\/p>\n<p>Color is one of the key elements to impress customers from the first look. Therefore, for the hotel, the selection of colors bath towel is extremely important and should be considered carefully. So, bath towel, hotel black what are the advantages? Below are details about this type of bath towels especially this.<\/p>\n<p style=\"text-align: center;\"><img decoding=\"async\" class=\"aligncenter wp-image-1757\" src=\"https:\/\/khantamgiare.com\/wp-content\/uploads\/2021\/03\/khan-khach-san-mau-den-1.jpg\" alt=\" width=\" height=\"608\" title=\"\"><\/p>\n<h2>The advantages of towels, hotel, black<\/h2>\n<p>Use the type <a href=\"https:\/\/khantamgiare.com\/en\/san-pham\/khan-tam-khach-san-mau-den\/\">towels, hotel, black<\/a> there are many advantages that we can bring in the process of use. Here are the advantages of towels, hotel, black you may not know:<\/p>\n<p>\u2013 Bath towels, hotel, help the body mau dry and can be cleaned in a pleasant way, and extremely convenient.<\/p>\n<p>\u2013 Bath towel hotel suitable to be used with all sensitive skin without fear of irritation, rash or discomfort after each use.<\/p>\n<p style=\"text-align: center;\"><img decoding=\"async\" class=\"aligncenter wp-image-1758 size-full\" src=\"https:\/\/khantamgiare.com\/wp-content\/uploads\/2021\/03\/khan-khach-san-mau-den-2.jpg\" alt=\" width=\" height=\"600\" title=\"\"><\/p>\n<p>\u2013 Types of towels for hotels usually made of cotton fabrics are soft, smooth, pleasant, likely waterproof, fast, easy washing and quick dry.<\/p>\n<p>\u2013 Added a new superior characteristics of the towels the hotel in general and towels, hotel, black in particular is that they are completely not shedding and fading in the process of use. Besides, high life expectancy, the same value used durable with time, can help customers save cost significantly k\u00ear.<\/p>\n<p>\u2013 Prominent advantages of towels, hotel, that you can&#039;t ignore is that it expresses the beauty, luxury and comfort as anywhere also to see the appearance of them from budget motels to luxury hotels and high-end resorts.<\/p>\n<h2>The note when use towel hotel bath<\/h2>\n<p>To towels hotel black color is used endurance, you need to pay attention to these factors can affect the quality of the towel. Accordingly, the basics here you should not ignore to be able to bring value, durable, long time use for towels.<\/p>\n<p>\u2013 Frequency of use of towels hotel. As well as other products, when using a towel as much as they leave as quickly damaged. Towels also no different from humans, machines, it also takes time to use, as well as certain life span. There is thus the fibers of the fabric can return to a stable state.<\/p>\n<figure id=\"attachment_1759\" aria-describedby=\"caption-attachment-1759\" style=\"width: 605px\" class=\"wp-caption aligncenter\"><img loading=\"lazy\" decoding=\"async\" class=\"wp-image-1759\" src=\"https:\/\/khantamgiare.com\/wp-content\/uploads\/2021\/03\/khan-khach-san-mau-den-3.jpg\" alt=\"Need to note what the use of bath towels, hotel, black\" width=\"605\" height=\"605\" title=\"\"><figcaption id=\"caption-attachment-1759\" class=\"wp-caption-text\">Need to note what the use of bath towels, hotel, black<\/figcaption><\/figure>\n<p>\u2013 You should buy the number of towels hotel black larger than the number you need. This helps you have a sufficient number of towels to use alternately to not create pressure. Because when a towel to constant use, and there is no time to rest, they quickly deteriorated and need to replace the towel.<\/p>\n<p>\u2013 Another factor that also affects the durability of the towel which is the chemical used to bleach laundry towels, hotel. Because the towel usually made from the fibers of cotton, so the type of laundry detergent power will cause the towel fast drying, hard items, crushed.<\/p>\n<p>\u2013 Also if in case your washing machine or use the dryer which adjust the washing program is not matching, the bung ruffled cotton yarn. So remember, read the instructions wash towels and selection mode dry fit. Besides, should not be dried towel directly under the sun because they will do the towels dry assembly over.<\/p>\n<p>Ngo\u00e0i vi\u1ec7c s\u1eed d\u1ee5ng \u0111\u00fang c\u00e1ch th\u00ec vi\u1ec7c l\u1ef1a ch\u1ecdn \u0111\u01a1n v\u1ecb cung c\u1ea5p kh\u0103n t\u1eafm kh\u00e1ch s\u1ea1n m\u00e0u \u0111en c\u0169ng l\u00e0 \u0111i\u1ec1u v\u00f4 c\u00f9ng quan tr\u1ecdng. B\u1ea1n h\u00e3y \u0111\u1ebfn v\u1edbi <a href=\"https:\/\/khantamgiare.com\/en\/\">Towels Cheap<\/a> &#8211; \u0111\u01a1n v\u1ecb cung c\u1ea5p kh\u0103n t\u1eafm cao c\u00e2\u0301p h\u00e0ng \u0111\u1ea7u hi\u1ec7n nay \u0111\u1ec3 ch\u1ecdn l\u1ef1a s\u1ea3n ph\u1ea9m ch\u1ea5t l\u01b0\u1ee3ng, m\u00e0u s\u1eafc \u0111a d\u1ea1ng, gi\u00e1 th\u00e0nh c\u1ea1nh tranh v\u00e0 d\u1ecbch v\u1ee5 t\u1ed1t nh\u1ea5t b\u1ea1n nh\u00e9.<\/p>\n<p>Read more:<\/p>\n<ul>\n<li><a href=\"https:\/\/khantamgiare.com\/en\/san-pham\/khan-tam-mau-xam-cotton\/\">Towel hotel bath gray<\/a><\/li>\n<li><a href=\"https:\/\/khantamgiare.com\/en\/ly-do-khan-tam-mau-nau-su-dung-pho-bien\/khan-tam-mau-nau-socola\/\">Towel bathroom hotel color brown<\/a><\/li>\n<\/ul>","protected":false},"excerpt":{"rendered":"<p><strong>Size:<\/strong><\/p>\n<p>\u2013 Towels: 34x70cm (100g) \u2013 34x80cm (100g).<\/p>\n<p>\u2013 Bath towel: 70x140cm (500g).<\/p>\n<p><strong>Material<\/strong>: 100% Cotton<\/p>\n<p><strong>Color<\/strong>: Black<\/p>\n<p><strong>Brand<\/strong>: Towels Cheap<\/p>\n<p><strong>Support embroidery logo on demand.<\/strong><\/p>\n<p><strong>Stamping FREE logo SLL.<\/strong><\/p>\n<p><strong>Supports up form for customers to preview.<\/strong><\/p>","protected":false},"featured_media":5707,"comment_status":"closed","ping_status":"closed","template":"","meta":[],"product_cat":[57,268],"product_tag":[],"class_list":{"0":"post-4239","1":"product","2":"type-product","3":"status-publish","4":"has-post-thumbnail","6":"product_cat-khan-khach-san","7":"product_cat-khan-tam-2","8":"pa_chat-lieu-cotton","9":"pa_kich-thuoc-70cm-x-140cm","10":"pa_mau-sac-den","13":"instock","14":"product-type-simple"},"acf":[],"_links":{"self":[{"href":"https:\/\/khantamgiare.com\/en\/wp-json\/wp\/v2\/product\/4239","targetHints":{"allow":["GET"]}}],"collection":[{"href":"https:\/\/khantamgiare.com\/en\/wp-json\/wp\/v2\/product"}],"about":[{"href":"https:\/\/khantamgiare.com\/en\/wp-json\/wp\/v2\/types\/product"}],"replies":[{"embeddable":true,"href":"https:\/\/khantamgiare.com\/en\/wp-json\/wp\/v2\/comments?post=4239"}],"wp:featuredmedia":[{"embeddable":true,"href":"https:\/\/khantamgiare.com\/en\/wp-json\/wp\/v2\/media\/5707"}],"wp:attachment":[{"href":"https:\/\/khantamgiare.com\/en\/wp-json\/wp\/v2\/media?parent=4239"}],"wp:term":[{"taxonomy":"product_cat","embeddable":true,"href":"https:\/\/khantamgiare.com\/en\/wp-json\/wp\/v2\/product_cat?post=4239"},{"taxonomy":"product_tag","embeddable":true,"href":"https:\/\/khantamgiare.com\/en\/wp-json\/wp\/v2\/product_tag?post=4239"}],"curies":[{"name":"wp","href":"https:\/\/api.w.org\/{rel}","templated":true}]}}