{"id":4378,"date":"2023-06-29T08:30:52","date_gmt":"2023-06-29T08:30:52","guid":{"rendered":"http:\/\/khantam.h193.dpsmedia.vn\/san-pham\/abl-thien-phuc-duong\/"},"modified":"2023-07-23T17:44:01","modified_gmt":"2023-07-23T17:44:01","slug":"abl-thien-phuc-duong","status":"publish","type":"product","link":"https:\/\/khantamgiare.com\/en\/abl-thien-phuc-duong\/","title":{"rendered":"ABL \u2013 Thien Phuc Street"},"content":{"rendered":"<p><strong>Product name<\/strong>: ABL \u2013 Thien Phuc Street<\/p>\n<p><b>Material: <\/b>Cotton<\/p>\n<p><strong>Color:<\/strong> White<\/p>\n<p><strong>Manufacturer<\/strong>:\u00a0<a href=\"https:\/\/khantamgiare.com\/en\/\" data-wpel-link=\"internal\">Towels Cheap<\/a><\/p>\n<p><b>Size: <\/b>S, M, L, XL, XXL, XXXL<\/p>\n<p><strong>Status<\/strong>: Available SLL<\/p>\n<p>Embroidered logo on the uniform as required.<\/p>\n<p>Refer to the product <a href=\"https:\/\/khantamgiare.com\/en\/ao-blouse\/\"><strong>blouse<\/strong><\/a>...<strong>\u00a0<\/strong>in order to have more choices of colors, different sizes.<\/p>\n<h2>Image ABL \u2013 Thien Phuc Street<\/h2>\n<p><img decoding=\"async\" class=\"size-full wp-image-4964 aligncenter\" src=\"https:\/\/khantamgiare.com\/wp-content\/uploads\/2022\/07\/ABL-Thien-Phuc-Duong-1.jpg\" alt=\" width=\" height=\"800\" title=\"\"> <img decoding=\"async\" class=\"size-full wp-image-4965 aligncenter\" src=\"https:\/\/khantamgiare.com\/wp-content\/uploads\/2022\/07\/ABL-Thien-Phuc-Duong-2.jpg\" alt=\" width=\" height=\"800\" title=\"\"> <img decoding=\"async\" class=\"size-full wp-image-4966 aligncenter\" src=\"https:\/\/khantamgiare.com\/wp-content\/uploads\/2022\/07\/ABL-Thien-Phuc-Duong-3.jpg\" alt=\" width=\" height=\"800\" title=\"\"> <img decoding=\"async\" class=\"size-full wp-image-4967 aligncenter\" src=\"https:\/\/khantamgiare.com\/wp-content\/uploads\/2022\/07\/ABL-Thien-Phuc-Duong-4.jpg\" alt=\" width=\" height=\"800\" title=\"\"><\/p>","protected":false},"excerpt":{"rendered":"<p><b>Material: <\/b>Cotton<\/p>\n<p><strong>Color:<\/strong> White<\/p>\n<p><strong>Manufacturer<\/strong>:\u00a0<a href=\"https:\/\/khantamgiare.com\/en\/\" data-wpel-link=\"internal\">Towels Cheap<\/a><\/p>\n<p><b>Size: <\/b>S, M, L, XL, XXL, XXXL<\/p>\n<p><strong>Status<\/strong>: Available SLL<\/p>\n<p>Th\u00eau logo l\u00ean \u0111\u1ed3ng ph\u1ee5c theo y\u00eau c\u00e2\u0300u<\/p>","protected":false},"featured_media":6209,"comment_status":"closed","ping_status":"open","template":"","meta":[],"product_cat":[75],"product_tag":[],"class_list":{"0":"post-4378","1":"product","2":"type-product","3":"status-publish","4":"has-post-thumbnail","6":"product_cat-ao-blouse","7":"pa_chat-lieu-cotton","8":"pa_mau-sac-trang","9":"pa_size-l","10":"pa_size-m","11":"pa_size-s","12":"pa_size-xl","13":"pa_size-xll","14":"pa_size-xxl","15":"pa_size-xxxl","18":"instock","19":"product-type-simple"},"acf":[],"_links":{"self":[{"href":"https:\/\/khantamgiare.com\/en\/wp-json\/wp\/v2\/product\/4378","targetHints":{"allow":["GET"]}}],"collection":[{"href":"https:\/\/khantamgiare.com\/en\/wp-json\/wp\/v2\/product"}],"about":[{"href":"https:\/\/khantamgiare.com\/en\/wp-json\/wp\/v2\/types\/product"}],"replies":[{"embeddable":true,"href":"https:\/\/khantamgiare.com\/en\/wp-json\/wp\/v2\/comments?post=4378"}],"wp:featuredmedia":[{"embeddable":true,"href":"https:\/\/khantamgiare.com\/en\/wp-json\/wp\/v2\/media\/6209"}],"wp:attachment":[{"href":"https:\/\/khantamgiare.com\/en\/wp-json\/wp\/v2\/media?parent=4378"}],"wp:term":[{"taxonomy":"product_cat","embeddable":true,"href":"https:\/\/khantamgiare.com\/en\/wp-json\/wp\/v2\/product_cat?post=4378"},{"taxonomy":"product_tag","embeddable":true,"href":"https:\/\/khantamgiare.com\/en\/wp-json\/wp\/v2\/product_tag?post=4378"}],"curies":[{"name":"wp","href":"https:\/\/api.w.org\/{rel}","templated":true}]}}