{"id":4405,"date":"2023-06-29T08:36:30","date_gmt":"2023-06-29T08:36:30","guid":{"rendered":"http:\/\/khantam.h193.dpsmedia.vn\/san-pham\/bang-do-tinh-japan-shop-heathy-beauty\/"},"modified":"2023-07-23T17:44:07","modified_gmt":"2023-07-23T17:44:07","slug":"bang-do-tinh-japan-shop-heathy-beauty","status":"publish","type":"product","link":"https:\/\/khantamgiare.com\/en\/bang-do-tinh-japan-shop-heathy-beauty\/","title":{"rendered":"Tape Dollar, Japanese Shop Heathy &amp; Beauty"},"content":{"rendered":"<p><strong>Product name<\/strong>: B\u0103ng \u0110\u00f4 T\u00ecnh Japan Shop Heathy &amp; Beauty<\/p>\n<p><b>Size:\u00a0<\/b>10x62cm<\/p>\n<p><strong>Color:<\/strong> White<\/p>\n<p><strong>Manufacturer<\/strong>:\u00a0<a href=\"https:\/\/khantamgiare.com\/en\/\" data-wpel-link=\"internal\">Towels Cheap<\/a><\/p>\n<p><strong>Fiber<\/strong>: Microfiber<\/p>\n<p><strong>Status<\/strong>: Available SLL<\/p>\n<p>Embroidery, embossed logo on a towel as required.<\/p>\n<p>Refer to the product <a href=\"https:\/\/khantamgiare.com\/en\/bang-do\/\"><strong>tape dollar<\/strong><\/a>...<strong>\u00a0<\/strong>in order to have more choices of colors, different sizes.<\/p>\n<h2>Hi\u0300nh a\u0309nh B\u0103ng \u0110\u00f4 T\u00ecnh Japan Shop Heathy &amp; Beauty<\/h2>\n<p><img decoding=\"async\" class=\"size-full wp-image-5117 aligncenter\" src=\"https:\/\/khantamgiare.com\/wp-content\/uploads\/2022\/07\/Bang-Do-Tinh-Japan-Shop-Heathy-Beauty-1.jpg\" alt=\" width=\" height=\"500\" title=\"\"> <img decoding=\"async\" class=\"size-full wp-image-5118 aligncenter\" src=\"https:\/\/khantamgiare.com\/wp-content\/uploads\/2022\/07\/Bang-Do-Tinh-Japan-Shop-Heathy-Beauty-2.jpg\" alt=\" width=\" height=\"500\" title=\"\"> <img decoding=\"async\" class=\"size-full wp-image-5119 aligncenter\" src=\"https:\/\/khantamgiare.com\/wp-content\/uploads\/2022\/07\/Bang-Do-Tinh-Japan-Shop-Heathy-Beauty-3.jpg\" alt=\" width=\" height=\"500\" title=\"\"><\/p>","protected":false},"excerpt":{"rendered":"<p><b>Size:\u00a0<\/b>10x62cm<\/p>\n<p><strong>Color:<\/strong> White<\/p>\n<p><strong>Manufacturer<\/strong>:\u00a0<a href=\"https:\/\/khantamgiare.com\/en\/\" data-wpel-link=\"internal\">Towels Cheap<\/a><\/p>\n<p><strong>Fiber<\/strong>: Microfiber<\/p>\n<p><strong>Status<\/strong>: Available SLL<\/p>\n<p>Embroidery, embossed logo on a towel as required.<\/p>","protected":false},"featured_media":6312,"comment_status":"closed","ping_status":"open","template":"","meta":[],"product_cat":[47],"product_tag":[],"class_list":{"0":"post-4405","1":"product","2":"type-product","3":"status-publish","4":"has-post-thumbnail","6":"product_cat-bang-do","7":"pa_chat-lieu-microfiber","8":"pa_kich-thuoc-10cm-x-62-cm","9":"pa_mau-sac-trang","12":"instock","13":"product-type-simple"},"acf":[],"_links":{"self":[{"href":"https:\/\/khantamgiare.com\/en\/wp-json\/wp\/v2\/product\/4405","targetHints":{"allow":["GET"]}}],"collection":[{"href":"https:\/\/khantamgiare.com\/en\/wp-json\/wp\/v2\/product"}],"about":[{"href":"https:\/\/khantamgiare.com\/en\/wp-json\/wp\/v2\/types\/product"}],"replies":[{"embeddable":true,"href":"https:\/\/khantamgiare.com\/en\/wp-json\/wp\/v2\/comments?post=4405"}],"wp:featuredmedia":[{"embeddable":true,"href":"https:\/\/khantamgiare.com\/en\/wp-json\/wp\/v2\/media\/6312"}],"wp:attachment":[{"href":"https:\/\/khantamgiare.com\/en\/wp-json\/wp\/v2\/media?parent=4405"}],"wp:term":[{"taxonomy":"product_cat","embeddable":true,"href":"https:\/\/khantamgiare.com\/en\/wp-json\/wp\/v2\/product_cat?post=4405"},{"taxonomy":"product_tag","embeddable":true,"href":"https:\/\/khantamgiare.com\/en\/wp-json\/wp\/v2\/product_tag?post=4405"}],"curies":[{"name":"wp","href":"https:\/\/api.w.org\/{rel}","templated":true}]}}