{"id":4503,"date":"2023-06-29T08:56:52","date_gmt":"2023-06-29T08:56:52","guid":{"rendered":"http:\/\/khantam.h193.dpsmedia.vn\/san-pham\/td-hint-hair-cademy\/"},"modified":"2023-07-23T17:44:30","modified_gmt":"2023-07-23T17:44:30","slug":"td-hint-hair-cademy","status":"publish","type":"product","link":"https:\/\/khantamgiare.com\/en\/td-hint-hair-cademy\/","title":{"rendered":"TD \u2013 HINT HAIR CADEMY"},"content":{"rendered":"<p><strong>Product name<\/strong>: TD \u2013 HINT HAIR CADEMY<\/p>\n<p><b>Material:\u00a0<\/b>Cotton<\/p>\n<p><strong>Color:<\/strong> Black<\/p>\n<p><strong>Manufacturer<\/strong>:\u00a0<a href=\"https:\/\/khantamgiare.com\/en\/\" data-wpel-link=\"internal\">Towels Cheap<\/a><\/p>\n<p><b>Size:\u00a0<\/b>S, M, L, XL, XXL, XXXL<\/p>\n<p><strong>Status<\/strong>: Available SLL<\/p>\n<p>Embroidered logo on the uniform as required.<\/p>\n<p>Refer to the product\u00a0<strong><a href=\"https:\/\/khantamgiare.com\/en\/tap-de\/\" data-wpel-link=\"internal\">apron uniform<\/a><\/strong>...<strong>\u00a0<\/strong>in order to have more choices of colors, different sizes.<\/p>\n<h2>Hi\u0300nh a\u0309nh TTD \u2013 HINT HAIR CADEMY<\/h2>\n<p><img decoding=\"async\" class=\"size-full wp-image-5658 aligncenter\" src=\"https:\/\/khantamgiare.com\/wp-content\/uploads\/2022\/08\/TD-\u2013-HINT-HAIR-CADEMY-1.jpg\" alt=\" width=\" height=\"500\" title=\"\"> <img decoding=\"async\" class=\"size-full wp-image-5659 aligncenter\" src=\"https:\/\/khantamgiare.com\/wp-content\/uploads\/2022\/08\/TD-\u2013-HINT-HAIR-CADEMY-2.jpg\" alt=\" width=\" height=\"500\" title=\"\"> <img decoding=\"async\" class=\"size-full wp-image-5660 aligncenter\" src=\"https:\/\/khantamgiare.com\/wp-content\/uploads\/2022\/08\/TD-\u2013-HINT-HAIR-CADEMY-3.jpg\" alt=\" width=\" height=\"500\" title=\"\"> <img decoding=\"async\" class=\"size-full wp-image-5661 aligncenter\" src=\"https:\/\/khantamgiare.com\/wp-content\/uploads\/2022\/08\/TD-\u2013-HINT-HAIR-CADEMY-4.jpg\" alt=\" width=\" height=\"500\" title=\"\"><\/p>","protected":false},"excerpt":{"rendered":"<p><b>Material:\u00a0<\/b>Cotton<\/p>\n<p><strong>Color:<\/strong> Black<\/p>\n<p><strong>Manufacturer<\/strong>:\u00a0<a href=\"https:\/\/khantamgiare.com\/en\/\" data-wpel-link=\"internal\">Towels Cheap<\/a><\/p>\n<p><b>Size:\u00a0<\/b>S, M, L, XL, XXL, XXXL<\/p>\n<p><strong>Status<\/strong>: Available SLL<\/p>\n<p>Th\u00eau logo l\u00ean \u0111\u1ed3ng ph\u1ee5c theo y\u00eau c\u00e2\u0300u<\/p>","protected":false},"featured_media":6720,"comment_status":"closed","ping_status":"open","template":"","meta":[],"product_cat":[81],"product_tag":[],"class_list":{"0":"post-4503","1":"product","2":"type-product","3":"status-publish","4":"has-post-thumbnail","6":"product_cat-tap-de","7":"pa_chat-lieu-cotton","8":"pa_mau-sac-den","9":"pa_size-l","10":"pa_size-m","11":"pa_size-s","12":"pa_size-xl","13":"pa_size-xll","14":"pa_size-xxl","15":"pa_size-xxxl","18":"instock","19":"product-type-simple"},"acf":[],"_links":{"self":[{"href":"https:\/\/khantamgiare.com\/en\/wp-json\/wp\/v2\/product\/4503","targetHints":{"allow":["GET"]}}],"collection":[{"href":"https:\/\/khantamgiare.com\/en\/wp-json\/wp\/v2\/product"}],"about":[{"href":"https:\/\/khantamgiare.com\/en\/wp-json\/wp\/v2\/types\/product"}],"replies":[{"embeddable":true,"href":"https:\/\/khantamgiare.com\/en\/wp-json\/wp\/v2\/comments?post=4503"}],"wp:featuredmedia":[{"embeddable":true,"href":"https:\/\/khantamgiare.com\/en\/wp-json\/wp\/v2\/media\/6720"}],"wp:attachment":[{"href":"https:\/\/khantamgiare.com\/en\/wp-json\/wp\/v2\/media?parent=4503"}],"wp:term":[{"taxonomy":"product_cat","embeddable":true,"href":"https:\/\/khantamgiare.com\/en\/wp-json\/wp\/v2\/product_cat?post=4503"},{"taxonomy":"product_tag","embeddable":true,"href":"https:\/\/khantamgiare.com\/en\/wp-json\/wp\/v2\/product_tag?post=4503"}],"curies":[{"name":"wp","href":"https:\/\/api.w.org\/{rel}","templated":true}]}}