{"id":4638,"date":"2023-06-29T15:27:32","date_gmt":"2023-06-29T15:27:32","guid":{"rendered":"http:\/\/khantam.h193.dpsmedia.vn\/?page_id=4638"},"modified":"2024-04-26T10:07:23","modified_gmt":"2024-04-26T03:07:23","slug":"chinh-sach-mua-hang","status":"publish","type":"page","link":"https:\/\/khantamgiare.com\/ja\/chinh-sach-mua-hang\/","title":{"rendered":"\u8cfc\u8cb7\u65b9\u91dd"},"content":{"rendered":"<figure class=\"wp-block-image size-full\"><img loading=\"lazy\" decoding=\"async\" width=\"850\" height=\"500\" class=\"wp-image-4644\" src=\"http:\/\/khantamgiare.com\/wp-content\/uploads\/2023\/06\/chinh-sach-mua-hang.jpg\" alt=\"\" title=\"\"><\/figure>\r\n\r\n\r\n\r\n<p>\u8cfc\u8cb7\u65b9\u91dd\u3067\u30ab\u30f3\u30ca\u30e0\u30cf\u30a4\u30d5\u30a9\u30f3<\/p>\r\n\r\n\r\n\r\n<p>\u30a8\u30fc\u30b8\u30a7\u30f3\u30c8:\u5fc5\u8981\u306a\u76f4\u63a5\u3001\u4f1a\u793e\u306e\u6295\u8cc7\u30a2\u30c9\u30d0\u30a4\u30b9\u3092\u76f4\u63a5\u306b\u3088\u3063\u3066\u3001\u30cb\u30fc\u30ba\u3068\u653f\u7b56\u306b\u6cbf\u3063\u305f\u3002 \u96fb\u8a71\u00a0<a href=\"tel:0934150780\">093 415 07 80<\/a>\u00a0(<a href=\"https:\/\/www.facebook.com\/nhunglekhannamphong\" target=\"_blank\" rel=\"noreferrer noopener nofollow\">Nhung\u30eb<\/a>\u306b\u3064\u3044\u3066\u8aac\u660e\u3057\u307e\u3059\u3002<\/p>\r\n\r\n\r\n\r\n<p>\u2013\u30d7\u30ed\u30b8\u30a7\u30af\u30c8:\u30a2\u30af\u30c6\u30a3\u30d6\u306f\u3001\u30b5\u30f3\u30d7\u30ebKH\u3001\u304a\u5ba2\u69d8\u306e\u30ad\u30fc\u7d20\u6750\uff06\u4fa1\u683c\u3001\u305d\u306e\u5f8c\u306e\u95b2\u89a7\u30b5\u30f3\u30d7\u30eb\u63d0\u4f9b\u306b\u56f0\u96e3\u3002<\/p>\r\n\r\n\r\n\r\n<p>\u2013\u500b\u4eba\u306e\u304a\u5ba2\u3055\u307e\u73fe\u5728\u3001\u5f53\u793e\u306e\u8ca9\u58f2\u306f\u884c\u3044\u307e\u305b\u3093\u306e\u5c0f\u58f2\u306e\u4f1a\u793e\u3067\u306e\u67d4\u8edf\u6027\u3068\u306f\u3042\u307e\u308a\u3044\u3089\u306a\u3044\u3057\u5c0f\u3055\u968e\u00a0<strong>E\u30b3\u30de\u30fc\u30b9<\/strong>\u00a0\u3068\u3057\u3066\u00a0<a href=\"https:\/\/tiki.vn\/thuong-hieu\/khan-nam-phong.html\" target=\"_blank\" rel=\"noreferrer noopener nofollow\">Tiki<\/a>\u00a0\u2013\u00a0<a href=\"https:\/\/shopee.vn\/namphongkhan\" target=\"_blank\" rel=\"noreferrer noopener nofollow\">Shopee<\/a>\u00a0\u53c8\u306f\u30e1\u30c3\u30bb\u30fc\u30b8\u00a0<a href=\"https:\/\/www.facebook.com\/khannamphong\/\" target=\"_blank\" rel=\"noreferrer noopener nofollow\">www.facebook.com\/khannamphong\/<\/a>\u00a0\u2013\u00a0<a href=\"https:\/\/www.facebook.com\/KhanNamPhong.HaNoi\" target=\"_blank\" rel=\"noreferrer noopener nofollow\">https:\/\/www.facebook.com\/KhanNamPhong.HaNoi<\/a>\u00a0\u624b\u3092\u9001\u308a\u306e\u5546\u54c1\u3067\u3059\u3002<\/p>\r\n\r\n\r\n\r\n<p>\u53c2\u7167\u30e2\u30c7\u30eb\u306b\u3088\u308b\u30ca\u30e0\u30cf\u30a4\u30d5\u30a9\u30f3:\u00a0<a href=\"https:\/\/khantamgiare.com\/ja\/khan-spa\/\">\u30bf\u30aa\u30eb\u30b9\u30d1\u30d7\u30ec\u30df\u30a2\u30e0<\/a>\u00a0\u2013\u00a0<a href=\"https:\/\/khantamgiare.com\/ja\/khan-khach-san\/\">\u30db\u30c6\u30eb\u30bf\u30aa\u30eb\u306e\u5378\u58f2\u4fa1\u683c<\/a>\u00a0\u2013\u00a0<a href=\"https:\/\/khantamgiare.com\/ja\/khan-qua-tang\/\">\u30bf\u30aa\u30eb\u30ae\u30d5\u30c8<\/a>\u00a0\u2013\u00a0<a href=\"https:\/\/khantamgiare.com\/ja\/dong-phuc-spa\/\">\u30b9\u30d1\u30e6\u30cb\u30d5\u30a9\u30fc\u30e0<\/a>\u00a0\u2013\u00a0<a href=\"https:\/\/khantamgiare.com\/ja\/ao-choang-tam\/\">\u30d0\u30b9\u30ed\u30fc\u30d6\u306e\u30db\u30c6\u30eb<\/a>\u00a0\u2013\u00a0<a href=\"https:\/\/khantamgiare.com\/ja\/khan-the-thao\/\">\u30b9\u30dd\u30fc\u30c4\u30bf\u30aa\u30eb<\/a>\u00a0\u2013\u00a0<a href=\"https:\/\/khantamgiare.com\/ja\/vay-quay\/\">\u670d\u6628\u5e74\u306b\u7d9a<\/a>\u00a0\u2013\u00a0<a href=\"https:\/\/khantamgiare.com\/ja\/bang-do\/\">\u30c6\u30fc\u30d7\u30c9\u30eb<\/a>\u00a0\u2013\u00a0<a href=\"https:\/\/khantamgiare.com\/ja\/tham-chan-khach-san\/\">\u30ab\u30fc\u30da\u30c3\u30c8\u306e\u30db\u30c6\u30eb<\/a>\u00a0\u2013\u00a0<a href=\"https:\/\/khantamgiare.com\/ja\/ga-giuong-spa\/\">\u30d9\u30c3\u30c9\u30b7\u30fc\u30c8\u30b9\u30d1<\/a>\u00a0\u2013\u00a0<a href=\"https:\/\/khantamgiare.com\/ja\/giuong-spa\/\">\u30b9\u30d1\u30d9\u30c3\u30c9<\/a><\/p>\r\n\r\n\r\n\r\n<p>\u304a\u5ba2\u69d8\u304c\u898b\u305f\u3044\u30b9\u30ab\u30fc\u30d5\u306e\u30d1\u30bf\u30fc\u30f3\u3092\u6c7a\u5b9a\u3057\u30013\u3064\u306e\u65b9\u6cd5\u304c\u3042\u308a\u307e\u3059\uff1a<\/p>\r\n\r\n\r\n\r\n<p><em>\u2013\u5f93\u696d\u54e1\u306e\u4f1a\u793e\u3092\u30ab\u30a6\u30f3\u30bb\u30ea\u30f3\u30b0<\/em><\/p>\r\n\r\n\r\n\r\n<p><em>\u9001\u4fe1\u30b0\u30e9\u30d6\u306e\u304a\u5ba2\u69d8\u3078\u306e\u30b5\u30a4\u30b4\u30f3<\/em><\/p>\r\n\r\n\r\n\r\n<p><em>\u9001\u4fe1\u5f8c\u3001\u304a\u5ba2\u69d8\u306e\u5dde<\/em><\/p>\r\n\r\n\r\n\r\n<p>\u306b\u3088\u3063\u3066\u306f\u3001\u306b\u3088\u308a\u767a\u751f\u3057\u305f\u3044\u304b\u306a\u308b\u5834\u6240\u306e\u4f4f\u6240\u3001\u5730\u7406\u7684\u306a\u5834\u6240\u3001\u305d\u3057\u3066\u30ab\u30f3\u7537\u6027-\u30b9\u30bf\u30a4\u30eb\u306b\u304a\u3044\u3066\u00a0<a href=\"https:\/\/khantamgiare.com\/ja\/chinh-sach-doi-tra\/\">\u8fd4\u54c1\u30dd\u30ea\u30b7\u30fc<\/a>\u00a0\u652f\u63f4\u3042\u308a\u307e\u3059\u3002<\/p>\r\n\r\n\r\n\r\n<p>\u307e\u305f\u305d\u306e\u30b3\u30df\u30e5\u30cb\u30b1\u30fc\u30b7\u30e7\u30f3\u306b\u30d3\u30b8\u30cd\u30b9\u6a5f\u4f1a\u306b\u5bc4\u4e0e\u3057\u3001\u3054\u610f\u898b\u3001\u3054\u9023\u7d61-\u304a\u554f\u3044\u5408\u308f\u305b\u304f\u3060\u3055\u3044\u3001\u4e0b\u8a18\u306e\u30a2\u30c9\u30ec\u30b9:<\/p>\r\n\r\n\r\n\r\n<p>A:268Thoai Ngoc Hau\u533a,Phu\u30f3\u30bf\u30a4\u30f3\u2013\u30bf\u30f3\u30d5\u30fc\u533a\u30db\u30fc\u30c1\u30df\u30f3\u5e02<\/p>","protected":false},"excerpt":{"rendered":"<p>Ch\u00ednh s\u00e1ch mua h\u00e0ng t\u1ea1i Khan Nam Phong \u2013 \u0110\u1ea1i L\u00fd: C\u1ea7n \u0111\u1ebfn tr\u1ef1c ti\u1ebfp c\u00f4ng ty \u0111\u1ec3 \u0111\u01b0\u1ee3c t\u01b0 v\u1ea5n tr\u1ef1c ti\u1ebfp, t\u00f9y theo nhu c\u1ea7u m\u00e0 c\u00f3 ch\u00ednh s\u00e1ch ph\u00f9 h\u1ee3p v\u1edbi t\u1eebng \u0111\u1ea1i l\u00fd. G\u1ecdi \u0111\u1ebfn\u00a0093 415 07 80\u00a0(Nhung L\u00ea) \u0111\u1ec3 hi\u1ec3u r\u00f5 h\u01a1n. \u2013 D\u1ef1 \u00e1n: Ch\u1ee7 \u0111\u1ed9ng mang M\u1eaaU \u0111\u1ebfn cho KH, sau khi kh\u00e1ch h\u00e0ng ch\u1ed1t ch\u1ea5t li\u1ec7u &amp; gi\u00e1 c\u1ea3 th\u00ec duy\u1ec7t m\u1eabu b\u1eaft \u0111\u1ea7u cung c\u1ea5p \u0111\u1ebfn KH. \u2013 Kh\u00e1ch l\u1ebb: Hi\u1ec7n c\u00f4ng ty kh\u00f4ng b\u00e1n l\u1ebb tr\u1ef1c ti\u1ebfp t\u1ea1i c\u00f4ng ty, nh\u01b0ng \u0111\u1ec3 linh \u0111\u1ed9ng v\u00e0 kh\u00f4ng m\u1ea5t nhi\u1ec1u th\u1eddi gian ch\u00fang t\u00f4i b\u00e1n l\u1ebb tr\u00ean c\u00e1c s\u00e0n\u00a0TH\u01af\u01a0NG M\u1ea0I \u0110I\u1ec6N T\u1eec\u00a0nh\u01b0\u00a0Tiki\u00a0\u2013\u00a0Shopee\u00a0ho\u1eb7c &hellip; <a href=\"https:\/\/khantamgiare.com\/ja\/chinh-sach-mua-hang\/\" class=\"more-link\">Continue reading <span class=\"screen-reader-text\">\u8cfc\u8cb7\u65b9\u91dd<\/span><\/a><\/p>","protected":false},"author":1,"featured_media":0,"parent":0,"menu_order":0,"comment_status":"closed","ping_status":"closed","template":"","meta":{"footnotes":""},"class_list":["post-4638","page","type-page","status-publish","hentry"],"acf":[],"_links":{"self":[{"href":"https:\/\/khantamgiare.com\/ja\/wp-json\/wp\/v2\/pages\/4638","targetHints":{"allow":["GET"]}}],"collection":[{"href":"https:\/\/khantamgiare.com\/ja\/wp-json\/wp\/v2\/pages"}],"about":[{"href":"https:\/\/khantamgiare.com\/ja\/wp-json\/wp\/v2\/types\/page"}],"author":[{"embeddable":true,"href":"https:\/\/khantamgiare.com\/ja\/wp-json\/wp\/v2\/users\/1"}],"replies":[{"embeddable":true,"href":"https:\/\/khantamgiare.com\/ja\/wp-json\/wp\/v2\/comments?post=4638"}],"version-history":[{"count":1,"href":"https:\/\/khantamgiare.com\/ja\/wp-json\/wp\/v2\/pages\/4638\/revisions"}],"predecessor-version":[{"id":13953,"href":"https:\/\/khantamgiare.com\/ja\/wp-json\/wp\/v2\/pages\/4638\/revisions\/13953"}],"wp:attachment":[{"href":"https:\/\/khantamgiare.com\/ja\/wp-json\/wp\/v2\/media?parent=4638"}],"curies":[{"name":"wp","href":"https:\/\/api.w.org\/{rel}","templated":true}]}}