{"id":4639,"date":"2023-06-29T15:27:31","date_gmt":"2023-06-29T15:27:31","guid":{"rendered":"http:\/\/khantam.h193.dpsmedia.vn\/?page_id=4639"},"modified":"2023-06-29T15:27:52","modified_gmt":"2023-06-29T15:27:52","slug":"chinh-sach-quy-dinh-chung","status":"publish","type":"page","link":"https:\/\/khantamgiare.com\/ja\/chinh-sach-quy-dinh-chung\/","title":{"rendered":"\u653f\u7b56\u7dcf\u5247"},"content":{"rendered":"<p>\u81f4\u3057\u307e\u3059&nbsp;<a href=\"https:\/\/khantamgiare.com\/ja\/\">\u30bf\u30aa\u30eb\u683c\u5b89<\/a><\/p>\n\n\n\n<p>\u3092\u5c02\u9580\u306b\u63d0\u4f9b\u3059\u308b\u88fd\u54c1\uff1a&nbsp;<a href=\"https:\/\/khantamgiare.com\/ja\/khan-khach-san\/\">\u30db\u30c6\u30eb\u30bf\u30aa\u30eb<\/a>,&nbsp;<a href=\"https:\/\/khantamgiare.com\/ja\/khan-spa\/\">\u30bf\u30aa\u30eb\u30b9\u30b9\u30d1<\/a>,&nbsp;<a href=\"https:\/\/khantamgiare.com\/ja\/khan-quan-tang\/\">\u30bf\u30aa\u30eb\u30ae\u30d5\u30c8<\/a>,&nbsp;<a href=\"https:\/\/khantamgiare.com\/ja\/dong-phuc-spa\/\">\u30b9\u30d1\u30e6\u30cb\u30d5\u30a9\u30fc\u30e0<\/a>...\u672c\u30b5\u30a4\u30c8\u306e\u3054\u5229\u7528\u306b\u969b\u3057\u3001\u3054\u540c\u610f\u3059\u308b\u3053\u3068\u304c\u3067\u304d\u308b\u3002<\/p>\n\n\n\n<p>\u30b5\u30a4\u30c8\u306e\u5909\u66f4\u3001\u4fee\u6b63\u3001\u8ffd\u52a0\u307e\u305f\u306f\u524a\u9664\u3059\u308b\u898f\u5236\u304a\u3088\u3073\u6761\u4ef6\u306b\u4f7f\u7528\u3057\u307e\u3059\u3002 \u306e\u5909\u5316\u3092\u76f4\u3061\u306b\u767a\u52b9\u306e\u5834\u5408\u5f0a\u793e\u30a6\u30a7\u30d6\u30b5\u30a4\u30c8\u306b\u63b2\u8f09\u3057\u3066\u3044\u307e\u305b\u3093\u3002 \u3068\u304d\u306f\u3001\u30a6\u30a7\u30d6\u30b5\u30a4\u30c8\u3092\u5229\u7528\u3057\u305f\u5f8c\u306e\u5909\u66f4\u898f\u5247\u3068\u6761\u4ef6\u306b\u3059\u308b\u3053\u3068\u3092\u610f\u5473\u3057\u3066\u3044\u307e\u305d\u308c\u305e\u308c\u306e\u30cb\u30fc\u30ba\u3084\u5909\u308f\u308a\u307e\u3059\u3002<\/p>\n\n\n\n<p><strong>\u8a73\u3057\u304f\u306f<\/strong>:&nbsp;<a href=\"https:\/\/khantamgiare.com\/ja\/chinh-sach-hoan-tien\/\">\u8fd4\u91d1\u65b9\u91dd<\/a>&nbsp;\u2013&nbsp;<a href=\"https:\/\/khantamgiare.com\/ja\/chinh-sach-mua-hang\/\">\u8cfc\u8cb7\u65b9\u91dd<\/a><\/p>\n\n\n\n<p>\u304f\u3060\u3055\u3044\u30c1\u30a7\u30c3\u30af\u3092\u5b9a\u671f\u7684\u306b\u66f4\u65b0\u3092\u5909\u66f4\u3057\u307e\u3059\u3002<\/p>\n\n\n\n<p>\u3059\u3079\u3066\u306e\u50b5\u6a29\u5185\u306e\u60c5\u5831\u3092\u3054\u9023\u7d61\u4e0b\u8a18\u306e\u30a2\u30c9\u30ec\u30b9:<\/p>\n\n\n\n<p>A:268thoai Ngoc hau,Phu Thanh,Tan Phu\u3001\u30db\u30fc\u30c1\u30df\u30f3\u5e02<\/p>\n\n\n\n<p>M:KhanNamPhong@Gmail.Com<\/p>\n\n\n\n<p>P:&nbsp;<a href=\"tel:0903367867\">0903 367 867<\/a><\/p>\n\n\n\n<p>W:&nbsp;<a href=\"https:\/\/khantamgiare.com\/ja\/\">KhanTamGiaRe.Com<\/a><\/p>","protected":false},"excerpt":{"rendered":"<p>Ch\u00e0o m\u1eebng qu\u00fd kh\u00e1ch \u0111\u1ebfn v\u1edbi&nbsp;Kh\u0103n T\u1eafm Gi\u00e1 R\u1ebb Ch\u00fang t\u00f4i chuy\u00ean cung c\u1ea5p c\u00e1c s\u1ea3n ph\u1ea9m:&nbsp;Kh\u0103n kh\u00e1ch s\u1ea1n,&nbsp;Kh\u0103n spa,&nbsp;Kh\u0103n qu\u00e0 t\u1eb7ng,&nbsp;\u0110\u1ed3ng ph\u1ee5c spa\u2026Khi qu\u00fd kh\u00e1ch truy c\u1eadp v\u00e0o trang web c\u1ee7a ch\u00fang t\u00f4i c\u00f3 ngh\u0129a l\u00e0 qu\u00fd kh\u00e1ch \u0111\u1ed3ng \u00fd v\u1edbi c\u00e1c \u0111i\u1ec1u kho\u1ea3n n\u00e0y. Trang web c\u00f3 quy\u1ec1n thay \u0111\u1ed5i, ch\u1ec9nh s\u1eeda, th\u00eam ho\u1eb7c l\u01b0\u1ee3c b\u1ecf b\u1ea5t k\u1ef3 ph\u1ea7n n\u00e0o trong Quy \u0111\u1ecbnh v\u00e0 \u0110i\u1ec1u ki\u1ec7n s\u1eed d\u1ee5ng, v\u00e0o b\u1ea5t c\u1ee9 l\u00fac n\u00e0o. C\u00e1c thay \u0111\u1ed5i c\u00f3 hi\u1ec7u l\u1ef1c ngay khi \u0111\u01b0\u1ee3c \u0111\u0103ng tr\u00ean trang web m\u00e0 kh\u00f4ng c\u1ea7n th\u00f4ng b\u00e1o tr\u01b0\u1edbc. V\u00e0 khi qu\u00fd kh\u00e1ch ti\u1ebfp t\u1ee5c s\u1eed d\u1ee5ng trang web, sau khi c\u00e1c thay \u0111\u1ed5i v\u1ec1 &hellip; <a href=\"https:\/\/khantamgiare.com\/ja\/chinh-sach-quy-dinh-chung\/\" class=\"more-link\">Continue reading <span class=\"screen-reader-text\">\u653f\u7b56\u7dcf\u5247<\/span><\/a><\/p>","protected":false},"author":1,"featured_media":0,"parent":0,"menu_order":0,"comment_status":"closed","ping_status":"closed","template":"","meta":{"footnotes":""},"class_list":["post-4639","page","type-page","status-publish","hentry"],"acf":[],"_links":{"self":[{"href":"https:\/\/khantamgiare.com\/ja\/wp-json\/wp\/v2\/pages\/4639","targetHints":{"allow":["GET"]}}],"collection":[{"href":"https:\/\/khantamgiare.com\/ja\/wp-json\/wp\/v2\/pages"}],"about":[{"href":"https:\/\/khantamgiare.com\/ja\/wp-json\/wp\/v2\/types\/page"}],"author":[{"embeddable":true,"href":"https:\/\/khantamgiare.com\/ja\/wp-json\/wp\/v2\/users\/1"}],"replies":[{"embeddable":true,"href":"https:\/\/khantamgiare.com\/ja\/wp-json\/wp\/v2\/comments?post=4639"}],"version-history":[{"count":0,"href":"https:\/\/khantamgiare.com\/ja\/wp-json\/wp\/v2\/pages\/4639\/revisions"}],"wp:attachment":[{"href":"https:\/\/khantamgiare.com\/ja\/wp-json\/wp\/v2\/media?parent=4639"}],"curies":[{"name":"wp","href":"https:\/\/api.w.org\/{rel}","templated":true}]}}