{"id":4640,"date":"2023-06-29T15:27:42","date_gmt":"2023-06-29T15:27:42","guid":{"rendered":"http:\/\/khantam.h193.dpsmedia.vn\/?page_id=4640"},"modified":"2024-04-26T09:21:37","modified_gmt":"2024-04-26T02:21:37","slug":"chinh-sach-hoan-tien","status":"publish","type":"page","link":"https:\/\/khantamgiare.com\/ja\/chinh-sach-hoan-tien\/","title":{"rendered":"\u8fd4\u91d1\u65b9\u91dd"},"content":{"rendered":"<p>\u306b\u53c2\u52a0\u3067\u304d\u308b\u54c1\u8cea\u306e\u88fd\u54c1\u3092\u4f53\u9a13\u3067\u6700\u9ad8\u306e\u30b5\u30fc\u30d3\u30b9\u306e\u6109\u3057\u307f\u3002 \u304c\u4e0d\u53ef\u6b20\u306a\u6b20\u9665\u304c\u5b58\u5728\u3059\u308b\u3002 \u304a\u8fd4\u9084\u307e\u305f\u306f\u8fd4\u54c1\u306f\u3001\u4ee5\u4e0b\u306e\u5834\u5408:<\/p>\r\n\r\n\r\n\r\n<p>\u2013\u4e0d\u826f\u54c1\u304b\u3068\u304a\u5ba2\u69d8\u306e\u5143\u3078\u5c4a\u3051\u3089\u308c\u3001\u305d\u306e\u5f8cKH\u76f4\u3061\u306b\u5831\u544a\u3092\u3057\u3066\u304f\u3060\u3055CO\u64a4\u9000\u306e\u30a8\u30e9\u30fc\u5fa9\u5e30SP\u65b0\u3057\u3044\u54c1\u8ceaKH. (<a href=\"https:\/\/khantamgiare.com\/ja\/khan-spa\/\">\u30bf\u30aa\u30eb\u30b9\u30b9\u30d1<\/a>,\u00a0<a href=\"https:\/\/khantamgiare.com\/ja\/khan-khach-san\/\">\u30db\u30c6\u30eb\u30bf\u30aa\u30eb<\/a>,\u00a0<a href=\"https:\/\/khantamgiare.com\/ja\/khan-qua-tang\/\">\u30bf\u30aa\u30eb\u30ae\u30d5\u30c8<\/a>,\u00a0<a href=\"https:\/\/khantamgiare.com\/ja\/dong-phuc-spa\/\">\u30b9\u30d1\u30e6\u30cb\u30d5\u30a9\u30fc\u30e0<\/a>)<\/p>\r\n\r\n\r\n\r\n<p>\u304c\u3067\u304d\u308b\u88fd\u54c1\u3067\u306f\u3054\u3056\u3044\u307e\u305b\u3093\u3002\u6a29\u306e\u8cea\u3068\u3057\u3066\u306e\u5074\u9762\u3067\u306e\u4ea4\u6d41\u306e\u304a\u5ba2\u69d8\u306e\u6ce8\u6587\u306e\u53d6\u6d88\u307e\u305f\u306f\u623bSP\u53f3\u308a\u307e\u3059\u306e\u3067\u3001\u5f53\u30e6\u30cb\u30c3\u30c8\u306e\u5831\u916c\u5951\u7d04\u306f50%\u3067\u3057\u305f\u3002<\/p>\r\n\r\n\r\n\r\n<p>\u2013\u5909\u5316\u306e\u914d\u9001\u6642\u306b\u914d\u9001\u306b\u3088\u308a\u304a\u5ba2\u69d8\u306e\u8981\u6c42<\/p>\r\n\r\n\r\n\r\n<p>\u8a73\u7d30\uff1a\u00a0<a href=\"https:\/\/khantamgiare.com\/ja\/bao-mat-thong-tin\/\">\u30d7\u30e9\u30a4\u30d0\u30b7\u30fc\u65b9\u91dd<\/a>\u00a0\u2013\u00a0<a href=\"https:\/\/khantamgiare.com\/ja\/hinh-thuc-thanh-toan\/\">\u652f\u6255\u3044\u65b9\u6cd5<\/a><\/p>\r\n\r\n\r\n\r\n<p>N\u1ebfu c\u00f3 b\u1ea5t k\u00ec s\u1ef1 kh\u00f4ng h\u00e0i l\u00f2ng s\u1ea3n ph\u1ea9m c\u0169ng nh\u01b0 g\u00f3p \u00fd v\u1ec1 s\u1ea3n ph\u1ea9m th\u00ec b\u1ea1n c\u00f3 th\u1ec3\u00a0li\u00ean h\u1ec7\u00a0v\u1edbi ch\u00fang t\u00f4i \u0111\u1ecba ch\u1ec9 b\u00ean d\u01b0\u1edbi<\/p>\r\n\r\n\r\n\r\n<p>A:\u30db\u30fc\u30c1\u30df\u30f3\u5e02\uff1a268thoai Ngoc hau,Phu Thanh,Tan Phu\u3001\u30db\u30fc\u30c1\u30df\u30f3\u5e02<\/p>\r\n\r\n\r\n\r\n<p>M:\u00a0KhanNamPhong@Gmail.Com<\/p>\r\n\r\n\r\n\r\n<p>P:\u00a0<a href=\"tel:0903367867\">0903 367 867<\/a><\/p>\r\n\r\n\r\n\r\n<p>W:\u00a0<a href=\"https:\/\/khantamgiare.com\/ja\/\">KhanTamGiaRe.Com<\/a><\/p>","protected":false},"excerpt":{"rendered":"<p>Mong mu\u1ed1n mang \u0111\u1ebfn s\u1ea3n ph\u1ea9m ch\u1ea5t l\u01b0\u1ee3ng tr\u1ea3i nghi\u1ec7m d\u1ecbch v\u1ee5 t\u1ed1t nh\u1ea5t l\u00e0 ni\u1ec1m vinh h\u1ea1nh c\u1ee7a ch\u00fang t\u00f4i. Nh\u01b0ng kh\u00f4ng th\u1ec3 thi\u1ebfu nh\u1eefng sai s\u00f3t. V\u00e0 ch\u00fang t\u00f4i xin \u0111\u01b0\u1ee3c ho\u00e0n ti\u1ec1n khi ho\u1eb7c \u0111\u1ed5i tr\u1ea3 s\u1ea3n ph\u1ea9m trong c\u00e1c tr\u01b0\u1eddng h\u1ee3p sau: \u2013 S\u1ea3n ph\u1ea9m l\u1ed7i t\u1eeb ph\u00eda ch\u00fang t\u00f4i m\u00e0 giao \u0111\u1ebfn tay kh\u00e1ch h\u00e0ng th\u00ec KH b\u00e1o ngay v\u1edbi ch\u00fang t\u00f4i \u0111\u1ec3 CTY thu h\u1ed3i h\u00e0ng l\u1ed7i \u0111\u1ed5i l\u1ea1i SP m\u1edbi ch\u1ea5t l\u01b0\u1ee3ng \u0111\u1ebfn KH. (Kh\u0103n spa,\u00a0kh\u0103n kh\u00e1ch s\u1ea1n,\u00a0kh\u0103n qu\u00e0 t\u1eb7ng,\u00a0\u0111\u1ed3ng ph\u1ee5c spa) \u2013 N\u1ebfu s\u1ea3n ph\u1ea9m kh\u00f4ng \u0111\u00fang ch\u1ea5t l\u01b0\u1ee3ng nh\u01b0 nh\u1eefng g\u00ec hai b\u00ean trao \u0111\u1ed5i kh\u00e1ch h\u00e0ng c\u00f3 quy\u1ec1n h\u1ee7y b\u1ecf &hellip; <a href=\"https:\/\/khantamgiare.com\/ja\/chinh-sach-hoan-tien\/\" class=\"more-link\">Continue reading <span class=\"screen-reader-text\">\u8fd4\u91d1\u65b9\u91dd<\/span><\/a><\/p>","protected":false},"author":1,"featured_media":0,"parent":0,"menu_order":0,"comment_status":"closed","ping_status":"closed","template":"","meta":{"footnotes":""},"class_list":["post-4640","page","type-page","status-publish","hentry"],"acf":[],"_links":{"self":[{"href":"https:\/\/khantamgiare.com\/ja\/wp-json\/wp\/v2\/pages\/4640","targetHints":{"allow":["GET"]}}],"collection":[{"href":"https:\/\/khantamgiare.com\/ja\/wp-json\/wp\/v2\/pages"}],"about":[{"href":"https:\/\/khantamgiare.com\/ja\/wp-json\/wp\/v2\/types\/page"}],"author":[{"embeddable":true,"href":"https:\/\/khantamgiare.com\/ja\/wp-json\/wp\/v2\/users\/1"}],"replies":[{"embeddable":true,"href":"https:\/\/khantamgiare.com\/ja\/wp-json\/wp\/v2\/comments?post=4640"}],"version-history":[{"count":2,"href":"https:\/\/khantamgiare.com\/ja\/wp-json\/wp\/v2\/pages\/4640\/revisions"}],"predecessor-version":[{"id":13936,"href":"https:\/\/khantamgiare.com\/ja\/wp-json\/wp\/v2\/pages\/4640\/revisions\/13936"}],"wp:attachment":[{"href":"https:\/\/khantamgiare.com\/ja\/wp-json\/wp\/v2\/media?parent=4640"}],"curies":[{"name":"wp","href":"https:\/\/api.w.org\/{rel}","templated":true}]}}