{"id":4641,"date":"2023-06-29T15:29:18","date_gmt":"2023-06-29T15:29:18","guid":{"rendered":"http:\/\/khantam.h193.dpsmedia.vn\/?page_id=4641"},"modified":"2024-04-26T09:39:44","modified_gmt":"2024-04-26T02:39:44","slug":"doi-tac-dai-ly","status":"publish","type":"page","link":"https:\/\/khantamgiare.com\/ja\/doi-tac-dai-ly\/","title":{"rendered":"\u30d1\u30fc\u30c8\u30ca\u30fc\u5264"},"content":{"rendered":"<p>\u3081\u307e\u3044\u306a\u3069\u4e8b\u696d\u304c\u30b9\u30bf\u30fc\u30c8\u304c\u5fc5\u8981\u306a\u5de5\u5834\u306b\u306a\u30ec\u30d9\u30eb1\u5264\u3092\u53d6\u5f97\u3057\u3001\u88fd\u54c1<a href=\"https:\/\/khantamgiare.com\/ja\/khan-spa\/\">\u30bf\u30aa\u30eb\u30b9\u30b9\u30d1<\/a>\u00a0\u2013\u00a0<a href=\"https:\/\/khantamgiare.com\/ja\/khan-khach-san\/\">\u30db\u30c6\u30eb\u30bf\u30aa\u30eb<\/a>\u00a0\u2013\u00a0<a href=\"https:\/\/khantamgiare.com\/ja\/khan-qua-tang\/\">\u30bf\u30aa\u30eb\u30ae\u30d5\u30c8<\/a>\u00a0\u2013\u00a0<a href=\"https:\/\/khantamgiare.com\/ja\/dong-phuc-spa\/\">\u30b9\u30d1\u30e6\u30cb\u30d5\u30a9\u30fc\u30e0<\/a>\u30d9\u30b9\u30c8\u4fa1\u683c\u3001\u305d\u3057\u3066<\/p>\r\n\r\n\r\n\r\n<p>\u30c7\u30a3\u30fc\u30e9\u30fc:\u5fc5\u8981\u306a\u76f4\u63a5\u3001\u4f1a\u793e\u306e\u6295\u8cc7\u30a2\u30c9\u30d0\u30a4\u30b9\u3092\u76f4\u63a5\u306b\u3088\u3063\u3066\u3001\u30cb\u30fc\u30ba\u3068\u653f\u7b56\u306b\u6cbf\u3063\u305f\u3002 \u96fb\u8a71\u00a0<a href=\"tel:0934150780\">093 415 07 80<\/a>\u00a0(<a href=\"https:\/\/www.facebook.com\/nhunglekhannamphong\" target=\"_blank\" rel=\"noreferrer noopener nofollow\">Nhung\u30eb<\/a>\u306b\u3064\u3044\u3066\u8aac\u660e\u3057\u307e\u3059\u3002\u00a0<\/p>\r\n\r\n\r\n\r\n<p>\u8a73\u7d30\uff1a\u00a0<a href=\"https:\/\/khantamgiare.com\/ja\/chinh-sach-hoan-tien\/\">\u8fd4\u91d1\u65b9\u91dd<\/a>\u00a0\u2013\u00a0<a href=\"https:\/\/khantamgiare.com\/ja\/gioi-thieu\/\">\u306b\u3064\u3044\u3066<\/a><\/p>\r\n\r\n\r\n\r\n<p>A:268thoai Ngoc hau,Phu Thanh,Tan Phu\u3001\u30db\u30fc\u30c1\u30df\u30f3\u5e02<\/p>\r\n\r\n\r\n\r\n<p>M:\u00a0KhanNamPhong@Gmail.Com<\/p>\r\n\r\n\r\n\r\n<p>P:\u00a0<a href=\"tel:0903367867\">0903 367 867<\/a><\/p>\r\n\r\n\r\n\r\n<p>W:\u00a0<a href=\"https:\/\/khantamgiare.com\/ja\/\">KhanTamGiaRe.Com<\/a><\/p>","protected":false},"excerpt":{"rendered":"<p>\u0110\u1ed1i v\u1edbi b\u1ea1n \u0111ang mu\u1ed1n kh\u1edfi nghi\u1ec7p c\u1ea7n m\u1ed9t x\u01b0\u1edfng s\u1ea3n xu\u1ea5t l\u00e0m \u0111\u1ea1i l\u00fd c\u1ea5p 1 c\u1ee7a ch\u00fang t\u00f4i \u0111\u1ec3 l\u1ea5y s\u1ea3n ph\u1ea9m (Kh\u0103n spa\u00a0\u2013\u00a0kh\u0103n kh\u00e1ch s\u1ea1n\u00a0\u2013\u00a0kh\u0103n qu\u00e0 t\u1eb7ng\u00a0\u2013\u00a0\u0111\u1ed3ng ph\u1ee5c spa) gi\u00e1 t\u1ed1t nh\u1ea5t th\u00ec \u0110\u1ea1i L\u00fd: C\u1ea7n \u0111\u1ebfn tr\u1ef1c ti\u1ebfp c\u00f4ng ty \u0111\u1ec3 \u0111\u01b0\u1ee3c t\u01b0 v\u1ea5n tr\u1ef1c ti\u1ebfp, t\u00f9y theo nhu c\u1ea7u m\u00e0 c\u00f3 ch\u00ednh s\u00e1ch ph\u00f9 h\u1ee3p v\u1edbi t\u1eebng \u0111\u1ea1i l\u00fd. G\u1ecdi \u0111\u1ebfn\u00a0093 415 07 80\u00a0(Nhung L\u00ea) \u0111\u1ec3 hi\u1ec3u r\u00f5 h\u01a1n.\u00a0 \u0110\u1ecdc th\u00eam:\u00a0Ch\u00ednh s\u00e1ch ho\u00e0n ti\u1ec1n\u00a0\u2013\u00a0Gi\u1edbi thi\u1ec7u v\u1ec1 ch\u00fang t\u00f4i A: 268 Tho\u1ea1i Ng\u1ecdc H\u1ea7u, Ph\u00fa Th\u1ea1nh, T\u00e2n Ph\u00fa, Th\u00e0nh ph\u1ed1 H\u1ed3 Ch\u00ed Minh M:\u00a0KhanNamPhong@Gmail.Com P:\u00a00903 367 867 W:\u00a0KhanTamGiaRe.Com<\/p>","protected":false},"author":1,"featured_media":0,"parent":0,"menu_order":0,"comment_status":"closed","ping_status":"closed","template":"","meta":{"footnotes":""},"class_list":["post-4641","page","type-page","status-publish","hentry"],"acf":[],"_links":{"self":[{"href":"https:\/\/khantamgiare.com\/ja\/wp-json\/wp\/v2\/pages\/4641","targetHints":{"allow":["GET"]}}],"collection":[{"href":"https:\/\/khantamgiare.com\/ja\/wp-json\/wp\/v2\/pages"}],"about":[{"href":"https:\/\/khantamgiare.com\/ja\/wp-json\/wp\/v2\/types\/page"}],"author":[{"embeddable":true,"href":"https:\/\/khantamgiare.com\/ja\/wp-json\/wp\/v2\/users\/1"}],"replies":[{"embeddable":true,"href":"https:\/\/khantamgiare.com\/ja\/wp-json\/wp\/v2\/comments?post=4641"}],"version-history":[{"count":1,"href":"https:\/\/khantamgiare.com\/ja\/wp-json\/wp\/v2\/pages\/4641\/revisions"}],"predecessor-version":[{"id":13934,"href":"https:\/\/khantamgiare.com\/ja\/wp-json\/wp\/v2\/pages\/4641\/revisions\/13934"}],"wp:attachment":[{"href":"https:\/\/khantamgiare.com\/ja\/wp-json\/wp\/v2\/media?parent=4641"}],"curies":[{"name":"wp","href":"https:\/\/api.w.org\/{rel}","templated":true}]}}