{"id":4642,"date":"2023-06-29T15:29:43","date_gmt":"2023-06-29T15:29:43","guid":{"rendered":"http:\/\/khantam.h193.dpsmedia.vn\/?page_id=4642"},"modified":"2024-04-26T10:07:09","modified_gmt":"2024-04-26T03:07:09","slug":"hinh-thuc-thanh-toan","status":"publish","type":"page","link":"https:\/\/khantamgiare.com\/ja\/hinh-thuc-thanh-toan\/","title":{"rendered":"\u652f\u6255\u3044\u65b9\u6cd5"},"content":{"rendered":"<h2 id=\"h-ph\u01b0\u01a1ng-th\u1ee9c-thanh-toan\" class=\"wp-block-heading\"><strong>\u304a\u652f\u6255\u3044\u65b9\u6cd5<\/strong><\/h2>\r\n\r\n\r\n\r\n<p><em>\u2013\u3092\u96c6\u3081\u308b\u91d1\u92ad\u306e\u5c4b\u53f0\u306e\u8eca\u3067\u3001\u90f5\u4fbf\u5c40<\/em><\/p>\r\n\r\n\r\n\r\n<p><em>\u2013\u7d0d\u5165\u91d1\u3092<\/em><\/p>\r\n\r\n\r\n\r\n<p><em>\u2013\u914d\u9001<\/em><\/p>\r\n\r\n\r\n\r\n<p>\u3092\u53c2\u7167\u3057\u3066\u306e\u88fd\u54c1\uff1a\u00a0<a href=\"https:\/\/khantamgiare.com\/ja\/khan-spa\/\">\u30bf\u30aa\u30eb\u30b9\u30b9\u30d1<\/a>,\u00a0<a href=\"https:\/\/khantamgiare.com\/ja\/khan-khach-san\/\">\u30db\u30c6\u30eb\u30bf\u30aa\u30eb<\/a>,\u00a0<a href=\"https:\/\/khantamgiare.com\/ja\/khan-qua-tang\/\">\u30bf\u30aa\u30eb\u30ae\u30d5\u30c8<\/a>....<\/p>\r\n\r\n\r\n\r\n<p>\u8a73\u7d30\uff1a\u00a0<a href=\"https:\/\/khantamgiare.com\/ja\/chinh-sach-quy-dinh-chung\/\">\u4e00\u822c\u898f\u5247<\/a>\u00a0\u2013\u00a0<a href=\"https:\/\/khantamgiare.com\/ja\/bao-mat-thong-tin\/\">\u30d7\u30e9\u30a4\u30d0\u30b7\u30fc\u65b9\u91dd<\/a><\/p>\r\n\r\n\r\n\r\n<p>\u307e\u305f\u305d\u306e\u30b3\u30df\u30e5\u30cb\u30b1\u30fc\u30b7\u30e7\u30f3\u306b\u30d3\u30b8\u30cd\u30b9\u6a5f\u4f1a\u306b\u5bc4\u4e0e\u3057\u3001\u3054\u610f\u898b\u3001\u3054\u9023\u7d61-\u304a\u554f\u3044\u5408\u308f\u305b\u304f\u3060\u3055\u3044\u3001\u4e0b\u8a18\u306e\u30a2\u30c9\u30ec\u30b9:<\/p>\r\n\r\n\r\n\r\n<p>A:268thoai Ngoc hau,Phu Thanh,Tan Phu\u3001\u30db\u30fc\u30c1\u30df\u30f3\u5e02<\/p>\r\n\r\n\r\n\r\n<p>M:\u00a0KhanNamPhong@Gmail.Com<\/p>\r\n\r\n\r\n\r\n<p>P:\u00a0<a href=\"tel:0903367867\">0903 367 867<\/a><\/p>\r\n\r\n\r\n\r\n<p>W:\u00a0<a href=\"https:\/\/khantamgiare.com\/ja\/\">KhanTamGiaRe.Com<\/a><\/p>","protected":false},"excerpt":{"rendered":"<p>Ph\u01b0\u01a1ng Th\u1ee9c Thanh To\u00e1n \u2013 Thu h\u1ed9 ti\u1ec1n th\u00f4ng qua ch\u00e0nh xe, b\u01b0u \u0111i\u1ec7n \u2013 Giao h\u00e0ng thu ti\u1ec1n m\u1eb7t \u2013 Giao h\u00e0ng chuy\u1ec3n kho\u1ea3n Tham kh\u1ea3o th\u00eam c\u00e1c s\u1ea3n ph\u1ea9m c\u1ee7a ch\u00fang t\u00f4i:\u00a0kh\u0103n spa,\u00a0kh\u0103n kh\u00e1ch s\u1ea1n,\u00a0kh\u0103n qu\u00e0 t\u1eb7ng\u2026. \u0110\u1ecdc th\u00eam:\u00a0Qui \u0110\u1ecbnh Chung\u00a0\u2013\u00a0Ch\u00ednh S\u00e1ch B\u1ea3o M\u1eadt Q\u00fay kh\u00e1ch mu\u1ed1n c\u00f3 nhu c\u1ea7u li\u00ean l\u1ea1c, c\u01a1 h\u1ed9i kinh doanh, \u0111\u00f3ng g\u00f3p \u00fd ki\u1ebfn th\u00ec c\u00f3 th\u1ec3 li\u00ean h\u1ec7 v\u1edbi ch\u00fang t\u00f4i qua \u0111\u1ecba ch\u1ec9 b\u00ean d\u01b0\u1edbi: A: 268 Tho\u1ea1i Ng\u1ecdc H\u1ea7u, Ph\u00fa Th\u1ea1nh, T\u00e2n Ph\u00fa, Th\u00e0nh ph\u1ed1 H\u1ed3 Ch\u00ed Minh M:\u00a0KhanNamPhong@Gmail.Com P:\u00a00903 367 867 W:\u00a0KhanTamGiaRe.Com<\/p>","protected":false},"author":1,"featured_media":0,"parent":0,"menu_order":0,"comment_status":"closed","ping_status":"closed","template":"","meta":{"footnotes":""},"class_list":["post-4642","page","type-page","status-publish","hentry"],"acf":[],"_links":{"self":[{"href":"https:\/\/khantamgiare.com\/ja\/wp-json\/wp\/v2\/pages\/4642","targetHints":{"allow":["GET"]}}],"collection":[{"href":"https:\/\/khantamgiare.com\/ja\/wp-json\/wp\/v2\/pages"}],"about":[{"href":"https:\/\/khantamgiare.com\/ja\/wp-json\/wp\/v2\/types\/page"}],"author":[{"embeddable":true,"href":"https:\/\/khantamgiare.com\/ja\/wp-json\/wp\/v2\/users\/1"}],"replies":[{"embeddable":true,"href":"https:\/\/khantamgiare.com\/ja\/wp-json\/wp\/v2\/comments?post=4642"}],"version-history":[{"count":1,"href":"https:\/\/khantamgiare.com\/ja\/wp-json\/wp\/v2\/pages\/4642\/revisions"}],"predecessor-version":[{"id":13952,"href":"https:\/\/khantamgiare.com\/ja\/wp-json\/wp\/v2\/pages\/4642\/revisions\/13952"}],"wp:attachment":[{"href":"https:\/\/khantamgiare.com\/ja\/wp-json\/wp\/v2\/media?parent=4642"}],"curies":[{"name":"wp","href":"https:\/\/api.w.org\/{rel}","templated":true}]}}