{"id":4643,"date":"2023-06-29T15:29:48","date_gmt":"2023-06-29T15:29:48","guid":{"rendered":"http:\/\/khantam.h193.dpsmedia.vn\/?page_id=4643"},"modified":"2024-04-26T09:21:08","modified_gmt":"2024-04-26T02:21:08","slug":"chinh-sach-nhan-quyen","status":"publish","type":"page","link":"https:\/\/khantamgiare.com\/ja\/chinh-sach-nhan-quyen\/","title":{"rendered":"\u4eba\u6a29\u65b9\u91dd"},"content":{"rendered":"<h2 id=\"h-chinh-sach-kinh-doanh-cam-k\u1ebft-v\u1ec1-trach-nhi\u1ec7m-d\u1ed1i-v\u1edbi-xa-h\u1ed9i-c\u1ee7a-khan-nam-phong\" class=\"wp-block-heading\">\u4e8b\u696d\u65b9\u91dd-\u7d04\u675f\u306e\u8cac\u4efb\u306b\u5411\u3051\u3066\u3001\u793e\u4f1a\u306e\u30b9\u30ab\u30fc\u30d5\u30b9\u30bf\u30a4\u30eb\u306e\u7537\u6027<\/h2>\r\n\r\n\r\n\r\n<p><a href=\"https:\/\/khantamgiare.com\/ja\/\">\u30bf\u30aa\u30eb\u683c\u5b89<\/a> l\u00e0 c\u00f4ng ty chuy\u00ean s\u1ea3n xu\u1ea5t <a href=\"https:\/\/khantamgiare.com\/ja\/khan-khach-san\/\">\u30db\u30c6\u30eb\u30bf\u30aa\u30eb<\/a>, <a href=\"https:\/\/khantamgiare.com\/ja\/khan-qua-tang\/\">\u30bf\u30aa\u30eb\u30ae\u30d5\u30c8<\/a> \u3084 <a href=\"https:\/\/khantamgiare.com\/ja\/khan-spa\/\">\u30bf\u30aa\u30eb\u30b9\u30b9\u30d1<\/a> , ph\u00e2n ph\u1ed1i tr\u00ean to\u00e0n qu\u1ed1c, nh\u1eadn th\u00eau, d\u1ec7t logo tr\u00ean kh\u0103n theo y\u00eau c\u1ea7u, t\u1eeb \u0111\u01a1n h\u00e0ng nh\u1ecf \u0111\u1ebfn l\u1edbn, \u0111\u1eb7c bi\u1ec7t ch\u00fang t\u00f4i c\u00f3 nh\u00e0 m\u00e1y s\u1ea3n xu\u1ea5t kh\u0103n v\u1edbi s\u1ed1 l\u01b0\u1ee3ng l\u1edbn ph\u00e2n ph\u1ed1i c\u1ea3 n\u01b0\u1edbc.<\/p>\r\n\r\n\r\n\r\n<ol class=\"wp-block-list\">\r\n<li><strong>\u4f1a\u793e\u65b9\u91dd\u306b\u95a2\u3057\u3066\u306e\u793e\u4f1a<\/strong><\/li>\r\n<\/ol>\r\n\r\n\r\n\r\n<ul class=\"wp-block-list\">\r\n<li>\u00a0 \u00a0\u00a0\u7dad\u6301\u7ba1\u7406\u306e\u826f\u3044\u5f53\u793e\u3092\u9075\u5b88\u3057\u3001\u502b\u7406\u7684\u57fa\u6e96\u3067\u3059\u3002<\/li>\r\n\r\n\r\n\r\n<li>\u00a0 \u00a0\u00a0\u306e\u9075\u5b88\u3092\u7d99\u7d9a\u7684\u306b\u6539\u5584\u3057\u307e\u3059\u3002<\/li>\r\n\r\n\r\n\r\n<li>\u00a0 \u00a0\u00a0\u73fe\u5728\u306e\u30e2\u30fc\u30c9\u3092\u5b8c\u5168\u306b\u30ab\u30d0\u30fc\u3001\u52b4\u50cd\u8005\u3001\u52b4\u50cd\u8005\u306e\u4f1a\u793e\u3067\u3059\u3002<\/li>\r\n\r\n\r\n\r\n<li>\u00a0 \u00a0\u00a0\u5b9f\u65bd\u306e\u653f\u7b56\u793e\u4f1a\u4fdd\u969c-\u30c1\u30e3\u30ea\u30c6\u30a3\u30fc\u3002<\/li>\r\n\r\n\r\n\r\n<li>\u00a0 \u00a0\u00a0\u7981\u6b62\u884c\u70ba\u3001\u8a50\u6b3a\u3001\u8d08\u53ce\u8cc4\u53ca\u3073\u6c5a\u8077\u306e\u7981\u6b62\u306b\u3059\u3079\u3066\u306e\u4e8b\u696d\u6d3b\u52d5\u3067\u3059\u3002<\/li>\r\n\r\n\r\n\r\n<li>\u00a0 \u00a0\u00a0\u767b\u9332\u3057\u305f\u8457\u4f5c\u6a29\u77e5\u7684\u8ca1\u7523\u306e\u30d6\u30e9\u30f3\u30c9\u3067\u3059\u3002<\/li>\r\n<\/ul>\r\n\r\n\r\n\r\n<ol class=\"wp-block-list\">\r\n<li><strong>\u4f1a\u793e\u65b9\u91dd\u3092\u5f93\u696d\u54e1<\/strong><\/li>\r\n<\/ol>\r\n\r\n\r\n\r\n<ul class=\"wp-block-list\">\r\n<li>\u00a0 \u00a0\u00a0\u4f5c\u696d\u74b0\u5883\u3001\u5b89\u5168\u3001\u5065\u5eb7\u306e\u305f\u3081\u306b\u3001\u5b87\u5b99\u958b\u767a\u306e\u4eba\u6750\u306e\u7d66\u4e0e\u653f\u7b56\u3001\u798f\u7949\u30ea\u30fc\u30ba\u30ca\u30d6\u30eb\u3002<\/li>\r\n\r\n\r\n\r\n<li>\u00a0 \u00a0\u00a0\u5f93\u696d\u54e1\u53c2\u52a0\u306e\u6d3b\u52d5\u306e\u516c\u5171\u793e\u4f1a<\/li>\r\n\r\n\r\n\r\n<li>\u00a0 \u00a0\u00a0\u4ed5\u4e8b\u3092\u63d0\u4f9b\u3057\u3001\u7740\u5b9f\u306b\u3092\u8d85\u3048\u306a\u3044\u3082\u306e\u306e\u6570\u6642\u9593\u3002<\/li>\r\n\r\n\r\n\r\n<li>\u00a0 \u00a0\u00a0\u7d66\u4e0e\u306e\u30cb\u30fc\u30ba\u306b\u5fdc\u3048\u3001\u5e02\u5834<\/li>\r\n\r\n\r\n\r\n<li>\u00a0 \u00a0\u00a0\u4f7f\u7528\u3057\u306a\u3044\u3067\u5150\u7ae5\u52b4\u50cd\u306b\u3042\u305f\u308a\u307e\u3059\u3002<\/li>\r\n\r\n\r\n\r\n<li>\u00a0 \u00a0\u00a0\u308c\u3066\u3044\u306a\u3044\u306b\u95a2\u308f\u308b\u4e0d\u6b63\u8150\u6557\u305f\u308c\u5408\u3044\u3084\u7652\u7740\u3068\u3092\u6cd5\u4ee4\u306b\u9055\u53cd\u3059\u308b\u304b\u306f\u76f4\u63a5\u7684\u53c8\u306f\u9593\u63a5\u7684\u3067\u3042\u308a\u3046\u308b\u3002<\/li>\r\n<\/ul>\r\n\r\n\r\n\r\n<p>\u8a73\u7d30\u306f\u3053\u3061\u3089\u00a0<a href=\"https:\/\/docs.google.com\/document\/d\/1G8bdMdLhDmd7NOFWio6P9xGBioKI9b3Ks2ldX43koco\/edit?usp=sharing\" target=\"_blank\" rel=\"noreferrer noopener nofollow\">\u4eba\u6a29\u65b9\u91dd<\/a>\u00a0\u3055\u3089\u306b\u8a73\u3057\u3044\u5185\u5bb9\u3092\u77e5\u308a<\/p>\r\n\r\n\r\n\r\n<p><strong>Co., \u682a\u5f0f\u4f1a\u793e TITO<\/strong><\/p>\r\n\r\n\r\n\r\n<p><strong>TITO\u682a\u5f0f\u4f1a\u793e<\/strong><\/p>\r\n\r\n\r\n\r\n<p><strong>\u4f4f\u6240<\/strong>:<\/p>\r\n\r\n\r\n\r\n<p>VP1:\u00a0<a href=\"https:\/\/g.page\/r\/CXv7Skpplu7jEAE\" target=\"_blank\" rel=\"noreferrer noopener nofollow\">268 Tho\u1ea1i Ng\u1ecdc H\u1ea7u \u2013\u00a0 Ph\u01b0\u1eddng Ph\u00fa Th\u1ea1nh \u2013 Qu\u1eadn T\u00e2n Ph\u00fa, TP. HCM<\/a><\/p>\r\n\r\n\r\n\r\n<p>VP2:\u00a0<a href=\"https:\/\/g.page\/khanspakhachsanhanoi?share\" target=\"_blank\" rel=\"noreferrer noopener nofollow\">74B\u30ec295\u3001\u30d0\u30c3\u30cf\u30de\u30a4STREET,HAI BA TRUNG\u533a,HA NOI<\/a><\/p>\r\n\r\n\r\n\r\n<p><strong>SDT<\/strong>:\u00a0<a href=\"tel:0707164369\">0707 164 369<\/a>\u00a0\u2013\u00a0<a href=\"tel:0934150780\">093 415 07 80<\/a>\u00a0\u2013<a href=\"tel:0903367867\">\u00a00903 367 867<\/a><\/p>\r\n\r\n\r\n\r\n<p><strong>\u30e1\u30fc\u30eb:<\/strong>\u00a0<a href=\"mailto:khannamphong@gmail.com\">khannamphong@gmail.com<\/a><\/p>","protected":false},"excerpt":{"rendered":"<p>CH\u00cdNH S\u00c1CH KINH DOANH &amp; CAM K\u1ebeT V\u1ec0 TR\u00c1CH NHI\u1ec6M \u0110\u1ed0I V\u1edaI X\u00c3 H\u1ed8I C\u1ee6A KH\u0102N NAM PHONG Kh\u0103n T\u1eafm Gi\u00e1 R\u1ebb l\u00e0 c\u00f4ng ty chuy\u00ean s\u1ea3n xu\u1ea5t kh\u0103n kh\u00e1ch s\u1ea1n, kh\u0103n qu\u00e0 t\u1eb7ng v\u00e0 kh\u0103n spa , ph\u00e2n ph\u1ed1i tr\u00ean to\u00e0n qu\u1ed1c, nh\u1eadn th\u00eau, d\u1ec7t logo tr\u00ean kh\u0103n theo y\u00eau c\u1ea7u, t\u1eeb \u0111\u01a1n h\u00e0ng nh\u1ecf \u0111\u1ebfn l\u1edbn, \u0111\u1eb7c bi\u1ec7t ch\u00fang t\u00f4i c\u00f3 nh\u00e0 m\u00e1y s\u1ea3n xu\u1ea5t kh\u0103n v\u1edbi s\u1ed1 l\u01b0\u1ee3ng l\u1edbn ph\u00e2n ph\u1ed1i c\u1ea3 n\u01b0\u1edbc. Xem th\u00eam chi ti\u1ebft\u00a0ch\u00ednh s\u00e1ch nh\u00e2n quy\u1ec1n\u00a0\u0111\u1ec3 bi\u1ebft th\u00eam chi ti\u1ebft C\u00f4ng Ty TNHH TITO TITO COMPANY LIMITED \u0110\u1ecba ch\u1ec9: VP1:\u00a0268 Tho\u1ea1i Ng\u1ecdc H\u1ea7u \u2013\u00a0 Ph\u01b0\u1eddng Ph\u00fa Th\u1ea1nh \u2013 Qu\u1eadn T\u00e2n Ph\u00fa, TP. HCM &hellip; <a href=\"https:\/\/khantamgiare.com\/ja\/chinh-sach-nhan-quyen\/\" class=\"more-link\">Continue reading <span class=\"screen-reader-text\">\u4eba\u6a29\u65b9\u91dd<\/span><\/a><\/p>","protected":false},"author":1,"featured_media":0,"parent":0,"menu_order":0,"comment_status":"closed","ping_status":"closed","template":"","meta":{"footnotes":""},"class_list":["post-4643","page","type-page","status-publish","hentry"],"acf":[],"_links":{"self":[{"href":"https:\/\/khantamgiare.com\/ja\/wp-json\/wp\/v2\/pages\/4643","targetHints":{"allow":["GET"]}}],"collection":[{"href":"https:\/\/khantamgiare.com\/ja\/wp-json\/wp\/v2\/pages"}],"about":[{"href":"https:\/\/khantamgiare.com\/ja\/wp-json\/wp\/v2\/types\/page"}],"author":[{"embeddable":true,"href":"https:\/\/khantamgiare.com\/ja\/wp-json\/wp\/v2\/users\/1"}],"replies":[{"embeddable":true,"href":"https:\/\/khantamgiare.com\/ja\/wp-json\/wp\/v2\/comments?post=4643"}],"version-history":[{"count":2,"href":"https:\/\/khantamgiare.com\/ja\/wp-json\/wp\/v2\/pages\/4643\/revisions"}],"predecessor-version":[{"id":13933,"href":"https:\/\/khantamgiare.com\/ja\/wp-json\/wp\/v2\/pages\/4643\/revisions\/13933"}],"wp:attachment":[{"href":"https:\/\/khantamgiare.com\/ja\/wp-json\/wp\/v2\/media?parent=4643"}],"curies":[{"name":"wp","href":"https:\/\/api.w.org\/{rel}","templated":true}]}}