{"id":7279,"date":"2023-07-03T09:31:58","date_gmt":"2023-07-03T09:31:58","guid":{"rendered":"https:\/\/khantam.h193.dpsmedia.vn\/?page_id=7279"},"modified":"2024-04-26T09:20:21","modified_gmt":"2024-04-26T02:20:21","slug":"tuyen-dung","status":"publish","type":"page","link":"https:\/\/khantamgiare.com\/ja\/tuyen-dung\/","title":{"rendered":"\u52df\u96c6"},"content":{"rendered":"<h3 id=\"h-1-nhan-vien-content-marketing\" class=\"wp-block-heading\">1. \u30b9\u30bf\u30c3\u30d5\u30b3\u30f3\u30c6\u30f3\u30c4\u30de\u30fc\u30b1\u30c6\u30a3\u30f3\u30b0<\/h3>\r\n\r\n\r\n\r\n<p><strong>\u2013\u7d66\u4e0e:\u00a0<\/strong>6,500,000\u30ea\u30cb9.000.000<\/p>\r\n\r\n\r\n\r\n<p><strong>\u2013\u4f5c\u54c1\u00a0<\/strong>:268Thoai Ngoc Hau\u533a,Phu\u30f3\u30bf\u30a4\u30f3\u2013\u30bf\u30f3\u30d5\u30fc\u533a\u30db\u30fc\u30c1\u30df\u30f3\u5e02<a href=\"https:\/\/goo.gl\/maps\/NoX6HhVUjPaSdZ2F7\" target=\"_blank\" rel=\"noreferrer noopener nofollow\">\u5730\u56f3<\/a>)<\/p>\r\n\r\n\r\n\r\n<p><strong>\u2013\u4f5c\u696d\u6642\u9593\u00a0<\/strong>:\u52d9\u6642\u9593<\/p>\r\n\r\n\r\n\r\n<p><strong>\u2013\u5fc5\u8981\u306a\u30ec\u30d9\u30eb\u00a0<\/strong>\uff1a\u5927\u5b66\u9662\u30ec\u30d9\u30eb\u306e\u5927\u5b66\u3092\u5c02\u653b\u3059\u308b\u30de\u30fc\u30b1\u30c6\u30a3\u30f3\u30b0-\u30b8\u30e3\u30fc\u30ca\u30ea\u30ba\u30e0-\u60c5\u5831\u6280\u8853\/PR.<\/p>\r\n\r\n\r\n\r\n<p><strong>\u6570\u5e74\u306e\u5b9f\u52d9\u7d4c\u9a13<\/strong>: \u00a01 n\u0103m n\u1ebfu kh\u00f4ng bi\u1ebft c\u00f3 th\u1ec3 \u0111\u00e0o t\u1ea1o<\/p>\r\n\r\n\r\n\r\n<p><strong>\u2013\u5fc5\u8981\u6570\uff1a<\/strong>\u00a0 1<\/p>\r\n\r\n\r\n\r\n<p><strong>\u2013\u00a0M\u00f4 t\u1ea3 c\u00f4ng vi\u1ec7c\u00a0:<\/strong><\/p>\r\n\r\n\r\n\r\n<ul class=\"wp-block-list\">\r\n<li>\u4e88\u5b9a\u30a6\u30a7\u30d6\u30b3\u30f3\u30c6\u30f3\u30c4\u306e\u30b5\u30a4\u30c8\u306b\u3088\u308a\u3001\u56db\u534a\u671f<\/li>\r\n\r\n\r\n\r\n<li>\u66f8\u00a0<strong>\u30b3\u30f3\u30c6\u30f3\u30c4\u8ca9\u58f2<\/strong>\u00a0&amp;\u00a0<strong>\u30b3\u30f3\u30c6\u30f3\u30c4SEO<\/strong>\u00a0\u306e\u305f\u3081\u306e\u30b7\u30b9\u30c6\u30e0\u793e\u306e\u30b5\u30a4\u30c8<\/li>\r\n\r\n\r\n\r\n<li>\u307e\u305f\u6700\u5927\u306e\u30b3\u30f3\u30c6\u30f3\u30c4\u00a0<strong>\u901a\u4fe1\u30c1\u30e3\u30cd\u30eb<\/strong>\u00a0\u305d\u306e\u4ed6\uff08Facebook\u3001Youtube...).<\/li>\r\n\r\n\r\n\r\n<li>\u7d50\u5408\u30c7\u30b6\u30a4\u30f3\u5b66\u79d1\u3001\u30a2\u30c3\u30d7\u30ed\u30fc\u30c9\u30b3\u30f3\u30c6\u30f3\u30c4\u306e\u30d7\u30ed\u30b0\u30e9\u30e0-\u30a4\u30d9\u30f3\u30c8\u4f1a\u793e\u3067\u3059\u3002<\/li>\r\n<\/ul>\r\n\r\n\r\n\r\n<p><strong>\u2013\u00a0Y\u00eau c\u1ea7u c\u00f4ng vi\u1ec7c:<\/strong><\/p>\r\n\r\n\r\n\r\n<ul class=\"wp-block-list\">\r\n<li>\u52d5\u7684\u00a0<strong>\u5275\u9020<\/strong>\u00a0\u306e\u80fd\u529b\u66f8\u304f\u3053\u3068\u304c<\/li>\r\n\r\n\r\n\r\n<li>\u8cac\u4efb\u611f\u3001\u6d3b\u767a\u3067\u3001\u4ed5\u4e8b\u307e\u3059\u3002<\/li>\r\n\r\n\r\n\r\n<li>\u77e5\u00a0<strong>\u30a4\u30e1\u30fc\u30b8\u30c7\u30b6\u30a4\u30f3<\/strong>\u00a0\u3067\u3042\u308b\u3053\u3068\u304c\u5f37\u307f\u3002<\/li>\r\n\r\n\r\n\r\n<li>\u306b\u3064\u3044\u3066\u306e\u77e5\u8b58\u3092\u30d6\u30e9\u30f3\u30c9\u3002<\/li>\r\n<\/ul>\r\n\r\n\r\n\r\n<p><strong>\u2013\u00a0Quy\u1ec1n l\u1ee3i \u0111\u01b0\u1ee3c h\u01b0\u1edfng:<\/strong><\/p>\r\n\r\n\r\n\r\n<ul class=\"wp-block-list\">\r\n<li>\u304a\u697d\u3057\u307f\u306b\u52b4\u50cd\u8005\u306e\u6a29\u5229\u306e\u4e0b\u6d41\u6cd5\u3068\u3057\u307e\u3059\u3002<\/li>\r\n\r\n\r\n\r\n<li>\u6e80\u55ab\u306e\u65c5\u30e2\u30fc\u30c9\u306b\u5207\u308a\u66ff\u308f\u308a\u3001\u30dc\u30fc\u30ca\u30b9\u9593\u306e\u30dc\u30fc\u30ca\u30b9\u306b\u3088\u308b\u8457\u3057\u3044\u696d\u7e3e<\/li>\r\n\r\n\r\n\r\n<li>\u4f5c\u696d\u74b0\u5883\u4e2d\u306b\u3082\u512a\u3057\u3044\u3002 \u304c\u3042\u308b\u53ef\u80fd\u6027\u304c\u9ad8\u3044\u3002<\/li>\r\n\r\n\r\n\r\n<li>\u3059\u308b\u30af\u30e9\u30b9\u306e\u9ad8\u5ea6\u306a\u5c02\u9580\u6027<\/li>\r\n<\/ul>\r\n\r\n\r\n\r\n<p><strong>\u2013\u00a0Y\u00eau c\u1ea7u h\u1ed3 s\u01a1:<\/strong><\/p>\r\n\r\n\r\n\r\n<ul class=\"wp-block-list\">\r\n<li>\u5c65\u6b74\u66f8\u3092\u660e\u8a18\u3057\u3001\u5b66\u7fd2\u306e\u904e\u7a0b\u3067\u3001\u8ab2\u984c\u3001\u5b9f\u52d9\u7d4c\u9a13\u3092\u6709\u3059\u308b\u8005\u3068\u3057\u307e\u3059\u3002<\/li>\r\n<\/ul>\r\n\r\n\r\n\r\n<p>&gt;&gt;&gt;\u304a\u554f\u5408\u305b\u306f:03.3335.9020(\u00a0<a href=\"https:\/\/www.facebook.com\/phidienlatoi\" target=\"_blank\" rel=\"noreferrer noopener nofollow\">\u30eb\u30ce-\u30bd\u30ed<\/a>\u00a0)<\/p>\r\n\r\n\r\n\r\n<p><strong>\u51fa\u9858\u671f\u9593\uff1a<\/strong>\u00a0\u00a0<strong>\u65e502\/01\/2021\u65e505\/02\/2021<\/strong><\/p>\r\n\r\n\r\n\r\n<h3 id=\"h-2-nhan-vien-ban-hang-sale\" class=\"wp-block-heading\">2. \u5f93\u696d\u54e1\u306e\u58f2\u4e0a\u9ad8(\u58f2)<\/h3>\r\n\r\n\r\n\r\n<p><strong>\u2013\u7d66\u4e0e:\u00a0<\/strong>\u5951\u7d04<\/p>\r\n\r\n\r\n\r\n<p><strong>\u2013\u4f5c\u54c1\u00a0<\/strong>:268Thoai Ngoc Hau\u533a,Phu\u30f3\u30bf\u30a4\u30f3\u2013\u30bf\u30f3\u30d5\u30fc\u533a\u30db\u30fc\u30c1\u30df\u30f3\u5e02<a href=\"https:\/\/goo.gl\/maps\/NoX6HhVUjPaSdZ2F7\" target=\"_blank\" rel=\"noreferrer noopener nofollow\">\u5730\u56f3<\/a>)<\/p>\r\n\r\n\r\n\r\n<p><strong>\u2013\u4f5c\u696d\u6642\u9593\u00a0<\/strong>:\u52d9\u6642\u9593<\/p>\r\n\r\n\r\n\r\n<p><strong>\u2013\u5fc5\u8981\u306a\u30ec\u30d9\u30eb\u00a0<\/strong>\uff1a\u5927\u5b66\u9662\u30ec\u30d9\u30eb\u306e\u5927\u5b66\u3092\u5c02\u653b\u3059\u308b\u30de\u30fc\u30b1\u30c6\u30a3\u30f3\u30b0-\u30b8\u30e3\u30fc\u30ca\u30ea\u30ba\u30e0-\u60c5\u5831\u6280\u8853\/PR.<\/p>\r\n\r\n\r\n\r\n<p><strong>\u6570\u5e74\u306e\u5b9f\u52d9\u7d4c\u9a13<\/strong>: \u00a01 n\u0103m n\u1ebfu kh\u00f4ng bi\u1ebft c\u00f3 th\u1ec3 \u0111\u00e0o t\u1ea1o<\/p>\r\n\r\n\r\n\r\n<p><strong>\u2013\u5fc5\u8981\u6570\uff1a<\/strong>\u00a0 5<\/p>\r\n\r\n\r\n\r\n<p><strong>\u2013\u00a0M\u00f4 t\u1ea3 c\u00f4ng vi\u1ec7c:<\/strong><\/p>\r\n\r\n\r\n\r\n<ul class=\"wp-block-list\">\r\n<li>L\u00e0 c\u00f4ng ty chuy\u00ean s\u1ea3n xu\u1ea5t kh\u0103n cho kh\u00e1ch s\u1ea1n, kh\u0103n spa, kh\u0103n ti\u00eau d\u00f9ng , <a class=\"wpil_keyword_link\" title=\"\u30bf\u30aa\u30eb\u30ae\u30d5\u30c8\" href=\"https:\/\/khantamgiare.com\/ja\/khan-qua-tang\/\" data-wpil-keyword-link=\"linked\">\u30bf\u30aa\u30eb\u30ae\u30d5\u30c8<\/a>, ngo\u00e0i ra c\u00f4ng ty c\u00f2n cung c\u1ea5p th\u00eam m\u1ed9t s\u1ed1 m\u1eb7t h\u00e0ng d\u00e0nh cho spa nh\u01b0, gi\u01b0\u1eddng spa, dra gi\u01b0\u1eddng spa, \u0111\u1ed3ng ph\u1ee5c spa\u2026. , v\u00ec c\u00f3 nhi\u1ec1u sp \u0111i k\u00e8m n\u00ean r\u1ea5t d\u1ec5 b\u00e1n h\u00e0ng v\u00e0 \u0111\u1ea1t doanh s\u1ed1 cao.<\/li>\r\n\r\n\r\n\r\n<li>\u306e\u8ca9\u58f2\u5e97\u3001\u5378\u58f2\u3001\u5c0f\u58f2\u3001\u30ec\u30b9\u30c8\u30e9\u30f3\u3001\u30db\u30c6\u30eb\u306b\u306f\u3001\u30b9\u30d1\u3001\u30b5\u30ed\u30f3\u3001\u30ea\u30be\u30fc\u30c8\u3001\u30b8\u30e0\u3001\u30bf\u30aa\u30eb\u30ae\u30d5\u30c8..... \u3092\u3001\u3069\u3053\u3088\u308a\u3082\u7af6\u4e89\u529b\u306e\u3042\u308b\u4fa1\u683c\u3067\u3059\u3002<\/li>\r\n\r\n\r\n\r\n<li>\u5206\u6790\u5e02\u5834\u306e\u60c5\u5831\u306a\u3069\u306e\u7af6\u4e89\u6d88\u8cbb\u8005\u306e\u7fd2\u6163\u306f\u3001\u304a\u5ba2\u69d8\u3078\u306e\u63d0\u6848\u30b9\u30ad\u30fc\u30e0\u30b5\u30fc\u30d3\u30b9\u54c1\u8cea\u5411\u4e0a\u306b\u5897\u3057\u3066\u3044\u307e\u3059\u3002<\/li>\r\n\r\n\r\n\r\n<li>\u7279\u96c6:\u304a\u5ba2\u69d8\u3068\u306e\u9023\u7d61\u3001\u5f53\u793e\u306f\u3001\u304a\u5ba2\u69d8\u306e\u5229\u7528\u53ef\u80fd\u306a\u8cc7\u6e90<\/li>\r\n\r\n\r\n\r\n<li>\u306e\u69cb\u7bc9\u3001\u958b\u767a\u8cc7\u6e90\u306e\u53ef\u80fd\u6027\u304a\u308a\u307e\u3059\u3002<\/li>\r\n\r\n\r\n\r\n<li>\u9023\u643a\u3092\u53d6\u308a\u3001\u4ed6\u90e8\u9580\u3078\u306e\u696d\u52d9\u52b9\u7387\u5316<\/li>\r\n\r\n\r\n\r\n<li>\u3054\u6ce8\u6587\u306e\u51e6\u7406\u306e\u8001\u306e\u304a\u5ba2\u69d8\u306f\u3001\u6ce8\u6587\u308a\u307e\u3059\u306e\u3067\u3001\u3054\u89a7\u304f\u3060\u3055\u3044\u3002<\/li>\r\n\r\n\r\n\r\n<li>\u696d\u52d9\u3092\u884c\u3046\u3053\u3068\u306b\u3088\u3063\u3066\u5272\u308a\u5f53\u3066\u3089\u308c\u307e\u3059\u3002<\/li>\r\n\r\n\r\n\r\n<li>\u30c8\u30e9\u30c3\u30af\u306e\u8ca0\u50b5\u306e\u767a\u751f\u898b\u56de\u5fa9\u306a\u3044\u3002<\/li>\r\n\r\n\r\n\r\n<li>\u4f5c\u696d\u306b\u5408\u308f\u305b\u3066\u9762\u63a5<\/li>\r\n<\/ul>\r\n\r\n\r\n\r\n<p><strong>\u2013\u00a0Y\u00eau C\u1ea7u:<\/strong><\/p>\r\n\r\n\r\n\r\n<ul class=\"wp-block-list\">\r\n<li>\u719f\u7df4\u30e6\u30fc\u30b6\u30fc\u306emicrosoft office;<\/li>\r\n\r\n\r\n\r\n<li>\u6a19\u6e96\u306e\u58f0\u304c\u640d\u306a\u308f\u308c\u308b\u3053\u3068\u306f\u306a\u3044\u3068\u3001\u97f3\u58f0\u3001\u5730<\/li>\r\n\r\n\r\n\r\n<li>\u30b9\u30bf\u30a4\u30eb\u30a2\u30b8\u30e3\u30a4\u30eb\u30b3\u30df\u30e5\u30cb\u30b1\u30fc\u30b7\u30e7\u30f3\u80fd\u529b\u3001\u6d41\u66a2\u6027\u3001\u958b\u653e\u6027\u3001\u80fd\u529b\u3092\u8aac\u5f97\u3057\u305f\u3044\u3001\u3068\u3044\u3046\u30df\u30c3\u30b7\u30e7\u30f3\u3067\u3059\u3002<\/li>\r\n\r\n\r\n\r\n<li>\u91cd\u70b9\u65b9\u3001\u5f93\u6765\u304b\u304b\u3063\u3066\u3044\u305f\u306e\u304a\u5ba2\u69d8\u306e\u96fb\u8a71\u306e\u30b3\u30f3\u30b5\u30eb\u30c6\u30a3\u30f3\u30b0\u30b5\u30fc\u30d3\u30b9\u306e\u4ecb\u8b77KH<\/li>\r\n\r\n\r\n\r\n<li>\u306b\u3064\u3044\u3066\u8cac\u4efb\u3092\u6709\u3059\u308b\u3002<\/li>\r\n\r\n\r\n\r\n<li>\u306b\u52aa\u3081\u3066\u77e5\u308a\u3001\u6539\u5584\u7d50\u679c\u3067\u3059\u3002<\/li>\r\n\r\n\r\n\r\n<li>\u904b\u547d\u3092\u63cf\u3044\u3066\u3044\u304f\u305f\u3081\u306b\u306f\u63a2\u7a76\u5fc3\u3001\u9ad8\u8cac\u4efb\u611f<\/li>\r\n<\/ul>\r\n\r\n\r\n\r\n<p>\u898b\u88fd\u54c1\u3092\u901a\u3058\u3066\u52df\u96c6\u00a0<a href=\"https:\/\/khantamgiare.com\/ja\/khan-spa\/\">\u30bf\u30aa\u30eb\u30b9\u30d1\u30d7\u30ec\u30df\u30a2\u30e0<\/a>,\u00a0<a href=\"https:\/\/khantamgiare.com\/ja\/khan-khach-san\/\">\u30db\u30c6\u30eb\u30bf\u30aa\u30eb\u306e\u5378\u58f2\u4fa1\u683c<\/a>,\u00a0b\u1ed9 kh\u0103n l\u00e0m qu\u00e0 t\u1eb7ng) ho\u1eb7c c\u00e1c s\u1ea3n ph\u1ea9m kh\u00e1c (<a href=\"https:\/\/khantamgiare.com\/ja\/dong-phuc-spa\/\">\u30b9\u30d1\u30e6\u30cb\u30d5\u30a9\u30fc\u30e0\u683c\u5b89<\/a>,\u00a0<a href=\"https:\/\/khantamgiare.com\/ja\/ga-giuong-spa\/\">\u30d9\u30c3\u30c9\u30b7\u30fc\u30c8\u30b9\u30d1<\/a>...).<\/p>\r\n\r\n\r\n\r\n<p>\u307e\u305f\u305d\u306e\u30b3\u30df\u30e5\u30cb\u30b1\u30fc\u30b7\u30e7\u30f3\u306b\u30d3\u30b8\u30cd\u30b9\u6a5f\u4f1a\u306b\u5bc4\u4e0e\u3057\u3001\u3054\u610f\u898b\u3001\u3054\u9023\u7d61-\u304a\u554f\u3044\u5408\u308f\u305b\u304f\u3060\u3055\u3044\u3001\u4e0b\u8a18\u306e\u30a2\u30c9\u30ec\u30b9:<\/p>\r\n\r\n\r\n\r\n<p>CS1:268thoai Ngoc hau\u533a,Phu\u30f3\u30bf\u30a4\u30f3\u2013\u30bf\u30f3\u30d5\u30fc\u533a\u30db\u30fc\u30c1\u30df\u30f3\u5e02<\/p>\r\n\r\n\r\n\r\n<p>SDT:\u00a0<a href=\"tel:0934150780\">093 415 07 80<\/a><\/p>\r\n\r\n\r\n\r\n<p>Fanpage\u793e\u00a0<a href=\"https:\/\/www.facebook.com\/khannamphong\/\" target=\"_blank\" rel=\"noreferrer noopener nofollow\">www.facebook.com\/khannamphong\/<\/a>\u00a0\u2013\u00a0<a href=\"https:\/\/www.facebook.com\/KhanNamPhong.HaNoi\" target=\"_blank\" rel=\"noreferrer noopener nofollow\">https:\/\/www.facebook.com\/KhanNamPhong.HaNoi<\/a><\/p>\r\n\r\n\r\n\r\n<p><em><strong>CO., \u682a\u5f0f\u4f1a\u793eTITO\u2013\u00a0<\/strong><\/em>\u30bf\u30aa\u30eb\u683c\u5b89<\/p>\r\n\r\n\r\n\r\n<p><strong>\u4f4f\u6240<\/strong>: 268 Tho\u1ea1i Ng\u1ecdc H\u1ea7u \u2013\u00a0 Ph\u00fa Th\u1ea1nh \u2013 T\u00e2n Ph\u00fa TPHCM<\/p>\r\n\r\n\r\n\r\n<p><strong>\u30e1\u30fc\u30eb<\/strong>:\u00a0khannamphong@gmail.com<\/p>\r\n\r\n\r\n\r\n<p><strong>SDT<\/strong>:\u00a0<a href=\"tel:0707164369\">0707 164 369<\/a>\u00a0\u2013\u00a0<a href=\"tel:0934150780\">093 415 07 80<\/a>\u00a0\u2013<a href=\"tel:0903367867\">\u00a00903 367 867<\/a><\/p>\r\n\r\n\r\n\r\n<p><strong>\u30a6\u30a7\u30d6\u30b5\u30a4\u30c8\u00a0<\/strong><a href=\"https:\/\/khantamgiare.com\/ja\/\">Khantamgiare.com<\/a><\/p>","protected":false},"excerpt":{"rendered":"<p>1. Nh\u00e2n vi\u00ean Content Marketing \u2013 M\u1ee9c l\u01b0\u01a1ng:\u00a06.500.000 \u0111\u1ebfn 9.000.000 \u2013 N\u01a1i l\u00e0m vi\u1ec7c\u00a0: 268 Tho\u1ea1i Ng\u1ecdc H\u1ea7u \u2013 Ph\u01b0\u1eddng Ph\u00fa Th\u1ea1nh \u2013 Qu\u1eadn T\u00e2n Ph\u00fa \u2013 Th\u00e0nh Ph\u1ed1 H\u1ed3 Ch\u00ed Minh (B\u1ea3n \u0111\u1ed3) \u2013 Th\u1eddi gian l\u00e0m vi\u1ec7c\u00a0: Gi\u1edd h\u00e0nh ch\u00ednh \u2013 Y\u00eau c\u1ea7u tr\u00ecnh \u0111\u1ed9\u00a0: T\u1ed1t nghi\u1ec7p Trung C\u1ea5p C\u0110\/\u0110H chuy\u00ean ng\u00e0nh Marketing\/B\u00e1o ch\u00ed\/C\u00f4ng ngh\u1ec7 th\u00f4ng tin\/PR. \u2013 S\u1ed1 n\u0103m kinh nghi\u1ec7m l\u00e0m vi\u1ec7c: \u00a01 n\u0103m n\u1ebfu kh\u00f4ng bi\u1ebft c\u00f3 th\u1ec3 \u0111\u00e0o t\u1ea1o \u2013 S\u1ed1 l\u01b0\u1ee3ng c\u1ea7n tuy\u1ec3n :\u00a0 1 \u2013\u00a0M\u00f4 t\u1ea3 c\u00f4ng vi\u1ec7c\u00a0: \u2013\u00a0Y\u00eau c\u1ea7u c\u00f4ng vi\u1ec7c: \u2013\u00a0Quy\u1ec1n l\u1ee3i \u0111\u01b0\u1ee3c h\u01b0\u1edfng: \u2013\u00a0Y\u00eau c\u1ea7u h\u1ed3 s\u01a1: &gt;&gt;&gt; M\u1ecdi th\u1eafc m\u1eafc: 03.3335.9020 (\u00a0L\u00ea Phi Di\u1ec5n\u00a0) \u2013 Th\u1eddi gian n\u1ed9p &hellip; <a href=\"https:\/\/khantamgiare.com\/ja\/tuyen-dung\/\" class=\"more-link\">Continue reading <span class=\"screen-reader-text\">\u52df\u96c6<\/span><\/a><\/p>","protected":false},"author":1,"featured_media":7280,"parent":0,"menu_order":0,"comment_status":"closed","ping_status":"closed","template":"","meta":{"footnotes":""},"class_list":["post-7279","page","type-page","status-publish","has-post-thumbnail","hentry"],"acf":[],"_links":{"self":[{"href":"https:\/\/khantamgiare.com\/ja\/wp-json\/wp\/v2\/pages\/7279","targetHints":{"allow":["GET"]}}],"collection":[{"href":"https:\/\/khantamgiare.com\/ja\/wp-json\/wp\/v2\/pages"}],"about":[{"href":"https:\/\/khantamgiare.com\/ja\/wp-json\/wp\/v2\/types\/page"}],"author":[{"embeddable":true,"href":"https:\/\/khantamgiare.com\/ja\/wp-json\/wp\/v2\/users\/1"}],"replies":[{"embeddable":true,"href":"https:\/\/khantamgiare.com\/ja\/wp-json\/wp\/v2\/comments?post=7279"}],"version-history":[{"count":3,"href":"https:\/\/khantamgiare.com\/ja\/wp-json\/wp\/v2\/pages\/7279\/revisions"}],"predecessor-version":[{"id":13932,"href":"https:\/\/khantamgiare.com\/ja\/wp-json\/wp\/v2\/pages\/7279\/revisions\/13932"}],"wp:featuredmedia":[{"embeddable":true,"href":"https:\/\/khantamgiare.com\/ja\/wp-json\/wp\/v2\/media\/7280"}],"wp:attachment":[{"href":"https:\/\/khantamgiare.com\/ja\/wp-json\/wp\/v2\/media?parent=7279"}],"curies":[{"name":"wp","href":"https:\/\/api.w.org\/{rel}","templated":true}]}}