{"id":3568,"date":"2023-06-29T07:41:54","date_gmt":"2023-06-29T07:41:54","guid":{"rendered":"http:\/\/khantam.h193.dpsmedia.vn\/san-pham\/bo-khan-trai-giuong-spa-mau-hong-microfiber\/"},"modified":"2024-04-04T16:19:08","modified_gmt":"2024-04-04T09:19:08","slug":"bo-khan-trai-giuong-spa-mau-hong-microfiber","status":"publish","type":"product","link":"https:\/\/khantamgiare.com\/ja\/bo-khan-trai-giuong-spa-mau-hong-microfiber\/","title":{"rendered":"\u5bdd\u5177\u306e\u30b9\u30d1\u306f\u30d4\u30f3\u30af\u306e\u6975\u7d30-\u8d85\u6975\u7d30\u7e4a\u7dad"},"content":{"rendered":"<h2><strong>Gi\u1ea3i m\u00e3 s\u1ee9c h\u00fat c\u1ee7a b\u1ed9 kh\u0103n tr\u1ea3i gi\u01b0\u1eddng Spa m\u00e0u h\u1ed3ng Microfiber<\/strong><\/h2>\n<p>\u306e <a href=\"https:\/\/khantamgiare.com\/ja\/khan-trai-giuong-spa\/\">\u30d9\u30c3\u30c9\u30ea\u30cd\u30f3\u306e\u30b9\u30d1<\/a> m\u00e0u h\u1ed3ng \u0111ang &#8220;l\u00e0m m\u01b0a l\u00e0m gi\u00f3&#8221; v\u00e0 \u0111\u01b0\u1ee3c c\u00e1c spa thi nhau \u0111\u1eb7t h\u00e0ng. Kh\u00f4ng ph\u1ea3i t\u1ef1 nhi\u00ean, b\u1ed9 s\u1ea3n ph\u1ea9m n\u00e0y l\u1ea1i \u0111\u01b0\u1ee3c \u01b0a chu\u1ed9ng \u0111\u1ebfn v\u1eady. S\u1ee9c h\u00fat c\u1ee7a n\u00f3 l\u00e0m \u1edf \u0111\u00e2u? \u0110\u1ea7u ti\u00ean, ch\u00fang ta c\u00f3 th\u1ec3 th\u1ea5y r\u1eb1ng, b\u1ed9 kh\u0103n s\u1eed d\u1ee5ng t\u00f4ng m\u00e0u h\u1ed3ng l\u00e0m ch\u1ee7 \u0111\u1ea1o.<\/p>\n<p>\u97f3\u8272\u306f\u512a\u3057\u304f\u3001\u7518\u307f\u304c\u9032\u307e\u306a\u3044\u306e\u30b7\u30c3\u30af\u306a\u308a\u307e\u3059\u3002 \u306e\u30b9\u30b9\u30d1\u3092\u63a2\u3057\u3066\u3044\u308b\u30ab\u30e9\u30fc&#034;\u98a8\u306e\u5909\u5316&#034;\u3001\u305d\u306e\u4ed6\u306e\u6a29\u5229\u307e\u3059\u3002<\/p>\n<p>\u6b21\u306e\u8cc7\u6599\u306e\u30d0\u30b9\u30bf\u30aa\u30eb\u3001\u30d9\u30c3\u30c9\u30ab\u30d0\u30fc\u30d4\u30f3\u30af\u6750\u6599\u306e\u4f7f\u7528\u306e\u6975\u7d30-\u8d85\u6975\u7d30\u7e4a\u7dad\u307e\u3059\u3002 \u305d\u306e\u305f\u3081\u3001\u5916\u898b\u30de\u30d5\u30e9\u30fc\u306e\u9ad8\u3044\u9b45\u529b\u3092\u5897\u3057\u3001\u4fbf\u5229\u306a\u6a5f\u80fd\u3092\u5099\u3048\u305f. \u3067\u73fe\u5b9f\u306e\u7d4c\u9a13\u304c\u53d6\u308c\u308b\u3053\u3068\u306b\u9a5a\u304b\u308c\u308b\u3067\u3057\u3087\u3046\u7d20\u6750\u306e\u67d4\u3089\u304b\u3055\u3082\u3042\u308a\u3001\u975e\u5e38\u306b\u30b9\u30e0\u30fc\u30ba\u3067\u3059\u3002 \u5bdd\u5177\u306f\u808c\u306b\u3082\u5b89\u5168\u306a\u30b3\u30fc\u30e9\u30b9\u30aa\u30d6\u30b8\u30a7\u30af\u30c8\u3002<\/p>\n<p>\uff0b\u5f62\u614bbedspreads AdoraSpa\u2013\u30d4\u30f3\u30af\u2013(\u30de\u30a4\u30af\u30ed\u30d5\u30a1\u30a4\u30d0\u30fc)<\/p>\n<figure id=\"attachment_4284\" aria-describedby=\"caption-attachment-4284\" style=\"width: 720px\" class=\"wp-caption aligncenter\"><img loading=\"lazy\" decoding=\"async\" class=\"wp-image-4284 size-full\" title=\"\u30d9\u30c3\u30c9\u30ea\u30cd\u30f3\u306e\u30de\u30a4\u30af\u30ed\u30d5\u30a1\u30a4\u30d0\u30fc\u30d4\u30f3\u30af-khannamphong\" src=\"http:\/\/khantamgiare.com\/wp-content\/uploads\/2023\/06\/IMG_2764.jpg\" alt=\"\u30d1\u30bf\u30fc\u30f3bedspreads AdoraSpa-\u30d4\u30f3\u30af-(\u30de\u30a4\u30af\u30ed\u30d5\u30a1\u30a4\u30d0\u30fc)\" width=\"720\" height=\"480\" \/><figcaption id=\"caption-attachment-4284\" class=\"wp-caption-text\">\u30d1\u30bf\u30fc\u30f3bedspreads AdoraSpa\u2013\u30d4\u30f3\u30af\u2013(\u30de\u30a4\u30af\u30ed\u30d5\u30a1\u30a4\u30d0\u30fc)<\/figcaption><\/figure>\n<figure id=\"attachment_4287\" aria-describedby=\"caption-attachment-4287\" style=\"width: 720px\" class=\"wp-caption aligncenter\"><img loading=\"lazy\" decoding=\"async\" class=\"wp-image-4287 size-full\" title=\"\u30d9\u30c3\u30c9\u30ea\u30cd\u30f3\u306e\u30de\u30a4\u30af\u30ed\u30d5\u30a1\u30a4\u30d0\u30fc\u30d4\u30f3\u30af-khannamphong\" src=\"http:\/\/khantamgiare.com\/wp-content\/uploads\/2023\/06\/IMG_2767.jpg\" alt=\"\u30d1\u30bf\u30fc\u30f3bedspreads AdoraSpa-\u30d4\u30f3\u30af-(\u30de\u30a4\u30af\u30ed\u30d5\u30a1\u30a4\u30d0\u30fc)\" width=\"720\" height=\"480\" \/><figcaption id=\"caption-attachment-4287\" class=\"wp-caption-text\">\u30d1\u30bf\u30fc\u30f3bedspreads AdoraSpa\u2013\u30d4\u30f3\u30af\u2013(\u30de\u30a4\u30af\u30ed\u30d5\u30a1\u30a4\u30d0\u30fc)<\/figcaption><\/figure>\n<h2><strong>\u8a2d\u5b9a\u65b9\u6cd5\u306f\u8cb7-\u30d9\u30c3\u30c9\u30ea\u30cd\u30f3\u306e\u30b9\u30d1\u306e\u6700\u3082\u512a\u5148\u3059\u3002\u00a0<\/strong><\/h2>\n<p>Khi c\u00f3 nhu c\u1ea7u \u0111\u1eb7t mua kh\u0103n tr\u1ea3i gi\u01b0\u1eddng spa, kh\u00e1ch h\u00e0ng c\u1ea7n quan t\u00e2m t\u1edbi ngu\u1ed3n g\u1ed1c xu\u1ea5t x\u1ee9 c\u1ee7a s\u1ea3n ph\u1ea9m. N\u00ean ch\u1ecdn mua kh\u0103n \u1edf n\u01a1i c\u00f3 th\u01b0\u01a1ng hi\u1ec7u uy t\u00edn. M\u1ed9t trong nh\u1eefng \u0111i\u1ec3m \u0111\u1ebfn ho\u00e0n h\u1ea3o c\u1ee7a m\u1ecdi spa l\u00e0 th\u01b0\u01a1ng hi\u1ec7u Kh\u0103n T\u1eafm Gi\u00e1 R\u1ebb. Ch\u00fang t\u00f4i l\u00e0 x\u01b0\u1edfng s\u1ea3n xu\u1ea5t <a href=\"https:\/\/khantamgiare.com\/ja\/khan-spa\/\">\u30bf\u30aa\u30eb\u30b9\u30b9\u30d1\u306e\u54c1\u8cea<\/a> s\u1ed1 1 hi\u1ec7n nay n\u00ean lu\u00f4n c\u00f3 nh\u1eefng ch\u00ednh s\u00e1ch gi\u00e1 \u01b0u \u0111\u00e3i d\u00e0nh t\u1eb7ng kh\u00e1ch h\u00e0ng.<\/p>\n<p>\u0110\u1ec3 mua kh\u0103n tr\u1ea3i gi\u01b0\u1eddng spa m\u00e0u h\u1ed3ng microfiber v\u1edbi gi\u00e1 \u01b0u \u0111\u00e3i, b\u1ea1n h\u00e3y k\u1ebft n\u1ed1i v\u1edbi ch\u00fang t\u00f4i qua s\u1ed1 hotline. <a href=\"https:\/\/khantamgiare.com\/ja\/\">\u30bf\u30aa\u30eb\u683c\u5b89<\/a> l\u00e0 x\u01b0\u1edfng s\u1ea3n xu\u1ea5t n\u00ean n\u1ebfu kh\u00e1ch h\u00e0ng \u0111\u1eb7t kh\u0103n theo s\u1ed1 l\u01b0\u1ee3ng l\u1edbn, th\u00ec m\u1ee9c chi\u1ebft kh\u1ea5u s\u1ebd c\u00e0ng h\u1ea5p d\u1eabn. M\u1ee9c chi\u1ebft kh\u1ea5u \u0111\u00f3 s\u1ebd \u0111\u01b0\u1ee3c th\u00f4ng b\u00e1o c\u1ee5 th\u1ec3 trong qu\u00e1 tr\u00ecnh trao \u0111\u1ed5i v\u00e0 t\u01b0 v\u1ea5n.<\/p>\n<figure id=\"attachment_4285\" aria-describedby=\"caption-attachment-4285\" style=\"width: 480px\" class=\"wp-caption aligncenter\"><img loading=\"lazy\" decoding=\"async\" class=\"wp-image-4285 size-full\" style=\"color: #333333; font-size: 14.4px;\" title=\"\u30d9\u30c3\u30c9\u30ea\u30cd\u30f3\u306e\u30de\u30a4\u30af\u30ed\u30d5\u30a1\u30a4\u30d0\u30fc\u30d4\u30f3\u30af-khannamphong\" src=\"http:\/\/khantamgiare.com\/wp-content\/uploads\/2023\/06\/IMG_2765.jpg\" alt=\"\u30d1\u30bf\u30fc\u30f3bedspreads AdoraSpa-\u30d4\u30f3\u30af-(\u30de\u30a4\u30af\u30ed\u30d5\u30a1\u30a4\u30d0\u30fc)\" width=\"480\" height=\"720\" \/><figcaption id=\"caption-attachment-4285\" class=\"wp-caption-text\">\u30d1\u30bf\u30fc\u30f3bedspreads AdoraSpa\u2013\u30d4\u30f3\u30af\u2013(\u30de\u30a4\u30af\u30ed\u30d5\u30a1\u30a4\u30d0\u30fc)<\/figcaption><\/figure>\n<p>\uff0b\u5f62\u614bbedspreads\u306e\u7f8e\u3057\u3055(\u30d4\u30f3\u30af\u30d1\u30b9\u30c6\u30eb\u2013\u30de\u30a4\u30af\u30ed\u30d5\u30a1\u30a4\u30d0\u30fc)<\/p>\n<figure id=\"attachment_11126\" aria-describedby=\"caption-attachment-11126\" style=\"width: 850px\" class=\"wp-caption aligncenter\"><img loading=\"lazy\" decoding=\"async\" class=\"wp-image-11126 size-full\" style=\"color: #333333;\" src=\"http:\/\/khantamgiare.com\/wp-content\/uploads\/2023\/06\/khan-your-beauty1.jpg\" alt=\"\u30d1\u30bf\u30fc\u30f3bedspreads\u306e\u7f8e\u3057\u3055(\u30d4\u30f3\u30af\u30d1\u30b9\u30c6\u30eb-\u30de\u30a4\u30af\u30ed\u30d5\u30a1\u30a4\u30d0\u30fc)\" width=\"850\" height=\"500\" title=\"\"><figcaption id=\"caption-attachment-11126\" class=\"wp-caption-text\">\u30d1\u30bf\u30fc\u30f3bedspreads\u306e\u7f8e\u3057\u3055(\u30d4\u30f3\u30af\u30d1\u30b9\u30c6\u30eb\u2013\u30de\u30a4\u30af\u30ed\u30d5\u30a1\u30a4\u30d0\u30fc)<\/figcaption><\/figure>\n<figure id=\"attachment_11128\" aria-describedby=\"caption-attachment-11128\" style=\"width: 850px\" class=\"wp-caption aligncenter\"><img loading=\"lazy\" decoding=\"async\" class=\"wp-image-11128 size-full\" src=\"http:\/\/khantamgiare.com\/wp-content\/uploads\/2023\/06\/khan-your-beauty3.jpg\" alt=\"\u30d1\u30bf\u30fc\u30f3bedspreads\u306e\u7f8e\u3057\u3055(\u30d4\u30f3\u30af\u30d1\u30b9\u30c6\u30eb-\u30de\u30a4\u30af\u30ed\u30d5\u30a1\u30a4\u30d0\u30fc)\" width=\"850\" height=\"500\" title=\"\"><figcaption id=\"caption-attachment-11128\" class=\"wp-caption-text\">\u30d1\u30bf\u30fc\u30f3bedspreads\u306e\u7f8e\u3057\u3055(\u30d4\u30f3\u30af\u30d1\u30b9\u30c6\u30eb\u2013\u30de\u30a4\u30af\u30ed\u30d5\u30a1\u30a4\u30d0\u30fc)<\/figcaption><\/figure>\n<figure id=\"attachment_11127\" aria-describedby=\"caption-attachment-11127\" style=\"width: 550px\" class=\"wp-caption aligncenter\"><img loading=\"lazy\" decoding=\"async\" class=\"wp-image-11127 size-full\" src=\"http:\/\/khantamgiare.com\/wp-content\/uploads\/2023\/06\/khan-your-beauty2.jpg\" alt=\"\u30d1\u30bf\u30fc\u30f3bedspreads\u306e\u7f8e\u3057\u3055(\u30d4\u30f3\u30af\u30d1\u30b9\u30c6\u30eb-\u30de\u30a4\u30af\u30ed\u30d5\u30a1\u30a4\u30d0\u30fc)\" width=\"550\" height=\"800\" title=\"\"><figcaption id=\"caption-attachment-11127\" class=\"wp-caption-text\">\u30d1\u30bf\u30fc\u30f3bedspreads\u306e\u7f8e\u3057\u3055(\u30d4\u30f3\u30af\u30d1\u30b9\u30c6\u30eb\u2013\u30de\u30a4\u30af\u30ed\u30d5\u30a1\u30a4\u30d0\u30fc)<\/figcaption><\/figure>\n<p style=\"text-align: center;\">Tham kh\u1ea3o th\u00eam h\u01a1n 100+ m\u1eabu kh\u0103n tr\u1ea3i gi\u01b0\u1eddng spa \u0111ang \u0111\u01b0\u1ee3c Kh\u0103n T\u1eafm Gi\u00e1 R\u1ebb \u0111\u00e3 th\u1ef1c hi\u1ec7n v\u00e0 cung c\u1ea5p tr\u00ean th\u1ecb tr\u01b0\u1eddng<\/p>\n<h2><strong>T\u1ea1i sao n\u00ean l\u1ef1a ch\u1ecdn Kh\u0103n T\u1eafm Gi\u00e1 R\u1ebb?\u00a0<\/strong><\/h2>\n<p>\u6211\u3005\u306f\u54c1\u8cea\u88fd\u54c1\u3092\u88fd\u4f5c\u3057\u3066\u3044\u307e\u3059\u3002 \u5bdd\u5177\u30bb\u30c3\u30c8\u30d4\u30f3\u30af\u30de\u30a4\u30af\u30ed\u30d5\u30a1\u30a4\u30d0\u30fc\u306a\u6a29\u5229\u3068\u3057\u3066\u306e\u5408\u610f\u5185\u5bb9\u306e\u5b9f\u969b\u306e\u8cac\u4efb\u306b\u306a\u308a\u307e\u3059\u3002<\/p>\n<p>T\u1ea5t c\u1ea3 c\u00e1c s\u1ea3n ph\u1ea9m Kh\u0103n T\u1eafm Gi\u00e1 R\u1ebb \u0111\u1ec1u c\u00f3 tem m\u00e1c v\u00e0 \u0111\u01b0\u1ee3c \u0111\u00f3ng g\u00f3i c\u1ea9n th\u1eadn. Tr\u01b0\u1edbc khi nh\u1eadn kh\u0103n, qu\u00fd kh\u00e1ch c\u00f3 quy\u1ec1n ki\u1ec3m tra. M\u1ecdi v\u1ea5n \u0111\u1ec1 th\u1eafc m\u1eafc h\u00e3y li\u00ean h\u1ec7 v\u1edbi Kh\u0103n T\u1eafm Gi\u00e1 R\u1ebb \u0111\u1ec3 \u0111\u01b0\u1ee3c h\u1ed7 tr\u1ee3. Tr\u00e2n tr\u1ecdng c\u00e1m \u01a1n.<\/p>\n<p><em><strong>\u8a73\u7d30\uff1a <a href=\"https:\/\/khantamgiare.com\/ja\/bo-khan-trai-giuong-spa-mau-nau-microfiber\/\">\u30bb\u30c3\u30c8\u306e\u30d9\u30c3\u30c9\u30ea\u30cd\u30f3\u3001\u30b9\u30d1\u8336\u8272\u306e\u30de\u30a4\u30af\u30ed\u30d5\u30a1\u30a4\u30d0\u30fc<\/a><\/strong><\/em><\/p>","protected":false},"excerpt":{"rendered":"<p><em><strong>\u30b5\u30a4\u30ba: <\/strong>\u30d9\u30c3\u30c9\u30ea\u30cd\u30f3:90\u00d7190(750g)<\/em><\/p>\n<p><em><strong>\u6750\u8cea\uff1a\u00a0<\/strong>\u30d5\u30a1\u30a4\u30d0\u30de\u30a4\u30af\u30ed\u30d5\u30a1\u30a4\u30d0\u30fc.<\/em><\/p>\n<p><em><strong>\u30ab\u30e9\u30fc:\u00a0<\/strong>\u82d4\u7dd1\u3001\u9752\u3001\u8336\u3001\u30c1\u30e7\u30b3\u30ec\u30fc\u30c8\u3001\u7d2b\u3001\u30d4\u30f3\u30af\u3001\u30b0\u30ec\u30fc\u3001\u767d\u3001\u30d0\u30d5\u3001\u8d64\u3001\u30bf\u30fc\u30b3\u30a4\u30ba\u30d6\u30eb\u30fc\u3002<\/em><\/p>\n<p><em><strong>\u7279\u5225:<\/strong><\/em>\u00a0<em>\u3044\u523a\u7e4d\u306e\u30ed\u30b4\u306b\u3088\u308b\u304a\u5ba2\u69d8\u306e\u8981\u4ef6\u3092\u6e80\u305f\u3059\u3002<\/em><\/p>\n<p><iframe loading=\"lazy\" src=\"https:\/\/www.youtube.com\/embed\/w-BpArzr95g\" width=\"560\" height=\"315\" frameborder=\"0\" allowfullscreen=\"allowfullscreen\"><\/iframe><\/p>","protected":false},"featured_media":5140,"comment_status":"closed","ping_status":"closed","template":"","meta":[],"product_cat":[48,50],"product_tag":[],"class_list":{"0":"post-3568","1":"product","2":"type-product","3":"status-publish","4":"has-post-thumbnail","6":"product_cat-khan-spa","7":"product_cat-khan-trai-giuong-spa","8":"pa_chat-lieu-microfiber","9":"pa_kich-thuoc-90cm-x-190cm","10":"pa_mau-sac-hong","13":"instock","14":"product-type-simple"},"acf":[],"_links":{"self":[{"href":"https:\/\/khantamgiare.com\/ja\/wp-json\/wp\/v2\/product\/3568","targetHints":{"allow":["GET"]}}],"collection":[{"href":"https:\/\/khantamgiare.com\/ja\/wp-json\/wp\/v2\/product"}],"about":[{"href":"https:\/\/khantamgiare.com\/ja\/wp-json\/wp\/v2\/types\/product"}],"replies":[{"embeddable":true,"href":"https:\/\/khantamgiare.com\/ja\/wp-json\/wp\/v2\/comments?post=3568"}],"wp:featuredmedia":[{"embeddable":true,"href":"https:\/\/khantamgiare.com\/ja\/wp-json\/wp\/v2\/media\/5140"}],"wp:attachment":[{"href":"https:\/\/khantamgiare.com\/ja\/wp-json\/wp\/v2\/media?parent=3568"}],"wp:term":[{"taxonomy":"product_cat","embeddable":true,"href":"https:\/\/khantamgiare.com\/ja\/wp-json\/wp\/v2\/product_cat?post=3568"},{"taxonomy":"product_tag","embeddable":true,"href":"https:\/\/khantamgiare.com\/ja\/wp-json\/wp\/v2\/product_tag?post=3568"}],"curies":[{"name":"wp","href":"https:\/\/api.w.org\/{rel}","templated":true}]}}