{"id":3575,"date":"2023-06-29T07:41:54","date_gmt":"2023-06-29T07:41:54","guid":{"rendered":"http:\/\/khantam.h193.dpsmedia.vn\/san-pham\/bo-khan-trai-giuong-spa-mau-do-microfiber\/"},"modified":"2024-04-04T15:08:00","modified_gmt":"2024-04-04T08:08:00","slug":"bo-khan-trai-giuong-spa-mau-do-microfiber","status":"publish","type":"product","link":"https:\/\/khantamgiare.com\/ja\/bo-khan-trai-giuong-spa-mau-do-microfiber\/","title":{"rendered":"\u5bdd\u5177\u306e\u30b9\u30d1\u8d64\u3044\u30de\u30a4\u30af\u30ed\u30d5\u30a1\u30a4\u30d0\u30fc"},"content":{"rendered":"<h2><strong>\u7279\u6027\u5bdd\u5177\u30b9\u30b9\u30d1\u306e\u8d64\u3044\u30de\u30a4\u30af\u30ed\u30d5\u30a1\u30a4\u30d0\u30fc\u00a0<\/strong><\/h2>\n<p>B\u1ed9 kh\u0103n c\u00f3 m\u00e0u \u0111\u1ecf n\u1ed5i b\u1eadt, \u0111\u00e2y l\u00e0 m\u00e0u \u0111\u01b0\u1ee3c r\u1ea5t nhi\u1ec1u spa l\u1ef1a ch\u1ecdn v\u00ec mang \u0111\u1ebfn c\u1ea3m gi\u00e1c m\u1edbi l\u1ea1, h\u1ea5p d\u1eabn. M\u00e0u s\u1eafc n\u00e0y ho\u00e0n to\u00e0n kh\u00f4ng b\u1ecb l\u1eabn l\u1ed9n v\u1edbi c\u00e1c m\u00e0u s\u1eafc kh\u00e1c. Do \u0111\u00f3, \u0111\u01b0\u1ee3c c\u00e1c spa \u0111\u1eb7c bi\u1ec7t y\u00eau th\u00edch. T\u00f9y v\u00e0o y\u00eau c\u1ea7u \u0111\u1eb7t h\u00e0ng c\u1ee7a b\u1ea1n, m\u00e0 Kh\u0103n T\u1eafm Gi\u00e1 R\u1ebb s\u1ebd linh ho\u1ea1t l\u1ef1a ch\u1ecdn m\u00e0u \u0111\u1ecf t\u01b0\u01a1ng \u1ee9ng.<\/p>\n<p>\u4f8b\u3048\u3070\u3001\u304a\u5ba2\u69d8\u304c\u5fc5\u8981\u3067\u8d64\u3044\u30aa\u30ea\u30b8\u30ca\u30eb\u306e\u660e\u308b\u3044\u8d64\u306e\u8272\u304c\u7570\u306a\u308b\u3068\u8272\u304c\u30d4\u30f3\u30af\u3067\u3059\u3002 \u307e\u305f\u3001\u8d64\u3044\u8272\u304c\u3042\u308a\u307e\u3059\u591a\u304f\u306e\u591a\u69d8\u306a\u8272\u5f69\u304c\u7570\u306a\u308b\u304a\u5ba2\u69d8\u306b\u3088\u308a\u307e\u3059\u3002<\/p>\n<p>\u30d9\u30c3\u30c9\u30ea\u30cd\u30f3\u306e\u30b9\u30d1\u3067\u306f\u3001\u9ad8\u54c1\u8cea\u6750\u6599\u306e\u30de\u30a4\u30af\u30ed\u30d5\u30a1\u30a4\u30d0\u30fc. \u30de\u30a4\u30af\u30ed\u30d5\u30a1\u30a4\u30d0\u30fc\u306f\u3001\u9ad8\u54c1\u8cea\u306a\u5408\u6210\u7e4a\u7dad\u306f\u7e4a\u7dad\u306e\u5e03\u3067\u304d\u307e\u3059\u3002 \u5229\u70b9\u3053\u306e\u30bf\u30a4\u30d7\u306e\u30b9\u30ab\u30fc\u30d5:\u3057\u3001\u5438\u6c34\u3001\u6297\u83cc\u52b9\u679c\u3068\u9ad8\u3044\u8272\u5805\u7262\u5ea6<\/p>\n<p>\u307e\u305f\u3001\u7f8e\u610f\u8b58\u306e\u88fd\u54c1\u304c\u3042\u308a\u307e\u3059\u3002 \u306e\u8868\u9762\u306b\u30bf\u30aa\u30eb\u3092\u81ea\u7136\u306b\u67d4\u3089\u304b\u306e\u307f\u3067\u69cb\u6210\u3055\u308c\u3066\u3044\u308b\u305f\u3081\u5b89\u5168\u3067\u826f\u6027\u3067\u3059\u3002 \u3067\u3082\u304a\u5ba2\u69d8\u306b\u654f\u611f\u808c\u7528\u3044\u308b\u5834\u5408\u3001\u30d9\u30c3\u30c9\u30ea\u30cd\u30f3\u306e\u30b9\u30d1\u306e\u6975\u7d30-\u8d85\u6975\u7d30\u7e4a\u7dad\u306e\u3082\u306e\u3067\u306f\u306a\u5f71\u97ff\u3092\u4e0e\u3048\u308b\u3053\u3068\u306f\u3042\u308a\u307e\u305b\u3093\u73fe\u8c61\u306e\u6709\u6bd2\u3002<\/p>\n<p>\uff0b\u5f62\u614bbedspreads Tuyen\u30b1\u30ea\u30fc\u30b9\u30d1\u30b9\u30bf\u30a4\u30ea\u30c3\u30b7\u30e5\u30b9\u30a4\u30fc\u30c8\uff08\u8d64\u2013\u30de\u30a4\u30af\u30ed\u30d5\u30a1\u30a4\u30d0\u30fc)<\/p>\n<figure id=\"attachment_3101\" aria-describedby=\"caption-attachment-3101\" style=\"width: 720px\" class=\"wp-caption aligncenter\"><img loading=\"lazy\" decoding=\"async\" class=\"wp-image-3101 size-full\" src=\"http:\/\/khantamgiare.com\/wp-content\/uploads\/2023\/06\/9695f63f0ab0e8eeb1a1.jpg\" alt=\"\u30d1\u30bf\u30fc\u30f3bedspreads Tuyen\u30b1\u30ea\u30fc\u30b9\u30d1\u30b9\u30bf\u30a4\u30ea\u30c3\u30b7\u30e5\u30b9\u30a4\u30fc\u30c8\uff08\u8d64-\u30de\u30a4\u30af\u30ed\u30d5\u30a1\u30a4\u30d0\u30fc)\" width=\"720\" height=\"480\" title=\"\"><figcaption id=\"caption-attachment-3101\" class=\"wp-caption-text\">\u30d1\u30bf\u30fc\u30f3bedspreads Tuyen\u30b1\u30ea\u30fc\u30b9\u30d1\u30b9\u30bf\u30a4\u30ea\u30c3\u30b7\u30e5\u30b9\u30a4\u30fc\u30c8\uff08\u8d64\u2013\u30de\u30a4\u30af\u30ed\u30d5\u30a1\u30a4\u30d0\u30fc)<\/figcaption><\/figure>\n<figure id=\"attachment_3103\" aria-describedby=\"caption-attachment-3103\" style=\"width: 720px\" class=\"wp-caption aligncenter\"><img loading=\"lazy\" decoding=\"async\" class=\"wp-image-3103\" src=\"http:\/\/khantamgiare.com\/wp-content\/uploads\/2023\/06\/05da1473e8fc0aa253ed.jpg\" alt=\"\u30d1\u30bf\u30fc\u30f3bedspreads Tuyen\u30b1\u30ea\u30fc\u30b9\u30d1\u30b9\u30bf\u30a4\u30ea\u30c3\u30b7\u30e5\u30b9\u30a4\u30fc\u30c8\uff08\u8d64-\u30de\u30a4\u30af\u30ed\u30d5\u30a1\u30a4\u30d0\u30fc)\" width=\"720\" height=\"1080\" title=\"\"><figcaption id=\"caption-attachment-3103\" class=\"wp-caption-text\">\u30d1\u30bf\u30fc\u30f3bedspreads Tuyen\u30b1\u30ea\u30fc\u30b9\u30d1\u30b9\u30bf\u30a4\u30ea\u30c3\u30b7\u30e5\u30b9\u30a4\u30fc\u30c8\uff08\u8d64\u2013\u30de\u30a4\u30af\u30ed\u30d5\u30a1\u30a4\u30d0\u30fc)<\/figcaption><\/figure>\n<figure id=\"attachment_3104\" aria-describedby=\"caption-attachment-3104\" style=\"width: 720px\" class=\"wp-caption aligncenter\"><img loading=\"lazy\" decoding=\"async\" class=\"wp-image-3104 size-full\" src=\"http:\/\/khantamgiare.com\/wp-content\/uploads\/2023\/06\/5d9ff83604b9e6e7bfa8.jpg\" alt=\"\u30d1\u30bf\u30fc\u30f3bedspreads Tuyen\u30b1\u30ea\u30fc\u30b9\u30d1\u30b9\u30bf\u30a4\u30ea\u30c3\u30b7\u30e5\u30b9\u30a4\u30fc\u30c8\uff08\u8d64-\u30de\u30a4\u30af\u30ed\u30d5\u30a1\u30a4\u30d0\u30fc)\" width=\"720\" height=\"480\" title=\"\"><figcaption id=\"caption-attachment-3104\" class=\"wp-caption-text\">\u30d1\u30bf\u30fc\u30f3bedspreads Tuyen\u30b1\u30ea\u30fc\u30b9\u30d1\u30b9\u30bf\u30a4\u30ea\u30c3\u30b7\u30e5\u30b9\u30a4\u30fc\u30c8\uff08\u8d64\u2013\u30de\u30a4\u30af\u30ed\u30d5\u30a1\u30a4\u30d0\u30fc)<\/figcaption><\/figure>\n<figure id=\"attachment_3108\" aria-describedby=\"caption-attachment-3108\" style=\"width: 720px\" class=\"wp-caption aligncenter\"><img loading=\"lazy\" decoding=\"async\" class=\"wp-image-3108 size-full\" src=\"http:\/\/khantamgiare.com\/wp-content\/uploads\/2023\/06\/a2fbb0524cddae83f7cc.jpg\" alt=\"\u30d1\u30bf\u30fc\u30f3bedspreads Tuyen\u30b1\u30ea\u30fc\u30b9\u30d1\u30b9\u30bf\u30a4\u30ea\u30c3\u30b7\u30e5\u30b9\u30a4\u30fc\u30c8\uff08\u8d64-\u30de\u30a4\u30af\u30ed\u30d5\u30a1\u30a4\u30d0\u30fc)\" width=\"720\" height=\"480\" title=\"\"><figcaption id=\"caption-attachment-3108\" class=\"wp-caption-text\">\u30d1\u30bf\u30fc\u30f3bedspreads Tuyen\u30b1\u30ea\u30fc\u30b9\u30d1\u30b9\u30bf\u30a4\u30ea\u30c3\u30b7\u30e5\u30b9\u30a4\u30fc\u30c8\uff08\u8d64\u2013\u30de\u30a4\u30af\u30ed\u30d5\u30a1\u30a4\u30d0\u30fc)<\/figcaption><\/figure>\n<figure id=\"attachment_3109\" aria-describedby=\"caption-attachment-3109\" style=\"width: 720px\" class=\"wp-caption aligncenter\"><img loading=\"lazy\" decoding=\"async\" class=\"wp-image-3109 size-full\" src=\"http:\/\/khantamgiare.com\/wp-content\/uploads\/2023\/06\/b8eedf4623c9c19798d8.jpg\" alt=\"\u30d1\u30bf\u30fc\u30f3bedspreads Tuyen\u30b1\u30ea\u30fc\u30b9\u30d1\u30b9\u30bf\u30a4\u30ea\u30c3\u30b7\u30e5\u30b9\u30a4\u30fc\u30c8\uff08\u8d64-\u30de\u30a4\u30af\u30ed\u30d5\u30a1\u30a4\u30d0\u30fc)\" width=\"720\" height=\"480\" title=\"\"><figcaption id=\"caption-attachment-3109\" class=\"wp-caption-text\">\u30d1\u30bf\u30fc\u30f3bedspreads Tuyen\u30b1\u30ea\u30fc\u30b9\u30d1\u30b9\u30bf\u30a4\u30ea\u30c3\u30b7\u30e5\u30b9\u30a4\u30fc\u30c8\uff08\u8d64\u2013\u30de\u30a4\u30af\u30ed\u30d5\u30a1\u30a4\u30d0\u30fc)<\/figcaption><\/figure>\n<p>&nbsp;<\/p>\n<figure id=\"attachment_3111\" aria-describedby=\"caption-attachment-3111\" style=\"width: 720px\" class=\"wp-caption aligncenter\"><img loading=\"lazy\" decoding=\"async\" class=\"wp-image-3111 size-full\" src=\"http:\/\/khantamgiare.com\/wp-content\/uploads\/2023\/06\/d3f30d54f1db13854aca.jpg\" alt=\"\u30d1\u30bf\u30fc\u30f3bedspreads Tuyen\u30b1\u30ea\u30fc\u30b9\u30d1\u30b9\u30bf\u30a4\u30ea\u30c3\u30b7\u30e5\u30b9\u30a4\u30fc\u30c8\uff08\u8d64-\u30de\u30a4\u30af\u30ed\u30d5\u30a1\u30a4\u30d0\u30fc)\" width=\"720\" height=\"480\" title=\"\"><figcaption id=\"caption-attachment-3111\" class=\"wp-caption-text\">\u30d1\u30bf\u30fc\u30f3bedspreads Tuyen\u30b1\u30ea\u30fc\u30b9\u30d1\u30b9\u30bf\u30a4\u30ea\u30c3\u30b7\u30e5\u30b9\u30a4\u30fc\u30c8\uff08\u8d64\u2013\u30de\u30a4\u30af\u30ed\u30d5\u30a1\u30a4\u30d0\u30fc)<span style=\"color: #555555; font-size: 14.4px;\">\u00a0<\/span><\/figcaption><\/figure>\n<h2><strong>\u306e\u6ce8\u6587\u306e\u969b\u306f\u3054\u6ce8\u610f-\u5229\u7528\u306e\u5bdd\u5177\u30bb\u30c3\u30c8-\u30de\u30a4\u30af\u30ed\u30d5\u30a1\u30a4\u30d0\u30fc\u8d64\u00a0<\/strong><\/h2>\n<p>\u304a\u5ba2\u69d8\u306f\u6ce8\u610f\u6df1\u304f\u8003\u3048\u308b\u524d\u306b\u9078\u629e\u3059\u308b\u3053\u3068\u306b\u306a\u308b\u3002 \u9078\u629e\u3057\u305f\u5834\u5408\u306e\u8272\u306f\u8d64\u306e\u30d6\u30e9\u30f3\u30c9\u30ed\u30b4\u3092\u523a\u7e4d\u3057\u307e\u3057\u305f\u306e\u30b9\u30ab\u30fc\u30d5\u3067\u306a\u3051\u308c\u3070\u306a\u3089\u306a\u3044\u7570\u306a\u308b\u8272\u3092\u3057\u307e\u3059\u3002 \u305d\u306e\u76ee\u7684\u306f\u3001\u30d8\u30d6\u30e9\u30f3\u30c9\u30ed\u30b4\u30de\u30fc\u30af\u304c\u5370\u8c61\u7684\u306a\u3001\u5370\u8c61\u7684\u3067\u3059\u3002<\/p>\n<p>Kh\u00e1ch h\u00e0ng khi \u0111\u1eb7t mua s\u1ea3n ph\u1ea9m, \u0111\u1ec3 tr\u00e1nh mua ph\u1ea3i h\u00e0ng gi\u1ea3 h\u00e0ng k\u00e9m ch\u1ea5t l\u01b0\u1ee3ng, h\u00e3y li\u00ean h\u1ec7 tr\u1ef1c ti\u1ebfp t\u1edbi s\u1ed1 hotline c\u1ee7a Kh\u0103n T\u1eafm Gi\u00e1 R\u1ebb. Ch\u00fang t\u00f4i l\u00e0 x\u01b0\u1edfng s\u1ea3n xu\u1ea5t <a href=\"https:\/\/khantamgiare.com\/ja\/khan-spa\/\">kh\u0103n spa gi\u00e1 r\u1ebb<\/a> s\u1ed1 1 hi\u1ec7n nay n\u00ean lu\u00f4n c\u00f3 s\u1ef1 cam k\u1ebft minh b\u1ea1ch v\u1ec1 ch\u1ea5t l\u01b0\u1ee3ng c\u1ee7a s\u1ea3n ph\u1ea9m. N\u1ebfu s\u1ea3n ph\u1ea9m b\u1ecb l\u1ed7i do ph\u00eda nh\u00e0 s\u1ea3n xu\u1ea5t, Kh\u0103n T\u1eafm Gi\u00e1 R\u1ebb s\u1ebd ch\u1ecbu tr\u00e1ch nhi\u1ec7m ho\u00e0n to\u00e0n.<\/p>\n<p>\u304a\u5ba2\u69d8\u306e\u767a\u6ce8\u30d9\u30c3\u30c9\u30ea\u30cd\u30f3\u3067\u6ce8\u30b5\u30a4\u30ba\u3067\u3059\u3002 \u304d\u306e\u7a2e\u985e\u3092\u9078\u629e\u3057\u30bf\u30aa\u30eb\u306e\u30b5\u30a4\u30ba\u3082\u3054\u63d0\u4f9b\u53ef\u80fd\u3067\u3059\u3002\u30ba\u306e\u30d9\u30c3\u30c9\u30b9\u30d1\u3067\u3059\u3002 \u3079\u304d\u3067\u306f\u306a\u3044\u3092\u9078\u629e\u5e03\u306b\u3082\u3084\u3082\u306e\u306b\u6bd4\u3079\u3066\u5c0f\u3055\u3044\u30b5\u30a4\u30ba\u306e\u30d9\u30c3\u30c9\u3068\u306a\u308a\u307e\u3059\u3002 \u306e\u4e0d\u5747\u8861\u306e\u539f\u56e0\u3068\u306a\u308a\u5168\u4f53\u306e\u30b9\u30d1\u30d9\u30c3\u30c9\u306b\u304f\u304f\u306a\u308a\u307e\u3059\u3002<\/p>\n<p>\uff0b\u5f62\u614bbedspreads\u30de\u30c3\u30b5\u30fc\u30b8666\u30b9\u30b9\u30d1\u306e\u8d64\u30ef\u30a4\u30f3\u2013\u30de\u30a4\u30af\u30ed\u30d5\u30a1\u30a4\u30d0\u30fc)<\/p>\n<figure id=\"attachment_8464\" aria-describedby=\"caption-attachment-8464\" style=\"width: 850px\" class=\"wp-caption aligncenter\"><img loading=\"lazy\" decoding=\"async\" class=\"wp-image-8464 size-full\" src=\"http:\/\/khantamgiare.com\/wp-content\/uploads\/2023\/06\/khan-spa-massage-666-2.jpg\" alt=\"\u30d1\u30bf\u30fc\u30f3bedspreads\u30de\u30c3\u30b5\u30fc\u30b8666\u30b9\u30b9\u30d1\u306e\u8d64\u30ef\u30a4\u30f3-\u30de\u30a4\u30af\u30ed\u30d5\u30a1\u30a4\u30d0\u30fc)\" width=\"850\" height=\"500\" title=\"\"><figcaption id=\"caption-attachment-8464\" class=\"wp-caption-text\">\u30d1\u30bf\u30fc\u30f3bedspreads\u30de\u30c3\u30b5\u30fc\u30b8666\u30b9\u30b9\u30d1\u306e\u8d64\u30ef\u30a4\u30f3\u2013\u30de\u30a4\u30af\u30ed\u30d5\u30a1\u30a4\u30d0\u30fc)<\/figcaption><\/figure>\n<figure id=\"attachment_8465\" aria-describedby=\"caption-attachment-8465\" style=\"width: 850px\" class=\"wp-caption aligncenter\"><img loading=\"lazy\" decoding=\"async\" class=\"wp-image-8465 size-full\" src=\"http:\/\/khantamgiare.com\/wp-content\/uploads\/2023\/06\/khan-spa-massage-666-3.jpg\" alt=\"\u30d1\u30bf\u30fc\u30f3bedspreads\u30de\u30c3\u30b5\u30fc\u30b8666\u30b9\u30b9\u30d1\u306e\u8d64\u30ef\u30a4\u30f3-\u30de\u30a4\u30af\u30ed\u30d5\u30a1\u30a4\u30d0\u30fc)\" width=\"850\" height=\"500\" title=\"\"><figcaption id=\"caption-attachment-8465\" class=\"wp-caption-text\">\u30d1\u30bf\u30fc\u30f3bedspreads\u30de\u30c3\u30b5\u30fc\u30b8666\u30b9\u30b9\u30d1\u306e\u8d64\u30ef\u30a4\u30f3\u2013\u30de\u30a4\u30af\u30ed\u30d5\u30a1\u30a4\u30d0\u30fc)<\/figcaption><\/figure>\n<p style=\"text-align: center;\">Tham kh\u1ea3o th\u00eam h\u01a1n 100+ m\u1eabu kh\u0103n tr\u1ea3i gi\u01b0\u1eddng spa \u0111ang \u0111\u01b0\u1ee3c <a href=\"https:\/\/khantamgiare.com\/ja\/\">\u30bf\u30aa\u30eb\u683c\u5b89<\/a> \u0111\u00e3 th\u1ef1c hi\u1ec7n v\u00e0 cung c\u1ea5p tr\u00ean th\u1ecb tr\u01b0\u1eddng<\/p>\n<p style=\"text-align: center;\">&gt;&gt;&gt;\u00a0<strong>\u304a\u96fb\u8a71\u3067\u306e<\/strong>: <strong><a href=\"tel:0903367867\" rel=\"nofollow\">0903 367 867<\/a><\/strong>\u00a0\u76f8\u8ac7\u30b9\u30bf\u30fc\u30c8\u30a2\u30c3\u30d7\u306b\u306a\u308a\u307e\u3059<\/p>","protected":false},"excerpt":{"rendered":"<p><em><strong>\u30b5\u30a4\u30ba:90X190cm\u00a0<\/strong><\/em><\/p>\n<p><em><strong>\u7d20\u6750\uff1a100%\u306e\u30de\u30a4\u30af\u30ed\u30d5\u30a1\u30a4\u30d0\u30fc<\/strong><\/em><\/p>\n<p><em><strong>\u30ab\u30e9\u30fc:\u00a0<\/strong>\u82d4\u306e\u7dd1\u8272\u3001\u7d3a\u3001\u9285\u8272\u3001\u91d1\u8272\u3001\u8336\u8910\u8272\u306e\u30c1\u30e7\u30b3\u30ec\u30fc\u30c8\u3001\u6fc3\u3044\u7dd1\u8272\u306b\u3001\u8584\u7d2b\u3001\u30d4\u30f3\u30af\u3001\u30b0\u30ec\u30fc\u3001\u767d\u3001\u7dd1\u3001\u9752\u30f3\u30de\u725b\u76ae\u3001\u8336\u3001\u8d64\u304c\u4f7f\u308f\u308c\u3066\u3044\u307e\u3059\u3002<\/em><\/p>\n<p><em><strong>\u539f\u7523\u5730:\u00a0<\/strong>\u30d9\u30c8\u30ca\u30e0\u3002<\/em><\/p>\n<p><em><strong>\u7279\u5225:<\/strong><\/em>\u00a0<em>\u3044\u523a\u7e4d\u306e\u30ed\u30b4\u306b\u3088\u308b\u304a\u5ba2\u69d8\u306e\u8981\u4ef6\u3092\u6e80\u305f\u3059\u3002<\/em><\/p>","protected":false},"featured_media":5145,"comment_status":"closed","ping_status":"closed","template":"","meta":[],"product_cat":[48,50],"product_tag":[],"class_list":{"0":"post-3575","1":"product","2":"type-product","3":"status-publish","4":"has-post-thumbnail","6":"product_cat-khan-spa","7":"product_cat-khan-trai-giuong-spa","8":"pa_chat-lieu-microfiber","9":"pa_kich-thuoc-90cm-x-190cm","10":"pa_mau-sac-do","13":"instock","14":"product-type-simple"},"acf":[],"_links":{"self":[{"href":"https:\/\/khantamgiare.com\/ja\/wp-json\/wp\/v2\/product\/3575","targetHints":{"allow":["GET"]}}],"collection":[{"href":"https:\/\/khantamgiare.com\/ja\/wp-json\/wp\/v2\/product"}],"about":[{"href":"https:\/\/khantamgiare.com\/ja\/wp-json\/wp\/v2\/types\/product"}],"replies":[{"embeddable":true,"href":"https:\/\/khantamgiare.com\/ja\/wp-json\/wp\/v2\/comments?post=3575"}],"wp:featuredmedia":[{"embeddable":true,"href":"https:\/\/khantamgiare.com\/ja\/wp-json\/wp\/v2\/media\/5145"}],"wp:attachment":[{"href":"https:\/\/khantamgiare.com\/ja\/wp-json\/wp\/v2\/media?parent=3575"}],"wp:term":[{"taxonomy":"product_cat","embeddable":true,"href":"https:\/\/khantamgiare.com\/ja\/wp-json\/wp\/v2\/product_cat?post=3575"},{"taxonomy":"product_tag","embeddable":true,"href":"https:\/\/khantamgiare.com\/ja\/wp-json\/wp\/v2\/product_tag?post=3575"}],"curies":[{"name":"wp","href":"https:\/\/api.w.org\/{rel}","templated":true}]}}