{"id":3597,"date":"2023-06-29T07:42:40","date_gmt":"2023-06-29T07:42:40","guid":{"rendered":"http:\/\/khantam.h193.dpsmedia.vn\/san-pham\/khan-body-spa-mau-nau-nhat-cotton\/"},"modified":"2024-04-04T15:37:08","modified_gmt":"2024-04-04T08:37:08","slug":"khan-body-spa-mau-nau-nhat-cotton","status":"publish","type":"product","link":"https:\/\/khantamgiare.com\/ja\/khan-body-spa-mau-nau-nhat-cotton\/","title":{"rendered":"\u30bf\u30aa\u30eb-\u30dc\u30c7\u30a3\u30b9\u30d1\u6de1\u8910\u8272\u7dbf"},"content":{"rendered":"<h2><strong>\u88fd\u54c1\u306e\u7279\u5fb4\u00a0<\/strong><\/h2>\n<ul>\n<li>\u30bf\u30aa\u30eb-\u30dc\u30c7\u30a3\u30b9\u30d1\u6de1\u8910\u8272\u306e\u7dbf\u306e\u305f\u3081\u306e\u8ce2\u3044\u9078\u629e\u306e\u304a\u5ba2\u69d8\u306b\u3057\u305f\u3044\u3068\u3044\u3046\u306e\u304c\u5370\u8c61\u7684\u306a\u3001\u308f\u304b\u308a\u307e\u3059\u3002 \u305d\u306e\u4ed6\u306e\u5f62\u3067\u3001\u5f93\u6765\u306e\u30b9\u30bf\u30aa\u30eb\u3001\u30bf\u30aa\u30eb\u3001\u30dc\u30c7\u30a3\u3001\u8272\u3092\u8eab\u8fd1\u306b\u611f\u3058\u3001\u81ea\u7136\u3001\u843d\u3061\u7740\u3044\u305f\u8272\u5408\u6bce\u306b\u5229\u7528\u3057\u307e\u3059\u3002<\/li>\n<li><a href=\"https:\/\/khantamgiare.com\/ja\/khan-spa\/\">Kh\u0103n spa m\u00e0u n\u00e2u<\/a> n\u00e0y \u0111\u01b0\u1ee3c l\u00e0m t\u1eeb c\u00e1c s\u1ee3i v\u1ea3i cotton n\u00ean c\u00f3 nhi\u1ec1u \u01b0u \u0111i\u1ec3m n\u1ed5i b\u1eadt. Kh\u1ea3 n\u0103ng th\u1ea5m h\u00fat t\u1ed1t g\u1ea5p 3-5 l\u1ea7n so v\u1edbi c\u00e1c lo\u1ea1i v\u1ea3i truy\u1ec1n th\u1ed1ng. Th\u1eddi gian h\u00fat nhanh ch\u00f3ng, ti\u1ebft ki\u1ec7m th\u1eddi gian \u0111\u1ed3ng th\u1eddi b\u1ea3o v\u1ec7 s\u1ee9c kh\u1ecfe c\u1ee7a ng\u01b0\u1eddi s\u1eed d\u1ee5ng. M\u1eb7t kh\u00e1c, kh\u0103n c\u00f3 t\u00ednh kh\u00e1ng khu\u1ea9n cao, an to\u00e0n v\u00e0 l\u00e0nh t\u00ednh v\u1edbi l\u00e0n da. Ngay c\u1ea3 v\u1edbi nh\u1eefng ng\u01b0\u1eddi c\u00f3 l\u00e0n da nh\u1ea1y c\u1ea3m, lo\u1ea1i kh\u0103n n\u00e0y s\u1ebd \u0111em \u0111\u1ebfn s\u1ef1 an t\u00e2m tuy\u1ec7t \u0111\u1ed1i.<\/li>\n<li>\u30bf\u30aa\u30eb\u30b5\u30a4\u30ba70*140cm\u306e\u30b5\u30f3\u30d7\u30eb\u30b5\u30a4\u30ba\u5171\u901a\u306e\u30e9\u30b9\u30ab\u30fc\u30d5\u3002 \u30b5\u30a4\u30ba\u53ef\u80fd\u306a\u30e6\u30fc\u30b6\u30fc\u304c\u7c21\u5358\u306b\u6298\u308a\u8fd4\u3055\u308c\u305f\u5834\u5408\u306f\u3042\u308a\u307e\u305b\u3093\u3002 \u3066\u4f7f\u6b21\u306e\u30b9\u30ab\u30fc\u30d5\u3082\u3044\u306a\u3044\u5546\u54c1\u3067\u3059\u3002 \u3092\u4fdd\u306e\u7f8e\u5b66\u3002<\/li>\n<\/ul>\n<p>+\u30de\u30d5\u30e9\u30fc\u30d1\u30bf\u30fc\u30f3\u30dc\u30b8\u30e0\u5065\u5eb7\u7f8e\uff08\u6de1\u8910\u8272\u2013\u30b3\u30c3\u30c8\u30f3)<\/p>\n<figure id=\"attachment_6507\" aria-describedby=\"caption-attachment-6507\" style=\"width: 720px\" class=\"wp-caption aligncenter\"><img loading=\"lazy\" decoding=\"async\" class=\"wp-image-6507 size-full\" title=\"\u30bf\u30aa\u30eb-\u6d74\u5834-\u30b3\u30c3\u30c8\u30f3\u8272-\u6de1.KhanNamPhong\" src=\"http:\/\/khantamgiare.com\/wp-content\/uploads\/2023\/06\/khan-tam-cotton-nau-nhat.KhanNamPhong.jpg\" alt=\"\u30de\u30d5\u30e9\u30fc\u30d1\u30bf\u30fc\u30f3\u30dc\u30b8\u30e0\u5065\u5eb7\u7f8e\uff08\u6de1\u8910\u8272-\u30b3\u30c3\u30c8\u30f3)\" width=\"720\" height=\"480\" \/><figcaption id=\"caption-attachment-6507\" class=\"wp-caption-text\">\u30de\u30d5\u30e9\u30fc\u30d1\u30bf\u30fc\u30f3\u30dc\u30b8\u30e0\u5065\u5eb7\u7f8e\uff08\u6de1\u8910\u8272\u2013\u30b3\u30c3\u30c8\u30f3)<\/figcaption><\/figure>\n<figure id=\"attachment_6508\" aria-describedby=\"caption-attachment-6508\" style=\"width: 720px\" class=\"wp-caption aligncenter\"><img loading=\"lazy\" decoding=\"async\" class=\"wp-image-6508 size-full\" title=\"\u30bf\u30aa\u30eb-\u6d74\u5834-\u30b3\u30c3\u30c8\u30f3\u8272-\u6de1.KhanNamPhong\" src=\"http:\/\/khantamgiare.com\/wp-content\/uploads\/2023\/06\/khan-tam-cotton-nau-nhat.KhanNamPhong1.jpg\" alt=\"\u30de\u30d5\u30e9\u30fc\u30d1\u30bf\u30fc\u30f3\u30dc\u30b8\u30e0\u5065\u5eb7\u7f8e\uff08\u6de1\u8910\u8272-\u30b3\u30c3\u30c8\u30f3)\" width=\"720\" height=\"480\" \/><figcaption id=\"caption-attachment-6508\" class=\"wp-caption-text\">\u30de\u30d5\u30e9\u30fc\u30d1\u30bf\u30fc\u30f3\u30dc\u30b8\u30e0\u5065\u5eb7\u7f8e\uff08\u6de1\u8910\u8272\u2013\u30b3\u30c3\u30c8\u30f3)<\/figcaption><\/figure>\n<figure id=\"attachment_6509\" aria-describedby=\"caption-attachment-6509\" style=\"width: 720px\" class=\"wp-caption aligncenter\"><img loading=\"lazy\" decoding=\"async\" class=\"wp-image-6509 size-full\" title=\"\u30bf\u30aa\u30eb-\u6d74\u5834-\u30b3\u30c3\u30c8\u30f3\u8272-\u6de1.KhanNamPhong\" src=\"http:\/\/khantamgiare.com\/wp-content\/uploads\/2023\/06\/khan-tam-cotton-nau-nhat.KhanNamPhong2.jpg\" alt=\"\u30de\u30d5\u30e9\u30fc\u30d1\u30bf\u30fc\u30f3\u30dc\u30b8\u30e0\u5065\u5eb7\u7f8e\uff08\u6de1\u8910\u8272-\u30b3\u30c3\u30c8\u30f3)\" width=\"720\" height=\"480\" \/><figcaption id=\"caption-attachment-6509\" class=\"wp-caption-text\">\u30de\u30d5\u30e9\u30fc\u30d1\u30bf\u30fc\u30f3\u30dc\u30b8\u30e0\u5065\u5eb7\u7f8e\uff08\u6de1\u8910\u8272\u2013\u30b3\u30c3\u30c8\u30f3)<\/figcaption><\/figure>\n<h2><strong>\u5199\u771f\u306e\u30bf\u30aa\u30eb-\u30dc\u30c7\u30a3\u30b9\u30d1\u6de1\u8910\u8272\u306e\u7e54\u308a\u306a\u3059\u30ed\u30b4<\/strong><\/h2>\n<p>+\u30de\u30d5\u30e9\u30fc\u30d1\u30bf\u30fc\u30f3\u3092\u4f53Sabai\u30b9\u30d1\uff08\u6de1\u8910\u8272\u2013\u30b3\u30c3\u30c8\u30f3)<\/p>\n<figure id=\"attachment_3419\" aria-describedby=\"caption-attachment-3419\" style=\"width: 720px\" class=\"wp-caption aligncenter\"><img loading=\"lazy\" decoding=\"async\" class=\"wp-image-3419 size-full\" title=\"\u30bf\u30aa\u30eb-\u30a8\u30f3\u30dc\u30b9\u30ed\u30b4\u306b\u306f\u8336\u8272\" src=\"http:\/\/khantamgiare.com\/wp-content\/uploads\/2023\/06\/IMG_2229.jpg\" alt=\"\u30de\u30d5\u30e9\u30fc\u30d1\u30bf\u30fc\u30f3\u3092\u4f53Sabai\u30b9\u30d1\uff08\u6de1\u8910\u8272-\u30b3\u30c3\u30c8\u30f3)\" width=\"720\" height=\"480\" \/><figcaption id=\"caption-attachment-3419\" class=\"wp-caption-text\">\u30de\u30d5\u30e9\u30fc\u30d1\u30bf\u30fc\u30f3\u3092\u4f53Sabai\u30b9\u30d1\uff08\u6de1\u8910\u8272\u2013\u30b3\u30c3\u30c8\u30f3)<\/figcaption><\/figure>\n<figure id=\"attachment_3420\" aria-describedby=\"caption-attachment-3420\" style=\"width: 720px\" class=\"wp-caption aligncenter\"><img loading=\"lazy\" decoding=\"async\" class=\"wp-image-3420 size-full\" title=\"\u30bf\u30aa\u30eb-\u30a8\u30f3\u30dc\u30b9\u30ed\u30b4\u306b\u306f\u8336\u8272\" src=\"http:\/\/khantamgiare.com\/wp-content\/uploads\/2023\/06\/IMG_2231.jpg\" alt=\"\u30de\u30d5\u30e9\u30fc\u30d1\u30bf\u30fc\u30f3\u3092\u4f53Sabai\u30b9\u30d1\uff08\u6de1\u8910\u8272-\u30b3\u30c3\u30c8\u30f3)\" width=\"720\" height=\"480\" \/><figcaption id=\"caption-attachment-3420\" class=\"wp-caption-text\">\u30de\u30d5\u30e9\u30fc\u30d1\u30bf\u30fc\u30f3\u3092\u4f53Sabai\u30b9\u30d1\uff08\u6de1\u8910\u8272\u2013\u30b3\u30c3\u30c8\u30f3)<\/figcaption><\/figure>\n<figure id=\"attachment_3421\" aria-describedby=\"caption-attachment-3421\" style=\"width: 720px\" class=\"wp-caption aligncenter\"><img loading=\"lazy\" decoding=\"async\" class=\"wp-image-3421 size-full\" title=\"\u30bf\u30aa\u30eb-\u30a8\u30f3\u30dc\u30b9\u30ed\u30b4\u306b\u306f\u8336\u8272\" src=\"http:\/\/khantamgiare.com\/wp-content\/uploads\/2023\/06\/IMG_2235.jpg\" alt=\"\u30de\u30d5\u30e9\u30fc\u30d1\u30bf\u30fc\u30f3\u3092\u4f53Sabai\u30b9\u30d1\uff08\u6de1\u8910\u8272-\u30b3\u30c3\u30c8\u30f3)\" width=\"720\" height=\"480\" \/><figcaption id=\"caption-attachment-3421\" class=\"wp-caption-text\">\u30de\u30d5\u30e9\u30fc\u30d1\u30bf\u30fc\u30f3\u3092\u4f53Sabai\u30b9\u30d1\uff08\u6de1\u8910\u8272\u2013\u30b3\u30c3\u30c8\u30f3)<\/figcaption><\/figure>\n<h2><b>\u306e\u5834\u6240\u306e\u30bf\u30aa\u30eb\u304c\u3042\u308a\u307e\u3059\u304b\u3002<\/b><\/h2>\n<p>M\u1eabu kh\u0103n body m\u00e0u n\u00e2u \u0111\u01b0\u1ee3c s\u1eed d\u1ee5ng nhi\u1ec1u t\u1ea1i c\u00e1c c\u01a1 s\u1edf spa, c\u00e1c trung t\u00e2m cung c\u1ea5p d\u1ecbch v\u1ee5 l\u00e0m \u0111\u1eb9p. T\u00f9y v\u00e0o s\u1edf th\u00edch, mong mu\u1ed1n c\u1ee7a kh\u00e1ch h\u00e0ng, m\u00e0 Kh\u0103n T\u1eafm Gi\u00e1 R\u1ebb s\u1ebd g\u1eedi \u0111\u1ebfn nhi\u1ec1u l\u1ef1a ch\u1ecdn \u0111a d\u1ea1ng. Kh\u00e1ch h\u00e0ng c\u00f3 th\u1ec3 ch\u1ecdn <a href=\"https:\/\/khantamgiare.com\/ja\/khan-body-spa\/\">kh\u0103n body spa<\/a> m\u00e0u n\u00e2u \u0111\u1eadm ho\u1eb7c m\u00e0u n\u00e2u nh\u1ea1t \u0111\u1ec1u \u0111\u01b0\u1ee3c.<\/p>\n<p>\u304a\u5ba2\u69d8\u3092\u30b5\u30fc\u30d3\u30b9\u306e\u30ed\u30b4\u3092\u523a\u7e4d\u306e\u30d0\u30b9\u30bf\u30aa\u30eb\u3001\u8b58\u5225\u3059\u308b\u305f\u3081\u306e\u6587\u5b57\u5217\u3068\u306e\u6df7\u540c\u3092\u907f\u3051\u305d\u306e\u4ed6\u306e\u30d6\u30e9\u30f3\u30c9\u3002 \u5834\u6240\u523a\u7e4d\u306f\u7cf8\u3067\u523a\u7e4d\u3057\u307e\u3057\u305f\u4fbf\u5229\u306a\u7acb\u5730\u3067\u3001\u76ee\u3092\u5f15\u304f\u3092\u898b\u3066\u3001\u30e6\u30fc\u30b6\u30fc\u306b\u7c21\u5358\u306b\u89b3\u5bdf\u304c\u3042\u308a\u307e\u3059\u3002<\/p>\n<figure id=\"attachment_3422\" aria-describedby=\"caption-attachment-3422\" style=\"width: 720px\" class=\"wp-caption aligncenter\"><img loading=\"lazy\" decoding=\"async\" class=\"wp-image-3422 size-full\" title=\"\u30bf\u30aa\u30eb-\u30a8\u30f3\u30dc\u30b9\u30ed\u30b4\u306b\u306f\u8336\u8272\" src=\"http:\/\/khantamgiare.com\/wp-content\/uploads\/2023\/06\/IMG_2236.jpg\" alt=\"\u30de\u30d5\u30e9\u30fc\u30d1\u30bf\u30fc\u30f3\u3092\u4f53Sabai\u30b9\u30d1\uff08\u6de1\u8910\u8272-\u30b3\u30c3\u30c8\u30f3)\" width=\"720\" height=\"480\" \/><figcaption id=\"caption-attachment-3422\" class=\"wp-caption-text\">\u30de\u30d5\u30e9\u30fc\u30d1\u30bf\u30fc\u30f3\u3092\u4f53Sabai\u30b9\u30d1\uff08\u6de1\u8910\u8272\u2013\u30b3\u30c3\u30c8\u30f3)<\/figcaption><\/figure>\n<p>+\u30de\u30d5\u30e9\u30fc\u30d1\u30bf\u30fc\u30f3\u3092\u4f53\u30ec\u30fc\u30f3\u30b9\u30d1\uff08\u6de1\u8910\u8272\u2013\u30b3\u30c3\u30c8\u30f3)<\/p>\n<figure id=\"attachment_8490\" aria-describedby=\"caption-attachment-8490\" style=\"width: 850px\" class=\"wp-caption aligncenter\"><img loading=\"lazy\" decoding=\"async\" class=\"wp-image-8490 size-full\" src=\"http:\/\/khantamgiare.com\/wp-content\/uploads\/2023\/06\/khan-spa-ngo5.jpg\" alt=\"\u30de\u30d5\u30e9\u30fc\u30d1\u30bf\u30fc\u30f3\u3092\u4f53\u30ec\u30fc\u30f3\u30b9\u30d1\uff08\u6de1\u8910\u8272-\u30b3\u30c3\u30c8\u30f3)\" width=\"850\" height=\"500\" title=\"\"><figcaption id=\"caption-attachment-8490\" class=\"wp-caption-text\">\u30de\u30d5\u30e9\u30fc\u30d1\u30bf\u30fc\u30f3\u3092\u4f53\u30ec\u30fc\u30f3\u30b9\u30d1\uff08\u6de1\u8910\u8272\u2013\u30b3\u30c3\u30c8\u30f3)<\/figcaption><\/figure>\n<p><img loading=\"lazy\" decoding=\"async\" class=\"wp-image-8489 size-full aligncenter\" src=\"http:\/\/khantamgiare.com\/wp-content\/uploads\/2023\/06\/khan-spa-ngo4.jpg\" alt=\"+\u30de\u30d5\u30e9\u30fc\u30d1\u30bf\u30fc\u30f3\u3092\u4f53\u30ec\u30fc\u30f3\u30b9\u30d1\uff08\u6de1\u8910\u8272-\u30b3\u30c3\u30c8\u30f3)\" width=\"850\" height=\"500\" title=\"\"><\/p>\n<h2><strong>\u4efb\u610f\u306e\u30a2\u30c9\u30ec\u30b9\u3092\u63d0\u4f9b\u30eb\u8eca\u4f53no. 1\u304b\uff1f<\/strong><\/h2>\n<p>Hi\u1ec7n nay, c\u00f3 r\u1ea5t nhi\u1ec1u th\u01b0\u01a1ng hi\u1ec7u s\u1ea3n xu\u1ea5t kh\u0103n body cho c\u00e1c c\u01a1 s\u1edf spa. Tuy nhi\u00ean, kh\u00f4ng ph\u1ea3i th\u01b0\u01a1ng hi\u1ec7u n\u00e0o c\u0169ng uy t\u00edn v\u00e0 c\u00f3 ch\u1ea5t l\u01b0\u1ee3ng t\u1ed1t. N\u1ebfu b\u1ea1n \u0111ang t\u00ecm ki\u1ebfm th\u01b0\u01a1ng hi\u1ec7u c\u00f3 c\u00e1c m\u1eabu kh\u0103n body chu\u1ea9n nh\u1ea5t h\u00e3y tham kh\u1ea3o th\u01b0\u01a1ng hi\u1ec7u Kh\u0103n T\u1eafm Gi\u00e1 R\u1ebb.<\/p>\n<p>\u307e\u305f\u5de5\u5834\u306e\u6570\u306f1\u3067\u3059\u3002 \u305d\u306e\u305f\u3081\u3001\u5e38\u306b\u3042\u308a\u306e\u4fa1\u683c\u306f\u975e\u5e38\u306b\u9b45\u529b\u7684\u3067\u3059\u3002 \u30d3\u30bf\u30aa\u30eb\u5165\u308c\u306b\u3088\u308b\u3068\u3001\u756a\u53f7\u3092\u697d\u3057\u3080\u3053\u3068\u304c\u3067\u304d\u308b\u6a5f\u4f1a\u3092\u63d0\u5272\u5f15&#034;\u5371\u6a5f&#034;\u304b\u3089\u7d045-10%. \u5272\u5f15\u3092\u4ea4\u63db\u3059\u308b\u3053\u3068\u304c\u3042\u308a\u307e\u3059\u306e\u3067\u76f4\u63a5\u53d6\u5f15\u3067\u3059\u3002<\/p>\n<p style=\"text-align: center;\">-------------<\/p>\n<p style=\"text-align: center;\">\u4f4f\u6240\uff1a74B\u30ec295\u3001\u30d0\u30c3\u30cf\u30de\u30a4STREET,HAI BA TRUNG\u533a,HA NOI<\/p>\n<p style=\"text-align: center;\">\u30e1\u30fc\u30eb:KhanNamPhong@Gmail.Com<\/p>\n<p style=\"text-align: center;\">SDT:\u00a0<a href=\"tel:0903367867\" rel=\"nofollow external noopener noreferrer\" data-wpel-link=\"external\">0903 367 867<\/a><\/p>\n<p style=\"text-align: center;\">\u30a6\u30a7\u30d6\u30b5\u30a4\u30c8\uff1a\u00a0<a href=\"https:\/\/khantamgiare.com\/ja\/\" data-wpel-link=\"internal\">KhanTamGiaRe.Com<\/a><\/p>","protected":false},"excerpt":{"rendered":"<p><em><strong>\u30b5\u30a4\u30ba\uff1a\u30de\u30d5\u30e9\u30fc\u672c\u4f53:70x140cm<\/strong><\/em><em>\u00a0 \u00a0<\/em><\/p>\n<p><em><strong>\u7d20\u6750\uff1a\u7dbf100%<\/strong><\/em><\/p>\n<p><em><strong>\u30ab\u30e9\u30fc:\u00a0<\/strong>\u82d4\u306e\u7dd1\u8272\u3001\u7d3a\u3001\u9285\u8272\u3001\u91d1\u8272\u3001\u8336\u8910\u8272\u306e\u30c1\u30e7\u30b3\u30ec\u30fc\u30c8\u3001\u6fc3\u3044\u7dd1\u8272\u306b\u3001\u8584\u7d2b\u3001\u30d4\u30f3\u30af\u3001\u30b0\u30ec\u30fc\u3001\u767d\u3001\u7dd1\u3001\u9752\u30f3\u30de\u725b\u76ae\u3001\u8336\u3001\u8d64\u304c\u4f7f\u308f\u308c\u3066\u3044\u307e\u3059\u3002<\/em><\/p>\n<p><em><strong>\u539f\u7523\u5730:\u00a0<\/strong>\u30d9\u30c8\u30ca\u30e0\u3002<\/em><\/p>\n<p><em><strong>\u7279\u5225:<\/strong><\/em>\u00a0<em>\u3044\u523a\u7e4d\u306e\u30ed\u30b4\u306b\u3088\u308b\u304a\u5ba2\u69d8\u306e\u8981\u4ef6\u3092\u6e80\u305f\u3059\u3002<\/em><\/p>","protected":false},"featured_media":5156,"comment_status":"closed","ping_status":"closed","template":"","meta":[],"product_cat":[49,48],"product_tag":[],"class_list":{"0":"post-3597","1":"product","2":"type-product","3":"status-publish","4":"has-post-thumbnail","6":"product_cat-khan-body-spa","7":"product_cat-khan-spa","8":"pa_chat-lieu-cotton","9":"pa_kich-thuoc-70cm-x-140cm","10":"pa_mau-sac-nau-nhat","13":"instock","14":"product-type-simple"},"acf":[],"_links":{"self":[{"href":"https:\/\/khantamgiare.com\/ja\/wp-json\/wp\/v2\/product\/3597","targetHints":{"allow":["GET"]}}],"collection":[{"href":"https:\/\/khantamgiare.com\/ja\/wp-json\/wp\/v2\/product"}],"about":[{"href":"https:\/\/khantamgiare.com\/ja\/wp-json\/wp\/v2\/types\/product"}],"replies":[{"embeddable":true,"href":"https:\/\/khantamgiare.com\/ja\/wp-json\/wp\/v2\/comments?post=3597"}],"wp:featuredmedia":[{"embeddable":true,"href":"https:\/\/khantamgiare.com\/ja\/wp-json\/wp\/v2\/media\/5156"}],"wp:attachment":[{"href":"https:\/\/khantamgiare.com\/ja\/wp-json\/wp\/v2\/media?parent=3597"}],"wp:term":[{"taxonomy":"product_cat","embeddable":true,"href":"https:\/\/khantamgiare.com\/ja\/wp-json\/wp\/v2\/product_cat?post=3597"},{"taxonomy":"product_tag","embeddable":true,"href":"https:\/\/khantamgiare.com\/ja\/wp-json\/wp\/v2\/product_tag?post=3597"}],"curies":[{"name":"wp","href":"https:\/\/api.w.org\/{rel}","templated":true}]}}