{"id":3679,"date":"2023-06-29T07:47:53","date_gmt":"2023-06-29T07:47:53","guid":{"rendered":"http:\/\/khantam.h193.dpsmedia.vn\/san-pham\/bo-khan-trai-giuong-spa-cotton-mau-da-bo\/"},"modified":"2024-04-04T15:49:28","modified_gmt":"2024-04-04T08:49:28","slug":"bo-khan-trai-giuong-spa-cotton-mau-da-bo","status":"publish","type":"product","link":"https:\/\/khantamgiare.com\/ja\/bo-khan-trai-giuong-spa-cotton-mau-da-bo\/","title":{"rendered":"\u5bdd\u5177\u306e\u30b9\u30d1\u7dbf\u725b\u76ae"},"content":{"rendered":"<h2><b>\u5bdd\u5177\u306e\u30b9\u30d1\u7dbf\u725b\u76ae\u306f\u3069\u3046\uff1f<\/b><\/h2>\n<p>B\u1ed9 kh\u0103n tr\u1ea3i gi\u01b0\u1eddng spa m\u00e0u da b\u00f2 l\u00e0 s\u1ea3n ph\u1ea9m d\u00f9ng \u0111\u1ec3 ph\u1ee7 l\u00ean gi\u01b0\u1eddng spa, gi\u00fap h\u00ecnh \u1ea3nh chi\u1ebfc gi\u01b0\u1eddng tr\u1edf n\u00ean sang tr\u1ecdng v\u00e0 c\u00f3 t\u00ednh th\u1ea9m m\u1ef9 h\u01a1n. Gi\u01b0\u1eddng l\u00e0 v\u1eadt d\u1ee5ng gi\u00fap kh\u00e1ch h\u00e0ng ngh\u1ec9 ng\u01a1i v\u00e0 th\u01b0 gi\u00e3n trong qu\u00e1 tr\u00ecnh tr\u1ea3i nghi\u1ec7m d\u1ecbch v\u1ee5 t\u1ea1i spa.<\/p>\n<p>\u0110\u1ec3 gi\u00fap chi\u1ebfc gi\u01b0\u1eddng spa \u0111\u01b0\u1ee3c \u1ea5n t\u01b0\u1ee3ng h\u01a1n v\u00e0 c\u00f3 \u0111\u1ed9 \u00eam \u00e1i t\u1ed1t, r\u1ea5t c\u1ea7n \u0111\u1ebfn b\u1ed9 kh\u0103n tr\u1ea3i gi\u01b0\u1eddng spa cotton m\u00e0u da b\u00f2. S\u1ea3n ph\u1ea9m n\u00e0y do th\u01b0\u01a1ng hi\u1ec7u Kh\u0103n T\u1eafm Gi\u00e1 R\u1ebb s\u1ea3n xu\u1ea5t. Sau khi ra m\u1eaft th\u1ecb tr\u01b0\u1eddng \u0111\u00e3 nh\u1eadn \u0111\u01b0\u1ee3c r\u1ea5t nhi\u1ec1u s\u1ef1 ph\u1ea3n h\u1ed3i t\u00edch c\u1ef1c c\u1ee7a kh\u00e1ch h\u00e0ng.<\/p>\n<p>\uff0b\u5f62\u614bbedspreads\u5e73\u548c\u306e\u30b9\u30d1\uff08\u725b\u76ae\u2013\u30b3\u30c3\u30c8\u30f3)<\/p>\n<figure id=\"attachment_7422\" aria-describedby=\"caption-attachment-7422\" style=\"width: 800px\" class=\"wp-caption aligncenter\"><img loading=\"lazy\" decoding=\"async\" class=\"wp-image-7422 size-full\" src=\"http:\/\/khantamgiare.com\/wp-content\/uploads\/2023\/06\/khan-nam-phong.jpg\" alt=\"\u7dbf\u30d9\u30c3\u30c9\u30ea\u30cd\u30f3\u30d7\u30ec\u30df\u30a2\u30e0\u30b2\u30a4-\u30b9\u30d1\" width=\"800\" height=\"500\" title=\"\"><figcaption id=\"caption-attachment-7422\" class=\"wp-caption-text\">\u7dbf\u30d9\u30c3\u30c9\u30ea\u30cd\u30f3\u30d7\u30ec\u30df\u30a2\u30e0\u30b2\u30a4-\u30b9\u30d1<\/figcaption><\/figure>\n<h2><strong>\u88fd\u54c1\u306e\u7279\u5fb4\u00a0<\/strong><\/h2>\n<p>\u5bdd\u5177\u30bb\u30c3\u30c8\u306f\u3001\u5727\u5012\u7684\u306a\u8272\u306e\u8272\u306e\u725b\u76ae. \u3053\u308c\u306f\u3001\u5149\u306e\u8272\u3092\u793a\u3059\u306e\u8208\u5473\u3092\u60f9\u304b\u3089\u304a\u5ba2\u69d8\u304c\u4e00\u76ee\u3067\u308f\u304b\u308a\u307e\u3059\u3002 \u8272\u725b\u76ae\u3092\u3054\u611b\u7528\u3044\u305f\u3060\u3044\u3066\u304a\u308a\u3001\u65b0\u898f\u6027\u306e\u7c21\u4fbf\u3092\u660e\u3089\u304b\u6c5a\u308c\u304c\u3064\u304d\u306b\u304f\u304f\u306a\u3063\u3066\u3044\u308b\u3002 \u308b\u3053\u3068\u306f\u975e\u5e38\u306b\u5fc5\u8981\u306a\u30b9\u30d1\u3002<\/p>\n<p>\u0110\u01b0\u1ee3c s\u1ea3n xu\u1ea5t t\u1eeb ch\u1ea5t li\u1ec7u cotton, n\u00ean lo\u1ea1i <a href=\"https:\/\/khantamgiare.com\/ja\/khan-spa\/\">\u30bf\u30aa\u30eb\u30b9\u30d1\u30d7\u30ec\u30df\u30a2\u30e0<\/a> n\u00e0y c\u00f3 b\u1ec1 m\u1eb7t r\u1ea5t \u00eam \u00e1i v\u00e0 m\u1ec1m m\u1ea1i. Ch\u1ec9 c\u1ea7n ch\u1ea1m tay l\u00ean l\u00e0 \u0111\u00e3 c\u1ea3m th\u1ea5y r\u00f5 s\u1ef1 kh\u00e1c bi\u1ec7t. Ho\u00e0n to\u00e0n kh\u00f4ng c\u00f3 c\u1ea3m gi\u00e1c kh\u00f3 ch\u1ecbu hay b\u1ee9c b\u00ed khi ti\u1ebfp x\u00fac tr\u1ef1c ti\u1ebfp. V\u1edbi \u01b0u \u0111i\u1ec3m n\u00e0y, c\u00e1c spa h\u00e3y y\u00ean t\u00e2m \u0111\u1ec3 l\u1ef1a ch\u1ecdn v\u00e0 s\u1eed d\u1ee5ng l\u00e2u d\u00e0i.<\/p>\n<p>S\u1ea3n ph\u1ea9m c\u00f3 thi\u1ebft k\u1ebf h\u00ecnh ch\u1eef nh\u1eadt l\u1edbn \u0111\u1ec3 ph\u1ee7 to\u00e0n b\u1ed9 \u0111\u01b0\u1ee3c b\u1ec1 m\u1eb7t c\u1ee7a n\u1ec7m\/ gi\u01b0\u1eddng. T\u00f9y v\u00e0o k\u00edch c\u1ee1 m\u00e0 kh\u00e1ch h\u00e0ng \u0111\u1eb7t mua m\u00e0 Kh\u0103n T\u1eafm Gi\u00e1 R\u1ebb s\u1ebd ti\u1ebfn h\u00e0nh s\u1ea3n xu\u1ea5t theo y\u00eau c\u1ea7u \u0111\u00f3. Kh\u00e1ch h\u00e0ng c\u1ea7n x\u00e1c \u0111\u1ecbnh \u0111\u01b0\u1ee3c k\u00edch c\u1ee1 c\u1ee7a gi\u01b0\u1eddng hi\u1ec7n c\u00f3 t\u1ea1i spa th\u00ec m\u1edbi c\u00f3 th\u1ec3 \u0111\u1eb7t may kh\u0103n tr\u1ea3i gi\u01b0\u1eddng ph\u00f9 h\u1ee3p.<\/p>\n<p>\uff0b\u5f62\u614bbedspreads\u82b1Nguyen\u2013\u725b\u76ae\uff08\u30b3\u30c3\u30c8\u30f3)<\/p>\n<figure id=\"attachment_4290\" aria-describedby=\"caption-attachment-4290\" style=\"width: 720px\" class=\"wp-caption aligncenter\"><img loading=\"lazy\" decoding=\"async\" class=\"wp-image-4290 size-full\" title=\"\u7dbf\u30d9\u30c3\u30c9\u30ea\u30cd\u30f3\u725b\u76ae-khannamphong\" src=\"http:\/\/khantamgiare.com\/wp-content\/uploads\/2023\/06\/IMG_2712.jpg\" alt=\"\u30d1\u30bf\u30fc\u30f3bedspreads\u82b1Nguyen-\u725b\u76ae\uff08\u30b3\u30c3\u30c8\u30f3)\" width=\"720\" height=\"480\" \/><figcaption id=\"caption-attachment-4290\" class=\"wp-caption-text\">\u30d1\u30bf\u30fc\u30f3bedspreads\u82b1Nguyen\u2013\u725b\u76ae\uff08\u30b3\u30c3\u30c8\u30f3)<\/figcaption><\/figure>\n<figure id=\"attachment_4292\" aria-describedby=\"caption-attachment-4292\" style=\"width: 480px\" class=\"wp-caption aligncenter\"><img loading=\"lazy\" decoding=\"async\" class=\"wp-image-4292 size-full\" style=\"color: #333333; font-size: 14.4px;\" title=\"\u7dbf\u30d9\u30c3\u30c9\u30ea\u30cd\u30f3\u725b\u76ae-khannamphong\" src=\"http:\/\/khantamgiare.com\/wp-content\/uploads\/2023\/06\/IMG_2715.jpg\" alt=\"\u30d1\u30bf\u30fc\u30f3bedspreads\u82b1Nguyen-\u725b\u76ae\uff08\u30b3\u30c3\u30c8\u30f3)\" width=\"480\" height=\"720\" \/><figcaption id=\"caption-attachment-4292\" class=\"wp-caption-text\">\u30d1\u30bf\u30fc\u30f3bedspreads\u82b1Nguyen\u2013\u725b\u76ae\uff08\u30b3\u30c3\u30c8\u30f3)<\/figcaption><\/figure>\n<blockquote><p><em><strong>\u8a73\u7d30\uff1a <a href=\"https:\/\/khantamgiare.com\/ja\/bo-khan-trai-giuong-spa-mau-hong-microfiber\/\">\u5bdd\u5177\u306e\u30b9\u30d1\u306f\u30d4\u30f3\u30af\u306e\u6975\u7d30-\u8d85\u6975\u7d30\u7e4a\u7dad<\/a><\/strong><\/em><\/p><\/blockquote>\n<h2><strong>\u8a2d\u5b9a\u65b9\u6cd5\u306f\u8cb7-\u30d9\u30c3\u30c9\u30ea\u30cd\u30f3\u306e\u30b9\u30d1\u306e\u7dbf\u725b\u76ae\u00a0<\/strong><\/h2>\n<p>C\u00e1ch \u0111\u1ec3 \u0111\u1eb7t mua nhanh nh\u1ea5t \u0111\u00f3 l\u00e0 b\u1ea1n h\u00e3y g\u1ecdi ngay \u0111\u1ebfn s\u1ed1 hotline c\u1ee7a <a href=\"https:\/\/khantamgiare.com\/ja\/\">\u30bf\u30aa\u30eb\u683c\u5b89<\/a>. Ch\u00fang t\u00f4i lu\u00f4n s\u1eb5n s\u00e0ng l\u1eafng nghe v\u00e0 gi\u1ea3i \u0111\u00e1p m\u1ecdi th\u1eafc m\u1eafc c\u1ee7a qu\u00fd kh\u00e1ch h\u00e0ng. Hi\u1ec7n nay t\u1ea1i Kh\u0103n T\u1eafm Gi\u00e1 R\u1ebb c\u00f3 r\u1ea5t nhi\u1ec1u m\u1eabu kh\u0103n tr\u1ea3i gi\u01b0\u1eddng \u0111a d\u1ea1ng. Kh\u00f4ng ch\u1ec9 c\u00f3 m\u00e0u da b\u00f2, m\u00e0 c\u00e1c m\u00e0u s\u1eafc \u0111\u1ed9c \u0111\u00e1o v\u00e0 \u1ea5n t\u01b0\u1ee3ng kh\u00e1c ch\u00fang t\u00f4i c\u0169ng \u0111\u1ec1u c\u00f3 th\u1ec3 cung c\u1ea5p.<\/p>\n<p>\u304a\u5ba2\u69d8\u306e\u5143\u3078\u5c4a\u3051\u3089\u308c\u3001\u5f53\u793e\u306e\u88fd\u54c1\u3067\u53b3\u5bc6\u306b\u30b3\u30f3\u30dd\u30b8\u30b7\u30e7\u30f3\u3055\u308c\u305f\u7e2e\u5c0f\u3057\u3066\u3044\u308b\u3002 \u304a\u5ba2\u69d8\u304c\u6a29\u5229\u3092\u6301\u3063\u3066\u3044\u691c\u67fb\u3002 \u305f\u5834\u5408\u3001\u88fd\u54c1\u4e0d\u826f\u306b\u3088\u308a\u3001\u30e1\u30fc\u30ab\u30fc\u3054\u9023\u7d61\u304f\u3060\u3055\u3044\u3002<\/p>\n<blockquote>\n<p style=\"text-align: center;\"><span style=\"color: #555555; font-size: 14.4px;\">&gt;&gt;\u53c2\u7167\u4ee5\u4e0a100+\u30c6\u30f3\u30d7\u30ec\u30fc\u30c8 <\/span><a href=\"https:\/\/khantamgiare.com\/ja\/khan-trai-giuong-spa\/\">\u30d9\u30c3\u30c9\u30ea\u30cd\u30f3\u306e\u30b9\u30d1<\/a><span style=\"color: #555555; font-size: 14.4px;\"> \u305d\u306e\u4ed6\u306e\u30bf\u30aa\u30eb\u683c\u5b89\u884c\u3063\u305f\u3002<\/span><\/p>\n<p style=\"text-align: center;\">&gt;&gt; <strong>\u304a\u96fb\u8a71\u3067\u306e<\/strong>: <span style=\"color: #ff0000;\"><a style=\"color: #ff0000;\" href=\"tel:0903367867\" rel=\"nofollow\">0903 367 867<\/a><\/span> \u76f8\u8ac7\u30b9\u30bf\u30fc\u30c8\u30a2\u30c3\u30d7\u306b\u5f15\u7528\u7b26<\/p>\n<\/blockquote>","protected":false},"excerpt":{"rendered":"<p>B\u1ed9 kh\u0103n tr\u1ea3i gi\u01b0\u1eddng spa cotton m\u00e0u da b\u00f2 l\u00e0 g\u00ec? B\u1ed9 kh\u0103n tr\u1ea3i gi\u01b0\u1eddng spa m\u00e0u da b\u00f2 l\u00e0 s\u1ea3n ph\u1ea9m d\u00f9ng \u0111\u1ec3 ph\u1ee7 l\u00ean gi\u01b0\u1eddng spa, gi\u00fap h\u00ecnh \u1ea3nh chi\u1ebfc gi\u01b0\u1eddng tr\u1edf n\u00ean sang tr\u1ecdng v\u00e0 c\u00f3 t\u00ednh th\u1ea9m m\u1ef9 h\u01a1n. Gi\u01b0\u1eddng l\u00e0 v\u1eadt d\u1ee5ng gi\u00fap kh\u00e1ch h\u00e0ng ngh\u1ec9 ng\u01a1i v\u00e0 th\u01b0 gi\u00e3n trong qu\u00e1 tr\u00ecnh tr\u1ea3i nghi\u1ec7m d\u1ecbch v\u1ee5 t\u1ea1i spa. \u0110\u1ec3 gi\u00fap chi\u1ebfc gi\u01b0\u1eddng spa \u0111\u01b0\u1ee3c \u1ea5n t\u01b0\u1ee3ng h\u01a1n v\u00e0 c\u00f3 \u0111\u1ed9 \u00eam \u00e1i t\u1ed1t, r\u1ea5t c\u1ea7n \u0111\u1ebfn b\u1ed9 kh\u0103n tr\u1ea3i gi\u01b0\u1eddng spa cotton m\u00e0u da b\u00f2. S\u1ea3n ph\u1ea9m n\u00e0y do th\u01b0\u01a1ng hi\u1ec7u Kh\u0103n T\u1eafm Gi\u00e1 R\u1ebb s\u1ea3n xu\u1ea5t. Sau khi ra m\u1eaft th\u1ecb tr\u01b0\u1eddng \u0111\u00e3 &hellip; <a href=\"https:\/\/khantamgiare.com\/ja\/bo-khan-trai-giuong-spa-cotton-mau-da-bo\/\" class=\"more-link\">Continue reading <span class=\"screen-reader-text\">\u5bdd\u5177\u306e\u30b9\u30d1\u7dbf\u725b\u76ae<\/span><\/a><\/p>","protected":false},"featured_media":5263,"comment_status":"closed","ping_status":"closed","template":"","meta":[],"product_cat":[48,50],"product_tag":[],"class_list":{"0":"post-3679","1":"product","2":"type-product","3":"status-publish","4":"has-post-thumbnail","6":"product_cat-khan-spa","7":"product_cat-khan-trai-giuong-spa","8":"pa_chat-lieu-cotton","9":"pa_kich-thuoc-90cm-x-190cm","10":"pa_mau-sac-mau-da-bo","13":"instock","14":"product-type-simple"},"acf":[],"_links":{"self":[{"href":"https:\/\/khantamgiare.com\/ja\/wp-json\/wp\/v2\/product\/3679","targetHints":{"allow":["GET"]}}],"collection":[{"href":"https:\/\/khantamgiare.com\/ja\/wp-json\/wp\/v2\/product"}],"about":[{"href":"https:\/\/khantamgiare.com\/ja\/wp-json\/wp\/v2\/types\/product"}],"replies":[{"embeddable":true,"href":"https:\/\/khantamgiare.com\/ja\/wp-json\/wp\/v2\/comments?post=3679"}],"wp:featuredmedia":[{"embeddable":true,"href":"https:\/\/khantamgiare.com\/ja\/wp-json\/wp\/v2\/media\/5263"}],"wp:attachment":[{"href":"https:\/\/khantamgiare.com\/ja\/wp-json\/wp\/v2\/media?parent=3679"}],"wp:term":[{"taxonomy":"product_cat","embeddable":true,"href":"https:\/\/khantamgiare.com\/ja\/wp-json\/wp\/v2\/product_cat?post=3679"},{"taxonomy":"product_tag","embeddable":true,"href":"https:\/\/khantamgiare.com\/ja\/wp-json\/wp\/v2\/product_tag?post=3679"}],"curies":[{"name":"wp","href":"https:\/\/api.w.org\/{rel}","templated":true}]}}