{"id":3683,"date":"2023-06-29T07:47:53","date_gmt":"2023-06-29T07:47:53","guid":{"rendered":"http:\/\/khantam.h193.dpsmedia.vn\/san-pham\/bo-khan-trai-giuong-spa-mau-nau-microfiber\/"},"modified":"2024-04-04T15:35:20","modified_gmt":"2024-04-04T08:35:20","slug":"bo-khan-trai-giuong-spa-mau-nau-microfiber","status":"publish","type":"product","link":"https:\/\/khantamgiare.com\/ja\/bo-khan-trai-giuong-spa-mau-nau-microfiber\/","title":{"rendered":"\u30bb\u30c3\u30c8\u306e\u30d9\u30c3\u30c9\u30ea\u30cd\u30f3\u3001\u30b9\u30d1\u8336\u8272\u306e\u30de\u30a4\u30af\u30ed\u30d5\u30a1\u30a4\u30d0\u30fc"},"content":{"rendered":"<h2><strong>\u7279\u6027\u306e\u30d9\u30c3\u30c9\u30ea\u30cd\u30f3\u3001\u30b9\u30d1\u8336\u8272\u00a0<\/strong><\/h2>\n<p>B\u1ed9 kh\u0103n c\u00f3 t\u00f4ng m\u00e0u ch\u1ee7 \u0111\u1ea1o l\u00e0 m\u00e0u n\u00e2u \u0111\u1eadm, \u0111\u00e2y l\u00e0 m\u1ed9t m\u00e0u s\u1eafc trung t\u00ednh nh\u01b0ng l\u1ea1i \u0111\u01b0\u1ee3c r\u1ea5t nhi\u1ec1u c\u00e1c c\u01a1 spa l\u1ef1a ch\u1ecdn. M\u00e0u n\u00e2u mang \u0111\u1ebfn h\u00ecnh \u1ea3nh sang tr\u1ecdng l\u1ecbch s\u1ef1 v\u00e0 v\u00f4 c\u00f9ng s\u1ea1ch s\u1ebd. M\u00e0u s\u1eafc n\u00e0y c\u0169ng kh\u00f4ng d\u1ec5 l\u1ed9 b\u1ea9n nh\u01b0 c\u00e1c s\u1ea3n ph\u1ea9m kh\u00e1c. Do \u0111\u00f3 r\u1ea5t th\u00edch h\u1ee3p \u0111\u1ec3 s\u1eed d\u1ee5ng trong m\u00f4i tr\u01b0\u1eddng spa.<\/p>\n<p>\u30e1\u30a4\u30f3\u7d20\u6750\u306e\u30bf\u30aa\u30eb\u306f\u30de\u30a4\u30af\u30ed\u30d5\u30a1\u30a4\u30d0\u30fc. \u30de\u30a4\u30af\u30ed\u30d5\u30a1\u30a4\u30d0\u30fc\u7d20\u6750\u306f\u975e\u5e38\u306b\u99b4\u67d3\u307f\u306b\u306f\u307e\u308b\u306e\u3067\u306f\u306a\u3044\u3067\u3057\u3087\u3046\u304b\u3002 \u306b\u95a2\u3057\u3066\u306f\u30e9\u30a4\u30f3\u30aa\u30eb\u30b9\u30b9\u30d1\u306e\u307b\u304b\u3001\u7d20\u6750\u30b3\u30c3\u30c8\u30f3\u3001\u305d\u3057\u3066\u3001\u6975\u7d30-\u8d85\u6975\u7d30\u7e4a\u7dad\u306e\u7d20\u6750\u306b\u597d\u307e\u3057\u305f\u3002 \u3053\u306e\u6750\u6599\u306e\u8868\u9762\u306b\u7e4a\u7dad\u306e\u751f\u5730\u306f\u67d4\u3089\u304b\u304f\u3001\u6295\u6a5f\u3068\u3057\u3066&#034;\u30bd\u30d5\u30c8\u3068\u3057\u3066\u30d9\u30eb\u30d9\u30c3\u30c8\u306e&#034;\u304d\u3082\u306e\u3092\u611f\u3058\u307e\u3059\u3002 \u3057\u3001\u5438\u6c34\u3001\u9ad8\u8010\u4e45\u6027\u3084\u671f\u9593\u306e\u9577\u671f\u4f7f\u7528<\/p>\n<p>\u30cf\u30a4\u30e9\u30a4\u30c8\u306e\u30d9\u30c3\u30c9\u30ea\u30cd\u30f3\u3001\u30b9\u30d1\u8910\u8272\u306b\u306a\u3063\u3066\u3044\u308b\u751f\u7523\u30e9\u30a4\u30f3\u3001\u9ad8\u5ea6\u306a\u5206\u6563\u306b\u3088\u308b\u30d6\u30e9\u30f3\u30c9\u306e\u7537\u6027\u3067\u3059\u3002 \u8868\u9762\u306e\u88fd\u54c1\u3092\u523a\u7e4d\u3067\u7e54\u308a\u306a\u3059\u30ed\u30b4\u3001\u30d6\u30e9\u30f3\u30c9\u306f\u3001\u7279\u5b9a\u306e\u753b\u50cf\u306e\u30b9\u30d1select polling engine\u30dd\u30fc\u30ea\u30f3\u30b0\u30a8\u30f3\u30b8\u30f3\u3092\u9078\u629e\u3059\u3002 \u540c\u6642\u306b\u3001\u88fd\u54c1\u3068\u306a\u308a\u4fa1\u5024\u306e\u9ad8\u3044\u7f8e\u9b45\u529b\u3067\u3059\u3002<\/p>\n<h2><strong>\u753b\u50cf\u3001\u30d9\u30c3\u30c9\u30ea\u30cd\u30f3\u3001\u30b9\u30d1\u3001\u30d6\u30e9\u30a6\u30f3(\u30de\u30a4\u30af\u30ed\u30d5\u30a1\u30a4\u30d0\u30fc)<\/strong><\/h2>\n<p>+\u30e2\u30c7\u30eb\u88fd\u54c1\u306e\u30d9\u30c3\u30c9\u30ea\u30cd\u30f3Colee Huynh\u8910\u8272\u306e\u30c1\u30e7\u30b3\u30ec\u30fc\u30c8<\/p>\n<figure id=\"attachment_7563\" aria-describedby=\"caption-attachment-7563\" style=\"width: 800px\" class=\"wp-caption aligncenter\"><img loading=\"lazy\" decoding=\"async\" class=\"wp-image-7563 size-full\" src=\"http:\/\/khantamgiare.com\/wp-content\/uploads\/2023\/06\/KNP21.jpg\" alt=\"\u30d9\u30c3\u30c9\u30ea\u30cd\u30f3\u306e\u30b9\u30d1\u306b\u306f\u30de\u30a4\u30af\u30ed\u30d5\u30a1\u30a4\u30d0\u30fc\u30d7\u30ec\u30df\u30a2\u30e0Colee Huynh\u8910\u8272\u306e\u30c1\u30e7\u30b3\u30ec\u30fc\u30c8\" width=\"800\" height=\"500\" title=\"\"><figcaption id=\"caption-attachment-7563\" class=\"wp-caption-text\">\u30d9\u30c3\u30c9\u30ea\u30cd\u30f3\u306e\u30b9\u30d1\u306b\u306f\u30de\u30a4\u30af\u30ed\u30d5\u30a1\u30a4\u30d0\u30fc\u30d7\u30ec\u30df\u30a2\u30e0Colee Huynh\u8910\u8272\u306e\u30c1\u30e7\u30b3\u30ec\u30fc\u30c8<\/figcaption><\/figure>\n<figure id=\"attachment_7565\" aria-describedby=\"caption-attachment-7565\" style=\"width: 800px\" class=\"wp-caption aligncenter\"><img loading=\"lazy\" decoding=\"async\" class=\"wp-image-7565 size-full\" src=\"http:\/\/khantamgiare.com\/wp-content\/uploads\/2023\/06\/KNP23.jpg\" alt=\"\u30d9\u30c3\u30c9\u30ea\u30cd\u30f3\u306e\u30b9\u30d1\u306b\u306f\u30de\u30a4\u30af\u30ed\u30d5\u30a1\u30a4\u30d0\u30fc\u30d7\u30ec\u30df\u30a2\u30e0Colee Huynh\u8910\u8272\u306e\u30c1\u30e7\u30b3\u30ec\u30fc\u30c8\" width=\"800\" height=\"500\" title=\"\"><figcaption id=\"caption-attachment-7565\" class=\"wp-caption-text\">\u30d9\u30c3\u30c9\u30ea\u30cd\u30f3\u306e\u30b9\u30d1\u306b\u306f\u30de\u30a4\u30af\u30ed\u30d5\u30a1\u30a4\u30d0\u30fc\u30d7\u30ec\u30df\u30a2\u30e0Colee Huynh\u8910\u8272\u306e\u30c1\u30e7\u30b3\u30ec\u30fc\u30c8<\/figcaption><\/figure>\n<p>+\u30e2\u30c7\u30eb\u88fd\u54c1\u306e\u30d9\u30c3\u30c9\u30ea\u30cd\u30f3\u6c5f\u5357\u30b9\u30d1\u8910\u8272\u306e\u30c1\u30e7\u30b3\u30ec\u30fc\u30c8\u306e\u30ed\u30b4\u3092\u523a\u7e4d\u3057\u307e\u3057\u305f\u2013(\u30de\u30a4\u30af\u30ed\u30d5\u30a1\u30a4\u30d0\u30fc)<\/p>\n<figure id=\"attachment_3833\" aria-describedby=\"caption-attachment-3833\" style=\"width: 480px\" class=\"wp-caption aligncenter\"><img loading=\"lazy\" decoding=\"async\" class=\"wp-image-3833 size-full\" title=\"\u30d9\u30c3\u30c9\u30ea\u30cd\u30f3\u306e\u6975\u7d30-\u8d85\u6975\u7d30\u7e4a\u7dad\u8336\u8272\u306e\u30c1\u30e7\u30b3\u30ec\u30fc\u30c8\" src=\"http:\/\/khantamgiare.com\/wp-content\/uploads\/2023\/06\/IMG_2407.jpg\" alt=\"\u30d9\u30c3\u30c9\u30ea\u30cd\u30f3\u6c5f\u5357\u30b9\u30d1\u8910\u8272\u306e\u30c1\u30e7\u30b3\u30ec\u30fc\u30c8\u306e\u30ed\u30b4\u3092\u523a\u7e4d\u3057\u307e\u3057\u305f-(\u30de\u30a4\u30af\u30ed\u30d5\u30a1\u30a4\u30d0\u30fc)\" width=\"480\" height=\"720\" \/><figcaption id=\"caption-attachment-3833\" class=\"wp-caption-text\">\u30d9\u30c3\u30c9\u30ea\u30cd\u30f3\u6c5f\u5357\u30b9\u30d1\u8910\u8272\u306e\u30c1\u30e7\u30b3\u30ec\u30fc\u30c8\u306e\u30ed\u30b4\u3092\u523a\u7e4d\u3057\u307e\u3057\u305f\u2013(\u30de\u30a4\u30af\u30ed\u30d5\u30a1\u30a4\u30d0\u30fc)<\/figcaption><\/figure>\n<figure id=\"attachment_3834\" aria-describedby=\"caption-attachment-3834\" style=\"width: 720px\" class=\"wp-caption aligncenter\"><img loading=\"lazy\" decoding=\"async\" class=\"wp-image-3834 size-full\" title=\"\u30d9\u30c3\u30c9\u30ea\u30cd\u30f3\u306e\u6975\u7d30-\u8d85\u6975\u7d30\u7e4a\u7dad\u8336\u8272\u306e\u30c1\u30e7\u30b3\u30ec\u30fc\u30c8\" src=\"http:\/\/khantamgiare.com\/wp-content\/uploads\/2023\/06\/IMG_2408.jpg\" alt=\"\u30d9\u30c3\u30c9\u30ea\u30cd\u30f3\u6c5f\u5357\u30b9\u30d1\u8910\u8272\u306e\u30c1\u30e7\u30b3\u30ec\u30fc\u30c8\u306e\u30ed\u30b4\u3092\u523a\u7e4d\u3057\u307e\u3057\u305f-(\u30de\u30a4\u30af\u30ed\u30d5\u30a1\u30a4\u30d0\u30fc)\" width=\"720\" height=\"480\" \/><figcaption id=\"caption-attachment-3834\" class=\"wp-caption-text\">\u30d9\u30c3\u30c9\u30ea\u30cd\u30f3\u6c5f\u5357\u30b9\u30d1\u8910\u8272\u306e\u30c1\u30e7\u30b3\u30ec\u30fc\u30c8\u306e\u30ed\u30b4\u3092\u523a\u7e4d\u3057\u307e\u3057\u305f\u2013(\u30de\u30a4\u30af\u30ed\u30d5\u30a1\u30a4\u30d0\u30fc)<\/figcaption><\/figure>\n<h2><strong>\u7279\u5178\u5229\u7528\u306e\u30d9\u30c3\u30c9\u30ea\u30cd\u30f3\u3001\u30b9\u30d1\u8336\u8272<\/strong><\/h2>\n<p>S\u1eed d\u1ee5ng b\u1ed9 <a href=\"https:\/\/khantamgiare.com\/ja\/khan-spa\/\">kh\u0103n spa m\u00e0u n\u00e2u<\/a> c\u1ee7a Kh\u0103n T\u1eafm Gi\u00e1 R\u1ebb mang t\u1edbi nhi\u1ec1u l\u1ee3i \u00edch thi\u1ebft th\u1ef1c. L\u1ee3i \u00edch \u0111\u1ea7u ti\u00ean d\u1ec5 d\u00e0ng nh\u00ecn th\u1ea5y l\u00e0 gi\u00fap cho gi\u01b0\u1eddng spa tr\u1edf n\u00ean \u0111\u1eb9p m\u1eaft v\u00e0 sang tr\u1ecdng h\u01a1n. Thay v\u00ec m\u1ed9t chi\u1ebfc gi\u01b0\u1eddng tr\u1ed1ng, c\u00f3 ph\u1ea7n th\u00f4 c\u1ee9ng, v\u1edbi s\u1ef1 \u0111\u1ed3ng h\u00e0nh c\u1ee7a s\u1ea3n ph\u1ea9m Kh\u0103n T\u1eafm Gi\u00e1 R\u1ebb, chi\u1ebfc gi\u01b0\u1eddng s\u1ebd c\u00f3 m\u1ed9t di\u1ec7n m\u1ea1o ho\u00e0n to\u00e0n kh\u00e1c.<\/p>\n<p>\u30d9\u30c3\u30c9\u30b9\u30d1\u3082\u306e\u304c\u660e\u78ba\u306b\u73fe\u308c\u3066\u3001\u30d7\u30ed\u30d5\u30a7\u30c3\u30b7\u30e7\u30ca\u30eb\u306e\u30d6\u30e9\u30f3\u30c9\u3067\u3059\u3002 \u304a\u5ba2\u69d8\u306e\u30b5\u30fc\u30d3\u30b9\u30b9\u30d1\u3067\u306e\u3001\u5b9a\u671f\u7684\u306b\u5fc5\u8981\u306a\u3082\u306e\u3067\u3086\u3063\u305f\u308a\u3068\u4f53\u3092\u4f11\u3081\u308b\u30d9\u30c3\u30c9\u3068\u306a\u308a\u307e\u3059\u3002 \u76ee\u306e\u5199\u771f-\u30ed\u30b4\u30de\u30fc\u30af\u3001\u30cf\u30a4\u30e9\u30a4\u30c8\u3092\u304a\u5ba2\u69d8\u3067\u914d\u5e03\u7279\u5fb4\u3092\u523a\u7e4d\u3057\u307e\u3057\u305f\u3002 \u3053\u306e\u30b9\u30d1\u3068\u308a\u304c\u30d7\u30ed\u30d5\u30a7\u30c3\u30b7\u30e7\u30ca\u30eb\u306b\u306a\u308b\u306e\u3002<\/p>\n<p>+\u88fd\u54c1\u30b5\u30f3\u30d7\u30ebbedspreads\u7d20\u6734\u306aTam Binh Tan(\u30d6\u30e9\u30a6\u30f3\u2013\u30c1\u30e7\u30b3\u30ec\u30fc\u30c8\u306e\u6975\u7d30-\u8d85\u6975\u7d30\u7e4a\u7dad)<\/p>\n<figure id=\"attachment_11278\" aria-describedby=\"caption-attachment-11278\" style=\"width: 850px\" class=\"wp-caption aligncenter\"><img loading=\"lazy\" decoding=\"async\" class=\"wp-image-11278 size-full\" src=\"http:\/\/khantamgiare.com\/wp-content\/uploads\/2023\/06\/khan-moc-tam-binh-tan4.jpg\" alt=\"\u30d9\u30c3\u30c9\u30ea\u30cd\u30f3\u306e\u7d20\u6734\u306aTam Binh Tan(\u30d6\u30e9\u30a6\u30f3-\u30c1\u30e7\u30b3\u30ec\u30fc\u30c8\u306e\u6975\u7d30-\u8d85\u6975\u7d30\u7e4a\u7dad)\" width=\"850\" height=\"500\" title=\"\"><figcaption id=\"caption-attachment-11278\" class=\"wp-caption-text\">\u30d9\u30c3\u30c9\u30ea\u30cd\u30f3\u306e\u7d20\u6734\u306aTam Binh Tan(\u30d6\u30e9\u30a6\u30f3\u2013\u30c1\u30e7\u30b3\u30ec\u30fc\u30c8\u306e\u6975\u7d30-\u8d85\u6975\u7d30\u7e4a\u7dad)<\/figcaption><\/figure>\n<figure id=\"attachment_11277\" aria-describedby=\"caption-attachment-11277\" style=\"width: 550px\" class=\"wp-caption aligncenter\"><img loading=\"lazy\" decoding=\"async\" class=\"wp-image-11277 size-full\" src=\"http:\/\/khantamgiare.com\/wp-content\/uploads\/2023\/06\/khan-moc-tam-binh-tan3-1.jpg\" alt=\"\u30d9\u30c3\u30c9\u30ea\u30cd\u30f3\u306e\u7d20\u6734\u306aTam Binh Tan(\u30d6\u30e9\u30a6\u30f3-\u30c1\u30e7\u30b3\u30ec\u30fc\u30c8\u306e\u6975\u7d30-\u8d85\u6975\u7d30\u7e4a\u7dad)\" width=\"550\" height=\"800\" title=\"\"><figcaption id=\"caption-attachment-11277\" class=\"wp-caption-text\">\u30d9\u30c3\u30c9\u30ea\u30cd\u30f3\u306e\u7d20\u6734\u306aTam Binh Tan(\u30d6\u30e9\u30a6\u30f3\u2013\u30c1\u30e7\u30b3\u30ec\u30fc\u30c8\u306e\u6975\u7d30-\u8d85\u6975\u7d30\u7e4a\u7dad)<\/figcaption><\/figure>\n<p>+\u30e2\u30c7\u30eb\u88fd\u54c1\u306e\u30d9\u30c3\u30c9\u30ea\u30cd\u30f3AMOON\u30b9\u30d1\u2013\u30d6\u30e9\u30a6\u30f3(\u30de\u30a4\u30af\u30ed\u30d5\u30a1\u30a4\u30d0\u30fc)<\/p>\n<figure id=\"attachment_4554\" aria-describedby=\"caption-attachment-4554\" style=\"width: 720px\" class=\"wp-caption aligncenter\"><img loading=\"lazy\" decoding=\"async\" class=\"wp-image-4554 size-full\" title=\"\u30d9\u30c3\u30c9\u30ea\u30cd\u30f3\u306e\u6975\u7d30-\u8d85\u6975\u7d30\u7e4a\u7dad\u8336\u8272\u306e\u30c1\u30e7\u30b3\u30ec\u30fc\u30c8-khannamphong\" src=\"http:\/\/khantamgiare.com\/wp-content\/uploads\/2023\/06\/IMG_3137.jpg\" alt=\"\u30d9\u30c3\u30c9\u30ea\u30cd\u30f3AMOON\u30b9\u30d1-\u30d6\u30e9\u30a6\u30f3(\u30de\u30a4\u30af\u30ed\u30d5\u30a1\u30a4\u30d0\u30fc)\" width=\"720\" height=\"480\" \/><figcaption id=\"caption-attachment-4554\" class=\"wp-caption-text\">\u30d9\u30c3\u30c9\u30ea\u30cd\u30f3AMOON\u30b9\u30d1\u2013\u30d6\u30e9\u30a6\u30f3(\u30de\u30a4\u30af\u30ed\u30d5\u30a1\u30a4\u30d0\u30fc)<\/figcaption><\/figure>\n<figure id=\"attachment_4555\" aria-describedby=\"caption-attachment-4555\" style=\"width: 720px\" class=\"wp-caption aligncenter\"><img loading=\"lazy\" decoding=\"async\" class=\"wp-image-4555 size-full\" title=\"\u30d9\u30c3\u30c9\u30ea\u30cd\u30f3\u306e\u6975\u7d30-\u8d85\u6975\u7d30\u7e4a\u7dad\u8336\u8272\u306e\u30c1\u30e7\u30b3\u30ec\u30fc\u30c8-khannamphong\" src=\"http:\/\/khantamgiare.com\/wp-content\/uploads\/2023\/06\/IMG_3138.jpg\" alt=\"\u30d9\u30c3\u30c9\u30ea\u30cd\u30f3AMOON\u30b9\u30d1-\u30d6\u30e9\u30a6\u30f3(\u30de\u30a4\u30af\u30ed\u30d5\u30a1\u30a4\u30d0\u30fc)\" width=\"720\" height=\"480\" \/><figcaption id=\"caption-attachment-4555\" class=\"wp-caption-text\">\u30d9\u30c3\u30c9\u30ea\u30cd\u30f3AMOON\u30b9\u30d1\u2013\u30d6\u30e9\u30a6\u30f3(\u30de\u30a4\u30af\u30ed\u30d5\u30a1\u30a4\u30d0\u30fc)<\/figcaption><\/figure>\n<p>+\u30e2\u30c7\u30eb\u88fd\u54c1\u306e\u30d9\u30c3\u30c9\u30ea\u30cd\u30f3Nguyen\u6027Amoon\u2013\u30d6\u30e9\u30a6\u30f3(\u30de\u30a4\u30af\u30ed\u30d5\u30a1\u30a4\u30d0\u30fc)<\/p>\n<figure id=\"attachment_4500\" aria-describedby=\"caption-attachment-4500\" style=\"width: 720px\" class=\"wp-caption aligncenter\"><img loading=\"lazy\" decoding=\"async\" class=\"wp-image-4500 size-full\" title=\"\u30d9\u30c3\u30c9\u30ea\u30cd\u30f3\u306e\u6975\u7d30-\u8d85\u6975\u7d30\u7e4a\u7dad\u8336\u8272\u306e\u30c1\u30e7\u30b3\u30ec\u30fc\u30c8\u3002khannamphong\" src=\"http:\/\/khantamgiare.com\/wp-content\/uploads\/2023\/06\/IMG_3074.jpg\" alt=\"\u30d9\u30c3\u30c9\u30ea\u30cd\u30f3Nguyen\u6027Amoon-\u30d6\u30e9\u30a6\u30f3(\u30de\u30a4\u30af\u30ed\u30d5\u30a1\u30a4\u30d0\u30fc)\" width=\"720\" height=\"480\" \/><figcaption id=\"caption-attachment-4500\" class=\"wp-caption-text\">\u30d9\u30c3\u30c9\u30ea\u30cd\u30f3Nguyen\u6027Amoon\u2013\u30d6\u30e9\u30a6\u30f3(\u30de\u30a4\u30af\u30ed\u30d5\u30a1\u30a4\u30d0\u30fc)<\/figcaption><\/figure>\n<figure id=\"attachment_4501\" aria-describedby=\"caption-attachment-4501\" style=\"width: 480px\" class=\"wp-caption aligncenter\"><img loading=\"lazy\" decoding=\"async\" class=\"wp-image-4501 size-full\" style=\"color: #333333; font-size: 14.4px;\" title=\"\u30d9\u30c3\u30c9\u30ea\u30cd\u30f3\u306e\u6975\u7d30-\u8d85\u6975\u7d30\u7e4a\u7dad\u8336\u8272\u306e\u30c1\u30e7\u30b3\u30ec\u30fc\u30c8\u3002khannamphong\" src=\"http:\/\/khantamgiare.com\/wp-content\/uploads\/2023\/06\/IMG_3075.jpg\" alt=\"\u30d9\u30c3\u30c9\u30ea\u30cd\u30f3Nguyen\u6027Amoon-\u30d6\u30e9\u30a6\u30f3(\u30de\u30a4\u30af\u30ed\u30d5\u30a1\u30a4\u30d0\u30fc)\" width=\"480\" height=\"720\" \/><figcaption id=\"caption-attachment-4501\" class=\"wp-caption-text\">\u30d9\u30c3\u30c9\u30ea\u30cd\u30f3Nguyen\u6027Amoon\u2013\u30d6\u30e9\u30a6\u30f3(\u30de\u30a4\u30af\u30ed\u30d5\u30a1\u30a4\u30d0\u30fc)<\/figcaption><\/figure>\n<p>+\u30e2\u30c7\u30eb\u88fd\u54c1\u306e\u30d9\u30c3\u30c9\u30ea\u30cd\u30f3Roxie\u306e\u30b9\u30d1\u30d6\u30e9\u30a6\u30f3\u30a4\u30f3\u2013\u30c1\u30e7\u30b3\u30ec\u30fc\u30c8\u306e\u6975\u7d30-\u8d85\u6975\u7d30\u7e4a\u7dad)<\/p>\n<figure id=\"attachment_10854\" aria-describedby=\"caption-attachment-10854\" style=\"width: 850px\" class=\"wp-caption aligncenter\"><img loading=\"lazy\" decoding=\"async\" class=\"wp-image-10854 size-full\" src=\"http:\/\/khantamgiare.com\/wp-content\/uploads\/2023\/06\/khan-spa-roxie2.jpg\" alt=\"\u30d9\u30c3\u30c9\u30ea\u30cd\u30f3Roxie\u306e\u30b9\u30d1\u30d6\u30e9\u30a6\u30f3\u30a4\u30f3-\u30c1\u30e7\u30b3\u30ec\u30fc\u30c8\u306e\u6975\u7d30-\u8d85\u6975\u7d30\u7e4a\u7dad)\" width=\"850\" height=\"500\" title=\"\"><figcaption id=\"caption-attachment-10854\" class=\"wp-caption-text\">\u30d9\u30c3\u30c9\u30ea\u30cd\u30f3Roxie\u306e\u30b9\u30d1\u30d6\u30e9\u30a6\u30f3\u30a4\u30f3\u2013\u30c1\u30e7\u30b3\u30ec\u30fc\u30c8\u306e\u6975\u7d30-\u8d85\u6975\u7d30\u7e4a\u7dad)<\/figcaption><\/figure>\n<figure id=\"attachment_10853\" aria-describedby=\"caption-attachment-10853\" style=\"width: 850px\" class=\"wp-caption aligncenter\"><img loading=\"lazy\" decoding=\"async\" class=\"wp-image-10853 size-full\" src=\"http:\/\/khantamgiare.com\/wp-content\/uploads\/2023\/06\/khan-spa-roxie1.jpg\" alt=\"\u30d9\u30c3\u30c9\u30ea\u30cd\u30f3Roxie\u306e\u30b9\u30d1\u30d6\u30e9\u30a6\u30f3\u30a4\u30f3-\u30c1\u30e7\u30b3\u30ec\u30fc\u30c8\u306e\u6975\u7d30-\u8d85\u6975\u7d30\u7e4a\u7dad)\" width=\"850\" height=\"500\" title=\"\"><figcaption id=\"caption-attachment-10853\" class=\"wp-caption-text\">\u30d9\u30c3\u30c9\u30ea\u30cd\u30f3Roxie\u306e\u30b9\u30d1\u30d6\u30e9\u30a6\u30f3\u30a4\u30f3\u2013\u30c1\u30e7\u30b3\u30ec\u30fc\u30c8\u306e\u6975\u7d30-\u8d85\u6975\u7d30\u7e4a\u7dad)<\/figcaption><\/figure>\n<h2><strong>\u660e\u30d6\u30e9\u30f3\u30c9\u306e\u30d9\u30c3\u30c9\u30ea\u30cd\u30f3\u306e\u5358\u4f4d\u6570<\/strong><\/h2>\n<p>\u0110\u1ec3 \u0111\u01b0\u1ee3c t\u01b0 v\u1ea5n v\u1ec1 m\u1eabu <a href=\"https:\/\/khantamgiare.com\/ja\/khan-trai-giuong-spa\/\">\u30d9\u30c3\u30c9\u30ea\u30cd\u30f3\u306e\u30b9\u30d1<\/a> m\u00e0u n\u00e2u c\u0169ng nh\u01b0 c\u00e1c b\u1ed9 kh\u0103n tr\u1ea3i gi\u01b0\u1eddng kh\u00e1c, h\u00e3y li\u00ean h\u1ec7 v\u1edbi Kh\u0103n T\u1eafm Gi\u00e1 R\u1ebb qua th\u00f4ng tin d\u01b0\u1edbi \u0111\u00e2y. Ch\u00fang t\u00f4i lu\u00f4n s\u1eb5n l\u00f2ng \u0111\u01b0\u1ee3c gi\u1ea3i \u0111\u00e1p m\u1ecdi th\u1eafc m\u1eafc c\u1ee7a b\u1ea1n.<\/p>\n<p style=\"text-align: center;\">-------------<\/p>\n<p style=\"text-align: center;\">\u4f4f\u6240\uff1a74B\u30ec295\u3001\u30d0\u30c3\u30cf\u30de\u30a4STREET,HAI BA TRUNG\u533a,HA NOI<\/p>\n<p style=\"text-align: center;\">\u30e1\u30fc\u30eb:KhanNamPhong@Gmail.Com<\/p>\n<p style=\"text-align: center;\">SDT:\u00a0<a href=\"tel:0903367867\" rel=\"nofollow external noopener noreferrer\" data-wpel-link=\"external\">0903 367 867<\/a><\/p>\n<p style=\"text-align: center;\">\u30a6\u30a7\u30d6\u30b5\u30a4\u30c8\uff1a\u00a0<a href=\"https:\/\/khantamgiare.com\/ja\/\" data-wpel-link=\"internal\">KhanTamGiaRe.Com<\/a><\/p>","protected":false},"excerpt":{"rendered":"<p><em><strong>\u30b5\u30a4\u30ba:\u00a0\u00a0<\/strong>\u30d9\u30c3\u30c9\u30ea\u30cd\u30f3:90x190cm\u00a0<\/em><\/p>\n<p><em><strong>\u7d20\u6750\uff1a\u30de\u30a4\u30af\u30ed\u30d5\u30a1\u30a4\u30d0\u30fc<\/strong><\/em><\/p>\n<p><em><strong>\u30ab\u30e9\u30fc:\u00a0<\/strong>\u82d4\u306e\u7dd1\u8272\u3001\u7d3a\u3001\u9285\u8272\u3001\u91d1\u8272\u3001\u8336\u8910\u8272\u306e\u30c1\u30e7\u30b3\u30ec\u30fc\u30c8\u3001\u6fc3\u3044\u7dd1\u8272\u306b\u3001\u8584\u7d2b\u3001\u30d4\u30f3\u30af\u3001\u30b0\u30ec\u30fc\u3001\u767d\u3001\u7dd1\u3001\u9752\u30f3\u30de\u725b\u76ae\u3001\u8336\u3001\u8d64\u304c\u4f7f\u308f\u308c\u3066\u3044\u307e\u3059\u3002<\/em><\/p>\n<p><em><strong>\u539f\u7523\u5730:\u00a0<\/strong>\u30d9\u30c8\u30ca\u30e0\u3002<\/em><\/p>\n<p><em><strong>\u7279\u5225:<\/strong><\/em>\u00a0<em>\u3044\u523a\u7e4d\u306e\u30ed\u30b4\u306b\u3088\u308b\u304a\u5ba2\u69d8\u306e\u8981\u4ef6\u3092\u6e80\u305f\u3059\u3002<\/em><\/p>\n<p>&nbsp;<\/p>\n<p><iframe loading=\"lazy\" src=\"https:\/\/www.youtube.com\/embed\/msvzOq5bjNM\" width=\"560\" height=\"315\" frameborder=\"0\" allowfullscreen=\"allowfullscreen\"><\/iframe><\/p>","protected":false},"featured_media":5266,"comment_status":"closed","ping_status":"closed","template":"","meta":[],"product_cat":[48,50],"product_tag":[],"class_list":{"0":"post-3683","1":"product","2":"type-product","3":"status-publish","4":"has-post-thumbnail","6":"product_cat-khan-spa","7":"product_cat-khan-trai-giuong-spa","8":"pa_chat-lieu-microfiber","9":"pa_kich-thuoc-90cm-x-190cm","10":"pa_mau-sac-nau-socola","13":"instock","14":"product-type-simple"},"acf":[],"_links":{"self":[{"href":"https:\/\/khantamgiare.com\/ja\/wp-json\/wp\/v2\/product\/3683","targetHints":{"allow":["GET"]}}],"collection":[{"href":"https:\/\/khantamgiare.com\/ja\/wp-json\/wp\/v2\/product"}],"about":[{"href":"https:\/\/khantamgiare.com\/ja\/wp-json\/wp\/v2\/types\/product"}],"replies":[{"embeddable":true,"href":"https:\/\/khantamgiare.com\/ja\/wp-json\/wp\/v2\/comments?post=3683"}],"wp:featuredmedia":[{"embeddable":true,"href":"https:\/\/khantamgiare.com\/ja\/wp-json\/wp\/v2\/media\/5266"}],"wp:attachment":[{"href":"https:\/\/khantamgiare.com\/ja\/wp-json\/wp\/v2\/media?parent=3683"}],"wp:term":[{"taxonomy":"product_cat","embeddable":true,"href":"https:\/\/khantamgiare.com\/ja\/wp-json\/wp\/v2\/product_cat?post=3683"},{"taxonomy":"product_tag","embeddable":true,"href":"https:\/\/khantamgiare.com\/ja\/wp-json\/wp\/v2\/product_tag?post=3683"}],"curies":[{"name":"wp","href":"https:\/\/api.w.org\/{rel}","templated":true}]}}