{"id":3779,"date":"2023-06-29T07:50:01","date_gmt":"2023-06-29T07:50:01","guid":{"rendered":"http:\/\/khantam.h193.dpsmedia.vn\/san-pham\/bo-khan-body-spa-microfiber-mau-xanh-co-vit\/"},"modified":"2024-04-04T15:54:40","modified_gmt":"2024-04-04T08:54:40","slug":"bo-khan-body-spa-microfiber-mau-xanh-co-vit","status":"publish","type":"product","link":"https:\/\/khantamgiare.com\/ja\/bo-khan-body-spa-microfiber-mau-xanh-co-vit\/","title":{"rendered":"\u30d0\u30b9\u30bf\u30aa\u30eb-\u30bf\u30aa\u30eb\u30dc\u30c7\u30a3\u30b9\u30d1\u30de\u30a4\u30af\u30ed\u30d5\u30a1\u30a4\u30d0\u30fc\u9752\u3044\u30c0\u30c3\u30af\u8a3c\u5238"},"content":{"rendered":"<h2><strong>\u0110\u1eb7c \u0111i\u1ec3m s\u1ea3n ph\u1ea9m Kh\u0103n Body Spa Microfiber Ma\u0300u Xanh C\u00f4\u0309 Vi\u0323t<\/strong><\/h2>\n<ul>\n<li>\u306e <a href=\"https:\/\/khantamgiare.com\/ja\/khan-body-spa\/\">kh\u0103n body spa<\/a> microfiber m\u00e0u xanh c\u1ed5 v\u1ecbt l\u00e0 b\u1ed9 kh\u0103n c\u00f3 m\u00e0u s\u1eafc \u0111\u1eb7c bi\u1ec7t, \u1ea5n t\u01b0\u1ee3ng v\u00e0 n\u1ed5i b\u1eadt. V\u1edbi m\u00e0u s\u1eafc \u0111\u1ed9c \u0111\u00e1o, s\u1ea3n ph\u1ea9m nhanh ch\u00f3ng t\u1ea1o \u0111\u01b0\u1ee3c s\u1ee9c h\u00fat nh\u1edd v\u00e0o t\u00ednh th\u1ea9m m\u1ef9 cao c\u00f9ng nhi\u1ec1u \u01b0u \u0111i\u1ec3m h\u1ea5p d\u1eabn.<\/li>\n<li>\u30bf\u30aa\u30eb\u985e\u306f\u3001\u9ad8\u54c1\u8cea\u6750\u6599\u306e\u6975\u7d30-\u8d85\u6975\u7d30\u7e4a\u7dad\u306e\u8868\u9762\u306f\u67d4\u3089\u304b\u3044\u30d9\u30eb\u30d9\u30c3\u30c8 \u30bf\u30aa\u30eb\u306f\u5b89\u5168\u3067\u808c\u306b\u306a\u597d\u307f\u3092\u3057\u307e\u3059\u3002 \u6027\u8cea\u306e\u30bf\u30aa\u30eb\u306f\u3001\u5438\u53ce\u6027\u3001\u5f3e\u6027\u3001\u9ad8\u3044\u6297\u83cc\u52b9\u7387\u3002 \u305d\u306e\u305f\u3081\u3001\u30db\u30fc\u30c1\u30df\u30f3\u5e02\u3067\u306f\u3001\u3055\u3089\u306b\u7cf8\u304c\u5408\u6210\u7e4a\u304d\u306e\u8010\u4e45\u6027\u8272\u3001\u30d4\u30fc\u30af\u671f\u9593\u306e\u9577\u671f\u5229\u7528\u3057\u307e\u3059\u3002<\/li>\n<li>\u8a2d\u8a08\u30b5\u30a4\u30ba70*140cm\u3001\u30b9\u30ab\u30fc\u30d5\u5bb9\u6613\u306b\u6298\u308a\u8fd4\u3055\u308c\u305f\u5834\u5408\u307e\u305b\u3093\u3002 \u3054\u4f7f\u7528\u5f8c\u3001\u30b9\u30d1\u3001\u6d17\u3063\u3066\u304f\u3060\u3055\u3044\u6c34\u3067\u6d17\u6d44\u306e\u305f\u3081\u306e\u5c02\u7528\u306e\u9732\u51fa\u3001\u4e7e\u71e5\u3001\u98a8\u901a\u3057\u306e\u826f\u3044\u5834\u6240. \u30d0\u30b9\u30bf\u30aa\u30eb-\u30bf\u30aa\u30eb\u30dc\u30c7\u30a3\u30b9\u30d1\u30de\u30a4\u30af\u30ed\u30d5\u30a1\u30a4\u30d0\u30fc\u30d6\u30eb\u30fc\u3001\u30af\u30e9\u30b7\u30c3\u30af\u30c0\u30c3\u30af\u6d17\u624b\u6a5f\u3067ok\u3002 \u30bf\u30aa\u30eb\u306f\u8010\u4e45\u6027\u3001\u4e7e\u71e5\u3001\u4e7e\u71e5\u3001\u98a8\u901a\u3057\u306e\u826f\u3044\u5834\u6240\u304c\u3042\u308a\u307e\u3059\u3002<\/li>\n<\/ul>\n<p>+\u30de\u30d5\u30e9\u30fc\u30d1\u30bf\u30fc\u30f3\u30dc\u30c7\u30a3\u30b9\u30d1THESA\u30b9\u30d1\uff06\u30d3\u30e5\u30fc\u30c6\u30a3\u30fc\uff08\u30b0\u30ea\u30fc\u30f3\u9d28\u2013\u30de\u30a4\u30af\u30ed\u30d5\u30a1\u30a4\u30d0\u30fc)<\/p>\n<figure id=\"attachment_10873\" aria-describedby=\"caption-attachment-10873\" style=\"width: 850px\" class=\"wp-caption aligncenter\"><a href=\"http:\/\/khantamgiare.com\/wp-content\/uploads\/2023\/06\/khan-spa-thesa3.jpg\"><img loading=\"lazy\" decoding=\"async\" class=\"wp-image-10873 size-full\" src=\"http:\/\/khantamgiare.com\/wp-content\/uploads\/2023\/06\/khan-spa-thesa3.jpg\" alt=\"\u30b5\u30f3\u30d7\u30eb\u30bf\u30aa\u30eb-\u30dc\u30c7\u30a3\u30b9\u30d1THESA\u30b9\u30d1\uff06\u30d3\u30e5\u30fc\u30c6\u30a3\u30fc\uff08\u30b0\u30ea\u30fc\u30f3\u9d28-\u30de\u30a4\u30af\u30ed\u30d5\u30a1\u30a4\u30d0\u30fc)\" width=\"850\" height=\"500\" title=\"\"><\/a><figcaption id=\"caption-attachment-10873\" class=\"wp-caption-text\">\u30b5\u30f3\u30d7\u30eb\u30bf\u30aa\u30eb-\u30dc\u30c7\u30a3\u30b9\u30d1THESA\u30b9\u30d1\uff06\u30d3\u30e5\u30fc\u30c6\u30a3\u30fc\uff08\u30b0\u30ea\u30fc\u30f3\u9d28\u2013\u30de\u30a4\u30af\u30ed\u30d5\u30a1\u30a4\u30d0\u30fc)<\/figcaption><\/figure>\n<h2><b>\u306e\u30b9\u30ab\u30fc\u30d5\u306f\uff1f<\/b><\/h2>\n<p>\u88fd\u54c1\u672c\u4f53\u8272\u306f\u7dd1\u9d28\u30de\u30d5\u30e9\u30fc\u30d1\u30bf\u30fc\u30f3\u306e\u30b9\u30fc\u30d1\u30fc\u30db\u767e\u4e07\u306e\u30d1\u30e9\u30c0\u30a4\u30b9\u3068\u5927\u4eba\u306e\u30ea\u30be\u30fc\u30c8\u65bd\u8a2d\u63a2\u3057\u307e\u3059\u3002 \u306e\u307b\u304b\u3001\u30b9\u30d1\u3001\u30d5\u30a3\u30c3\u30c8\u30cd\u30b9\u30bb\u30f3\u30bf\u30fc\u3001\u56f3\u66f8\u308b\u3082\u306e\u306b\u5bfe\u3057\u3001\u5927\u304d\u306a\u61f8\u5ff5\u3092\u62b1\u3044\u3066\u3044\u88fd\u54c1\u3067\u3059\u3002 \u3055\u3089\u306b\u3001\u88fd\u54c1\u306b\u3082\u767b\u5834\u306e\u591a\u69d8\u6027\u3092\u4e2d\u5fc3\u306b\u3001\u30b5\u30fc\u30d3\u30b9\u30d7\u30ed\u30d0\u30a4\u30c0\u306e\u305f\u3081\u306e\u4fdd\u5065\u533b\u7642\u307e\u3057\u305f\u3002 \u4f8b\u3048\u3070\u3001\u30b8\u30e0\u3001\u30d7\u30fc\u30eb\u3001\u73fe\u4ee3\u306e\u4f11\u65e5\u306e\u5bb6\u5c4b\u3001\u30db\u30c6\u30eb\u3001\u30ea\u30be\u30fc\u30c8\u3001...<\/p>\n<p>\u30bf\u30aa\u30eb\u306e\u8eca\u4f53\u8272\u3092\u7dd1\u9d28\u3067\u4e7e\u71e5\u5f8c\u306f\u4f53\u6bce\u306b\u30b7\u30e3\u30ef\u30fc\u4ed8\u304d\u3067\u3059\u3002 \u307e\u305f\u3001\u30b9\u30ab\u30fc\u30d5\u3092\u4f7f\u7528\u3067\u304d\u8eab\u4f53\u3092\u5305\u3080\u3088\u3046\u306b\u305d\u306e\u76ee\u7684\u306f\u3001\u304a\u5ba2\u69d8\u306e\u304a\u5f79\u306b\u7acb\u3064\u7c21\u5358\u306b\u4f53\u9a13\u305d\u306e\u4ed6\u306e\u30b5\u30fc\u30d3\u30b9\u306e\u30b9\u30d1\u304c\u3042\u308a\u307e\u3059\u3002<\/p>\n<figure id=\"attachment_10871\" aria-describedby=\"caption-attachment-10871\" style=\"width: 850px\" class=\"wp-caption aligncenter\"><a href=\"http:\/\/khantamgiare.com\/wp-content\/uploads\/2023\/06\/khan-spa-thesa1.jpg\"><img loading=\"lazy\" decoding=\"async\" class=\"wp-image-10871 size-full\" src=\"http:\/\/khantamgiare.com\/wp-content\/uploads\/2023\/06\/khan-spa-thesa1.jpg\" alt=\"\u30b5\u30f3\u30d7\u30eb\u30bf\u30aa\u30eb-\u30dc\u30c7\u30a3\u30b9\u30d1THESA\u30b9\u30d1\uff06\u30d3\u30e5\u30fc\u30c6\u30a3\u30fc\uff08\u30b0\u30ea\u30fc\u30f3\u9d28-\u30de\u30a4\u30af\u30ed\u30d5\u30a1\u30a4\u30d0\u30fc)\" width=\"850\" height=\"500\" title=\"\"><\/a><figcaption id=\"caption-attachment-10871\" class=\"wp-caption-text\">\u30b5\u30f3\u30d7\u30eb\u30bf\u30aa\u30eb-\u30dc\u30c7\u30a3\u30b9\u30d1THESA\u30b9\u30d1\uff06\u30d3\u30e5\u30fc\u30c6\u30a3\u30fc\uff08\u30b0\u30ea\u30fc\u30f3\u9d28\u2013\u30de\u30a4\u30af\u30ed\u30d5\u30a1\u30a4\u30d0\u30fc)<\/figcaption><\/figure>\n<h2><b>\u5f8c\u5de5\u7a0b\u3092\u8003\u616e\u3057\u3066\u30de\u30d5\u30e9\u30fc\u672c\u4f53\u306e\u9ad8\u901f\u591a<\/b><\/h2>\n<p>\u3092\u6240\u6709\u3059\u308b\u30bf\u30aa\u30eb-\u30dc\u30c7\u30a3\u30b9\u30d1blue\u9d28\u682a\u5f0f\u96e3\u3057\u304f\u306a\u3044\u3060\u3051\u30671\u3053\u306e\u30b5\u30a4\u30c8\u306e\u30b3\u30f3\u30c6\u30f3\u30c4\u306e\u3054\u8cea\u554f\u304c\u89e3\u6c7a\u3057\u307e\u3059\u3002 \u91cd\u8981\u306a\u3053\u3068\u306f\u5fc5\u8981\u306a\u306e\u88fd\u9020\u30e6\u30cb\u30c3\u30c8\u306e\u30d7\u30ed\u30d5\u30a7\u30c3\u30b7\u30e7\u30ca\u30eb\u306b\u591a\u304f\u3092\u304a\u5f97\u3002<\/p>\n<p>M\u1ed9t trong nh\u1eefng th\u01b0\u01a1ng hi\u1ec7u \u0111\u01b0\u1ee3c h\u00e0ng tri\u1ec7u spa y\u00eau th\u00edch, ph\u1ea3i k\u1ec3 \u0111\u1ebfn th\u01b0\u01a1ng hi\u1ec7u <a href=\"https:\/\/khantamgiare.com\/ja\/\">\u30bf\u30aa\u30eb\u683c\u5b89<\/a>. Tr\u1ea3i qua nhi\u1ec1u n\u0103m x\u00e2y d\u1ef1ng v\u00e0 ph\u00e1t tri\u1ec3n, Kh\u0103n T\u1eafm Gi\u00e1 R\u1ebb hi\u1ec7n nay l\u00e0 \u0111i\u1ec3m \u0111\u1ebfn ho\u00e0n h\u1ea3o c\u1ee7a m\u1ecdi kh\u00e1ch h\u00e0ng. Ch\u00fang t\u00f4i s\u1ea3n xu\u1ea5t, cung c\u1ea5p c\u00e1c m\u1eabu kh\u0103n body ch\u1ea5t l\u01b0\u1ee3ng v\u1edbi m\u00e0u s\u1eafc v\u00e0 ch\u1ea5t li\u1ec7u \u0111a d\u1ea1ng.<\/p>\n<p>Kh\u00e1ch h\u00e0ng c\u00f3 y\u00eau c\u1ea7u c\u1ee5 th\u1ec3 n\u00e0o v\u1ec1 c\u00e1c s\u1ea3n ph\u1ea9m <a href=\"https:\/\/khantamgiare.com\/ja\/khan-spa\/\">kh\u0103n spa gi\u00e1 r\u1ebb<\/a>, h\u00e3y trao \u0111\u1ed5i v\u1edbi ch\u00fang t\u00f4i. Kh\u0103n T\u1eafm Gi\u00e1 R\u1ebb lu\u00f4n l\u1eafng nghe v\u00e0 d\u1ef1a tr\u00ean y\u00eau c\u1ea7u \u0111\u00f3 \u0111\u1ec3 th\u1ef1c hi\u1ec7n ho\u00e0n t\u1ea5t s\u1ea3n ph\u1ea9m. S\u1ea3n ph\u1ea9m trao tay kh\u00e1ch h\u00e0ng ch\u1eafc ch\u1eafn l\u00e0 nh\u1eefng s\u1ea3n ph\u1ea9m t\u1ed1t nh\u1ea5t v\u00e0 \u0111\u00e3 \u0111\u01b0\u1ee3c ki\u1ec3m tra s\u00e1t sao ch\u1eb7t ch\u1ebd.<\/p>\n<blockquote><p><em><strong>\u8a73\u7d30\uff1a <a href=\"https:\/\/khantamgiare.com\/ja\/bo-khan-body-spa-mau-nau-socola-co-theu-logo-cotton\/\">\u30d0\u30b9\u30bf\u30aa\u30eb-\u30bf\u30aa\u30eb\u30dc\u30c7\u30a3\u30b9\u30d1\u8336\u8272\u306e\u30c1\u30e7\u30b3\u30ec\u30fc\u30c8\u3068\u523a\u7e4d\u306e\u30ed\u30b4\uff08\u30b3\u30c3\u30c8\u30f3)<\/a><\/strong><\/em><\/p><\/blockquote>","protected":false},"excerpt":{"rendered":"<p><em><strong>\u30b5\u30a4\u30ba:\u00a0<\/strong>\u30de\u30d5\u30e9\u30fc\u672c\u4f53\uff1a70\u00d7140\u339d<\/em><\/p>\n<p><em><strong>\u6750\u8cea\uff1a\u00a0<\/strong>100\uff05\u30b3\u30c3\u30c8\u30f3\u306e\u7cf8\u3067\u7de8\u307e\u308c\u3066\u3044\u307e\u3059\u3002<\/em><\/p>\n<p><em><strong>\u30ab\u30e9\u30fc:\u00a0<\/strong>\u82d4\u306e\u7dd1\u8272\u3001\u7d3a\u3001\u9285\u8272\u3001\u91d1\u8272\u3001\u8336\u8910\u8272\u306e\u30c1\u30e7\u30b3\u30ec\u30fc\u30c8\u3001\u6fc3\u3044\u7dd1\u8272\u306b\u3001\u8584\u7d2b\u3001\u30d4\u30f3\u30af\u3001\u30b0\u30ec\u30fc\u3001\u767d\u3001\u7dd1\u3001\u9752\u30f3\u30de\u725b\u76ae\u3001\u8336\u3001\u8d64\u304c\u4f7f\u308f\u308c\u3066\u3044\u307e\u3059\u3002<\/em><\/p>\n<p><em><strong>\u539f\u7523\u5730:\u00a0<\/strong>\u30d9\u30c8\u30ca\u30e0\u3002<\/em><\/p>\n<p><em><strong>\u7279\u5225:<\/strong><\/em>\u00a0<em>\u3044\u523a\u7e4d\u306e\u30ed\u30b4\u306b\u3088\u308b\u304a\u5ba2\u69d8\u306e\u8981\u4ef6\u3092\u6e80\u305f\u3059\u3002<\/em><\/p>","protected":false},"featured_media":5305,"comment_status":"closed","ping_status":"closed","template":"","meta":[],"product_cat":[49,48],"product_tag":[],"class_list":{"0":"post-3779","1":"product","2":"type-product","3":"status-publish","4":"has-post-thumbnail","6":"product_cat-khan-body-spa","7":"product_cat-khan-spa","8":"pa_chat-lieu-microfiber","9":"pa_kich-thuoc-70cm-x-140cm","10":"pa_mau-sac-xanh-co-vit","13":"instock","14":"product-type-simple"},"acf":[],"_links":{"self":[{"href":"https:\/\/khantamgiare.com\/ja\/wp-json\/wp\/v2\/product\/3779","targetHints":{"allow":["GET"]}}],"collection":[{"href":"https:\/\/khantamgiare.com\/ja\/wp-json\/wp\/v2\/product"}],"about":[{"href":"https:\/\/khantamgiare.com\/ja\/wp-json\/wp\/v2\/types\/product"}],"replies":[{"embeddable":true,"href":"https:\/\/khantamgiare.com\/ja\/wp-json\/wp\/v2\/comments?post=3779"}],"wp:featuredmedia":[{"embeddable":true,"href":"https:\/\/khantamgiare.com\/ja\/wp-json\/wp\/v2\/media\/5305"}],"wp:attachment":[{"href":"https:\/\/khantamgiare.com\/ja\/wp-json\/wp\/v2\/media?parent=3779"}],"wp:term":[{"taxonomy":"product_cat","embeddable":true,"href":"https:\/\/khantamgiare.com\/ja\/wp-json\/wp\/v2\/product_cat?post=3779"},{"taxonomy":"product_tag","embeddable":true,"href":"https:\/\/khantamgiare.com\/ja\/wp-json\/wp\/v2\/product_tag?post=3779"}],"curies":[{"name":"wp","href":"https:\/\/api.w.org\/{rel}","templated":true}]}}