{"id":3803,"date":"2023-06-29T07:51:34","date_gmt":"2023-06-29T07:51:34","guid":{"rendered":"http:\/\/khantam.h193.dpsmedia.vn\/san-pham\/bo-khan-body-spa-mau-nau-socola-co-theu-logo-cotton\/"},"modified":"2024-04-10T15:19:14","modified_gmt":"2024-04-10T08:19:14","slug":"bo-khan-body-spa-mau-nau-socola-co-theu-logo-cotton","status":"publish","type":"product","link":"https:\/\/khantamgiare.com\/ja\/bo-khan-body-spa-mau-nau-socola-co-theu-logo-cotton\/","title":{"rendered":"\u30d0\u30b9\u30bf\u30aa\u30eb-\u30bf\u30aa\u30eb\u30dc\u30c7\u30a3\u30b9\u30d1\u8336\u8272\u306e\u30c1\u30e7\u30b3\u30ec\u30fc\u30c8\u3068\u523a\u7e4d\u306e\u30ed\u30b4\uff08\u30b3\u30c3\u30c8\u30f3)"},"content":{"rendered":"<p>&#039;+\u30de\u30d5\u30e9\u30fc\u30d1\u30bf\u30fc\u30f3\u306e\u8eca\u4f53\u306b\u3001\u5929\u4e95\u306e\u30b9\u30d1\uff08\u30b3\u30c3\u30c8\u30f3)<\/p>\n<figure id=\"attachment_6777\" aria-describedby=\"caption-attachment-6777\" style=\"width: 720px\" class=\"wp-caption aligncenter\"><img loading=\"lazy\" decoding=\"async\" class=\"wp-image-6777 size-full\" title=\"\u30de\u30d5\u30e9\u30fc-\u672c\u4f53-\u30b3\u30c3\u30c8\u30f3\u30ca\u30c1\u30e5\u30e9\u30eb\u30c6\u30a4\u30b9\u30c8\u306e\u30d9\u30fc\u30b8\u30e5\u3001\u30c1\u30e7\u30b3\u30ec\u30fc\u30c8\u3002KhanNamPhong\" src=\"http:\/\/khantamgiare.com\/wp-content\/uploads\/2023\/06\/khan-body-Cotton-Nau-Socola.KhanNamPhong.jpg\" alt=\"\u30de\u30d5\u30e9\u30fc\u30d1\u30bf\u30fc\u30f3\u306e\u8eca\u4f53\u306b\u3001\u5929\u4e95\u306e\u30b9\u30d1\uff08\u30b3\u30c3\u30c8\u30f3)\" width=\"720\" height=\"480\" \/><figcaption id=\"caption-attachment-6777\" class=\"wp-caption-text\">\u30de\u30d5\u30e9\u30fc\u30d1\u30bf\u30fc\u30f3\u306e\u8eca\u4f53\u306b\u3001\u5929\u4e95\u306e\u30b9\u30d1\uff08\u30b3\u30c3\u30c8\u30f3)<\/figcaption><\/figure>\n<figure id=\"attachment_6778\" aria-describedby=\"caption-attachment-6778\" style=\"width: 720px\" class=\"wp-caption aligncenter\"><img loading=\"lazy\" decoding=\"async\" class=\"wp-image-6778 size-full\" title=\"\u30de\u30d5\u30e9\u30fc-\u672c\u4f53-\u30b3\u30c3\u30c8\u30f3\u30ca\u30c1\u30e5\u30e9\u30eb\u30c6\u30a4\u30b9\u30c8\u306e\u30d9\u30fc\u30b8\u30e5\u3001\u30c1\u30e7\u30b3\u30ec\u30fc\u30c8\u3002KhanNamPhong\" src=\"http:\/\/khantamgiare.com\/wp-content\/uploads\/2023\/06\/khan-body-Cotton-Nau-Socola.KhanNamPhong1.jpg\" alt=\"\u30de\u30d5\u30e9\u30fc\u30d1\u30bf\u30fc\u30f3\u306e\u8eca\u4f53\u306b\u3001\u5929\u4e95\u306e\u30b9\u30d1\uff08\u30b3\u30c3\u30c8\u30f3)\" width=\"720\" height=\"480\" \/><figcaption id=\"caption-attachment-6778\" class=\"wp-caption-text\">\u30de\u30d5\u30e9\u30fc\u30d1\u30bf\u30fc\u30f3\u306e\u8eca\u4f53\u306b\u3001\u5929\u4e95\u306e\u30b9\u30d1\uff08\u30b3\u30c3\u30c8\u30f3)<\/figcaption><\/figure>\n<p>+\u30de\u30d5\u30e9\u30fc\u30d1\u30bf\u30fc\u30f3\u672c\u4f53\u306e\u30d0\u30f3\u30b3\u30af\u30d6\u30e9\u30a6\u30f3\u30a4\u30f3\u2013\u30c1\u30e7\u30b3\u30ec\u30fc\u30c8\u7dbf)<\/p>\n<figure id=\"attachment_4226\" aria-describedby=\"caption-attachment-4226\" style=\"width: 720px\" class=\"wp-caption aligncenter\"><img loading=\"lazy\" decoding=\"async\" class=\"wp-image-4226 size-full\" title=\"Khantamcottonnausocola-khannamphong\" src=\"http:\/\/khantamgiare.com\/wp-content\/uploads\/2023\/06\/IMG_2626.jpg\" alt=\"\u30de\u30d5\u30e9\u30fc\u30d1\u30bf\u30fc\u30f3\u672c\u4f53\u306e\u30d0\u30f3\u30b3\u30af\u30d6\u30e9\u30a6\u30f3\u30a4\u30f3-\u30c1\u30e7\u30b3\u30ec\u30fc\u30c8\u7dbf)\" width=\"720\" height=\"480\" \/><figcaption id=\"caption-attachment-4226\" class=\"wp-caption-text\">\u30de\u30d5\u30e9\u30fc\u30d1\u30bf\u30fc\u30f3\u672c\u4f53\u306e\u30d0\u30f3\u30b3\u30af\u30d6\u30e9\u30a6\u30f3\u30a4\u30f3\u2013\u30c1\u30e7\u30b3\u30ec\u30fc\u30c8\u7dbf)<\/figcaption><\/figure>\n<figure id=\"attachment_4229\" aria-describedby=\"caption-attachment-4229\" style=\"width: 720px\" class=\"wp-caption aligncenter\"><img loading=\"lazy\" decoding=\"async\" class=\"wp-image-4229 size-full\" title=\"Khantamcottonnausocola-khannamphong\" src=\"http:\/\/khantamgiare.com\/wp-content\/uploads\/2023\/06\/IMG_2631.jpg\" alt=\"\u30de\u30d5\u30e9\u30fc\u30d1\u30bf\u30fc\u30f3\u672c\u4f53\u306e\u30d0\u30f3\u30b3\u30af\u30d6\u30e9\u30a6\u30f3\u30a4\u30f3-\u30c1\u30e7\u30b3\u30ec\u30fc\u30c8\u7dbf)\" width=\"720\" height=\"480\" \/><figcaption id=\"caption-attachment-4229\" class=\"wp-caption-text\">\u30de\u30d5\u30e9\u30fc\u30d1\u30bf\u30fc\u30f3\u672c\u4f53\u306e\u30d0\u30f3\u30b3\u30af\u30d6\u30e9\u30a6\u30f3\u30a4\u30f3\u2013\u30c1\u30e7\u30b3\u30ec\u30fc\u30c8\u7dbf)<\/figcaption><\/figure>\n<p>+\u30de\u30d5\u30e9\u30fc\u30d1\u30bf\u30fc\u30f3\u306e\u53f0\u8eca\u4f53\u7f8e\uff08\u30b3\u30c3\u30c8\u30f3)<\/p>\n<figure id=\"attachment_5461\" aria-describedby=\"caption-attachment-5461\" style=\"width: 720px\" class=\"wp-caption aligncenter\"><img loading=\"lazy\" decoding=\"async\" class=\"wp-image-5461 size-full\" title=\"\u30bf\u30aa\u30eb\u3001\u30dc\u30c7\u30a3\u7dbf\u8336\u8272\u306e\u30c1\u30e7\u30b3\u30ec\u30fc\u30c8\" src=\"http:\/\/khantamgiare.com\/wp-content\/uploads\/2023\/06\/IMG_4006.jpg\" alt=\"\u30de\u30d5\u30e9\u30fc\u30d1\u30bf\u30fc\u30f3\u306e\u53f0\u8eca\u4f53\u7f8e\uff08\u30b3\u30c3\u30c8\u30f3)\" width=\"720\" height=\"480\" \/><figcaption id=\"caption-attachment-5461\" class=\"wp-caption-text\">\u30de\u30d5\u30e9\u30fc\u30d1\u30bf\u30fc\u30f3\u306e\u53f0\u8eca\u4f53\u7f8e\uff08\u30b3\u30c3\u30c8\u30f3)<\/figcaption><\/figure>\n<figure id=\"attachment_5462\" aria-describedby=\"caption-attachment-5462\" style=\"width: 720px\" class=\"wp-caption aligncenter\"><img loading=\"lazy\" decoding=\"async\" class=\"wp-image-5462 size-full\" title=\"\u30bf\u30aa\u30eb\u3001\u30dc\u30c7\u30a3\u7dbf\u8336\u8272\u306e\u30c1\u30e7\u30b3\u30ec\u30fc\u30c8\" src=\"http:\/\/khantamgiare.com\/wp-content\/uploads\/2023\/06\/IMG_4007.jpg\" alt=\"\u30de\u30d5\u30e9\u30fc\u30d1\u30bf\u30fc\u30f3\u306e\u53f0\u8eca\u4f53\u7f8e\uff08\u30b3\u30c3\u30c8\u30f3)\" width=\"720\" height=\"480\" \/><figcaption id=\"caption-attachment-5462\" class=\"wp-caption-text\">\u30de\u30d5\u30e9\u30fc\u30d1\u30bf\u30fc\u30f3\u306e\u53f0\u8eca\u4f53\u7f8e\uff08\u30b3\u30c3\u30c8\u30f3)<\/figcaption><\/figure>\n<p>+\u30de\u30d5\u30e9\u30fc\u30d1\u30bf\u30fc\u30f3\u3092\u4f53Nguyen Hoang\u30b9\u30d1\uff08\u30b3\u30c3\u30c8\u30f3)<\/p>\n<figure id=\"attachment_5053\" aria-describedby=\"caption-attachment-5053\" style=\"width: 720px\" class=\"wp-caption aligncenter\"><img loading=\"lazy\" decoding=\"async\" class=\"wp-image-5053 size-full\" title=\"khantamcottonnausocola.khannamphong\" src=\"http:\/\/khantamgiare.com\/wp-content\/uploads\/2023\/06\/IMG_3694.jpg\" alt=\"\u30de\u30d5\u30e9\u30fc\u30d1\u30bf\u30fc\u30f3\u3092\u4f53Nguyen Hoang\u30b9\u30d1\uff08\u30b3\u30c3\u30c8\u30f3)\" width=\"720\" height=\"480\" \/><figcaption id=\"caption-attachment-5053\" class=\"wp-caption-text\">\u30de\u30d5\u30e9\u30fc\u30d1\u30bf\u30fc\u30f3\u3092\u4f53Nguyen Hoang\u30b9\u30d1\uff08\u30b3\u30c3\u30c8\u30f3)<\/figcaption><\/figure>\n<figure id=\"attachment_5054\" aria-describedby=\"caption-attachment-5054\" style=\"width: 720px\" class=\"wp-caption aligncenter\"><img loading=\"lazy\" decoding=\"async\" class=\"wp-image-5054 size-full\" title=\"khantamcottonnausocola.khannamphong\" src=\"http:\/\/khantamgiare.com\/wp-content\/uploads\/2023\/06\/IMG_3695.jpg\" alt=\"\u30de\u30d5\u30e9\u30fc\u30d1\u30bf\u30fc\u30f3\u3092\u4f53Nguyen Hoang\u30b9\u30d1\uff08\u30b3\u30c3\u30c8\u30f3)\" width=\"720\" height=\"480\" \/><figcaption id=\"caption-attachment-5054\" class=\"wp-caption-text\">\u30de\u30d5\u30e9\u30fc\u30d1\u30bf\u30fc\u30f3\u3092\u4f53Nguyen Hoang\u30b9\u30d1\uff08\u30b3\u30c3\u30c8\u30f3)<\/figcaption><\/figure>\n<p>+\u30de\u30d5\u30e9\u30fc\u30d1\u30bf\u30fc\u30f3\u3092\u4f53Homis\u30b9\u30d1\uff08\u30b3\u30c3\u30c8\u30f3)<\/p>\n<figure id=\"attachment_6391\" aria-describedby=\"caption-attachment-6391\" style=\"width: 720px\" class=\"wp-caption aligncenter\"><img loading=\"lazy\" decoding=\"async\" class=\"wp-image-6391 size-full\" title=\"\u30bf\u30aa\u30eb\u3001\u7dbf\u30ca\u30c1\u30e5\u30e9\u30eb\u30c6\u30a4\u30b9\u30c8\u306e\u30d9\u30fc\u30b8\u30e5\u3001\u30c1\u30e7\u30b3\u30ec\u30fc\u30c8-40x60cm.KhanNamPhong\" src=\"http:\/\/khantamgiare.com\/wp-content\/uploads\/2023\/06\/khan-mat-cotton-nau-socola-40x60cm.KhanNamPhong1.jpg\" alt=\"\u30de\u30d5\u30e9\u30fc\u30d1\u30bf\u30fc\u30f3\u3092\u4f53Homis\u30b9\u30d1\uff08\u30b3\u30c3\u30c8\u30f3)\" width=\"720\" height=\"480\" \/><figcaption id=\"caption-attachment-6391\" class=\"wp-caption-text\">\u30de\u30d5\u30e9\u30fc\u30d1\u30bf\u30fc\u30f3\u3092\u4f53Homis\u30b9\u30d1\uff08\u30b3\u30c3\u30c8\u30f3)<\/figcaption><\/figure>\n<figure id=\"attachment_6394\" aria-describedby=\"caption-attachment-6394\" style=\"width: 720px\" class=\"wp-caption aligncenter\"><img loading=\"lazy\" decoding=\"async\" class=\"wp-image-6394 size-full\" title=\"\u30bf\u30aa\u30eb\u3001\u7dbf\u30ca\u30c1\u30e5\u30e9\u30eb\u30c6\u30a4\u30b9\u30c8\u306e\u30d9\u30fc\u30b8\u30e5\u3001\u30c1\u30e7\u30b3\u30ec\u30fc\u30c8-40x60cm.KhanNamPhong\" src=\"http:\/\/khantamgiare.com\/wp-content\/uploads\/2023\/06\/khan-mat-cotton-nau-socola-40x60cm.KhanNamPhong5.jpg\" alt=\"\u30de\u30d5\u30e9\u30fc\u30d1\u30bf\u30fc\u30f3\u3092\u4f53Homis\u30b9\u30d1\uff08\u30b3\u30c3\u30c8\u30f3)\" width=\"720\" height=\"480\" \/><figcaption id=\"caption-attachment-6394\" class=\"wp-caption-text\">\u30de\u30d5\u30e9\u30fc\u30d1\u30bf\u30fc\u30f3\u3092\u4f53Homis\u30b9\u30d1\uff08\u30b3\u30c3\u30c8\u30f3)<\/figcaption><\/figure>\n<blockquote><p><em><strong>\u8a73\u7d30\uff1a <a href=\"https:\/\/khantamgiare.com\/ja\/khan-body-spa-mau-nau-nhat-cotton\/\">\u30bf\u30aa\u30eb-\u30dc\u30c7\u30a3\u30b9\u30d1\u6de1\u8910\u8272\u7dbf<\/a><\/strong><\/em><\/p><\/blockquote>\n<p>+\u30de\u30d5\u30e9\u30fc\u30d1\u30bf\u30fc\u30f3\u30dc\u30db\u30c6\u30eb\u30de\u30c3\u30b5\u30fc\u30b8VL\uff08\u30d6\u30e9\u30a6\u30f3\u2013\u30c1\u30e7\u30b3\u30ec\u30fc\u30c8\u7dbf)<\/p>\n<figure id=\"attachment_13983\" aria-describedby=\"caption-attachment-13983\" style=\"width: 850px\" class=\"wp-caption aligncenter\"><img loading=\"lazy\" decoding=\"async\" class=\"wp-image-13983 size-full\" src=\"http:\/\/khantamgiare.com\/wp-content\/uploads\/2023\/06\/khan-hotel-massage-vl-1-1.jpg\" alt=\"\u30de\u30d5\u30e9\u30fc\u30d1\u30bf\u30fc\u30f3\u30dc\u30db\u30c6\u30eb\u30de\u30c3\u30b5\u30fc\u30b8VL\uff08\u30d6\u30e9\u30a6\u30f3-\u30c1\u30e7\u30b3\u30ec\u30fc\u30c8\u7dbf)\" width=\"850\" height=\"500\" title=\"\"><figcaption id=\"caption-attachment-13983\" class=\"wp-caption-text\">\u30de\u30d5\u30e9\u30fc\u30d1\u30bf\u30fc\u30f3\u30dc\u30db\u30c6\u30eb\u30de\u30c3\u30b5\u30fc\u30b8VL\uff08\u30d6\u30e9\u30a6\u30f3\u2013\u30c1\u30e7\u30b3\u30ec\u30fc\u30c8\u7dbf)<\/figcaption><\/figure>\n<figure id=\"attachment_13984\" aria-describedby=\"caption-attachment-13984\" style=\"width: 850px\" class=\"wp-caption aligncenter\"><img loading=\"lazy\" decoding=\"async\" class=\"wp-image-13984 size-full\" src=\"http:\/\/khantamgiare.com\/wp-content\/uploads\/2023\/06\/khan-hotel-massage-vl1-1-1.jpg\" alt=\"\u30de\u30d5\u30e9\u30fc\u30d1\u30bf\u30fc\u30f3\u30dc\u30db\u30c6\u30eb\u30de\u30c3\u30b5\u30fc\u30b8VL\uff08\u30d6\u30e9\u30a6\u30f3-\u30c1\u30e7\u30b3\u30ec\u30fc\u30c8\u7dbf)\" width=\"850\" height=\"500\" title=\"\"><figcaption id=\"caption-attachment-13984\" class=\"wp-caption-text\">\u30de\u30d5\u30e9\u30fc\u30d1\u30bf\u30fc\u30f3\u30dc\u30db\u30c6\u30eb\u30de\u30c3\u30b5\u30fc\u30b8VL\uff08\u30d6\u30e9\u30a6\u30f3\u2013\u30c1\u30e7\u30b3\u30ec\u30fc\u30c8\u7dbf)<\/figcaption><\/figure>\n<figure id=\"attachment_13633\" aria-describedby=\"caption-attachment-13633\" style=\"width: 550px\" class=\"wp-caption aligncenter\"><img loading=\"lazy\" decoding=\"async\" class=\"wp-image-13633 size-full\" style=\"color: #333333;\" src=\"http:\/\/khantamgiare.com\/wp-content\/uploads\/2023\/06\/khan-hotel-massage-vl2-2.jpg\" alt=\"\u30de\u30d5\u30e9\u30fc\u30d1\u30bf\u30fc\u30f3\u30dc\u30db\u30c6\u30eb\u30de\u30c3\u30b5\u30fc\u30b8VL\uff08\u30d6\u30e9\u30a6\u30f3-\u30c1\u30e7\u30b3\u30ec\u30fc\u30c8\u7dbf)\" width=\"550\" height=\"800\" title=\"\"><figcaption id=\"caption-attachment-13633\" class=\"wp-caption-text\">\u30de\u30d5\u30e9\u30fc\u30d1\u30bf\u30fc\u30f3\u30dc\u30db\u30c6\u30eb\u30de\u30c3\u30b5\u30fc\u30b8VL\uff08\u30d6\u30e9\u30a6\u30f3\u2013\u30c1\u30e7\u30b3\u30ec\u30fc\u30c8\u7dbf)<\/figcaption><\/figure>\n<p>+\u30de\u30d5\u30e9\u30fc\u30d1\u30bf\u30fc\u30f3\u3092\u4f53\u7537\u6027\u306e\u30b9\u30d1\uff08\u30b3\u30c3\u30c8\u30f3)<\/p>\n<figure id=\"attachment_4564\" aria-describedby=\"caption-attachment-4564\" style=\"width: 720px\" class=\"wp-caption aligncenter\"><img loading=\"lazy\" decoding=\"async\" class=\"wp-image-4564 size-full\" title=\"\u30d0\u30b9\u30bf\u30aa\u30eb\u30de\u30a4\u30af\u30ed\u30d5\u30a1\u30a4\u30d0\u30fc\u8336\u8272\u306e\u30c1\u30e7\u30b3\u30ec\u30fc\u30c8-khannamphong\" src=\"http:\/\/khantamgiare.com\/wp-content\/uploads\/2023\/06\/IMG_3131.jpg\" alt=\"\u30de\u30d5\u30e9\u30fc\u30d1\u30bf\u30fc\u30f3\u3092\u4f53\u7537\u6027\u306e\u30b9\u30d1\uff08\u30b3\u30c3\u30c8\u30f3)\" width=\"720\" height=\"480\" \/><figcaption id=\"caption-attachment-4564\" class=\"wp-caption-text\">\u30de\u30d5\u30e9\u30fc\u30d1\u30bf\u30fc\u30f3\u3092\u4f53\u7537\u6027\u306e\u30b9\u30d1\uff08\u30b3\u30c3\u30c8\u30f3)<\/figcaption><\/figure>\n<figure id=\"attachment_4566\" aria-describedby=\"caption-attachment-4566\" style=\"width: 720px\" class=\"wp-caption aligncenter\"><img loading=\"lazy\" decoding=\"async\" class=\"wp-image-4566 size-full\" title=\"\u30d0\u30b9\u30bf\u30aa\u30eb\u30de\u30a4\u30af\u30ed\u30d5\u30a1\u30a4\u30d0\u30fc\u8336\u8272\u306e\u30c1\u30e7\u30b3\u30ec\u30fc\u30c8-khannamphong\" src=\"http:\/\/khantamgiare.com\/wp-content\/uploads\/2023\/06\/IMG_3133.jpg\" alt=\"\u30de\u30d5\u30e9\u30fc\u30d1\u30bf\u30fc\u30f3\u3092\u4f53\u7537\u6027\u306e\u30b9\u30d1\uff08\u30b3\u30c3\u30c8\u30f3)\" width=\"720\" height=\"480\" \/><figcaption id=\"caption-attachment-4566\" class=\"wp-caption-text\">\u30de\u30d5\u30e9\u30fc\u30d1\u30bf\u30fc\u30f3\u3092\u4f53\u7537\u6027\u306e\u30b9\u30d1\uff08\u30b3\u30c3\u30c8\u30f3)<\/figcaption><\/figure>\n<figure id=\"attachment_4563\" aria-describedby=\"caption-attachment-4563\" style=\"width: 480px\" class=\"wp-caption aligncenter\"><img loading=\"lazy\" decoding=\"async\" class=\"wp-image-4563 size-full\" style=\"color: #333333; font-size: 14.4px;\" title=\"\u30d0\u30b9\u30bf\u30aa\u30eb\u30de\u30a4\u30af\u30ed\u30d5\u30a1\u30a4\u30d0\u30fc\u8336\u8272\u306e\u30c1\u30e7\u30b3\u30ec\u30fc\u30c8-khannamphong\" src=\"http:\/\/khantamgiare.com\/wp-content\/uploads\/2023\/06\/IMG_3130.jpg\" alt=\"\u30de\u30d5\u30e9\u30fc\u30d1\u30bf\u30fc\u30f3\u3092\u4f53\u7537\u6027\u306e\u30b9\u30d1\uff08\u30b3\u30c3\u30c8\u30f3)\" width=\"480\" height=\"720\" \/><figcaption id=\"caption-attachment-4563\" class=\"wp-caption-text\">\u30de\u30d5\u30e9\u30fc\u30d1\u30bf\u30fc\u30f3\u3092\u4f53\u7537\u6027\u306e\u30b9\u30d1\uff08\u30b3\u30c3\u30c8\u30f3)<\/figcaption><\/figure>\n<p>+ M\u1eabu <a href=\"https:\/\/khantamgiare.com\/ja\/khan-body-spa\/\">kh\u0103n body Spa<\/a> t\u1ea1i Mai Spa (N\u00e2u Socola &#8211; Cotton)<\/p>\n<figure id=\"attachment_12614\" aria-describedby=\"caption-attachment-12614\" style=\"width: 850px\" class=\"wp-caption aligncenter\"><img loading=\"lazy\" decoding=\"async\" class=\"wp-image-12614 size-full\" src=\"http:\/\/khantamgiare.com\/wp-content\/uploads\/2023\/06\/khan-mai-spa1.jpg\" alt=\"\u30de\u30d5\u30e9\u30fc\u30d1\u30bf\u30fc\u30f3\u30dc\u30a4\u30b9\u30d1(\u30d6\u30e9\u30a6\u30f3-\u30c1\u30e7\u30b3\u30ec\u30fc\u30c8\u7dbf)\" width=\"850\" height=\"500\" title=\"\"><figcaption id=\"caption-attachment-12614\" class=\"wp-caption-text\">\u30de\u30d5\u30e9\u30fc\u30d1\u30bf\u30fc\u30f3\u30dc\u30a4\u30b9\u30d1(\u30d6\u30e9\u30a6\u30f3\u2013\u30c1\u30e7\u30b3\u30ec\u30fc\u30c8\u7dbf)<\/figcaption><\/figure>\n<figure id=\"attachment_12616\" aria-describedby=\"caption-attachment-12616\" style=\"width: 850px\" class=\"wp-caption aligncenter\"><img loading=\"lazy\" decoding=\"async\" class=\"wp-image-12616 size-full\" style=\"color: #333333;\" src=\"http:\/\/khantamgiare.com\/wp-content\/uploads\/2023\/06\/khan-mai-spa3.jpg\" alt=\"\u30de\u30d5\u30e9\u30fc\u30d1\u30bf\u30fc\u30f3\u30dc\u30a4\u30b9\u30d1(\u30d6\u30e9\u30a6\u30f3-\u30c1\u30e7\u30b3\u30ec\u30fc\u30c8\u7dbf)\" width=\"850\" height=\"500\" title=\"\"><figcaption id=\"caption-attachment-12616\" class=\"wp-caption-text\">\u30de\u30d5\u30e9\u30fc\u30d1\u30bf\u30fc\u30f3\u30dc\u30a4\u30b9\u30d1(\u30d6\u30e9\u30a6\u30f3\u2013\u30c1\u30e7\u30b3\u30ec\u30fc\u30c8\u7dbf)<\/figcaption><\/figure>\n<p>Li\u00ean h\u1ec7 Kh\u0103n T\u1eafm Gi\u00e1 R\u1ebb \u0111\u1ec3 \u0111\u01b0\u1ee3c t\u01b0 v\u1ea5n th\u00eam v\u1ec1 nhi\u1ec1u lo\u1ea1i <a href=\"https:\/\/khantamgiare.com\/ja\/khan-spa\/\">kh\u0103n spa m\u00e0u n\u00e2u<\/a>\u00a0kh\u00e1c b\u1ea1n nh\u00e9!<\/p>","protected":false},"excerpt":{"rendered":"<p><em><strong>\u30b5\u30a4\u30ba: <\/strong>70\u00d7140(400g)<\/em><\/p>\n<p><em><strong>\u6750\u8cea\uff1a <\/strong>100\uff05\u30b3\u30c3\u30c8\u30f3\u306e\u7cf8\u3067\u7de8\u307e\u308c\u3066\u3044\u307e\u3059\u3002<\/em><\/p>\n<p><em><strong>\u30ab\u30e9\u30fc: <\/strong>\u82d4\u306e\u7dd1\u8272\u3001\u7d3a\u3001\u9285\u8272\u3001\u91d1\u8272\u3001\u8336\u8910\u8272\u306e\u30c1\u30e7\u30b3\u30ec\u30fc\u30c8\u3001\u6fc3\u3044\u7dd1\u8272\u306b\u3001\u8584\u7d2b\u3001\u30d4\u30f3\u30af\u3001\u30b0\u30ec\u30fc\u3001\u767d\u3001\u7dd1\u3001\u9752\u30f3\u30de\u725b\u76ae\u3001\u8336\u3001\u8d64\u304c\u4f7f\u308f\u308c\u3066\u3044\u307e\u3059\u3002<\/em><\/p>\n<p><em><strong>\u539f\u7523\u5730: <\/strong>\u30d9\u30c8\u30ca\u30e0\u3002<\/em><\/p>\n<p><em><strong>\u7279\u5225:<\/strong><\/em>\u00a0<em>\u3044\u523a\u7e4d\u306e\u30ed\u30b4\u306b\u3088\u308b\u304a\u5ba2\u69d8\u306e\u8981\u4ef6\u3092\u6e80\u305f\u3059\u3002<\/em><\/p>","protected":false},"featured_media":5326,"comment_status":"closed","ping_status":"closed","template":"","meta":[],"product_cat":[49,48],"product_tag":[],"class_list":{"0":"post-3803","1":"product","2":"type-product","3":"status-publish","4":"has-post-thumbnail","6":"product_cat-khan-body-spa","7":"product_cat-khan-spa","8":"pa_chat-lieu-cotton","9":"pa_kich-thuoc-70cm-x-140cm","10":"pa_mau-sac-nau-socola","13":"instock","14":"product-type-simple"},"acf":[],"_links":{"self":[{"href":"https:\/\/khantamgiare.com\/ja\/wp-json\/wp\/v2\/product\/3803","targetHints":{"allow":["GET"]}}],"collection":[{"href":"https:\/\/khantamgiare.com\/ja\/wp-json\/wp\/v2\/product"}],"about":[{"href":"https:\/\/khantamgiare.com\/ja\/wp-json\/wp\/v2\/types\/product"}],"replies":[{"embeddable":true,"href":"https:\/\/khantamgiare.com\/ja\/wp-json\/wp\/v2\/comments?post=3803"}],"wp:featuredmedia":[{"embeddable":true,"href":"https:\/\/khantamgiare.com\/ja\/wp-json\/wp\/v2\/media\/5326"}],"wp:attachment":[{"href":"https:\/\/khantamgiare.com\/ja\/wp-json\/wp\/v2\/media?parent=3803"}],"wp:term":[{"taxonomy":"product_cat","embeddable":true,"href":"https:\/\/khantamgiare.com\/ja\/wp-json\/wp\/v2\/product_cat?post=3803"},{"taxonomy":"product_tag","embeddable":true,"href":"https:\/\/khantamgiare.com\/ja\/wp-json\/wp\/v2\/product_tag?post=3803"}],"curies":[{"name":"wp","href":"https:\/\/api.w.org\/{rel}","templated":true}]}}