{"id":3890,"date":"2023-06-29T07:53:35","date_gmt":"2023-06-29T07:53:35","guid":{"rendered":"http:\/\/khantam.h193.dpsmedia.vn\/san-pham\/bo-khan-body-spa-mau-da-bo-cotton\/"},"modified":"2023-07-23T17:43:12","modified_gmt":"2023-07-23T17:43:12","slug":"bo-khan-body-spa-mau-da-bo-cotton","status":"publish","type":"product","link":"https:\/\/khantamgiare.com\/ja\/bo-khan-body-spa-mau-da-bo-cotton\/","title":{"rendered":"\u30d0\u30b9\u30bf\u30aa\u30eb-\u30bf\u30aa\u30eb\u30dc\u30c7\u30a3\u30b9\u30d1\u725b\u76ae\u8272\u7dbf"},"content":{"rendered":"<h2><strong>\u88fd\u54c1\u306e\u7279\u5fb4\u00a0<\/strong><\/h2>\n<ul>\n<li>\u30de\u30d5\u30e9\u30fc\u30d1\u30bf\u30fc\u30f3\u306e\u8eca\u4f53\u8272\u725b\u76ae\u306f\u975e\u5e38\u306b\u591a\u304f\u306e\u30b9\u30b9\u30d1\u306e\u305f\u3081\u306e\u6700\u3082\u73fe\u308c\u307e\u3059\u3002 \u975e\u5929\u7136\u7269\u3001\u597d\u307e\u3057\u305f\u3002 \u5370\u8c61\u7684\u306a\u7b2c\u308d\u306e\u725b\u76ae\u72ec\u81ea\u306e\u65b0\u3057\u3044\u3001\u4e0d\u601d\u8b70\u3068\u306f\u307e\u3063\u305f\u304f\u7570\u306a\u308a\u3001\u901a\u5e38\u306e\u30e1\u30fc\u30ab\u30fc\u3002 \u8272\u725b\u76ae\u3092\u611f\u308a\u307e\u3059\u3002 \u3053\u306e\u30ab\u30e9\u30fc\u3067\u3082\u3042\u308b\u9ad8\u3044\u308b\u3053\u3068\u306b\u306a\u308a\u3001\u6d88\u8cbb\u8005\u306e\u52d5\u5411\u8fd1\u5e74.<\/li>\n<li>\u30bf\u30aa\u30eb\u306b\u4f53\u306b\u30b9\u30b9\u30d1\u306e\u8272\u725b\u76ae\u304b\u3089\u9ad8\u54c1\u8cea\u306e\u7d20\u6750\u7dbf\u9ad8\u307e\u3059\u3002 \u30b9\u30ab\u30fc\u30d5\u306e\u3084\u308f\u3089\u304b\u306a\u5929\u7136\u7e4a\u7dad\u7dbf\u308c\u305e\u308c\u304c\u6709\u6a5f\u7684\u306b\u7d50\u3073\u3064\u304d\u3092\u5438\u53ce\u3057\u307e\u3059\u3002 \u3068\u6bd4\u8f03\u3057\u3066\u9ad8\u54c1\u8cea\u306e\u751f\u5730\u306e\u4f1d\u7d71\u306e\u5438\u53ce\u80fd\u529b\u306f\u6298\u308a\u7dbf\u304b\u30893-5\u307e\u3059\u3002 \u77ed\u671f\u9593\u3067\u306e\u30b9\u30ab\u30fc\u30d5\u3092\u304b\u3059\u3079\u3066\u306e\u75d5\u8de1\u306e\u7acb\u3061\u6e6f\u306e\u307e\u3059\u3002 \u308a\u8fd4\u3057\u3054\u5229\u7528\u3044\u305f\u3060\u3044\u3066\u3044\u307e\u3059\u3001\u76ae\u819a\u306e\u4e7e\u71e5\u307e\u3059\u3002<\/li>\n<li>\u30bf\u30aa\u30eb\u306b\u306f\u6297\u83cc\u6027\u9632\u6b62\u306e\u305f\u3081\u306e\u958b\u767a\u306b\u6709\u5bb3\u306a\u7d30\u83cc \u307e\u305f\u3001\u30de\u30d5\u30e9\u30fc\u306b\u306f\u8010\u4e45\u6027\u306e\u9ad8\u3044\u8272\u5229\u7528\u6642\u9593\u306e\u9577\u3055\u3067\u3059\u3002 \u4e00\u6642\u7684\u6295\u8cc7\u3092\u8cfc\u5165\u3067\u4f7f\u7528\u3067\u304d\u308b\u591a\u304f\u306e\u9023\u7d9a\u3067\u3059\u3002 \u3053\u306e\u30b9\u30d1\u65bd\u8a2d\u306e\u4fdd\u5b58\u306b\u306f\u76f8\u5f53\u306e\u8cc7\u91d1\u3082\u3042\u308a\u307e\u3059\u3002<\/li>\n<\/ul>\n<p>+\u30de\u30d5\u30e9\u30fc\u30d1\u30bf\u30fc\u30f3\u3092\u4f53\u5149\u96ea(\u725b\u76ae-\u30b3\u30c3\u30c8\u30f3)<\/p>\n<figure id=\"attachment_2102\" aria-describedby=\"caption-attachment-2102\" style=\"width: 768px\" class=\"wp-caption aligncenter\"><img loading=\"lazy\" decoding=\"async\" class=\"wp-image-2102 size-full\" src=\"http:\/\/khantamgiare.com\/wp-content\/uploads\/2023\/06\/khan-spa-da-bo.jpg\" alt=\"\u30de\u30d5\u30e9\u30fc\u30d1\u30bf\u30fc\u30f3\u3092\u4f53\u5149\u96ea(\u725b\u76ae-\u30b3\u30c3\u30c8\u30f3)\" width=\"768\" height=\"1024\" title=\"\"><figcaption id=\"caption-attachment-2102\" class=\"wp-caption-text\">\u30de\u30d5\u30e9\u30fc\u30d1\u30bf\u30fc\u30f3\u3092\u4f53\u5149\u96ea(\u725b\u76ae-\u30b3\u30c3\u30c8\u30f3)<\/figcaption><\/figure>\n<figure id=\"attachment_2103\" aria-describedby=\"caption-attachment-2103\" style=\"width: 1024px\" class=\"wp-caption aligncenter\"><img loading=\"lazy\" decoding=\"async\" class=\"wp-image-2103 size-full\" src=\"http:\/\/khantamgiare.com\/wp-content\/uploads\/2023\/06\/khan-spa-da-bo1.jpg\" alt=\"\u30de\u30d5\u30e9\u30fc\u30d1\u30bf\u30fc\u30f3\u3092\u4f53\u5149\u96ea(\u725b\u76ae-\u30b3\u30c3\u30c8\u30f3)\" width=\"1024\" height=\"768\" title=\"\"><figcaption id=\"caption-attachment-2103\" class=\"wp-caption-text\">\u30de\u30d5\u30e9\u30fc\u30d1\u30bf\u30fc\u30f3\u3092\u4f53\u5149\u96ea(\u725b\u76ae-\u30b3\u30c3\u30c8\u30f3)<\/figcaption><\/figure>\n<figure id=\"attachment_2106\" aria-describedby=\"caption-attachment-2106\" style=\"width: 768px\" class=\"wp-caption aligncenter\"><img loading=\"lazy\" decoding=\"async\" class=\"wp-image-2106 size-full\" src=\"http:\/\/khantamgiare.com\/wp-content\/uploads\/2023\/06\/khan-spa-da-bo4.jpg\" alt=\"\u30de\u30d5\u30e9\u30fc\u30d1\u30bf\u30fc\u30f3\u3092\u4f53\u5149\u96ea(\u725b\u76ae-\u30b3\u30c3\u30c8\u30f3)\" width=\"768\" height=\"1024\" title=\"\"><figcaption id=\"caption-attachment-2106\" class=\"wp-caption-text\">\u30de\u30d5\u30e9\u30fc\u30d1\u30bf\u30fc\u30f3\u3092\u4f53\u5149\u96ea(\u725b\u76ae-\u30b3\u30c3\u30c8\u30f3)<\/figcaption><\/figure>\n<h2><b>\u306e\u5834\u6240\u306e\u30bf\u30aa\u30eb\u3067\u8eab\u4f53\u725b\u76ae\u00a0<\/b><\/h2>\n<p>\u30de\u30d5\u30e9\u30fc\u30d1\u30bf\u30fc\u30f3\u306e\u8eca\u4f53\u8272\u725b\u76ae\u306e\u30b9\u30d1\u8a2d\u5099\u3001\u7f8e\u5bb9\u5ba4\u3001\u7f8e\u5bb9\u30b5\u30ed\u30f3\u306e\u7279\u307e\u3059\u3002 \u306e\u9055\u3044\u3001\u88fd\u54c1\u30c7\u30b6\u30a4\u30f3\u3068\u7e4a\u7dad\u306e\u523a\u7e4d\u30d6\u30e9\u30f3\u30c9\u30ed\u30b4\u306e\u5236\u5b9a\u3068\u306a\u308a\u307e\u3059\u3002 \u4f5c\u6210\u30dc\u30bf\u30f3\u3092\u62bc\u3059\u3068\u3001\u306a\u3069\u95a2\u5fc3\u3092\u96c6\u3081\u3001\u304a\u5ba2\u69d8\u306e\u30b9\u30d1\u3067\u306f\u3001\u591a\u304f\u306e\u8a2d\u5099\u3068\u30b5\u30fc\u30d3\u30b9\u30aa\u30d7\u30b7\u30e7\u30f3\u3001\u523a\u7e4d\u3002 \u523a\u7e4d\u306e\u30ed\u30b4\u306f\u30d7\u30ed\u30d5\u30a7\u30c3\u30b7\u30e7\u30ca\u30ea\u306e\u30d1\u30e9\u30c0\u30a4\u30b9\u3068\u5927\u4eba\u306e\u30ea\u30be\u30fc\u30c8\u65bd\u8a2d\u306b\u3082\u5927\u304d\u304f\u8ca2\u732e\u3057\u307e\u753b\u50cf\u3092\u3053\u306e\u30b9\u30d1\u3067\u306f\u3088\u308a\u5e83\u304f\u77e5\u3089\u308c\u308b\u3088\u3046\u306b\u306a\u308a\u307e\u3057\u305f\u3002<\/p>\n<p>\u30b9\u30d1\u306e\u307b\u304b\u3001\u5316\u7ca7\u54c1\u7814\u7a76\u6240\u3092---\u30b9\u30ab\u30fc\u30d5\u306e\u8eca\u4f53\u8272\u725b\u76ae\u306b\u3082\u30b9\u30ab\u30fc\u30d5\u30d1\u30bf\u30fc\u30f3\u30db\u30c6\u30eb\u3001\u30db\u30c6\u30eb\u3001\u30ea\u30be\u30fc\u30c8\u306b\u8208\u5473\u304c\u3042\u308b\u3002 \u4e00\u822c\u7684\u306b\u3001\u5730\u57df\u306b\u95a2\u3059\u308b\u30b5\u30fc\u30d3\u30b9\u3092\u63d0\u4f9b\u533b\u7642\u306f\u3001\u3059\u3079\u3066\u306e\u53c2\u7167\u30b5\u30f3\u30d7\u30eb\u306a\u30bf\u30aa\u30eb\u3067\u3059\u3002<\/p>\n<p>+\u30de\u30d5\u30e9\u30fc\u30d1\u30bf\u30fc\u30f3\u3092\u4f53Ha\u304b\u308f\u3044\u3044\uff08\u30b3\u30c3\u30c8\u30f3\u725b\u76ae)<\/p>\n<figure id=\"attachment_5168\" aria-describedby=\"caption-attachment-5168\" style=\"width: 720px\" class=\"wp-caption aligncenter\"><img loading=\"lazy\" decoding=\"async\" class=\"wp-image-5168 size-full\" title=\"khantamCottonDaBo.KhanNamPhong\" src=\"http:\/\/khantamgiare.com\/wp-content\/uploads\/2023\/06\/IMG_3820.jpg\" alt=\"\u30de\u30d5\u30e9\u30fc\u30d1\u30bf\u30fc\u30f3\u3092\u4f53Ha\u304b\u308f\u3044\u3044\uff08\u30b3\u30c3\u30c8\u30f3\u725b\u76ae)\" width=\"720\" height=\"480\" \/><figcaption id=\"caption-attachment-5168\" class=\"wp-caption-text\">\u30de\u30d5\u30e9\u30fc\u30d1\u30bf\u30fc\u30f3\u3092\u4f53Ha\u304b\u308f\u3044\u3044\uff08\u30b3\u30c3\u30c8\u30f3\u725b\u76ae)<\/figcaption><\/figure>\n<figure id=\"attachment_5169\" aria-describedby=\"caption-attachment-5169\" style=\"width: 720px\" class=\"wp-caption aligncenter\"><img loading=\"lazy\" decoding=\"async\" class=\"wp-image-5169 size-full\" title=\"khantamCottonDaBo.KhanNamPhong\" src=\"http:\/\/khantamgiare.com\/wp-content\/uploads\/2023\/06\/IMG_3821.jpg\" alt=\"\u30de\u30d5\u30e9\u30fc\u30d1\u30bf\u30fc\u30f3\u3092\u4f53Ha\u304b\u308f\u3044\u3044\uff08\u30b3\u30c3\u30c8\u30f3\u725b\u76ae)\" width=\"720\" height=\"480\" \/><figcaption id=\"caption-attachment-5169\" class=\"wp-caption-text\">\u30de\u30d5\u30e9\u30fc\u30d1\u30bf\u30fc\u30f3\u3092\u4f53Ha\u304b\u308f\u3044\u3044\uff08\u30b3\u30c3\u30c8\u30f3\u725b\u76ae)<\/figcaption><\/figure>\n<figure id=\"attachment_5170\" aria-describedby=\"caption-attachment-5170\" style=\"width: 720px\" class=\"wp-caption aligncenter\"><img loading=\"lazy\" decoding=\"async\" class=\"wp-image-5170 size-full\" title=\"khantamCottonDaBo.KhanNamPhong\" src=\"http:\/\/khantamgiare.com\/wp-content\/uploads\/2023\/06\/IMG_3822.jpg\" alt=\"\u30de\u30d5\u30e9\u30fc\u30d1\u30bf\u30fc\u30f3\u3092\u4f53Ha\u304b\u308f\u3044\u3044\uff08\u30b3\u30c3\u30c8\u30f3\u725b\u76ae)\" width=\"720\" height=\"480\" \/><figcaption id=\"caption-attachment-5170\" class=\"wp-caption-text\">\u30de\u30d5\u30e9\u30fc\u30d1\u30bf\u30fc\u30f3\u3092\u4f53Ha\u304b\u308f\u3044\u3044\uff08\u30b3\u30c3\u30c8\u30f3\u725b\u76ae)<\/figcaption><\/figure>\n<h2><strong>Nam Phong\u306eno. 1\u30d6\u30e9\u30f3\u30c9\u7fbd\u6bdb\u306e\u9632\u81ed-\u64a5\u6c34\u306a\u3069\u7279\u4f53\u00a0\u00a0<\/strong><\/h2>\n<p>\u3059\u308b\u30b3\u30f3\u30b5\u30eb\u30c6\u30a3\u30f3\u30b0\u30de\u30d5\u30e9\u30fc\u30d1\u30bf\u30fc\u30f3\u306e\u4f53\u306b\u306f\u3001\u63a5\u7d9a\u3057\u3066\u304f\u3060\u3055\u3044\u3001\u30d6\u30e9\u30f3\u30c9\u30b9\u30bf\u30a4\u30eb\u306e\u7537\u6027\u306f\u3001\u4ee5\u4e0b\u306e\u60c5\u5831\u3067\u3059\u3002 \u5e38\u5099\u3057\u3066\u304a\u308a\u307e\u3059\u304c\u304a\u5ba2\u69d8\u306e\u304a\u554f\u3044\u5408\u308f\u305b\u306b\u304a\u5fdc\u3048\u3067\u306e\u6700\u77ed\u6642\u9593\u3002<\/p>\n<p style=\"text-align: center;\">-------------<\/p>\n<p style=\"text-align: center;\">\u30ab\u30f3\u30ca\u30e0\u30cf\u30a4\u30d5\u30a9\u30f3<\/p>\n<p style=\"text-align: center;\">\u4f4f\u6240\uff1a74B\u30ec295\u3001\u30d0\u30c3\u30cf\u30de\u30a4STREET,HAI BA TRUNG\u533a,HA NOI<\/p>\n<p style=\"text-align: center;\">\u30e1\u30fc\u30eb:KhanNamPhong@Gmail.Com<\/p>\n<p style=\"text-align: center;\">SDT:\u00a0<a href=\"tel:0903367867\" rel=\"nofollow\">0903 367 867<\/a><\/p>\n<p style=\"text-align: center;\">\u30a6\u30a7\u30d6\u30b5\u30a4\u30c8\uff1a\u00a0<a href=\"https:\/\/khantamgiare.com\/ja\/\">KhanTamGiaRe.Com<\/a><\/p>","protected":false},"excerpt":{"rendered":"<p>\u0110\u1eb7c \u0111i\u1ec3m s\u1ea3n ph\u1ea9m\u00a0 M\u1eabu kh\u0103n body m\u00e0u da b\u00f2 \u0111\u01b0\u1ee3c r\u1ea5t nhi\u1ec1u c\u00e1c Spa \u0111\u1eb7t may nhi\u1ec1u nh\u1ea5t hi\u1ec7n nay. Kh\u00f4ng ph\u1ea3i t\u1ef1 nhi\u00ean, s\u1ea3n ph\u1ea9m n\u00e0y l\u1ea1i \u0111\u01b0\u1ee3c y\u00eau th\u00edch \u0111\u1ebfn v\u1eady. \u1ea4n t\u01b0\u1ee3ng \u0111\u1ea7u ti\u00ean ph\u1ea3i k\u1ec3 \u0111\u1ebfn l\u00e0 m\u00e0u da b\u00f2 \u0111\u1ed9c \u0111\u00e1o v\u00e0 m\u1edbi l\u1ea1, ho\u00e0n to\u00e0n kh\u00e1c bi\u1ec7t v\u1edbi c\u00e1c m\u00e0u s\u1eafc th\u00f4ng th\u01b0\u1eddng. M\u00e0u da b\u00f2 mang \u0111\u1ebfn c\u1ea3m gi\u00e1c sang tr\u1ecdng v\u00e0 hi\u1ec7n \u0111\u1ea1i. \u0110\u00e2y c\u0169ng l\u00e0 m\u00e0u s\u1eafc c\u00f3 t\u00ednh th\u1ea9m m\u1ef9 cao, tr\u1edf th\u00e0nh xu h\u01b0\u1edbng ti\u00eau d\u00f9ng trong nhi\u1ec1u n\u0103m g\u1ea7n \u0111\u00e2y. B\u1ed9 kh\u0103n body spa m\u00e0u da b\u00f2 \u0111\u01b0\u1ee3c l\u00e0m t\u1eeb ch\u1ea5t li\u1ec7u cotton cao c\u1ea5p. Kh\u0103n c\u00f3 &hellip; <a href=\"https:\/\/khantamgiare.com\/ja\/bo-khan-body-spa-mau-da-bo-cotton\/\" class=\"more-link\">Continue reading <span class=\"screen-reader-text\">\u30d0\u30b9\u30bf\u30aa\u30eb-\u30bf\u30aa\u30eb\u30dc\u30c7\u30a3\u30b9\u30d1\u725b\u76ae\u8272\u7dbf<\/span><\/a><\/p>","protected":false},"featured_media":5368,"comment_status":"closed","ping_status":"open","template":"","meta":[],"product_cat":[49,48],"product_tag":[],"class_list":{"0":"post-3890","1":"product","2":"type-product","3":"status-publish","4":"has-post-thumbnail","6":"product_cat-khan-body-spa","7":"product_cat-khan-spa","8":"pa_chat-lieu-cotton","9":"pa_kich-thuoc-70cm-x-140cm","10":"pa_mau-sac-mau-da-bo","13":"instock","14":"product-type-simple"},"acf":[],"_links":{"self":[{"href":"https:\/\/khantamgiare.com\/ja\/wp-json\/wp\/v2\/product\/3890","targetHints":{"allow":["GET"]}}],"collection":[{"href":"https:\/\/khantamgiare.com\/ja\/wp-json\/wp\/v2\/product"}],"about":[{"href":"https:\/\/khantamgiare.com\/ja\/wp-json\/wp\/v2\/types\/product"}],"replies":[{"embeddable":true,"href":"https:\/\/khantamgiare.com\/ja\/wp-json\/wp\/v2\/comments?post=3890"}],"wp:featuredmedia":[{"embeddable":true,"href":"https:\/\/khantamgiare.com\/ja\/wp-json\/wp\/v2\/media\/5368"}],"wp:attachment":[{"href":"https:\/\/khantamgiare.com\/ja\/wp-json\/wp\/v2\/media?parent=3890"}],"wp:term":[{"taxonomy":"product_cat","embeddable":true,"href":"https:\/\/khantamgiare.com\/ja\/wp-json\/wp\/v2\/product_cat?post=3890"},{"taxonomy":"product_tag","embeddable":true,"href":"https:\/\/khantamgiare.com\/ja\/wp-json\/wp\/v2\/product_tag?post=3890"}],"curies":[{"name":"wp","href":"https:\/\/api.w.org\/{rel}","templated":true}]}}