{"id":3915,"date":"2023-06-29T07:54:14","date_gmt":"2023-06-29T07:54:14","guid":{"rendered":"http:\/\/khantam.h193.dpsmedia.vn\/san-pham\/khan-lau-tay-spa-mau-do-cotton\/"},"modified":"2024-04-04T15:44:44","modified_gmt":"2024-04-04T08:44:44","slug":"khan-lau-tay-spa-mau-do-cotton","status":"publish","type":"product","link":"https:\/\/khantamgiare.com\/ja\/khan-lau-tay-spa-mau-do-cotton\/","title":{"rendered":"\u624b\u306c\u30b9\u30d1\u8d64\u7dbf"},"content":{"rendered":"<h2><strong>\u88fd\u54c1\u306e\u7279\u5fb4\u00a0<\/strong><\/h2>\n<ul>\n<li>N\u1ebfu d\u00f2ng s\u1ea3n ph\u1ea9m n\u00e0o c\u00f3 t\u00f4ng m\u00e0u &#8220;r\u1ef1c r\u1ee1&#8221; nh\u1ea5t th\u00ec kh\u00f4ng th\u1ec3 kh\u00f4ng nh\u1eafc \u0111\u1ebfn <a href=\"https:\/\/khantamgiare.com\/ja\/khan-lau-tay\/\">kh\u0103n lau tay spa<\/a> m\u00e0u \u0111\u1ecf cotton. Kh\u0103n c\u00f3 t\u00f4ng m\u00e0u b\u1eaft m\u1eaft khi\u1ebfn b\u1ea5t c\u1ee9 ai khi nh\u00ecn c\u0169ng ph\u1ea3i m\u00ea m\u1ea9n v\u00e0 th\u00edch th\u00fa. \u0110\u1eb7c bi\u1ec7t s\u1ea3n ph\u1ea9m c\u00f3 s\u1ef1 k\u1ebft h\u1ee3p gi\u1eefa m\u00e0u \u0111\u1ecf c\u1ee7a n\u1ec1n kh\u0103n v\u1edbi m\u00e0u v\u00e0ng logo th\u01b0\u01a1ng hi\u1ec7u. M\u00e0u \u0111\u1ecf &#8211; v\u00e0ng song h\u00e0nh gi\u00fap s\u1ea3n ph\u1ea9m tr\u1edf n\u00ean n\u1ed5i b\u1eadt h\u01a1n.<\/li>\n<li>4\u7aef\u306e\u30b9\u30ab\u30fc\u30d5\u306e\u7cf8\u3060\u3051\u3067\u30c0\u30d6\u30eb\u3067\u3057\u305f\u3002 \u3067\u30da\u30a2\u306f\u304b\u306a\u308a\u539a\u3067\u3092\u7e2b\u3046\u3088\u3046\u306b\u975e\u5e38\u306b\u7e4a\u7d30\u3067\u5de7\u5999. \u306e\u8868\u9762\u306b\u30bf\u30aa\u30eb\u3092\u81ea\u7136\u306e\u30bd\u30d5\u30c8\u306b\u3088\u3063\u3066\u3001\u9ad8\u54c1\u8cea\u306e\u7d20\u6750\u7dbf\u9ad8\u307e\u3059\u3002 \u306e\u5546\u54c1\u306e\u5438\u53ce\u304c\u53ef\u80fd\u3067\u3042\u308b\u3002 \u308f\u305a\u304b\u306b\u77ed\u6642\u9593\u3067\u306e\u30aa\u62ed\u304d\u3059\u3079\u3066\u306e\u505c\u6ede\u6c34\u306e\u57f7\u7740\u306f\u3001\u652f\u6255\u3044\u3092\u304a\u808c\u3079\u307e\u3059\u3002<\/li>\n<li>\u591a\u304f\u306e\u4eba\u304c\u95a2\u5fc3\u306e\u8010\u4e45\u6027\u306f\u30d0\u30b9\u30bf\u30aa\u30eb\u3001\u3057\u304b\u3057\u3001\u30cf\u30f3\u30c9\u30bf\u30aa\u30eb\u3001\u30b9\u30d1\u8d64\u8272\u306e\u7dbf\u306e\u8010\u4e45\u6027\u3082\u826f\u597d\u3067\u3059\u3002 \u5e73\u5747\u5bff\u547d\u306e\u30ef\u30a4\u30d1\u30fc\u30a2\u30fc\u30e0\u6700\u59274-8\u30f6\u6708\u3067\u3059\u3002 \u3044\u65b9\u3092\u77e5\u308c\u3070\u5229\u7528-\u4fdd\u5b58\u306e\u30b9\u30ab\u30fc\u30d5\u3092\u4f7f\u7528\u3067\u304d\u306a\u3044\u3002 \u3053\u308c\u306b\u3088\u308a\u304a\u5ba2\u69d8\u306e\u4fdd\u5b58\u307e\u3067\u3059\u3002 \u7279\u306b\u3053\u306e\u30b9\u30d1\u65bd\u8a2d\u304c\u3001\u6295\u8cc7\u304c\u5229\u7528\u3067\u8010\u4e45\u6027\u3001\u30b9\u30d1\u306e\u4fdd\u5b58\u304a\u91d1\u306e\u6d41\u308c\u306e\u305f\u3081\u306e\u67d4\u8edf\u6027\u306e\u554f\u984c\u3092\u62b1\u3048\u3066\u304d\u307e\u3057\u305f\u3002<\/li>\n<\/ul>\n<p>+\u30d1\u30bf\u30fc\u30f3\u624b\u306c\u53f0\u8eca\u7f8e\u722a\uff08\u8d64\u2013\u30b3\u30c3\u30c8\u30f3)<\/p>\n<figure id=\"attachment_5454\" aria-describedby=\"caption-attachment-5454\" style=\"width: 720px\" class=\"wp-caption aligncenter\"><img loading=\"lazy\" decoding=\"async\" class=\"wp-image-5454 size-full\" title=\"\u30b9\u30ab\u30fc\u30d5-\u30cd\u30a4\u30eb-\u30b3\u30c3\u30c8\u30f3-\u30ec\u30c3\u30c9-34x80\" src=\"http:\/\/khantamgiare.com\/wp-content\/uploads\/2023\/06\/IMG_4002.jpg\" alt=\"\u30b5\u30f3\u30d7\u30eb\u624b\u306c\u53f0\u8eca\u7f8e\u722a\uff08\u8d64\u2013\u30b3\u30c3\u30c8\u30f3)\" width=\"720\" height=\"480\" \/><figcaption id=\"caption-attachment-5454\" class=\"wp-caption-text\">\u30b5\u30f3\u30d7\u30eb\u624b\u306c\u53f0\u8eca\u7f8e\u722a\uff08\u8d64\u2013\u30b3\u30c3\u30c8\u30f3)<\/figcaption><\/figure>\n<h2><b>\u4e88\u671f\u305b\u306c\u7279\u5178\u306e\u624b\u306c\u00a0<\/b><\/h2>\n<p>\u30bf\u30aa\u30eb\u304c\u4f7f\u7528\u3055\u308c\u3066\u3044\u308b\u30d9\u30fc\u30b9\u306e\u30b9\u30d1\u306e\u5c02\u9580\u5bb6\u3067\u3059\u3002 \u307e\u305f\u3001\u30b9\u30ab\u30fc\u30d5\u306b\u3082\u4f7f\u7528\u3067\u304d\u308b\u5834\u6240\u306b\u306f\u3001\u7f8e\u5bb9\u30b5\u30fc\u30d3\u30b9\u305d\u306e\u4ed6\u306e\u75c5\u9662\u3001\u7f8e\u5bb9\u30b5\u30ed\u30f3\u3001cosmetology\u30bb\u30f3\u30bf\u30fc\u3001...\u5730\u57df\u306e\u30db\u30c6\u30eb\u3001\u30db\u30c6\u30eb\u3001\u30a2\u30df\u30e5\u30fc\u30ba\u30e1\u30f3\u30c8\u30d1\u30fc\u30af\u3001\u30ec\u30b9\u30c8\u30e9\u30f3---\u3082\u3054\u53c2\u7167\u3053\u306e\u4ed5\u4e8b\u3092\u3059\u308b\u5fc5\u8981\u304c\u3042\u308a\u307e\u3059<\/p>\n<p>\u30bf\u30aa\u30eb\u306a\u3069\u306e\u7279\u5178\u306b\u8ca2\u732e\u3059\u308b\u3060\u3051\u3067\u306a\u304f\u4e7e\u71e5\u3057\u3001\u4fdd\u8b77\u3059\u308b\u76ae\u819a\u611f\u52d5\u3092\u304a\u5c4a\u3051\u3057\u307e\u3059 \u3088\u308a\u91cd\u8981\u306a\u3053\u3068\u306f\u3001\u307e\u305f\u3042\u308b\u3068\u3044\u3046\u70b9\u306b\u3064\u3044\u3066\u306f\u3001\u30e1\u30c7\u30a3\u30a2\u306e\u30d6\u30e9\u30f3\u30c9\u3002 \u523a\u7e4d\u306e\u30ed\u30b4\u3092\u30bf\u30aa\u30eb\u306e\u4e0a\u306b\u30b9\u30d1\u3092\u4e3b\u5f35\u3059\u308b\u30a4\u30e1\u30fc\u30b8\u306f\u3001\u304a\u5ba2\u69d8\u306e\u30b9\u30d1\u306e\u512a\u3057\u3044\u611f\u3058\u3067\u3059\u3002<\/p>\n<figure id=\"attachment_5453\" aria-describedby=\"caption-attachment-5453\" style=\"width: 720px\" class=\"wp-caption aligncenter\"><img loading=\"lazy\" decoding=\"async\" class=\"wp-image-5453 size-full\" title=\"\u30b9\u30ab\u30fc\u30d5-\u30cd\u30a4\u30eb-\u30b3\u30c3\u30c8\u30f3-\u30ec\u30c3\u30c9-34x80\" src=\"http:\/\/khantamgiare.com\/wp-content\/uploads\/2023\/06\/IMG_4001.jpg\" alt=\"\u30b5\u30f3\u30d7\u30eb\u624b\u306c\u53f0\u8eca\u7f8e\u722a\uff08\u8d64\u2013\u30b3\u30c3\u30c8\u30f3)\" width=\"720\" height=\"480\" \/><figcaption id=\"caption-attachment-5453\" class=\"wp-caption-text\">\u30b5\u30f3\u30d7\u30eb\u624b\u306c\u53f0\u8eca\u7f8e\u722a\uff08\u8d64\u2013\u30b3\u30c3\u30c8\u30f3)<\/figcaption><\/figure>\n<h2><b>Kh\u0103n T\u1eafm Gi\u00e1 R\u1ebb &#8211; Th\u01b0\u01a1ng hi\u1ec7u kh\u0103n lau tay ch\u1ea5t l\u01b0\u1ee3ng<\/b><\/h2>\n<p>Kh\u0103n lau tay m\u00e0u \u0111\u1ecf cotton do <a href=\"https:\/\/khantamgiare.com\/ja\/\">\u30bf\u30aa\u30eb\u683c\u5b89<\/a> s\u1ea3n xu\u1ea5t lu\u00f4n \u0111\u1ea1t chu\u1ea9n v\u1ec1 ch\u1ea5t l\u01b0\u1ee3ng, m\u00e0u s\u1eafc \u0111a d\u1ea1ng phong ph\u00fa. Ngo\u00e0i kh\u0103n lau tay spa, ch\u00fang t\u00f4i c\u00f3 th\u1ec3 s\u1ea3n xu\u1ea5t nhi\u1ec1u <a href=\"https:\/\/khantamgiare.com\/ja\/khan-spa\/\">\u30bf\u30aa\u30eb\u30b9\u30d1\u30d7\u30ec\u30df\u30a2\u30e0<\/a> nh\u01b0 kh\u0103n body spa, kh\u0103n tr\u1ea3i gi\u01b0\u1eddng spa, &#8230; v\u1edbi nhi\u1ec1u m\u00e0u s\u1eafc kh\u00e1c: xanh r\u00eau, v\u00e0ng, h\u1ed3ng,&#8230;Do \u0111\u00f3, n\u1ebfu c\u00f3 y\u00eau c\u1ea7u kh\u00e1c v\u1ec1 c\u00e1c lo\u1ea1i kh\u0103n spa, vui l\u00f2ng trao \u0111\u1ed5i v\u1edbi Kh\u0103n T\u1eafm Gi\u00e1 R\u1ebb \u0111\u1ec3 ch\u00fang t\u00f4i \u0111\u01b0\u1ee3c ph\u1ee5c v\u1ee5 b\u1ea1n m\u1ed9t c\u00e1ch t\u1ed1t nh\u1ea5t.<\/p>\n<p>V\u1edbi ph\u01b0\u01a1ng ch\u00e2m l\u1eafng nghe v\u00e0 t\u00f4n tr\u1ecdng \u00fd ki\u1ebfn c\u1ee7a kh\u00e1ch h\u00e0ng, Kh\u0103n T\u1eafm Gi\u00e1 R\u1ebb s\u1ebd d\u1ef1a tr\u00ean y\u00eau c\u1ea7u \u0111\u1eb7t h\u00e0ng v\u00e0 \u0111\u01b0a ra s\u1ef1 t\u01b0 v\u1ea5n ph\u00f9 h\u1ee3p nh\u1ea5t. Do \u0111\u00f3 h\u00e3y li\u00ean h\u1ec7 ngay \u0111\u1ec3 ch\u00fang t\u00f4i c\u00f3 c\u01a1 h\u1ed9i \u0111\u01b0\u1ee3c ph\u1ee5c v\u1ee5 kh\u00e1ch h\u00e0ng trong th\u1eddi gian t\u1edbi. Tr\u00e2n tr\u1ecdng c\u00e1m \u01a1n!<\/p>\n<blockquote><p><em><strong>\u8a73\u7d30\uff1a <a href=\"https:\/\/khantamgiare.com\/ja\/cach-giat-khan-spa\/\">\u4fdd\u5b58\u30bf\u30aa\u30eb-\u30b9\u30d1<\/a><\/strong><\/em><\/p><\/blockquote>","protected":false},"excerpt":{"rendered":"<p><em><strong>\u30b5\u30a4\u30ba<\/strong>\uff1a\u30cf\u30f3\u30c9\u30bf\u30aa\u30eb\uff1a34cm\u00d734cm\u300140cm\u00d760cm<\/em><\/p>\n<p><em><strong>\u6750\u8cea\uff1a <\/strong>100\uff05\u30b3\u30c3\u30c8\u30f3\u306e\u7cf8\u3067\u7de8\u307e\u308c\u3066\u3044\u307e\u3059\u3002<\/em><\/p>\n<p><em><strong>\u30ab\u30e9\u30fc: <\/strong>\u82d4\u306e\u7dd1\u8272\u3001\u7d3a\u3001\u9285\u8272\u3001\u91d1\u8272\u3001\u8336\u8910\u8272\u306e\u30c1\u30e7\u30b3\u30ec\u30fc\u30c8\u3001\u6fc3\u3044\u7dd1\u8272\u306b\u3001\u8584\u7d2b\u3001\u30d4\u30f3\u30af\u3001\u30b0\u30ec\u30fc\u3001\u767d\u3001\u7dd1\u3001\u9752\u30f3\u30de\u725b\u76ae\u3001\u8336\u3001\u8d64\u304c\u4f7f\u308f\u308c\u3066\u3044\u307e\u3059\u3002<\/em><\/p>\n<p><em><strong>\u539f\u7523\u5730: <\/strong>\u30d9\u30c8\u30ca\u30e0\u3002<\/em><\/p>\n<p><em><strong>\u7279\u5225:<\/strong><\/em>\u00a0<em>\u3044\u523a\u7e4d\u306e\u30ed\u30b4\u306b\u3088\u308b\u304a\u5ba2\u69d8\u306e\u8981\u4ef6\u3092\u6e80\u305f\u3059\u3002<\/em><\/p>","protected":false},"featured_media":5393,"comment_status":"closed","ping_status":"closed","template":"","meta":[],"product_cat":[56,51,48],"product_tag":[],"class_list":{"0":"post-3915","1":"product","2":"type-product","3":"status-publish","4":"has-post-thumbnail","6":"product_cat-khan-lau-tay","7":"product_cat-khan-nails","8":"product_cat-khan-spa","9":"pa_chat-lieu-cotton","10":"pa_kich-thuoc-34cm-x-34cm","11":"pa_mau-sac-do","14":"instock","15":"product-type-simple"},"acf":[],"_links":{"self":[{"href":"https:\/\/khantamgiare.com\/ja\/wp-json\/wp\/v2\/product\/3915","targetHints":{"allow":["GET"]}}],"collection":[{"href":"https:\/\/khantamgiare.com\/ja\/wp-json\/wp\/v2\/product"}],"about":[{"href":"https:\/\/khantamgiare.com\/ja\/wp-json\/wp\/v2\/types\/product"}],"replies":[{"embeddable":true,"href":"https:\/\/khantamgiare.com\/ja\/wp-json\/wp\/v2\/comments?post=3915"}],"wp:featuredmedia":[{"embeddable":true,"href":"https:\/\/khantamgiare.com\/ja\/wp-json\/wp\/v2\/media\/5393"}],"wp:attachment":[{"href":"https:\/\/khantamgiare.com\/ja\/wp-json\/wp\/v2\/media?parent=3915"}],"wp:term":[{"taxonomy":"product_cat","embeddable":true,"href":"https:\/\/khantamgiare.com\/ja\/wp-json\/wp\/v2\/product_cat?post=3915"},{"taxonomy":"product_tag","embeddable":true,"href":"https:\/\/khantamgiare.com\/ja\/wp-json\/wp\/v2\/product_tag?post=3915"}],"curies":[{"name":"wp","href":"https:\/\/api.w.org\/{rel}","templated":true}]}}