{"id":3920,"date":"2023-06-29T07:54:50","date_gmt":"2023-06-29T07:54:50","guid":{"rendered":"http:\/\/khantam.h193.dpsmedia.vn\/san-pham\/khan-lau-tay-spa-mau-xanh-com-cotton\/"},"modified":"2024-04-11T15:15:16","modified_gmt":"2024-04-11T08:15:16","slug":"khan-lau-tay-spa-mau-xanh-com-cotton","status":"publish","type":"product","link":"https:\/\/khantamgiare.com\/ja\/khan-lau-tay-spa-mau-xanh-com-cotton\/","title":{"rendered":"\u30bf\u30aa\u30eb\u30b9\u30b9\u30d1\u306e\u9752\u30ca\u30b2\u30c3\u30c8\u7dbf"},"content":{"rendered":"<h2 style=\"text-align: justify;\"><strong>\u88fd\u54c1\u306e\u7279\u5fb4\u00a0<\/strong><\/h2>\n<ul style=\"text-align: justify;\">\n<li>Kh\u0103n Lau Tay Spa M\u00e0u Xanh C\u1ed1m Cotton g\u00e2y s\u1ed1t b\u1edfi v\u1ebb ngo\u00e0i \u1ea5n t\u01b0\u1ee3ng, \u0111\u1eb9p m\u1eaft nh\u01b0ng kh\u00f4ng k\u00e9m ph\u1ea7n tinh t\u1ebf v\u00e0 sang tr\u1ecdng. T\u1eebng \u0111\u01b0\u1eddng may c\u1ee7a kh\u0103n \u0111\u1ec1u th\u1ec3 hi\u1ec7n s\u1ef1 t\u1ec9 m\u1ec9 v\u00e0 k\u1ef9 l\u01b0\u1ee1ng. Xung quanh vi\u1ec1n kh\u0103n \u0111\u01b0\u1ee3c may b\u1edfi s\u1ee3i ch\u1ec9 \u0111\u00f4i ch\u1eafc ch\u1eafn, gi\u00fap c\u1ed1 \u0111\u1ecbnh form kh\u0103n.<\/li>\n<li>\u6982\u8981\u793e\u5916\u30de\u30d5\u30e9\u30fc\u30c7\u30b6\u30a4\u30f3\u5c0f\u3055\u306a\u6b63\u65b9\u5f62\u306e\u30e1\u30c3\u30bb\u30fc\u30b8\u306e\u30b5\u30a4\u30ba\u306f34*34cm\u203b\u8a66\u4f5c\u54c1\u3092\u64ae\u5f71\u3057\u305f\u3082\u306e\u3067\u3059\u3002 \u3053\u306e\u30b5\u30a4\u30ba\u306f\u4e00\u822c\u7684\u306b\u5229\u7528\u3055\u308c\u3066\u3044\u308b\u306e\u304c\u3001\u30e9\u30a4\u30f3\u306e\u30bf\u30fc\u304c\u3042\u308a\u307e\u3059\u3002 \u3053\u306e\u30b5\u30a4\u30ba\u306b\u5bb9\u6613\u306b\u3054\u5229\u7528\u3044\u305f\u3060\u304f\u305f\u3081\u306b\u306f\u3001\u5fc5\u8981\u304c\u3042\u308a\u307e\u3059\u3002 \u30ec\u30b8\u30e1\u30f3\u30bf\u30eb\u30b9\u30c8\u30e9\u30a4\u30d7\u8efd\u91cf\u306a\u30b3\u30fc\u30e9\u30b9\u3067\u7528\u610f\u3055\u308c\u3066\u3044\u307e\u3059\u3002 \u4eba\u306e\u3082\u306e\u3088\u3046\u306a\u3053\u306e\u30de\u30d5\u30e9\u30fc\u3002<\/li>\n<li>\u304f\u306f\u305d\u306e\u4ed6\u306e\u30bf\u30aa\u30eb\u3067\u7cbe\u5bc6\u306b\u9ad8\u54c1\u8cea\u306e\u7d20\u6750\u3068\u3057\u3066\u30b9\u30bf\u30fc\u30c8\u3057\u307e\u3057\u305f\u3002 \u304c\u88fd\u54c1\u306e\u62ed\u304d\u53d6\u308a\u624b\u304c\u3001\u591a\u304f\u306e\u30b9\u30d1\u306b\u306f\u611b\u3055\u308c\u4fe1\u983c\u3055\u308c\u308b\u7dbf\u3092\u7d20\u6750\u30bf\u30fc\u304c\u3042\u308a\u307e\u3059\u3002 \u5916\u90e8\u3078\u306e\u671f\u5f85\u3001\u30cf\u30f3\u30c9\u30bf\u30aa\u30eb\u3001\u30b9\u30d1blue\u30ca\u30b2\u30c3\u30c8\u30b3\u30c3\u30c8\u30f3\u306f\u3001\u591a\u304f\u306e\u5229\u70b9\u304c\u3042\u308a\u307e\u3059\u3002 \u3067\u3001\u53ef\u80fd\u6027\u306e\u5438\u6c34\u6027\u30b9\u30fc\u30d1\u30fc\u3001\u4e7e\u71e5\u304c\u901f\u304f\u3001\u624b\u808c\u306b\u3060\u3051\u307e\u3059\u3002 \u623b\u308a\u3001\u30e6\u30fc\u30b6\u306f\u3001\u76ae\u819a\u30af\u3082\u884c\u3044\u307e\u3059\u3002<\/li>\n<li>C\u00e1ch b\u1ea3o qu\u1ea3n v\u00e0 v\u1ec7 sinh r\u1ea5t \u0111\u01a1n gi\u1ea3n, kh\u00f4ng t\u1ed1n nhi\u1ec1u th\u1eddi gian v\u00e0 c\u00f4ng s\u1ee9c. B\u1ea1n c\u00f3 th\u1ec3 <a href=\"https:\/\/khantamgiare.com\/ja\/cach-giat-khan-spa\/\">gi\u1eb7t kh\u0103n kh\u0103n spa<\/a> b\u1eb1ng m\u00e1y ho\u1eb7c tay \u0111\u1ec1u \u0111\u01b0\u1ee3c nh\u01b0ng b\u1ea1n c\u1ea7n l\u01b0u \u00fd l\u00e0 ph\u1ea3i gi\u1eb7t kh\u0103n b\u1eb1ng n\u01b0\u1edbc gi\u1eb7t chuy\u00ean d\u1ee5ng. Sau \u0111\u00f3 n\u00ean ph\u01a1i kh\u0103n \u1edf n\u01a1i kh\u00f4 r\u00e1o, c\u00f3 \u00e1nh n\u1eafng m\u1eb7t tr\u1eddi \u0111\u1ec3 ch\u1ea5t l\u01b0\u1ee3ng kh\u0103n \u0111\u01b0\u1ee3c b\u1ec1n l\u00e2u h\u01a1n.<\/li>\n<\/ul>\n<p style=\"text-align: justify;\">\uff0b\u5f62\u614b\u3001\u30cf\u30f3\u30c9\u30bf\u30aa\u30eb\u3001\u7d20\u6734\u306aThuy Linh\uff08\u30b0\u30ea\u30fc\u30f3\u30ca\u30b2\u30c3\u30c8\u2013\u30b3\u30c3\u30c8\u30f3)<\/p>\n<figure id=\"attachment_4233\" aria-describedby=\"caption-attachment-4233\" style=\"width: 720px\" class=\"wp-caption aligncenter\"><img loading=\"lazy\" decoding=\"async\" class=\"wp-image-4233 size-full\" title=\"\u30d5\u30a7\u30a4\u30b9\u30bf\u30aa\u30eb\u7dbf\u9752\u30ca\u30b2\u30c3\u30c8-khannamphong\" src=\"http:\/\/khantamgiare.com\/wp-content\/uploads\/2023\/06\/IMG_2653.jpg\" alt=\"\u30b5\u30f3\u30d7\u30eb\u624b\u306c\u7d20\u6734\u306aThuy Linh\uff08\u30b0\u30ea\u30fc\u30f3\u30ca\u30b2\u30c3\u30c8-\u30b3\u30c3\u30c8\u30f3)\" width=\"720\" height=\"480\" \/><figcaption id=\"caption-attachment-4233\" class=\"wp-caption-text\">\u30b5\u30f3\u30d7\u30eb\u624b\u306c\u7d20\u6734\u306aThuy Linh\uff08\u30b0\u30ea\u30fc\u30f3\u30ca\u30b2\u30c3\u30c8\u2013\u30b3\u30c3\u30c8\u30f3)<\/figcaption><\/figure>\n<figure id=\"attachment_4234\" aria-describedby=\"caption-attachment-4234\" style=\"width: 720px\" class=\"wp-caption aligncenter\"><img loading=\"lazy\" decoding=\"async\" class=\"wp-image-4234 size-full\" title=\"\u30d5\u30a7\u30a4\u30b9\u30bf\u30aa\u30eb\u7dbf\u9752\u30ca\u30b2\u30c3\u30c8-khannamphong\" src=\"http:\/\/khantamgiare.com\/wp-content\/uploads\/2023\/06\/IMG_2655.jpg\" alt=\"\u30b5\u30f3\u30d7\u30eb\u624b\u306c\u7d20\u6734\u306aThuy Linh\uff08\u30b0\u30ea\u30fc\u30f3\u30ca\u30b2\u30c3\u30c8-\u30b3\u30c3\u30c8\u30f3)\" width=\"720\" height=\"480\" \/><figcaption id=\"caption-attachment-4234\" class=\"wp-caption-text\">\u30b5\u30f3\u30d7\u30eb\u624b\u306c\u7d20\u6734\u306aThuy Linh\uff08\u30b0\u30ea\u30fc\u30f3\u30ca\u30b2\u30c3\u30c8\u2013\u30b3\u30c3\u30c8\u30f3)<\/figcaption><\/figure>\n<h2 style=\"text-align: justify;\"><b>\u30bf\u30aa\u30eb\u306a\u30b9\u30ab\u30fc\u30d5\u306f\u5b9f\u7528\u5316\u306b\u9ad8<\/b><\/h2>\n<p style=\"text-align: justify;\">\u30bf\u30aa\u30eb\u30b9\u30b9\u30d1\u306e\u9752\u30ca\u30b2\u30c3\u30c8\u3067\u3088\u304f\u4f7f\u308f\u308c\u308b\u30b9\u30d1\u65bd\u8a2d\u3067\u3059\u3002 \u305d\u306e\u4ed6\u306e\u30b5\u30fc\u30d3\u30b9\u30a8\u30ea\u30a2:\u75c5\u9662\u3001\u7f8e\u5bb9\u9662\u3001\u65bd\u8a2d\u306e\u7f8e\u3057\u3055\u3082\u5927\u597d\u304d\u306a\u30b9\u30ab\u30fc\u30d5\u306e\u30d1\u30bf\u30fc\u30f3\u3067\u3059\u3002<\/p>\n<p style=\"text-align: justify;\">Nh\u00ecn chung kh\u0103n lau tay do <a href=\"https:\/\/khantamgiare.com\/ja\/\">\u30bf\u30aa\u30eb\u683c\u5b89<\/a> s\u1ea3n xu\u1ea5t c\u00f3 th\u1ec3 \u1ee9ng d\u1ee5ng \u0111a d\u1ea1ng trong \u0111\u1eddi s\u1ed1ng th\u1ef1c t\u1ebf. Kh\u00f4ng ch\u1ec9 l\u00e0 lo\u1ea1i kh\u0103n ph\u1ee5c v\u1ee5 cho kh\u00e1ch h\u00e0ng khi \u0111\u1ebfn tr\u1ea3i nghi\u1ec7m t\u1ea1i spa. Quan tr\u1ecdng \u0111\u00e2y c\u00f2n l\u00e0 v\u1eadt d\u1ee5ng mang t\u00ednh bi\u1ec3u tr\u01b0ng cao. Logo \u0111\u01b0\u1ee3c th\u00eau tr\u00ean logo gi\u00fap h\u00ecnh \u1ea3nh spa \u0111\u01b0\u1ee3c bi\u1ebft \u0111\u1ebfn r\u1ed9ng r\u00e3i.<\/p>\n<figure id=\"attachment_4235\" aria-describedby=\"caption-attachment-4235\" style=\"width: 720px\" class=\"wp-caption aligncenter\"><img loading=\"lazy\" decoding=\"async\" class=\"wp-image-4235 size-full\" title=\"\u30d5\u30a7\u30a4\u30b9\u30bf\u30aa\u30eb\u7dbf\u9752\u30ca\u30b2\u30c3\u30c8-khannamphong\" src=\"http:\/\/khantamgiare.com\/wp-content\/uploads\/2023\/06\/IMG_2656.jpg\" alt=\"\u30b5\u30f3\u30d7\u30eb\u624b\u306c\u7d20\u6734\u306aThuy Linh\uff08\u30b0\u30ea\u30fc\u30f3\u30ca\u30b2\u30c3\u30c8-\u30b3\u30c3\u30c8\u30f3)\" width=\"720\" height=\"480\" \/><figcaption id=\"caption-attachment-4235\" class=\"wp-caption-text\">\u30b5\u30f3\u30d7\u30eb\u624b\u306c\u7d20\u6734\u306aThuy Linh\uff08\u30b0\u30ea\u30fc\u30f3\u30ca\u30b2\u30c3\u30c8\u2013\u30b3\u30c3\u30c8\u30f3)<\/figcaption><\/figure>\n<figure id=\"attachment_4236\" aria-describedby=\"caption-attachment-4236\" style=\"width: 720px\" class=\"wp-caption aligncenter\"><img loading=\"lazy\" decoding=\"async\" class=\"wp-image-4236 size-full\" title=\"\u30d5\u30a7\u30a4\u30b9\u30bf\u30aa\u30eb\u7dbf\u9752\u30ca\u30b2\u30c3\u30c8-khannamphong\" src=\"http:\/\/khantamgiare.com\/wp-content\/uploads\/2023\/06\/IMG_2657.jpg\" alt=\"\u30b5\u30f3\u30d7\u30eb\u624b\u306c\u7d20\u6734\u306aThuy Linh\uff08\u30b0\u30ea\u30fc\u30f3\u30ca\u30b2\u30c3\u30c8-\u30b3\u30c3\u30c8\u30f3)\" width=\"720\" height=\"480\" \/><figcaption id=\"caption-attachment-4236\" class=\"wp-caption-text\">\u30b5\u30f3\u30d7\u30eb\u624b\u306c\u7d20\u6734\u306aThuy Linh\uff08\u30b0\u30ea\u30fc\u30f3\u30ca\u30b2\u30c3\u30c8\u2013\u30b3\u30c3\u30c8\u30f3)<\/figcaption><\/figure>\n<figure id=\"attachment_4237\" aria-describedby=\"caption-attachment-4237\" style=\"width: 720px\" class=\"wp-caption aligncenter\"><img loading=\"lazy\" decoding=\"async\" class=\"wp-image-4237 size-full\" title=\"\u30d5\u30a7\u30a4\u30b9\u30bf\u30aa\u30eb\u7dbf\u9752\u30ca\u30b2\u30c3\u30c8-khannamphong\" src=\"http:\/\/khantamgiare.com\/wp-content\/uploads\/2023\/06\/IMG_2659.jpg\" alt=\"\u30b5\u30f3\u30d7\u30eb\u624b\u306c\u7d20\u6734\u306aThuy Linh\uff08\u30b0\u30ea\u30fc\u30f3\u30ca\u30b2\u30c3\u30c8-\u30b3\u30c3\u30c8\u30f3)\" width=\"720\" height=\"480\" \/><figcaption id=\"caption-attachment-4237\" class=\"wp-caption-text\">\u30b5\u30f3\u30d7\u30eb\u624b\u306c\u7d20\u6734\u306aThuy Linh\uff08\u30b0\u30ea\u30fc\u30f3\u30ca\u30b2\u30c3\u30c8\u2013\u30b3\u30c3\u30c8\u30f3)<\/figcaption><\/figure>\n<p style=\"text-align: justify;\">+\u30c6\u30f3\u30d7\u30ec\u30fc\u30c8\u30ef\u30a4\u30d1\u30fc\u30a2\u30fc\u30e0\u6625\u306e\u7dbf\u30d6\u30eb\u30fc\u30ca\u30b2\u30c3\u30c8\u306e\u571f\u5730\u306b\u30e2\u30b9\u30b0\u30ea\u30fc\u30f3)<\/p>\n<figure id=\"attachment_486\" aria-describedby=\"caption-attachment-486\" style=\"width: 1280px\" class=\"wp-caption aligncenter\"><img loading=\"lazy\" decoding=\"async\" class=\"wp-image-486 size-full\" src=\"http:\/\/khantamgiare.com\/wp-content\/uploads\/2023\/06\/b0ed4273f604165a4f15-Copy.jpg\" alt=\"\u30b5\u30f3\u30d7\u30eb\u30ef\u30a4\u30d1\u30fc\u30a2\u30fc\u30e0\u6625\u306e\u7dbf\u30d6\u30eb\u30fc\u30ca\u30b2\u30c3\u30c8\u306e\u571f\u5730\u306b\u30e2\u30b9\u30b0\u30ea\u30fc\u30f3)\" width=\"1280\" height=\"720\" title=\"\"><figcaption id=\"caption-attachment-486\" class=\"wp-caption-text\">\u30b5\u30f3\u30d7\u30eb\u30ef\u30a4\u30d1\u30fc\u30a2\u30fc\u30e0\u6625\u306e\u7dbf\u30d6\u30eb\u30fc\u30ca\u30b2\u30c3\u30c8\u306e\u571f\u5730\u306b\u30e2\u30b9\u30b0\u30ea\u30fc\u30f3)<\/figcaption><\/figure>\n<p style=\"text-align: justify;\">+\u30d1\u30bf\u30fc\u30f3\u624b\u306c\u30aa\u30fc\u30e9\u722a&amp;\u30b9\u30d1\uff08\u5404\u8272\uff09<\/p>\n<figure id=\"attachment_12598\" aria-describedby=\"caption-attachment-12598\" style=\"width: 850px\" class=\"wp-caption aligncenter\"><img loading=\"lazy\" decoding=\"async\" class=\"wp-image-12598 size-full\" src=\"http:\/\/khantamgiare.com\/wp-content\/uploads\/2023\/06\/khan-aura-nails-spa3.jpg\" alt=\"\u30b5\u30f3\u30d7\u30eb\u624b\u306c\u30aa\u30fc\u30e9\u722a&amp;\u30b9\u30d1\uff08\u5404\u8272\uff09\" width=\"850\" height=\"500\" title=\"\"><figcaption id=\"caption-attachment-12598\" class=\"wp-caption-text\">\u30b5\u30f3\u30d7\u30eb\u624b\u306c\u30aa\u30fc\u30e9\u722a&amp;\u30b9\u30d1\uff08\u5404\u8272\uff09<\/figcaption><\/figure>\n<figure id=\"attachment_12600\" aria-describedby=\"caption-attachment-12600\" style=\"width: 850px\" class=\"wp-caption aligncenter\"><img loading=\"lazy\" decoding=\"async\" class=\"wp-image-12600 size-full\" src=\"http:\/\/khantamgiare.com\/wp-content\/uploads\/2023\/06\/khan-aura-nails-spa5-2.jpg\" alt=\"\u30b5\u30f3\u30d7\u30eb\u624b\u306c\u30aa\u30fc\u30e9\u722a&amp;\u30b9\u30d1\uff08\u5404\u8272\uff09\" width=\"850\" height=\"500\" title=\"\"><figcaption id=\"caption-attachment-12600\" class=\"wp-caption-text\">\u30b5\u30f3\u30d7\u30eb\u624b\u306c\u30aa\u30fc\u30e9\u722a&amp;\u30b9\u30d1\uff08\u5404\u8272\uff09<\/figcaption><\/figure>\n<h2 style=\"text-align: justify;\"><strong>Th\u00f4ng tin k\u1ebft n\u1ed1i t\u1edbi kh\u0103n lau tay Kh\u0103n T\u1eafm Gi\u00e1 R\u1ebb<\/strong><\/h2>\n<p style=\"text-align: justify;\">Kh\u0103n T\u1eafm Gi\u00e1 R\u1ebb l\u00e0 th\u01b0\u01a1ng hi\u1ec7u h\u00e0ng \u0111\u1ea7u trong l\u0129nh v\u1ef1c s\u1ea3n xu\u1ea5t v\u00e0 ph\u00e2n ph\u1ed1i c\u00e1c lo\u1ea1i <a href=\"https:\/\/khantamgiare.com\/ja\/khan-spa\/\">\u30bf\u30aa\u30eb\u30b9\u30b9\u30d1\u306e\u54c1\u8cea<\/a>. T\u1ea5t c\u1ea3 c\u00e1c s\u1ea3n ph\u1ea9m kh\u0103n lau tay c\u1ee7a Kh\u0103n T\u1eafm Gi\u00e1 R\u1ebb \u0111\u1ec1u \u0111\u01b0\u1ee3c ki\u1ec3m duy\u1ec7t ch\u1eb7t ch\u1ebd tr\u01b0\u1edbc khi \u0111\u01b0a ra th\u1ecb tr\u01b0\u1eddng. Kh\u0103n T\u1eafm Gi\u00e1 R\u1ebb lu\u00f4n s\u1eb5n l\u00f2ng l\u1eafng nghe v\u00e0 gi\u1ea3i \u0111\u00e1p m\u1ecdi th\u1eafc m\u1eafc c\u1ee7a b\u1ea1n. Chi ti\u1ebft vui l\u00f2ng li\u00ean h\u1ec7 qua c\u00e1c th\u00f4ng tin sau.<\/p>","protected":false},"excerpt":{"rendered":"<p><em><strong>\u30b5\u30a4\u30ba<\/strong>\uff1a\u30cf\u30f3\u30c9\u30bf\u30aa\u30eb\uff1a34cm\u00d734cm<\/em><\/p>\n<p><em><strong>\u6750\u8cea\uff1a <\/strong>100\uff05\u30b3\u30c3\u30c8\u30f3\u306e\u7cf8\u3067\u7de8\u307e\u308c\u3066\u3044\u307e\u3059\u3002<\/em><\/p>\n<p><em><strong>\u30ab\u30e9\u30fc: <\/strong>\u82d4\u306e\u7dd1\u8272\u3001\u7d3a\u3001\u9285\u8272\u3001\u91d1\u8272\u3001\u8336\u8910\u8272\u306e\u30c1\u30e7\u30b3\u30ec\u30fc\u30c8\u3001\u6fc3\u3044\u7dd1\u8272\u306b\u3001\u8584\u7d2b\u3001\u30d4\u30f3\u30af\u3001\u30b0\u30ec\u30fc\u3001\u767d\u3001\u7dd1\u3001\u9752\u30f3\u30de\u725b\u76ae\u3001\u8336\u3001\u8d64\u304c\u4f7f\u308f\u308c\u3066\u3044\u307e\u3059\u3002<\/em><\/p>\n<p><em><strong>\u539f\u7523\u5730: <\/strong>\u30d9\u30c8\u30ca\u30e0\u3002<\/em><\/p>\n<p><em><strong>\u7279\u5225:<\/strong><\/em>\u00a0<em>\u3044\u523a\u7e4d\u306e\u30ed\u30b4\u306b\u3088\u308b\u304a\u5ba2\u69d8\u306e\u8981\u4ef6\u3092\u6e80\u305f\u3059\u3002<\/em><\/p>","protected":false},"featured_media":5398,"comment_status":"closed","ping_status":"closed","template":"","meta":[],"product_cat":[56,51,48],"product_tag":[],"class_list":{"0":"post-3920","1":"product","2":"type-product","3":"status-publish","4":"has-post-thumbnail","6":"product_cat-khan-lau-tay","7":"product_cat-khan-nails","8":"product_cat-khan-spa","9":"pa_chat-lieu-cotton","10":"pa_kich-thuoc-34cm-x-34cm","11":"pa_mau-sac-xanh-com","14":"instock","15":"product-type-simple"},"acf":[],"_links":{"self":[{"href":"https:\/\/khantamgiare.com\/ja\/wp-json\/wp\/v2\/product\/3920","targetHints":{"allow":["GET"]}}],"collection":[{"href":"https:\/\/khantamgiare.com\/ja\/wp-json\/wp\/v2\/product"}],"about":[{"href":"https:\/\/khantamgiare.com\/ja\/wp-json\/wp\/v2\/types\/product"}],"replies":[{"embeddable":true,"href":"https:\/\/khantamgiare.com\/ja\/wp-json\/wp\/v2\/comments?post=3920"}],"wp:featuredmedia":[{"embeddable":true,"href":"https:\/\/khantamgiare.com\/ja\/wp-json\/wp\/v2\/media\/5398"}],"wp:attachment":[{"href":"https:\/\/khantamgiare.com\/ja\/wp-json\/wp\/v2\/media?parent=3920"}],"wp:term":[{"taxonomy":"product_cat","embeddable":true,"href":"https:\/\/khantamgiare.com\/ja\/wp-json\/wp\/v2\/product_cat?post=3920"},{"taxonomy":"product_tag","embeddable":true,"href":"https:\/\/khantamgiare.com\/ja\/wp-json\/wp\/v2\/product_tag?post=3920"}],"curies":[{"name":"wp","href":"https:\/\/api.w.org\/{rel}","templated":true}]}}