{"id":3929,"date":"2023-06-29T07:54:50","date_gmt":"2023-06-29T07:54:50","guid":{"rendered":"http:\/\/khantam.h193.dpsmedia.vn\/san-pham\/khan-lau-tay-spa-mau-nau-socola-cotton\/"},"modified":"2024-04-10T15:18:43","modified_gmt":"2024-04-10T08:18:43","slug":"khan-lau-tay-spa-mau-nau-socola-cotton","status":"publish","type":"product","link":"https:\/\/khantamgiare.com\/ja\/khan-lau-tay-spa-mau-nau-socola-cotton\/","title":{"rendered":"\u30bf\u30aa\u30eb\u30b9\u30b9\u30d1\u306e\u8336\u8272\u306e\u30c1\u30e7\u30b3\u30ec\u30fc\u30c8\u7dbf"},"content":{"rendered":"<h2><strong>\u88fd\u54c1\u306e\u7279\u5fb4\u00a0<\/strong><\/h2>\n<ul>\n<li><a href=\"https:\/\/khantamgiare.com\/ja\/khan-lau-tay\/\">\u624b\u306c<\/a> spa m\u00e0u n\u00e2u socola cotton l\u00e0 m\u1ed9t trong nh\u1eefng m\u1eabu kh\u0103n tay b\u00e1n ch\u1ea1y t\u1ea1i <a href=\"https:\/\/khantamgiare.com\/ja\/\">\u30bf\u30aa\u30eb\u683c\u5b89<\/a>. C\u00f3 r\u1ea5t nhi\u1ec1u c\u00e1c c\u01a1 s\u1edf spa li\u00ean h\u1ec7 v\u1edbi Kh\u0103n T\u1eafm Gi\u00e1 R\u1ebb \u0111\u1ec3 \u0111\u1eb7t mua m\u00e0u kh\u0103n n\u00e0y. Kh\u00f4ng qu\u00e1 n\u1ed5i b\u1eadt nh\u01b0 m\u00e0u \u0111\u1ecf, m\u00e0u v\u00e0ng hay m\u00e0u h\u1ed3ng c\u00e1nh sen, m\u00e0u n\u00e2u socola v\u1eabn t\u1ea1o \u0111\u01b0\u1ee3c s\u1ee9c h\u00fat ri\u00eang bi\u1ec7t.<\/li>\n<li>\u8a2d\u8a08\u6982\u8981\u30b9\u30bf\u30aa\u30eb\u306e\u77e9\u5f62\u30b5\u30a4\u30ba34*34cm\u203b\u8a66\u4f5c\u54c1\u3092\u64ae\u5f71\u3057\u305f\u3082\u306e\u3067\u3059\u3002 \u3053\u306e\u30b5\u30a4\u30ba\u306f\u3001\u30e6\u30fc\u30b6\u30fc\u304c\u7c21\u5358\u306b\u5229\u7528\u6298\u308a\u7573\u307f\u3093\u5fc5\u8981\u3067\u3059\u3002 \u30bf\u30aa\u30eb\u306b\u3057\u305f\u30b3\u30c3\u30c8\u30f3\u7d20\u6750\u3001\u9ad8\u30ec\u30d9\u30eb\u306e\u8868\u9762\u306b\u30bf\u30aa\u30eb\u30bd\u30d5\u30c8\u81ea\u7136\u306b\u306a\u308a\u307e\u3059\u3002 \u3055\u3089\u306b\u306f\u76ae\u819a\u3001\u5b89\u5168\u6027\u304c\u9ad8\u304f\u3001\u7d76\u5bfe\u306b\u3055\u305b\u306a\u5f71\u97ff\u3092\u4e0e\u3048\u308b\u3053\u3068\u306f\u3042\u308a\u307e\u305b\u3093\u306e\u523a\u6fc0\u9055\u548c\u611f\u306e<\/li>\n<li>Kh\u0103n lau tay spa do Kh\u0103n T\u1eafm Gi\u00e1 R\u1ebb s\u1ea3n xu\u1ea5t c\u00f3 t\u00ednh n\u0103ng th\u1ea5m h\u00fat n\u01b0\u1edbc v\u01b0\u1ee3t tr\u1ed9i. T\u00ednh kh\u00e1ng khu\u1ea9n cao, h\u1ea1n ch\u1ebf \u0111\u01b0\u1ee3c s\u1ef1 ph\u00e1t tri\u1ec3n c\u1ee7a vi khu\u1ea9n g\u00e2y b\u1ec7nh. B\u00ean c\u1ea1nh \u0111\u00f3 kh\u0103n c\u00f3 \u0111\u1ed9 b\u1ec1n m\u00e0u t\u1ed1t, th\u1eddi gian s\u1eed d\u1ee5ng l\u00e2u d\u00e0i.<\/li>\n<\/ul>\n<p>+\u30d1\u30bf\u30fc\u30f3\u306e\u30bf\u30aa\u30eb\u306f\u30d0\u30f3\u30b3\u30af\u30d6\u30e9\u30a6\u30f3\u30a4\u30f3\u2013\u30c1\u30e7\u30b3\u30ec\u30fc\u30c8\u7dbf)<\/p>\n<figure id=\"attachment_4225\" aria-describedby=\"caption-attachment-4225\" style=\"width: 720px\" class=\"wp-caption aligncenter\"><img loading=\"lazy\" decoding=\"async\" class=\"wp-image-4225 size-full\" title=\"Khantamcottonnausocola-khannamphong\" src=\"http:\/\/khantamgiare.com\/wp-content\/uploads\/2023\/06\/IMG_2625.jpg\" alt=\"\u30b5\u30f3\u30d7\u30eb\u30cf\u30eb\u30d0\u30f3\u30b3\u30af\u30d6\u30e9\u30a6\u30f3\u30a4\u30f3-\u30c1\u30e7\u30b3\u30ec\u30fc\u30c8\u7dbf)\" width=\"720\" height=\"480\" \/><figcaption id=\"caption-attachment-4225\" class=\"wp-caption-text\">\u30b5\u30f3\u30d7\u30eb\u30cf\u30eb\u30d0\u30f3\u30b3\u30af\u30d6\u30e9\u30a6\u30f3\u30a4\u30f3\u2013\u30c1\u30e7\u30b3\u30ec\u30fc\u30c8\u7dbf)<\/figcaption><\/figure>\n<figure id=\"attachment_4226\" aria-describedby=\"caption-attachment-4226\" style=\"width: 720px\" class=\"wp-caption aligncenter\"><img loading=\"lazy\" decoding=\"async\" class=\"wp-image-4226 size-full\" title=\"Khantamcottonnausocola-khannamphong\" src=\"http:\/\/khantamgiare.com\/wp-content\/uploads\/2023\/06\/IMG_2626-1.jpg\" alt=\"\u30b5\u30f3\u30d7\u30eb\u30cf\u30eb\u30d0\u30f3\u30b3\u30af\u30d6\u30e9\u30a6\u30f3\u30a4\u30f3-\u30c1\u30e7\u30b3\u30ec\u30fc\u30c8\u7dbf)\" width=\"720\" height=\"480\" \/><figcaption id=\"caption-attachment-4226\" class=\"wp-caption-text\">\u30b5\u30f3\u30d7\u30eb\u30cf\u30eb\u30d0\u30f3\u30b3\u30af\u30d6\u30e9\u30a6\u30f3\u30a4\u30f3\u2013\u30c1\u30e7\u30b3\u30ec\u30fc\u30c8\u7dbf)<\/figcaption><\/figure>\n<figure id=\"attachment_4227\" aria-describedby=\"caption-attachment-4227\" style=\"width: 720px\" class=\"wp-caption aligncenter\"><img loading=\"lazy\" decoding=\"async\" class=\"wp-image-4227 size-full\" title=\"Khantamcottonnausocola-khannamphong\" src=\"http:\/\/khantamgiare.com\/wp-content\/uploads\/2023\/06\/IMG_2627.jpg\" alt=\"\u30b5\u30f3\u30d7\u30eb\u30cf\u30eb\u30d0\u30f3\u30b3\u30af\u30d6\u30e9\u30a6\u30f3\u30a4\u30f3-\u30c1\u30e7\u30b3\u30ec\u30fc\u30c8\u7dbf)\" width=\"720\" height=\"480\" \/><figcaption id=\"caption-attachment-4227\" class=\"wp-caption-text\">\u30b5\u30f3\u30d7\u30eb\u30cf\u30eb\u30d0\u30f3\u30b3\u30af\u30d6\u30e9\u30a6\u30f3\u30a4\u30f3\u2013\u30c1\u30e7\u30b3\u30ec\u30fc\u30c8\u7dbf)<\/figcaption><\/figure>\n<p>+\u30c6\u30f3\u30d7\u30ec\u30fc\u30c8\u30ef\u30a4\u30d1\u30fc\u30a2\u30fc\u30e0\u30ab\u30e9\u30b9\u30d1(\u30d6\u30e9\u30a6\u30f3\u2013\u30c1\u30e7\u30b3\u30ec\u30fc\u30c8\u7dbf)<\/p>\n<h2><strong>\u77e5\u3063\u3066\u304a\u304f\u3079\u304d\u3053\u3068\u306b\u3064\u3044\u3066\u30bf\u30aa\u30eb\u00a0\u00a0<\/strong><\/h2>\n<p>\u624b\u306c\u8336\u8272\u306e\u30c1\u30e7\u30b3\u30ec\u30fc\u30c8\u7dbf\u306e\u30b9\u30d1\u65bd\u8a2d\u306e\u4e2d\u3067\u3082\u7279\u306b\u597d\u304d. \u306a\u307f\u306e\u30b9\u30d1\u3001\u30a6\u30a7\u30eb\u30cd\u30b9\u5168\u822c\u3082\u304a\u6c42\u3081\u3044\u305f\u3060\u3051\u307e\u3059\u3002 \u4f8b\u3048\u3070\u3001\u30a6\u30a7\u30eb\u30cd\u30b9\u3001\u30d8\u30eb\u30b9\u30b1\u30a2\u3001\u7f8e\u5bb9\u5ba4\u3001\u7f8e\u5bb9\u30af\u30ea\u30cb\u30c3\u30af\u3001...\u3082\u5546\u54c1\u306e\u9078\u30b9\u30af\u30fc\u30eb\u30d0\u30b9\u30b5\u30fc\u30d3\u30b9\u3067\u3059\u3002<\/p>\n<p>\u0110\u1ec3 t\u1ea1o \u0111\u01b0\u1ee3c s\u1ef1 ri\u00eang bi\u1ec7t, b\u1ea1n h\u00e3y tham kh\u1ea3o d\u1ecbch v\u1ee5 th\u00eau d\u1ec7t logo l\u00ean tr\u00ean kh\u0103n. Vi\u1ec7c l\u00e0m n\u00e0y gi\u00fap s\u1ea3n ph\u1ea9m c\u00f3 gi\u00e1 tr\u1ecb h\u01a1n, th\u1ec3 hi\u1ec7n \u0111\u01b0\u1ee3c s\u1ef1 \u0111\u1eb3ng c\u1ea5p c\u1ee7a spa. N\u1ebfu kh\u00e1ch h\u00e0ng \u0111\u1eb7t mua kh\u0103n theo s\u1ed1 l\u01b0\u1ee3ng l\u1edbn, Kh\u0103n T\u1eafm Gi\u00e1 R\u1ebb s\u1ebd ti\u1ebfn h\u00e0nh d\u1eadp th\u00eau logo ho\u00e0n to\u00e0n mi\u1ec5n ph\u00ed.<\/p>\n<figure id=\"attachment_9831\" aria-describedby=\"caption-attachment-9831\" style=\"width: 850px\" class=\"wp-caption alignnone\"><img loading=\"lazy\" decoding=\"async\" class=\"wp-image-9831 size-full\" src=\"http:\/\/khantamgiare.com\/wp-content\/uploads\/2023\/06\/khanspa-calla6-1.jpg\" alt=\"\u30b5\u30f3\u30d7\u30eb\u3092\u624b\u306b\u30bf\u30aa\u30eb\u30ab\u30e9\u30b9\u30d1(\u30d6\u30e9\u30a6\u30f3-\u30c1\u30e7\u30b3\u30ec\u30fc\u30c8\u7dbf)\" width=\"850\" height=\"500\" title=\"\"><figcaption id=\"caption-attachment-9831\" class=\"wp-caption-text\">\u30b5\u30f3\u30d7\u30eb\u3092\u624b\u306b\u30bf\u30aa\u30eb\u30ab\u30e9\u30b9\u30d1(\u30d6\u30e9\u30a6\u30f3\u2013\u30c1\u30e7\u30b3\u30ec\u30fc\u30c8\u7dbf)<\/figcaption><\/figure>\n<figure id=\"attachment_9830\" aria-describedby=\"caption-attachment-9830\" style=\"width: 850px\" class=\"wp-caption alignnone\"><img loading=\"lazy\" decoding=\"async\" class=\"wp-image-9830 size-full\" src=\"http:\/\/khantamgiare.com\/wp-content\/uploads\/2023\/06\/khanspa-calla5-1.jpg\" alt=\"\u30b5\u30f3\u30d7\u30eb\u3092\u624b\u306b\u30bf\u30aa\u30eb\u30ab\u30e9\u30b9\u30d1(\u30d6\u30e9\u30a6\u30f3-\u30c1\u30e7\u30b3\u30ec\u30fc\u30c8\u7dbf)\" width=\"850\" height=\"500\" title=\"\"><figcaption id=\"caption-attachment-9830\" class=\"wp-caption-text\">\u30b5\u30f3\u30d7\u30eb\u3092\u624b\u306b\u30bf\u30aa\u30eb\u30ab\u30e9\u30b9\u30d1(\u30d6\u30e9\u30a6\u30f3\u2013\u30c1\u30e7\u30b3\u30ec\u30fc\u30c8\u7dbf)<\/figcaption><\/figure>\n<figure id=\"attachment_9829\" aria-describedby=\"caption-attachment-9829\" style=\"width: 850px\" class=\"wp-caption alignnone\"><img loading=\"lazy\" decoding=\"async\" class=\"wp-image-9829 size-full\" src=\"http:\/\/khantamgiare.com\/wp-content\/uploads\/2023\/06\/khanspa-calla3-1.jpg\" alt=\"\u30b5\u30f3\u30d7\u30eb\u3092\u624b\u306b\u30bf\u30aa\u30eb\u30ab\u30e9\u30b9\u30d1(\u30d6\u30e9\u30a6\u30f3-\u30c1\u30e7\u30b3\u30ec\u30fc\u30c8\u7dbf)\" width=\"850\" height=\"500\" title=\"\"><figcaption id=\"caption-attachment-9829\" class=\"wp-caption-text\">\u30b5\u30f3\u30d7\u30eb\u3092\u624b\u306b\u30bf\u30aa\u30eb\u30ab\u30e9\u30b9\u30d1(\u30d6\u30e9\u30a6\u30f3\u2013\u30c1\u30e7\u30b3\u30ec\u30fc\u30c8\u7dbf)<\/figcaption><\/figure>\n<figure id=\"attachment_9828\" aria-describedby=\"caption-attachment-9828\" style=\"width: 850px\" class=\"wp-caption alignnone\"><img loading=\"lazy\" decoding=\"async\" class=\"wp-image-9828 size-full\" src=\"http:\/\/khantamgiare.com\/wp-content\/uploads\/2023\/06\/khanspa-calla2-1-1.jpg\" alt=\"\u30b5\u30f3\u30d7\u30eb\u3092\u624b\u306b\u30bf\u30aa\u30eb\u30ab\u30e9\u30b9\u30d1(\u30d6\u30e9\u30a6\u30f3-\u30c1\u30e7\u30b3\u30ec\u30fc\u30c8\u7dbf)\" width=\"850\" height=\"500\" title=\"\"><figcaption id=\"caption-attachment-9828\" class=\"wp-caption-text\">\u30b5\u30f3\u30d7\u30eb\u3092\u624b\u306b\u30bf\u30aa\u30eb\u30ab\u30e9\u30b9\u30d1(\u30d6\u30e9\u30a6\u30f3\u2013\u30c1\u30e7\u30b3\u30ec\u30fc\u30c8\u7dbf)<\/figcaption><\/figure>\n<h2><strong>\u30d6\u30e9\u30f3\u30c9\u306e\u624b\u306c\u307e\u3059\u3002 1\u5e02\u5834<\/strong><\/h2>\n<p>Kh\u0103n lau tay n\u00e2u cocola cotton v\u1edbi m\u00e0u s\u1eafc \u0111\u1ed9c \u0111\u00e1o, ch\u1ea5t li\u1ec7u t\u1ed1t \u0111ang l\u00e0 m\u1eabu kh\u0103n \u0111\u01b0\u1ee3c y\u00eau th\u00edch nh\u1ea5t hi\u1ec7n nay. N\u1ebfu b\u1ea1n \u0111ang c\u00f3 d\u1ef1 \u0111\u1ecbnh kinh doanh spa ho\u1eb7c c\u01a1 s\u1edf spa \u0111ang thi\u1ebft d\u00f2ng <a href=\"https:\/\/khantamgiare.com\/ja\/khan-spa\/\">kh\u0103n spa m\u00e0u n\u00e2u<\/a> n\u00e0y, v\u1eady th\u00ec c\u00f2n ch\u1ea7n ch\u1eeb g\u00ec m\u00e0 kh\u00f4ng li\u00ean h\u1ec7 ngay. H\u00e3y nh\u1ea5c m\u00e1y l\u00ean v\u00e0 g\u1ecdi \u0111\u1ebfn s\u1ed1 hotline c\u1ee7a Kh\u0103n T\u1eafm Gi\u00e1 R\u1ebb. Ch\u00fang t\u00f4i s\u1ebd h\u1ed7 tr\u1ee3 v\u00e0 gi\u1ea3i \u0111\u00e1p m\u1ecdi th\u1eafc m\u1eafc c\u1ee7a b\u1ea1n.<\/p>\n<p>V\u1edbi mong mu\u1ed1n \u0111em \u0111\u1ebfn nh\u1eefng s\u1ea3n ph\u1ea9m t\u1ed1t nh\u1ea5t t\u1edbi tay ng\u01b0\u1eddi ti\u00eau d\u00f9ng, Kh\u0103n T\u1eafm Gi\u00e1 R\u1ebb lu\u00f4n lu\u00f4n n\u1ed7 l\u1ef1c v\u00e0 t\u1eadn t\u00e2m trong m\u1ecdi vi\u1ec7c l\u00e0m. T\u1eeb kh\u00e2u chu\u1ea9n b\u1ecb nguy\u00ean li\u1ec7u t\u1edbi qu\u00e1 tr\u00ecnh s\u1ea3n xu\u1ea5t hay t\u1edbi b\u01b0\u1edbc xu\u1ea5t h\u00e0ng, ch\u00fang t\u00f4i \u0111\u1ec1u c\u00f3 s\u1ef1 c\u1ea9n tr\u1ecdng v\u00e0 t\u1ec9 m\u1ec9 cao.<\/p>\n<p>Kh\u0103n T\u1eafm Gi\u00e1 R\u1ebb hy v\u1ecdng s\u1edbm \u0111\u01b0\u1ee3c \u0111\u00f3n ti\u1ebfp kh\u00e1ch h\u00e0ng trong th\u1eddi gian t\u1edbi!<\/p>\n<blockquote><p><em><strong>\u8a73\u7d30\uff1a <a href=\"https:\/\/khantamgiare.com\/ja\/khan-lau-tay-spa-mau-do-cotton\/\">\u624b\u306c\u30b9\u30d1\u8d64\u7dbf<\/a><\/strong><\/em><\/p><\/blockquote>","protected":false},"excerpt":{"rendered":"<p><em><strong>\u30b5\u30a4\u30ba: <\/strong>34\u00d734cm<\/em><\/p>\n<p><em><strong>\u6750\u8cea\uff1a <\/strong>100\uff05\u30b3\u30c3\u30c8\u30f3\u306e\u7cf8\u3067\u7de8\u307e\u308c\u3066\u3044\u307e\u3059\u3002<\/em><\/p>\n<p><em><strong>\u30ab\u30e9\u30fc: <\/strong>\u82d4\u306e\u7dd1\u8272\u3001\u7d3a\u3001\u9285\u8272\u3001\u91d1\u8272\u3001\u8336\u8910\u8272\u306e\u30c1\u30e7\u30b3\u30ec\u30fc\u30c8\u3001\u6fc3\u3044\u7dd1\u8272\u306b\u3001\u8584\u7d2b\u3001\u30d4\u30f3\u30af\u3001\u30b0\u30ec\u30fc\u3001\u767d\u3001\u7dd1\u3001\u9752\u30f3\u30de\u725b\u76ae\u3001\u8336\u3001\u8d64\u304c\u4f7f\u308f\u308c\u3066\u3044\u307e\u3059\u3002<\/em><\/p>\n<p><em><strong>\u539f\u7523\u5730: <\/strong>\u30d9\u30c8\u30ca\u30e0\u3002<\/em><\/p>\n<p><em><strong>\u7279\u5225:<\/strong><\/em>\u00a0<em>\u3044\u523a\u7e4d\u306e\u30ed\u30b4\u306b\u3088\u308b\u304a\u5ba2\u69d8\u306e\u8981\u4ef6\u3092\u6e80\u305f\u3059\u3002<\/em><\/p>","protected":false},"featured_media":5401,"comment_status":"closed","ping_status":"closed","template":"","meta":[],"product_cat":[56,51,48],"product_tag":[],"class_list":{"0":"post-3929","1":"product","2":"type-product","3":"status-publish","4":"has-post-thumbnail","6":"product_cat-khan-lau-tay","7":"product_cat-khan-nails","8":"product_cat-khan-spa","9":"pa_chat-lieu-cotton","10":"pa_kich-thuoc-34cm-x-34cm","11":"pa_mau-sac-nau-socola","14":"instock","15":"product-type-simple"},"acf":[],"_links":{"self":[{"href":"https:\/\/khantamgiare.com\/ja\/wp-json\/wp\/v2\/product\/3929","targetHints":{"allow":["GET"]}}],"collection":[{"href":"https:\/\/khantamgiare.com\/ja\/wp-json\/wp\/v2\/product"}],"about":[{"href":"https:\/\/khantamgiare.com\/ja\/wp-json\/wp\/v2\/types\/product"}],"replies":[{"embeddable":true,"href":"https:\/\/khantamgiare.com\/ja\/wp-json\/wp\/v2\/comments?post=3929"}],"wp:featuredmedia":[{"embeddable":true,"href":"https:\/\/khantamgiare.com\/ja\/wp-json\/wp\/v2\/media\/5401"}],"wp:attachment":[{"href":"https:\/\/khantamgiare.com\/ja\/wp-json\/wp\/v2\/media?parent=3929"}],"wp:term":[{"taxonomy":"product_cat","embeddable":true,"href":"https:\/\/khantamgiare.com\/ja\/wp-json\/wp\/v2\/product_cat?post=3929"},{"taxonomy":"product_tag","embeddable":true,"href":"https:\/\/khantamgiare.com\/ja\/wp-json\/wp\/v2\/product_tag?post=3929"}],"curies":[{"name":"wp","href":"https:\/\/api.w.org\/{rel}","templated":true}]}}