{"id":4054,"date":"2023-06-29T07:59:58","date_gmt":"2023-06-29T07:59:58","guid":{"rendered":"http:\/\/khantam.h193.dpsmedia.vn\/san-pham\/ao-choang-lua-phi-bong-mau-trang\/"},"modified":"2023-07-23T17:43:18","modified_gmt":"2023-07-23T17:43:18","slug":"ao-choang-lua-phi-bong-mau-trang","status":"publish","type":"product","link":"https:\/\/khantamgiare.com\/ja\/ao-choang-lua-phi-bong-mau-trang\/","title":{"rendered":"\u30b7\u30eb\u30af\u30d0\u30b9\u30ed\u30fc\u30d6\u306e\u975e\u5149\u6ca2\u306e\u3042\u308b\u767d"},"content":{"rendered":"<h2><strong>\u9078\u3070\u308c\u308b\u7406\u7531\u306f\u30b7\u30eb\u30af\u30d0\u30b9\u30ed\u30fc\u30d6\u30a2\u30d5\u30ea\u30ab\u306e\u767d\u30dc\u30fc\u30eb?\u00a0<\/strong><\/h2>\n<p>\u305d\u306e\u5f8c\u3001\u30e2\u30c7\u30eb\u306e\u30ed\u30fc\u30d6\u30b7\u30eb\u30af\u5149\u6ca2\u306e\u3042\u308b\u767d\u3092\u4f5c\u6210\u3057\u305f\u5f7c\u306e\u9b45\u529b\u306f\u3001\u6c11\u9593\u306e\u591a\u304f\u306e\u512a\u308c\u305f\u5229\u70b9\u304c\u3042\u308a\u307e\u3059\u3002 \u80cc\u5f8c\u306b\u898b\u30e2\u30c0\u30f3\u3067\u30b7\u30c3\u30af\u306a\u3053\u306e\u8863\u88c5\u306b\u3082\u591a\u304f\u306e\u7528\u9014\u3068\u5b9f\u8df5\u7684\u610f\u7fa9\u304c\u3042\u308b\u3002<\/p>\n<p>\u9078\u3079\u308b\u30b7\u30eb\u30af\u30d0\u30b9\u30ed\u30fc\u30d6\u30a2\u30d5\u30ea\u30ab\u306e\u767d\u3044\u30dc\u30fc\u30eb\u3092\u6577\u5c45\u306e\u9ad8\u3055\u3092\u611f\u3058\u3055\u5feb\u9069\u3001\u5feb\u9069\u3067\u3059\u3002 \u8863\u985e\u3092\u4e7e\u71e5\u3001\u6c34\u306e\u6c5a\u308c\u3092\u8eab\u4f53\u3067\u3059\u3002 \u30b1\u30fc\u30d7\u30d1\u30bf\u30fc\u30f3\u304b\u304a\u624b\u8efd\u306b\u3067\u304d\u308b\u4ea4\u63db\u306f\u30c9\u30ec\u30b9\u30d5\u30ea\u30eb\u305d\u306e\u4ed6\u306e\u6642\u9593\u3092\u7528\u610f\u3055\u308c\u3066\u3044\u307e\u3059\u3002<\/p>\n<p>\u4e00\u65b9\u3001\u30d1\u30bf\u30fc\u30f3\u3092\u30b7\u30eb\u30af\u30d0\u30b9\u30ed\u30fc\u30d6\u30a2\u30d5\u30ea\u30ab\u306e\u30dc\u30fc\u30eb\u306e\u30b5\u30fc\u30d3\u30b9\u30b9\u30d1\u3067\u306e\u3088\u308a\u52b9\u679c\u7684\u3067\u3059\u3002 \u5f93\u3063\u3066\u3001\u30a2\u30d7\u30ea\u306e\u30b9\u30d1\u65bd\u8a2d\u3001\u30d5\u30a3\u30c3\u30c8\u30cd\u30b9\u30bb\u30f3\u30bf\u30fc\u3001\u30d7\u30ed\u306e\u5730\u57df\u306e\u30db\u30c6\u30eb\u3001\u30db\u30c6\u30eb\u3001\u9ad8\u307e\u3059\u3002<\/p>\n<figure id=\"attachment_6349\" aria-describedby=\"caption-attachment-6349\" style=\"width: 764px\" class=\"wp-caption aligncenter\"><img loading=\"lazy\" decoding=\"async\" class=\"wp-image-6349\" title=\"\u30b7\u30eb\u30af\u30d0\u30b9\u30ed\u30fc\u30d6\u306e\u975e\u5149\u6ca2\u306e\u3042\u308b\u767d\" src=\"http:\/\/khantamgiare.com\/wp-content\/uploads\/2023\/06\/ao-choang-tam-lua-phi-bong-mau-trang.khannamphong.jpg\" alt=\"\u30ac\u30a6\u30f3\u306e\u767d\u7d79\u306e\u9ad8\u7d1a\" width=\"764\" height=\"1018\" \/><figcaption id=\"caption-attachment-6349\" class=\"wp-caption-text\">\u30ac\u30a6\u30f3\u306e\u767d\u7d79\u306e\u9ad8\u7d1a<\/figcaption><\/figure>\n<h2><strong>\u57fa\u672c\u7279\u6027\u306e\u30b5\u30f3\u30d7\u30eb\u30ac\u30a6\u30f3\u30b7\u30eb\u30af\u306e\u975e\u5149\u6ca2\u306e\u3042\u308b\u767d\u00a0<\/strong><\/h2>\n<p>\u3053\u3053\u3067\u306f\u30b5\u30f3\u30d7\u30eb\u306e\u30b7\u30e3\u30c4\u9ad8\u54c1\u8cea\u306e\u30b7\u30eb\u30af\u7d20\u6750\u306e\u30a2\u30d5\u30ea\u30ab\u306e\u30dc\u30fc\u30eb\u3092\u4e00\u3064\u306e\u4eba\u6c17\u7d20\u6750\u306b\u30d0\u30b9\u30ed\u30fc\u30d6. \u30b7\u30eb\u30af\u306e\u30a2\u30d5\u30ea\u30ab\u306e\u30dc\u30fc\u30eb\u306e\u7279\u5fb4\u306f\u3001\u8868\u9762\u306e\u751f\u5730\u306f\u67d4\u3089\u304b\u304f\u3002 \u751f\u5730\u306f\u975e\u5e38\u306b\u8584\u3044\u306e\u3067\u3067\u3082\u77e5\u3063\u3066\u3044\u308b\u304b\u308f\u3044\u3089\u3057\u3044\u306e\u3067\u5bb9\u6613\u306b\u611f\u306e\u3042\u308b\u6dbc\u98a8\u901a\u3057\u306e\u826f\u3044\u5834\u6240\u3067\u3059\u3002 \u3057\u304b\u3057\u3001\u5236\u9650\u306e\u52d5\u304d\u3092\u660e\u3089\u304b\u306b\u6b20\u9665\u306e\u3067\u3059\u306d\u3002<\/p>\n<p>\u30aa\u30fc\u30b9\u30c8\u30ea\u30a2\u30db\u30ef\u30a4\u30c8\u3092\u57fa\u8abf\u3068\u3057\u305f\u3053\u306e\u8272\u306e\u8d05\u6ca2\u306a\u308a\u307e\u3059\u3002 \u767d\u306e\u8272\u4f7f\u3044\u3044\u305f\u74b0\u5883\u3067\u30b9\u30d1\u30db\u30c6\u30eb\u3067\u3059\u3002 \u74b0\u5883\u306e\u74b0\u5883\u3092\u611b\u3059\u308b\u5fc3\u306e\u7f8e\u610f\u8b58\u3002<\/p>\n<p>\u30ac\u30a6\u30f3\u30c7\u30b6\u30a4\u30f3\u80f4\u9577\u306e\u819d\u3067\u3059\u3002 \u4e21\u8155\u306e\u5e83\u3044\u6b66\u5668\u3067\u3059\u3002 \u30b7\u30b9\u30c6\u30e0\u30d9\u30eb\u30c8\u3067\u8170\u306b\u975e\u5e38\u306b\u4e01\u5be7\u3067\u3001\u56fa\u5b9a\u5f62\u306e\u7f8e\u3057\u3044\u30ac\u30a6\u30f3. \u30c8\u30c3\u30d7\u306e\u30b7\u30e3\u30c4\u3067\u523a\u7e4d\u306e\u30ed\u30b4\u30d6\u30e9\u30f3\u30c9\u30a4\u30e1\u30fc\u30b8\u3067\u3059\u3002 \u523a\u7e4d\u306e\u30ed\u30b4\u3092\u30b9\u30ea\u30fc\u30d6\u3092\u533a\u5225\u3059\u308b\u3001\u3068\u306e\u6df7\u540c\u3092\u907f\u3051\u305d\u306e\u4ed6\u306e\u30d6\u30e9\u30f3\u30c9\u3002<\/p>\n<h2><strong>\u30ca\u30e0\u30cf\u30a4\u30d5\u30a9\u30f3\u2013\u30e6\u30cb\u30c3\u30c8\u3001\u30b7\u30eb\u30af\u30d0\u30b9\u30ed\u30fc\u30d6\u3001\u30a2\u30d5\u30ea\u30ab\u306e\u30dc\u30fc\u30eb\u306e\u54c1\u8cea\u00a0<\/strong><\/h2>\n<p>\u3070\u3093\u3056\u3044\u3092\u30e6\u30cb\u30c3\u30c8\u306e\u751f\u7523-\u6d41\u901a\u30b7\u30eb\u30af\u30d0\u30b9\u30ed\u30fc\u30d6\u30a2\u30d5\u30ea\u30ab\u306e\u30dc\u30fc\u30eb\u3092\u3054\u53c2\u7167\u304f\u3060\u3055\u3044\u53f3\u306e\u30d6\u30e9\u30f3\u30c9\u306e\u7537\u6027\u3067\u3059\u3002 \u306a\u304f\u5909\u66f4\u3059\u308b\u3053\u3068\u304c\u3042\u308a\u307e\u3059\u3002 1\u3001\u30d0\u30b9\u30ed\u30fc\u30d6\u3001\u7537\u6027\u306e\u30b9\u30bf\u30a4\u30eb\u306a\u30e6\u30fc\u30b6\u30fc\u30d5\u306e\u732e\u8eab\u3068\u3093\u307f\u305b\u307e\u3059\uff01<\/p>\n<p>\u76f4\u63a5\u306e\u30db\u30c3\u30c8\u30e9\u30a4\u30f3\u756a\u53f7\u306f\u554f\u984c\u3054\u8cea\u554f\u3001\u307e\u308b\u3002 \u30c1\u30fc\u30e0\u306b\u306f\u71b1\u5fc3\u306a\u30b3\u30f3\u30b5\u30eb\u30bf\u30f3\u30c8\u304c\u304a\u624b\u4f1d\u3044\u3055\u305b\u3066\u3044\u305f\u3060\u304d\u3001\u3044\u3064\u3067\u3082\u3069\u3053\u3067\u3082<\/p>\n<p style=\"text-align: center;\">-------------<\/p>\n<p style=\"text-align: center;\">\u30ab\u30f3\u30ca\u30e0\u30cf\u30a4\u30d5\u30a9\u30f3<\/p>\n<p style=\"text-align: center;\">\u4f4f\u6240\uff1a74B\u30ec295\u3001\u30d0\u30c3\u30cf\u30de\u30a4STREET,HAI BA TRUNG\u533a,HA NOI<\/p>\n<p style=\"text-align: center;\">\u30e1\u30fc\u30eb:KhanNamPhong@Gmail.Com<\/p>\n<p style=\"text-align: center;\">SDT:\u00a0<a href=\"tel:0903367867\" rel=\"nofollow external noopener noreferrer\" data-wpel-link=\"external\">0903 367 867<\/a><\/p>\n<p style=\"text-align: center;\">\u30a6\u30a7\u30d6\u30b5\u30a4\u30c8\uff1a\u00a0<a href=\"https:\/\/khantamgiare.com\/ja\/\" data-wpel-link=\"internal\">KhanTamGiaRe.Com<\/a><\/p>","protected":false},"excerpt":{"rendered":"<p>T\u1ea1i sao n\u00ean l\u1ef1a ch\u1ecdn \u00e1o cho\u00e0ng l\u1ee5a phi b\u00f3ng m\u00e0u tr\u1eafng?\u00a0 Sau khi ra m\u1eaft th\u1ecb tr\u01b0\u1eddng, m\u1eabu \u00e1o cho\u00e0ng l\u1ee5a phi b\u00f3ng m\u00e0u tr\u1eafng \u0111\u00e3 t\u1ef1 t\u1ea1o cho m\u00ecnh s\u1ee9c h\u00fat ri\u00eang nh\u1edd v\u00e0o nhi\u1ec1u \u01b0u \u0111i\u1ec3m n\u1ed5i b\u1eadt. \u0110\u1eb1ng sau v\u1ebb ngo\u00e0i hi\u1ec7n \u0111\u1ea1i v\u00e0 sang tr\u1ecdng, m\u1eabu \u00e1o n\u00e0y c\u00f2n c\u00f3 nhi\u1ec1u c\u00f4ng d\u1ee5ng v\u00e0 \u00fd ngh\u0129a thi\u1ebft th\u1ef1c. L\u1ef1a ch\u1ecdn m\u1eabu \u00e1o cho\u00e0ng l\u1ee5a phi b\u00f3ng m\u00e0u tr\u1eafng s\u1ebd gi\u00fap ng\u01b0\u1eddi m\u1eb7c c\u1ea3m th\u1ea5y d\u1ec5 ch\u1ecbu v\u00e0 tho\u1ea3i m\u00e1i. \u00c1o gi\u00fap lau kh\u00f4 nh\u1eefng v\u1ebft n\u01b0\u1edbc tr\u00ean c\u01a1 th\u1ec3 m\u1ed9t c\u00e1ch nhanh ch\u00f3ng. M\u1eabu \u00e1o cho\u00e0ng kh\u00e1 ti\u1ec7n d\u1ee5ng n\u00ean c\u00f3 th\u1ec3 thay th\u1ebf \u0111\u01b0\u1ee3c &hellip; <a href=\"https:\/\/khantamgiare.com\/ja\/ao-choang-lua-phi-bong-mau-trang\/\" class=\"more-link\">Continue reading <span class=\"screen-reader-text\">\u30b7\u30eb\u30af\u30d0\u30b9\u30ed\u30fc\u30d6\u306e\u975e\u5149\u6ca2\u306e\u3042\u308b\u767d<\/span><\/a><\/p>","protected":false},"featured_media":5478,"comment_status":"closed","ping_status":"open","template":"","meta":[],"product_cat":[45],"product_tag":[],"class_list":{"0":"post-4054","1":"product","2":"type-product","3":"status-publish","4":"has-post-thumbnail","6":"product_cat-ao-choang-tam","7":"pa_chat-lieu-lua-phi-bong","8":"pa_mau-sac-trang","9":"pa_size-l","10":"pa_size-m","11":"pa_size-xl","14":"instock","15":"product-type-simple"},"acf":[],"_links":{"self":[{"href":"https:\/\/khantamgiare.com\/ja\/wp-json\/wp\/v2\/product\/4054","targetHints":{"allow":["GET"]}}],"collection":[{"href":"https:\/\/khantamgiare.com\/ja\/wp-json\/wp\/v2\/product"}],"about":[{"href":"https:\/\/khantamgiare.com\/ja\/wp-json\/wp\/v2\/types\/product"}],"replies":[{"embeddable":true,"href":"https:\/\/khantamgiare.com\/ja\/wp-json\/wp\/v2\/comments?post=4054"}],"wp:featuredmedia":[{"embeddable":true,"href":"https:\/\/khantamgiare.com\/ja\/wp-json\/wp\/v2\/media\/5478"}],"wp:attachment":[{"href":"https:\/\/khantamgiare.com\/ja\/wp-json\/wp\/v2\/media?parent=4054"}],"wp:term":[{"taxonomy":"product_cat","embeddable":true,"href":"https:\/\/khantamgiare.com\/ja\/wp-json\/wp\/v2\/product_cat?post=4054"},{"taxonomy":"product_tag","embeddable":true,"href":"https:\/\/khantamgiare.com\/ja\/wp-json\/wp\/v2\/product_tag?post=4054"}],"curies":[{"name":"wp","href":"https:\/\/api.w.org\/{rel}","templated":true}]}}