{"id":4106,"date":"2023-06-29T08:01:24","date_gmt":"2023-06-29T08:01:24","guid":{"rendered":"http:\/\/khantam.h193.dpsmedia.vn\/san-pham\/ga-giuong-spa-lua-xam\/"},"modified":"2024-05-08T23:56:58","modified_gmt":"2024-05-08T16:56:58","slug":"ga-giuong-spa-lua-xam","status":"publish","type":"product","link":"https:\/\/khantamgiare.com\/ja\/ga-giuong-spa-lua-xam\/","title":{"rendered":"\u30d9\u30c3\u30c9\u30b7\u30fc\u30c8\u306e\u30b9\u30d1\u306e\u7d79(\u30b0\u30ec\u30fc)"},"content":{"rendered":"<p>H\u00e3y t\u01b0\u1edfng t\u01b0\u1ee3ng b\u01b0\u1edbc v\u00e0o m\u1ed9t c\u0103n ph\u00f2ng spa \u0111\u01b0\u1ee3c bao tr\u00f9m b\u1edfi \u00e1nh s\u00e1ng d\u1ecbu nh\u1eb9, m\u00f9i h\u01b0\u01a1ng th\u01b0 gi\u00e3n v\u00e0 \u0111i\u1ec3m nh\u1ea5n ch\u00ednh l\u00e0 chi\u1ebfc gi\u01b0\u1eddng \u0111\u01b0\u1ee3c ph\u1ee7 l\u00ean m\u00ecnh ga gi\u01b0\u1eddng spa l\u1ee5a m\u00e0u x\u00e1m. S\u1eafc x\u00e1m thanh l\u1ecbch, nh\u1eb9 nh\u00e0ng nh\u01b0ng kh\u00f4ng k\u00e9m ph\u1ea7n sang tr\u1ecdng s\u1ebd t\u1ea1o n\u00ean b\u1ea7u kh\u00f4ng kh\u00ed y\u00ean b\u00ecnh, th\u01b0 th\u00e1i, gi\u00fap kh\u00e1ch h\u00e0ng c\u1ee7a b\u1ea1n d\u1ec5 d\u00e0ng ch\u00ecm v\u00e0o gi\u1ea5c ng\u1ee7 ngon hay t\u1eadn h\u01b0\u1edfng nh\u1eefng gi\u00e2y ph\u00fat th\u01b0 gi\u00e3n tuy\u1ec7t v\u1eddi.<\/p>\n<p>V\u1edbi ch\u1ea5t li\u1ec7u l\u1ee5a cao c\u1ea5p, m\u1ec1m m\u1ecbn, ga gi\u01b0\u1eddng l\u1ee5a m\u00e0u x\u00e1m mang \u0111\u1ebfn c\u1ea3m gi\u00e1c \u00eam \u00e1i, nh\u1eb9 nh\u00e0ng khi ti\u1ebfp x\u00fac, gi\u00fap kh\u00e1ch h\u00e0ng c\u1ea3m th\u1ea5y tho\u1ea3i m\u00e1i v\u00e0 d\u1ec5 ch\u1ecbu trong su\u1ed1t th\u1eddi gian s\u1eed d\u1ee5ng.<\/p>\n<h2><strong>Ga Gi\u01b0\u1eddng L\u1ee5a L\u00e0 G\u00ec? L\u1ee3i \u00cdch M\u00e0 Ga Gi\u01b0\u1eddng L\u1ee5a Mang L\u1ea1i L\u00e0 G\u00ec?<\/strong><\/h2>\n<h3><strong><em>Ga Gi\u01b0\u1eddng L\u1ee5a L\u00e0 G\u00ec?<\/em><\/strong><\/h3>\n<p>Ga gi\u01b0\u1eddng l\u1ee5a l\u00e0 lo\u1ea1i ga gi\u01b0\u1eddng \u0111\u01b0\u1ee3c l\u00e0m t\u1eeb ch\u1ea5t li\u1ec7u l\u1ee5a, th\u01b0\u1eddng l\u00e0 l\u1ee5a t\u01a1 t\u1eb1m t\u1ef1 nhi\u00ean. L\u1ee5a t\u01a1 t\u1eb1m \u0111\u01b0\u1ee3c bi\u1ebft \u0111\u1ebfn v\u1edbi nhi\u1ec1u \u01b0u \u0111i\u1ec3m n\u1ed5i b\u1eadt nh\u01b0:<\/p>\n<ul>\n<li><strong>M\u1ec1m m\u1ea1i, \u00eam \u00e1i:<\/strong> L\u1ee5a t\u01a1 t\u1eb1m c\u00f3 \u0111\u1ed9 m\u1ec1m m\u1ecbn v\u00e0 \u00eam \u00e1i \u0111\u1eb7c tr\u01b0ng, mang l\u1ea1i c\u1ea3m gi\u00e1c tho\u1ea3i m\u00e1i, d\u1ec5 ch\u1ecbu khi s\u1eed d\u1ee5ng.<\/li>\n<li><strong>Th\u1ea5m h\u00fat t\u1ed1t v\u00e0 tho\u00e1ng m\u00e1t:<\/strong> L\u1ee5a t\u01a1 t\u1eb1m c\u00f3 kh\u1ea3 n\u0103ng th\u1ea5m h\u00fat m\u1ed3 h\u00f4i t\u1ed1t v\u00e0 \u0111i\u1ec1u h\u00f2a nhi\u1ec7t \u0111\u1ed9 c\u01a1 th\u1ec3, gi\u00fap ng\u01b0\u1eddi d\u00f9ng lu\u00f4n c\u1ea3m th\u1ea5y m\u00e1t m\u1ebb, d\u1ec5 ch\u1ecbu, \u0111\u1eb7c bi\u1ec7t ph\u00f9 h\u1ee3p cho nh\u1eefng ng\u00e0y n\u00f3ng b\u1ee9c.<\/li>\n<li><strong>Ch\u0103m s\u00f3c da v\u00e0 t\u00f3c:<\/strong> L\u1ee5a t\u01a1 t\u1eb1m c\u00f3 t\u00e1c d\u1ee5ng d\u01b0\u1ee1ng \u1ea9m, h\u1ea1n ch\u1ebf t\u00ecnh tr\u1ea1ng da kh\u00f4, bong tr\u00f3c. B\u1ec1 m\u1eb7t ga gi\u01b0\u1eddng l\u1ee5a tr\u01a1n l\u00e1ng, h\u1ea1n ch\u1ebf ma s\u00e1t, gi\u00fap b\u1ea3o v\u1ec7 t\u00f3c kh\u1ecfi r\u1ed1i, g\u00e3y, gi\u1eef cho m\u00e1i t\u00f3c su\u00f4n m\u01b0\u1ee3t v\u00e0 b\u1ed3ng b\u1ec1nh.<\/li>\n<li><strong>Sang tr\u1ecdng v\u00e0 tinh t\u1ebf:<\/strong> Ga gi\u01b0\u1eddng l\u1ee5a s\u1edf h\u1eefu v\u1ebb ngo\u00e0i sang tr\u1ecdng, tinh t\u1ebf v\u1edbi \u0111\u1ed9 b\u00f3ng t\u1ef1 nhi\u00ean v\u00e0 m\u00e0u s\u1eafc \u0111a d\u1ea1ng, g\u00f3p ph\u1ea7n n\u00e2ng t\u1ea7m kh\u00f4ng gian ph\u00f2ng ng\u1ee7, t\u1ea1o \u1ea5n t\u01b0\u1ee3ng chuy\u00ean nghi\u1ec7p v\u00e0 \u0111\u1eb3ng c\u1ea5p.<\/li>\n<li><strong>\u0110\u1ed9 b\u1ec1n cao:<\/strong> Ga gi\u01b0\u1eddng l\u1ee5a \u0111\u01b0\u1ee3c d\u1ec7t t\u1eeb s\u1ee3i t\u01a1 t\u1eb1m t\u1ef1 nhi\u00ean c\u00f3 \u0111\u1ed9 b\u1ec1n cao, ch\u1ecbu l\u1ef1c t\u1ed1t, \u00edt b\u1ecb x\u00f9 l\u00f4ng, r\u00e1ch sau nhi\u1ec1u l\u1ea7n gi\u1eb7t.<\/li>\n<li><strong>D\u1ec5 d\u00e0ng v\u1ec7 sinh:<\/strong> Ga gi\u01b0\u1eddng l\u1ee5a c\u00f3 th\u1ec3 gi\u1eb7t tay ho\u1eb7c gi\u1eb7t m\u00e1y v\u1edbi ch\u1ebf \u0111\u1ed9 gi\u1eb7t nh\u1eb9 nh\u00e0ng. Ch\u1ea5t li\u1ec7u l\u1ee5a \u00edt b\u00e1m b\u1ee5i, d\u1ec5 d\u00e0ng lo\u1ea1i b\u1ecf v\u1ebft b\u1ea9n, gi\u00fap ga gi\u01b0\u1eddng lu\u00f4n s\u1ea1ch s\u1ebd, v\u1ec7 sinh.<\/li>\n<\/ul>\n<figure id=\"attachment_13974\" aria-describedby=\"caption-attachment-13974\" style=\"width: 720px\" class=\"wp-caption aligncenter\"><img loading=\"lazy\" decoding=\"async\" class=\"wp-image-13974 size-full\" title=\"Ga gi\u01b0\u1eddng l\u1ee5a l\u00e0 lo\u1ea1i ga gi\u01b0\u1eddng \u0111\u01b0\u1ee3c l\u00e0m t\u1eeb ch\u1ea5t li\u1ec7u l\u1ee5a, th\u01b0\u1eddng l\u00e0 l\u1ee5a t\u01a1 t\u1eb1m t\u1ef1 nhi\u00ean\" src=\"https:\/\/khantamgiare.com\/wp-content\/uploads\/2024\/05\/MG_3736-1.jpg\" alt=\"Ga gi\u01b0\u1eddng l\u1ee5a l\u00e0 lo\u1ea1i ga gi\u01b0\u1eddng \u0111\u01b0\u1ee3c l\u00e0m t\u1eeb ch\u1ea5t li\u1ec7u l\u1ee5a, th\u01b0\u1eddng l\u00e0 l\u1ee5a t\u01a1 t\u1eb1m t\u1ef1 nhi\u00ean\" width=\"720\" height=\"480\" \/><figcaption id=\"caption-attachment-13974\" class=\"wp-caption-text\">Ga gi\u01b0\u1eddng spa l\u1ee5a l\u00e0 lo\u1ea1i ga gi\u01b0\u1eddng \u0111\u01b0\u1ee3c l\u00e0m t\u1eeb ch\u1ea5t li\u1ec7u l\u1ee5a, th\u01b0\u1eddng l\u00e0 l\u1ee5a t\u01a1 t\u1eb1m t\u1ef1 nhi\u00ean<\/figcaption><\/figure>\n<p>Ga gi\u01b0\u1eddng l\u1ee5a \u0111\u01b0\u1ee3c s\u1eed d\u1ee5ng ph\u1ed5 bi\u1ebfn trong ph\u00f2ng ng\u1ee7, \u0111\u1eb7c bi\u1ec7t l\u00e0 \u1edf c\u00e1c kh\u00e1ch s\u1ea1n cao c\u1ea5p, spa, resort. Ga gi\u01b0\u1eddng l\u1ee5a c\u0169ng l\u00e0 m\u00f3n qu\u00e0 \u00fd ngh\u0129a d\u00e0nh cho ng\u01b0\u1eddi th\u00e2n, b\u1ea1n b\u00e8.<\/p>\n<p>Hi\u1ec7n nay, tr\u00ean th\u1ecb tr\u01b0\u1eddng c\u00f3 nhi\u1ec1u lo\u1ea1i ga gi\u01b0\u1eddng l\u1ee5a kh\u00e1c nhau v\u1edbi m\u1ee9c gi\u00e1 \u0111a d\u1ea1ng. B\u1ea1n n\u00ean l\u1ef1a ch\u1ecdn ga gi\u01b0\u1eddng l\u1ee5a ph\u00f9 h\u1ee3p v\u1edbi nhu c\u1ea7u v\u00e0 kh\u1ea3 n\u0103ng t\u00e0i ch\u00ednh c\u1ee7a b\u1ea3n th\u00e2n.<\/p>\n<h3><strong><em>L\u01b0u \u00dd Khi S\u1eed D\u1ee5ng Ga Gi\u01b0\u1eddng L\u1ee5a<\/em><\/strong><\/h3>\n<ul>\n<li>Gi\u1eb7t ga gi\u01b0\u1eddng l\u1ee5a b\u1eb1ng n\u01b0\u1edbc \u1ea5m v\u1edbi x\u00e0 ph\u00f2ng d\u1ecbu nh\u1eb9.<\/li>\n<li>Tr\u00e1nh s\u1eed d\u1ee5ng c\u00e1c ch\u1ea5t t\u1ea9y r\u1eeda m\u1ea1nh ho\u1eb7c ch\u1ea5t l\u00e0m tr\u1eafng.<\/li>\n<li>Ph\u01a1i ga gi\u01b0\u1eddng l\u1ee5a \u1edf n\u01a1i tho\u00e1ng m\u00e1t, tr\u00e1nh \u00e1nh n\u1eafng tr\u1ef1c ti\u1ebfp.<\/li>\n<li>\u1ee6i ga gi\u01b0\u1eddng l\u1ee5a \u1edf nhi\u1ec7t \u0111\u1ed9 th\u1ea5p n\u1ebfu c\u1ea7n thi\u1ebft.<\/li>\n<\/ul>\n<p>V\u1edbi nh\u1eefng \u01b0u \u0111i\u1ec3m v\u01b0\u1ee3t tr\u1ed9i, ga gi\u01b0\u1eddng l\u1ee5a l\u00e0 l\u1ef1a ch\u1ecdn ho\u00e0n h\u1ea3o cho nh\u1eefng ai mong mu\u1ed1n c\u00f3 m\u1ed9t gi\u1ea5c ng\u1ee7 ngon v\u00e0 t\u1eadn h\u01b0\u1edfng c\u1ea3m gi\u00e1c tho\u1ea3i m\u00e1i, d\u1ec5 ch\u1ecbu.<\/p>\n<h2><strong>Ti\u00eau ch\u00ed l\u1ef1a ch\u1ecdn ga tr\u1ea3i gi\u01b0\u1eddng l\u1ee5a ch\u1ea5t l\u01b0\u1ee3ng<\/strong><\/h2>\n<p>Ga tr\u1ea3i gi\u01b0\u1eddng l\u1ee5a l\u00e0 s\u1ea3n ph\u1ea9m cao c\u1ea5p \u0111\u01b0\u1ee3c nhi\u1ec1u ng\u01b0\u1eddi \u01b0a chu\u1ed9ng b\u1edfi s\u1ef1 sang tr\u1ecdng, tinh t\u1ebf v\u00e0 mang l\u1ea1i c\u1ea3m gi\u00e1c tho\u1ea3i m\u00e1i, d\u1ec5 ch\u1ecbu khi s\u1eed d\u1ee5ng. Tuy nhi\u00ean, v\u1edbi nhi\u1ec1u m\u1eabu m\u00e3, ch\u1ea5t li\u1ec7u v\u00e0 gi\u00e1 th\u00e0nh kh\u00e1c nhau tr\u00ean th\u1ecb tr\u01b0\u1eddng, vi\u1ec7c l\u1ef1a ch\u1ecdn ga tr\u1ea3i gi\u01b0\u1eddng l\u1ee5a ch\u1ea5t l\u01b0\u1ee3ng kh\u00f4ng ph\u1ea3i l\u00e0 \u0111i\u1ec1u d\u1ec5 d\u00e0ng. D\u01b0\u1edbi \u0111\u00e2y l\u00e0 m\u1ed9t s\u1ed1 ti\u00eau ch\u00ed quan tr\u1ecdng c\u1ea7n l\u01b0u \u00fd khi l\u1ef1a ch\u1ecdn ga tr\u1ea3i gi\u01b0\u1eddng l\u1ee5a:<\/p>\n<h3><strong>\u6750\u8cea\uff1a<\/strong><\/h3>\n<ul>\n<li><strong>L\u1ee5a t\u01a1 t\u1eb1m:<\/strong> \u0110\u00e2y l\u00e0 ch\u1ea5t li\u1ec7u l\u1ee5a cao c\u1ea5p nh\u1ea5t, m\u1ec1m m\u1ea1i, \u00eam \u00e1i, th\u1ea5m h\u00fat t\u1ed1t v\u00e0 c\u00f3 \u0111\u1ed9 b\u1ec1n cao. Tuy nhi\u00ean, gi\u00e1 th\u00e0nh c\u1ee7a ga tr\u1ea3i gi\u01b0\u1eddng l\u1ee5a t\u01a1 t\u1eb1m c\u0169ng cao h\u01a1n so v\u1edbi c\u00e1c lo\u1ea1i l\u1ee5a kh\u00e1c.<\/li>\n<li><strong>L\u1ee5a nh\u00e2n t\u1ea1o:<\/strong> L\u1ee5a nh\u00e2n t\u1ea1o c\u00f3 gi\u00e1 th\u00e0nh r\u1ebb h\u01a1n l\u1ee5a t\u01a1 t\u1eb1m, nh\u01b0ng \u0111\u1ed9 m\u1ec1m m\u1ea1i, \u00eam \u00e1i v\u00e0 kh\u1ea3 n\u0103ng th\u1ea5m h\u00fat kh\u00f4ng b\u1eb1ng. L\u1ee5a nh\u00e2n t\u1ea1o c\u0169ng d\u1ec5 b\u1ecb x\u00f9 l\u00f4ng v\u00e0 r\u00e1ch sau m\u1ed9t th\u1eddi gian s\u1eed d\u1ee5ng.<\/li>\n<li><strong>L\u1ee5a pha:<\/strong> L\u1ee5a pha l\u00e0 s\u1ef1 k\u1ebft h\u1ee3p gi\u1eefa l\u1ee5a t\u01a1 t\u1eb1m v\u00e0 l\u1ee5a nh\u00e2n t\u1ea1o. Ch\u1ea5t li\u1ec7u n\u00e0y c\u00f3 gi\u00e1 th\u00e0nh r\u1ebb h\u01a1n l\u1ee5a t\u01a1 t\u1eb1m nh\u01b0ng v\u1eabn \u0111\u1ea3m b\u1ea3o \u0111\u01b0\u1ee3c \u0111\u1ed9 m\u1ec1m m\u1ea1i, \u00eam \u00e1i v\u00e0 kh\u1ea3 n\u0103ng th\u1ea5m h\u00fat t\u01b0\u01a1ng \u0111\u1ed1i t\u1ed1t.<\/li>\n<\/ul>\n<h3><strong>Kh\u1ed1i l\u01b0\u1ee3ng (Momme):<\/strong><\/h3>\n<ul>\n<li>Momme l\u00e0 \u0111\u01a1n v\u1ecb \u0111o tr\u1ecdng l\u01b0\u1ee3ng cho m\u1ed9t m\u00e9t vu\u00f4ng v\u1ea3i l\u1ee5a. Kh\u1ed1i l\u01b0\u1ee3ng momme c\u00e0ng cao, ch\u1ea5t l\u01b0\u1ee3ng l\u1ee5a c\u00e0ng t\u1ed1t v\u00e0 gi\u00e1 th\u00e0nh c\u00e0ng cao.<\/li>\n<li>Ga tr\u1ea3i gi\u01b0\u1eddng l\u1ee5a th\u00f4ng th\u01b0\u1eddng c\u00f3 kh\u1ed1i l\u01b0\u1ee3ng t\u1eeb 16 momme \u0111\u1ebfn 30 momme. N\u00ean ch\u1ecdn ga tr\u1ea3i gi\u01b0\u1eddng l\u1ee5a c\u00f3 kh\u1ed1i l\u01b0\u1ee3ng t\u1eeb 19 momme tr\u1edf l\u00ean \u0111\u1ec3 \u0111\u1ea3m b\u1ea3o ch\u1ea5t l\u01b0\u1ee3ng t\u1ed1t.<\/li>\n<\/ul>\n<h3><strong>\u30b5\u30a4\u30ba:<\/strong><\/h3>\n<ul>\n<li>Ga tr\u1ea3i gi\u01b0\u1eddng l\u1ee5a c\u1ea7n c\u00f3 k\u00edch th\u01b0\u1edbc ph\u00f9 h\u1ee3p v\u1edbi k\u00edch th\u01b0\u1edbc \u0111\u1ec7m. N\u00ean ch\u1ecdn ga tr\u1ea3i gi\u01b0\u1eddng l\u1ee5a c\u00f3 chi\u1ec1u d\u00e0i v\u00e0 chi\u1ec1u r\u1ed9ng d\u01b0 ra t\u1eeb 30 \u0111\u1ebfn 50 cm \u0111\u1ec3 c\u00f3 th\u1ec3 d\u1ec5 d\u00e0ng ph\u1ee7 k\u00edn \u0111\u1ec7m v\u00e0 t\u1ea1o \u0111\u1ed9 \u0111\u1eb9p m\u1eaft.<\/li>\n<\/ul>\n<h3><strong>M\u00e0u s\u1eafc v\u00e0 h\u1ecda ti\u1ebft:<\/strong><\/h3>\n<ul>\n<li>Ga tr\u1ea3i gi\u01b0\u1eddng l\u1ee5a c\u00f3 nhi\u1ec1u m\u00e0u s\u1eafc v\u00e0 h\u1ecda ti\u1ebft \u0111a d\u1ea1ng \u0111\u1ec3 b\u1ea1n l\u1ef1a ch\u1ecdn. N\u00ean ch\u1ecdn m\u00e0u s\u1eafc v\u00e0 h\u1ecda ti\u1ebft ph\u00f9 h\u1ee3p v\u1edbi phong c\u00e1ch trang tr\u00ed c\u1ee7a ph\u00f2ng ng\u1ee7.<\/li>\n<\/ul>\n<h3><strong>Th\u01b0\u01a1ng hi\u1ec7u:<\/strong><\/h3>\n<ul>\n<li>N\u00ean ch\u1ecdn ga tr\u1ea3i gi\u01b0\u1eddng l\u1ee5a c\u1ee7a c\u00e1c th\u01b0\u01a1ng hi\u1ec7u uy t\u00edn \u0111\u1ec3 \u0111\u1ea3m b\u1ea3o ch\u1ea5t l\u01b0\u1ee3ng s\u1ea3n ph\u1ea9m.<\/li>\n<\/ul>\n<h3><strong>Gi\u00e1 c\u1ea3:<\/strong><\/h3>\n<ul>\n<li>Gi\u00e1 th\u00e0nh c\u1ee7a ga tr\u1ea3i gi\u01b0\u1eddng l\u1ee5a ph\u1ee5 thu\u1ed9c v\u00e0o ch\u1ea5t li\u1ec7u, kh\u1ed1i l\u01b0\u1ee3ng, k\u00edch th\u01b0\u1edbc, m\u00e0u s\u1eafc, h\u1ecda ti\u1ebft v\u00e0 th\u01b0\u01a1ng hi\u1ec7u. N\u00ean c\u00e2n nh\u1eafc k\u1ef9 l\u01b0\u1ee1ng v\u1ec1 nhu c\u1ea7u v\u00e0 kh\u1ea3 n\u0103ng t\u00e0i ch\u00ednh tr\u01b0\u1edbc khi mua.<\/li>\n<\/ul>\n<figure id=\"attachment_13975\" aria-describedby=\"caption-attachment-13975\" style=\"width: 720px\" class=\"wp-caption aligncenter\"><img loading=\"lazy\" decoding=\"async\" class=\"wp-image-13975 size-full\" title=\"V\u1edbi nhi\u1ec1u m\u1eabu m\u00e3, ch\u1ea5t li\u1ec7u v\u00e0 gi\u00e1 th\u00e0nh kh\u00e1c nhau tr\u00ean th\u1ecb tr\u01b0\u1eddng, vi\u1ec7c l\u1ef1a ch\u1ecdn ga tr\u1ea3i gi\u01b0\u1eddng l\u1ee5a ch\u1ea5t l\u01b0\u1ee3ng kh\u00f4ng ph\u1ea3i l\u00e0 \u0111i\u1ec1u d\u1ec5 d\u00e0ng\" src=\"https:\/\/khantamgiare.com\/wp-content\/uploads\/2024\/05\/MG_3734.jpg\" alt=\"V\u1edbi nhi\u1ec1u m\u1eabu m\u00e3, ch\u1ea5t li\u1ec7u v\u00e0 gi\u00e1 th\u00e0nh kh\u00e1c nhau tr\u00ean th\u1ecb tr\u01b0\u1eddng, vi\u1ec7c l\u1ef1a ch\u1ecdn ga tr\u1ea3i gi\u01b0\u1eddng l\u1ee5a ch\u1ea5t l\u01b0\u1ee3ng kh\u00f4ng ph\u1ea3i l\u00e0 \u0111i\u1ec1u d\u1ec5 d\u00e0ng\" width=\"720\" height=\"480\" \/><figcaption id=\"caption-attachment-13975\" class=\"wp-caption-text\">V\u1edbi nhi\u1ec1u m\u1eabu m\u00e3, ch\u1ea5t li\u1ec7u v\u00e0 gi\u00e1 th\u00e0nh kh\u00e1c nhau tr\u00ean th\u1ecb tr\u01b0\u1eddng, vi\u1ec7c l\u1ef1a ch\u1ecdn ga gi\u01b0\u1eddng spa l\u1ee5a ch\u1ea5t l\u01b0\u1ee3ng kh\u00f4ng ph\u1ea3i l\u00e0 \u0111i\u1ec1u d\u1ec5 d\u00e0ng<\/figcaption><\/figure>\n<p><strong>Ngo\u00e0i ra, b\u1ea1n c\u0169ng n\u00ean l\u01b0u \u00fd m\u1ed9t s\u1ed1 v\u1ea5n \u0111\u1ec1 sau khi s\u1eed d\u1ee5ng ga gi\u01b0\u1eddng spa l\u1ee5a:<\/strong><\/p>\n<ul>\n<li>Gi\u1eb7t ga tr\u1ea3i gi\u01b0\u1eddng l\u1ee5a b\u1eb1ng tay ho\u1eb7c gi\u1eb7t m\u00e1y v\u1edbi ch\u1ebf \u0111\u1ed9 gi\u1eb7t nh\u1eb9 nh\u00e0ng.<\/li>\n<li>Tr\u00e1nh s\u1eed d\u1ee5ng c\u00e1c ch\u1ea5t t\u1ea9y r\u1eeda m\u1ea1nh ho\u1eb7c ch\u1ea5t l\u00e0m tr\u1eafng.<\/li>\n<li>Ph\u01a1i ga tr\u1ea3i gi\u01b0\u1eddng l\u1ee5a \u1edf n\u01a1i tho\u00e1ng m\u00e1t, tr\u00e1nh \u00e1nh n\u1eafng tr\u1ef1c ti\u1ebfp.<\/li>\n<li>\u1ee6i ga tr\u1ea3i gi\u01b0\u1eddng l\u1ee5a \u1edf nhi\u1ec7t \u0111\u1ed9 th\u1ea5p n\u1ebfu c\u1ea7n thi\u1ebft.<\/li>\n<\/ul>\n<p>B\u1eb1ng c\u00e1ch l\u1ef1a ch\u1ecdn ga tr\u1ea3i gi\u01b0\u1eddng l\u1ee5a c\u1ea9n th\u1eadn v\u00e0 tu\u00e2n th\u1ee7 c\u00e1c h\u01b0\u1edbng d\u1eabn s\u1eed d\u1ee5ng, b\u1ea1n s\u1ebd c\u00f3 \u0111\u01b0\u1ee3c s\u1ea3n ph\u1ea9m ch\u1ea5t l\u01b0\u1ee3ng cao v\u00e0 mang l\u1ea1i cho m\u00ecnh nh\u1eefng gi\u1ea5c ng\u1ee7 ngon v\u00e0 th\u01b0 gi\u00e3n.<\/p>\n<h2><strong>Kh\u0103n T\u1eafm Gi\u00e1 R\u1ebb &#8211; N\u01a1i Cung C\u1ea5p Ga Gi\u01b0\u1eddng Spa L\u1ee5a Ch\u1ea5t L\u01b0\u1ee3ng Cao V\u1edbi Gi\u00e1 Th\u00e0nh H\u1ee3p L\u00fd<\/strong><\/h2>\n<p>B\u1ea1n \u0111ang t\u00ecm ki\u1ebfm \u0111\u1ecba ch\u1ec9 uy t\u00edn \u0111\u1ec3 mua ga gi\u01b0\u1eddng spa l\u1ee5a ch\u1ea5t l\u01b0\u1ee3ng m\u00e0 v\u1eabn \u0111\u1ea3m b\u1ea3o gi\u00e1 c\u1ea3 h\u1ee3p l\u00fd? Kh\u0103n T\u1eafm Gi\u00e1 R\u1ebb ch\u00ednh l\u00e0 \u0111i\u1ec3m \u0111\u1ebfn l\u00fd t\u01b0\u1edfng d\u00e0nh cho b\u1ea1n!<\/p>\n<figure id=\"attachment_13976\" aria-describedby=\"caption-attachment-13976\" style=\"width: 720px\" class=\"wp-caption aligncenter\"><img loading=\"lazy\" decoding=\"async\" class=\"wp-image-13976 size-full\" title=\"Kh\u0103n T\u1eafm Gi\u00e1 R\u1ebb - n\u01a1i cung c\u1ea5p ga gi\u01b0\u1eddng spa ch\u1ea5t l\u01b0\u1ee3ng cao v\u1edbi gi\u00e1 th\u00e0nh h\u1ee3p l\u00fd\" src=\"https:\/\/khantamgiare.com\/wp-content\/uploads\/2024\/05\/MG_3738-1.jpg\" alt=\"Kh\u0103n T\u1eafm Gi\u00e1 R\u1ebb - n\u01a1i cung c\u1ea5p ga gi\u01b0\u1eddng spa l\u1ee5a ch\u1ea5t l\u01b0\u1ee3ng cao v\u1edbi gi\u00e1 th\u00e0nh h\u1ee3p l\u00fd\" width=\"720\" height=\"480\" \/><figcaption id=\"caption-attachment-13976\" class=\"wp-caption-text\">Kh\u0103n T\u1eafm Gi\u00e1 R\u1ebb &#8211; n\u01a1i cung c\u1ea5p ga gi\u01b0\u1eddng spa l\u1ee5a x\u00e1m ch\u1ea5t l\u01b0\u1ee3ng cao v\u1edbi gi\u00e1 th\u00e0nh h\u1ee3p l\u00fd<\/figcaption><\/figure>\n<p><strong><em>T\u1ea1i sao n\u00ean ch\u1ecdn Kh\u0103n T\u1eafm Gi\u00e1 R\u1ebb?<\/em><\/strong><\/p>\n<ul>\n<li><strong>Ch\u1ea5t li\u1ec7u cao c\u1ea5p:<\/strong> Ga gi\u01b0\u1eddng spa c\u1ee7a ch\u00fang t\u00f4i \u0111\u01b0\u1ee3c l\u00e0m t\u1eeb nh\u1eefng ch\u1ea5t li\u1ec7u cao c\u1ea5p, c\u00f3 \u0111\u1ed9 b\u1ec1n cao, m\u1ec1m m\u1ea1i v\u00e0 an to\u00e0n cho da, mang \u0111\u1ebfn c\u1ea3m gi\u00e1c tho\u1ea3i m\u00e1i t\u1ed1i \u0111a cho kh\u00e1ch h\u00e0ng trong su\u1ed1t qu\u00e1 tr\u00ecnh s\u1eed d\u1ee5ng.<\/li>\n<li><strong>M\u1eabu m\u00e3 \u0111a d\u1ea1ng:<\/strong> Kh\u0103n T\u1eafm Gi\u00e1 R\u1ebb cung c\u1ea5p nhi\u1ec1u m\u1eabu m\u00e3 ga gi\u01b0\u1eddng spa \u0111a d\u1ea1ng, v\u1edbi thi\u1ebft k\u1ebf sang tr\u1ecdng, tinh t\u1ebf, ph\u00f9 h\u1ee3p v\u1edbi nhi\u1ec1u phong c\u00e1ch spa kh\u00e1c nhau.<\/li>\n<li><strong>\u0110\u00e1p \u1ee9ng m\u1ecdi nhu c\u1ea7u:<\/strong> Ch\u00fang t\u00f4i \u0111\u00e1p \u1ee9ng m\u1ecdi nhu c\u1ea7u c\u1ee7a kh\u00e1ch h\u00e0ng, t\u1eeb vi\u1ec7c cung c\u1ea5p c\u00e1c m\u1eabu m\u00e3 c\u00f3 s\u1eb5n \u0111\u1ebfn vi\u1ec7c \u0111\u1eb7t may theo y\u00eau c\u1ea7u ri\u00eang.<\/li>\n<li><strong>\u7af6\u4e89\u529b\u306e\u3042\u308b\u4fa1\u683c:<\/strong> Kh\u0103n T\u1eafm Gi\u00e1 R\u1ebb cam k\u1ebft mang \u0111\u1ebfn cho kh\u00e1ch h\u00e0ng m\u1ee9c gi\u00e1 ga gi\u01b0\u1eddng spa c\u1ea1nh tranh nh\u1ea5t tr\u00ean th\u1ecb tr\u01b0\u1eddng, c\u00f9ng v\u1edbi nhi\u1ec1u ch\u01b0\u01a1ng tr\u00ecnh \u01b0u \u0111\u00e3i h\u1ea5p d\u1eabn khi \u0111\u1eb7t h\u00e0ng s\u1ed1 l\u01b0\u1ee3ng l\u1edbn.<\/li>\n<li><strong>D\u1ecbch v\u1ee5 chuy\u00ean nghi\u1ec7p:<\/strong> \u0110\u1ed9i ng\u0169 nh\u00e2n vi\u00ean t\u01b0 v\u1ea5n nhi\u1ec7t t\u00ecnh, gi\u00e0u kinh nghi\u1ec7m s\u1ebd lu\u00f4n s\u1eb5n s\u00e0ng h\u1ed7 tr\u1ee3 qu\u00fd kh\u00e1ch l\u1ef1a ch\u1ecdn s\u1ea3n ph\u1ea9m ph\u00f9 h\u1ee3p nh\u1ea5t v\u1edbi nhu c\u1ea7u c\u1ee7a m\u00ecnh.<\/li>\n<\/ul>\n<p><strong>Ngo\u00e0i ga gi\u01b0\u1eddng spa l\u1ee5a, Kh\u0103n T\u1eafm Gi\u00e1 R\u1ebb c\u00f2n cung c\u1ea5p nhi\u1ec1u lo\u1ea1i d\u1ee5ng c\u1ee5 spa kh\u00e1c nh\u01b0:<\/strong><\/p>\n<ul>\n<li>\u30bf\u30aa\u30eb\u30b9\u30b9\u30d1<\/li>\n<li>Kh\u0103n g\u1ed9i \u0111\u1ea7u spa<\/li>\n<li>V\u00e0 nhi\u1ec1u s\u1ea3n ph\u1ea9m kh\u00e1c<\/li>\n<\/ul>\n<p><strong>H\u00e3y li\u00ean h\u1ec7 ngay v\u1edbi Kh\u0103n T\u1eafm Gi\u00e1 R\u1ebb \u0111\u1ec3 \u0111\u01b0\u1ee3c t\u01b0 v\u1ea5n chi ti\u1ebft v\u00e0 nh\u1eadn nh\u1eefng \u01b0u \u0111\u00e3i h\u1ea5p d\u1eabn!<\/strong><\/p>\n<p style=\"text-align: center;\">-------------<\/p>\n<p style=\"text-align: center;\">KHAN TAM GIA RE<\/p>\n<p style=\"text-align: center;\">\u0110i\u0323a chi\u0309: 268 Tho\u1ea1i Ng\u1ecdc H\u1ea7u, Ph\u00fa Th\u1ea1nh, T\u00e2n Ph\u00fa, Th\u00e0nh ph\u1ed1 H\u1ed3 Ch\u00ed Minh<\/p>\n<p style=\"text-align: center;\">Mail: khantamgiare1212@gmail.com<\/p>\n<p style=\"text-align: center;\">SDT:\u00a0<a href=\"tel:0903367867\" rel=\"nofollow external noopener noreferrer\" data-wpel-link=\"external\">0903 367 867<\/a><\/p>\n<p style=\"text-align: center;\">\u30a6\u30a7\u30d6\u30b5\u30a4\u30c8\uff1a\u00a0<a href=\"https:\/\/khantamgiare.com\/ja\/\" data-wpel-link=\"internal\">KhanTamGiaRe.Com<\/a><\/p>","protected":false},"excerpt":{"rendered":"<ul>\n<li class=\"text-pages\">\u30ea\u30cd\u30f3\u306e\u30b9\u30d1\u306b\u3088\u308b\u30b3\u30c3\u30c8\u30f3\u3001\u512a\u308c\u305f\u30ad\u30eb\u30c6\u30a3\u30f3\u30b0\u306b\u3088\u308b\u30d1\u30bf\u30fc\u30f3\u591a\u8272<\/li>\n<li class=\"text-pages\">\u30ea\u30cd\u30f3\u306e\u30b9\u30d1\u306e\u751f\u5730\u306f\u659c\u3081\u306e\u30b9\u30c8\u30e9\u30a4\u30d7\u591a\u8272<\/li>\n<li class=\"text-pages\">\u30ea\u30cd\u30f3\u306e\u30b9\u30d1\u3067\u306f\u3001\u30b9\u30d1\u30f3\u30c7\u30c3\u30af\u30b9\u97d3\u56fd<\/li>\n<li class=\"text-pages\">\u30ea\u30cd\u30f3\u306e\u30b9\u30d1\u5e03<\/li>\n<\/ul>\n<p>\u6ce8\u6587\u30b5\u30a4\u30ba\u306b\u3088\u3063\u3066\u304a\u5ba2\u69d8\u304c\u5fc5\u8981\u3067\u3059\u3002<\/p>","protected":false},"featured_media":13973,"comment_status":"closed","ping_status":"closed","template":"","meta":[],"product_cat":[64,65],"product_tag":[],"class_list":{"0":"post-4106","1":"product","2":"type-product","3":"status-publish","4":"has-post-thumbnail","6":"product_cat-ga-giuong-spa","7":"product_cat-ga-giuong-spa-lua-xam","8":"pa_chat-lieu-lua-phi-bong","9":"pa_kich-thuoc-90cm-x-190cm","10":"pa_mau-sac-xam","13":"instock","14":"product-type-simple"},"acf":[],"_links":{"self":[{"href":"https:\/\/khantamgiare.com\/ja\/wp-json\/wp\/v2\/product\/4106","targetHints":{"allow":["GET"]}}],"collection":[{"href":"https:\/\/khantamgiare.com\/ja\/wp-json\/wp\/v2\/product"}],"about":[{"href":"https:\/\/khantamgiare.com\/ja\/wp-json\/wp\/v2\/types\/product"}],"replies":[{"embeddable":true,"href":"https:\/\/khantamgiare.com\/ja\/wp-json\/wp\/v2\/comments?post=4106"}],"wp:featuredmedia":[{"embeddable":true,"href":"https:\/\/khantamgiare.com\/ja\/wp-json\/wp\/v2\/media\/13973"}],"wp:attachment":[{"href":"https:\/\/khantamgiare.com\/ja\/wp-json\/wp\/v2\/media?parent=4106"}],"wp:term":[{"taxonomy":"product_cat","embeddable":true,"href":"https:\/\/khantamgiare.com\/ja\/wp-json\/wp\/v2\/product_cat?post=4106"},{"taxonomy":"product_tag","embeddable":true,"href":"https:\/\/khantamgiare.com\/ja\/wp-json\/wp\/v2\/product_tag?post=4106"}],"curies":[{"name":"wp","href":"https:\/\/api.w.org\/{rel}","templated":true}]}}