{"id":4114,"date":"2023-06-29T08:01:58","date_gmt":"2023-06-29T08:01:58","guid":{"rendered":"http:\/\/khantam.h193.dpsmedia.vn\/san-pham\/ga-tim-tran-bong\/"},"modified":"2024-04-11T15:29:32","modified_gmt":"2024-04-11T08:29:32","slug":"ga-tim-tran-bong","status":"publish","type":"product","link":"https:\/\/khantamgiare.com\/ja\/ga-tim-tran-bong\/","title":{"rendered":"\u99c5\u7d2b\u512a\u308c\u305f\u30ad\u30eb\u30c6\u30a3\u30f3\u30b0"},"content":{"rendered":"<h2><strong>\u7279\u6027\u306e\u30b5\u30f3\u30d7\u30eb\u751f\u5730\u306e\u53d6\u308a\u65b9\u306e\u7d2b\u512a\u308c\u305f\u30ad\u30eb\u30c6\u30a3\u30f3\u30b0<\/strong><\/h2>\n<p>\u30b5\u30f3\u30d7\u30eb\u751f\u5730\u306e\u53d6\u308a\u65b9\u306e\u7d2b\u512a\u308c\u305f\u30ad\u30eb\u30c6\u30a3\u30f3\u30b0\u8a55\u4fa1\u306e\u8fd1\u4ee3\u7684\u306a\u8272\u306e\u8c6a\u83ef\u306a\u30b9\u30bf\u30a4\u30eb\u3002 \u30c6\u30f3\u30d7\u30ec\u30fc\u30c8\u99c5\u306e\u4f7f\u7528\u306b\u9069\u3057\u305f\u30b9\u30da\u30fc\u30b9\u30b9\u30d1\u304c\u3042\u308a\u307e\u3059\u3002 \u898b\u6674\u3089\u3057\u304f\u5370\u8c61\u7684\u306a\u30d8\u30eb\u30b9\u30b9\u30d1\u306e\u9752\u5199\u771f\u3092\u5927\u80c6\u306b\u3059\u308b\u3002<\/p>\n<p>\u751f\u5730\u306e\u53d6\u308a\u65b9\u304b\u3089\u9ad8\u54c1\u8cea\u306e\u7d20\u6750\u3001\u512a\u308c\u305f\u30ad\u30eb\u30c6\u30a3\u30f3\u30b0\u3092100\uff05\u306b\u3059\u308b\u3002 \u6750\u6599\u306e\u512a\u308c\u305f\u30ad\u30eb\u30c6\u30a3\u30f3\u30b0\u6750\u6599\u306e\u5e73\u6ed1\u6027\u3002 \u4f7f\u7528\u6642\u306b\u611f\u3058\u3082\u3042\u308a\u307e\u3059\u3002 \u306a\u73fe\u8c61\u306f\u3001\u76ae\u9769\u306e\u3088\u3046\u306a\u751f\u5730\u304c\u3059\u308b\u3002<\/p>\n<p>\u306e\u99c5\u304c\u30e2\u30c1\u30fc\u30d5\u3092\u7f8e\u3057\u304f\u98fe\u3089\u308c\u3001\u88fd\u54c1\u306b\u306a\u308a\u307e\u3059\u3002 \u4f7f\u7528\u6bb5\u30dc\u30fc\u30eb\u306e\u80cc\u666f\u7d2b\u306e\u4e3b\u306a\u3082\u306e\u306e\u4e00\u90e8\u306f\u767d\u3092\u7e54\u308a\u4ea4\u305c\u4f5c\u6210\u306b\u8abf\u548c\u3057\u3066\u3044\u308b\u3002<\/p>\n<p><img decoding=\"async\" class=\"aligncenter wp-image-10326 size-full\" src=\"http:\/\/khantamgiare.com\/wp-content\/uploads\/2023\/06\/ga-giuong-tim-tran-bong.jpg\" alt=\" width=\" height=\"500\" title=\"\"><\/p>\n<h3><strong>\u751f\u5730\u306e\u53d6\u308a\u65b9\u306e\u30b9\u30d1\u7528\u3044\u3066\u3044\u307e\u3059\u3002<\/strong><\/h3>\n<p>\u30b5\u30f3\u30d7\u30eb\u751f\u5730\u306e\u53d6\u308a\u65b9\u306e\u30b9\u30d1\u7d2b\u512a\u308c\u305f\u30ad\u30eb\u30c6\u30a3\u30f3\u30b0\u304c\u3054\u5229\u7528\u306b\u306a\u308b\u5168\u4f53\u306e\u30d9\u30c3\u30c9\u30b9\u30d1\u304c\u3042\u308a\u307e\u3059\u3002 \u30b9\u30d1\u30d9\u30c3\u30c9\u304c\u304b\u306a\u308a\u7c97\u3044\u3082\u3092\u4f7f\u7528\u3059\u308b\u5fc5\u8981\u304c\u3042\u308a\u30b7\u30fc\u30c8\u3092\u30d9\u30c3\u30c9\u3068\u306a\u308a\u3001\u3088\u308a\u7f8e\u3057\u304f\u6620\u3048\u307e\u3059\u3002 \u540c\u6642\u306b\u3001\u30b9\u30da\u30fc\u30b9\u306e\u30b9\u30d1\u3001\u30d7\u30ed\u306e\u73fe\u4ee3\u7684\u9ad8\u3044\u308b\u9b45\u529b\u3067\u3059\u3002<\/p>\n<p>\u30b5\u30f3\u30d7\u30eb\u751f\u5730\u306e\u53d6\u308a\u65b9\u306e\u30b9\u30d1\u7d2b\u3066\u4f7f\u7528\u3055\u308c\u3066\u3044\u308b\u306e\u306f\u30d9\u30fc\u30b9\u306e\u30b9\u30d1\u306e\u5c02\u9580\u5bb6\u3067\u3059\u3002 \u307e\u305f\u3001\u3082\u4f7f\u7528\u3067\u304d\u308b\u88fd\u54c1\u306e\u7f8e\u3057\u3055\u305d\u306e\u4ed6\u306e\u30b5\u30fc\u30d3\u30b9\uff1a\u7f8e\u5bb9\u5ba4\u3001\u7f8e\u7684\u30bb\u30f3\u30bf\u30fc\u3001...<\/p>\n<p><img decoding=\"async\" class=\"aligncenter wp-image-10327 size-full\" src=\"http:\/\/khantamgiare.com\/wp-content\/uploads\/2023\/06\/ga-giuong-tim-tran-bong1.jpg\" alt=\" width=\" height=\"800\" title=\"\"><\/p>\n<h2><strong>Nh\u1eefng l\u1ee3i \u00edch khi \u0111\u1eb7t mua s\u1ea3n ph\u1ea9m t\u1ea1i Kh\u0103n T\u1eafm Gi\u00e1 R\u1ebb\u00a0<\/strong><\/h2>\n<p>Kh\u0103n T\u1eafm Gi\u00e1 R\u1ebb l\u00e0 th\u01b0\u01a1ng hi\u1ec7u h\u00e0ng \u0111\u1ea7u hi\u1ec7n nay trong l\u0129nh v\u1ef1c s\u1ea3n xu\u1ea5t v\u00e0 ph\u00e2n ph\u1ed1i c\u00e1c d\u1ee5ng c\u1ee5 chuy\u00ean d\u1ee5ng cho spa nh\u01b0 ga tr\u1ea3i gi\u01b0\u1eddng, gi\u01b0\u1eddng spa v\u00e0 <a href=\"https:\/\/khantamgiare.com\/ja\/khan-spa\/\">kh\u0103n spa gi\u00e1 r\u1ebb<\/a>. C\u00e1c s\u1ea3n ph\u1ea9m ga tr\u1ea3i gi\u01b0\u1eddng c\u1ee7a Kh\u0103n T\u1eafm Gi\u00e1 R\u1ebb \u0111\u01b0\u1ee3c \u0111\u00e1nh gi\u00e1 cao v\u1ec1 ch\u1ea5t l\u01b0\u1ee3ng c\u0169ng nh\u01b0 h\u00ecnh th\u1ee9c th\u1ea9m m\u1ef9.<\/p>\n<p>Khi \u0111\u1eb7t mua s\u1ea3n ph\u1ea9m t\u1ea1i Kh\u0103n T\u1eafm Gi\u00e1 R\u1ebb, kh\u00e1ch h\u00e0ng s\u1ebd \u0111\u01b0\u1ee3c nh\u1eadn nh\u1eefng l\u1ee3i \u00edch thi\u1ebft th\u1ef1c sau:<\/p>\n<ul>\n<li>\u52a9\u8a00\u306e\u65b9\u304c\u71b1\u5fc3\u306b\u3088\u308b\u5f53\u793e\u306e\u30c1\u30fc\u30e0\u306e\u5c02\u9580\u30b9\u30bf\u30c3\u30d5<\/li>\n<li>\u306e\u8cb7-\u5bdd\u5177-\u5ddd\u6cbb\u6e29\u6cc9\u90f7\u304c\u30d1\u30ce\u30e9\u30de\u30d3\u30e5\u30fc\u306e\u4fa1\u683c\u306f\u5de5\u5834\u3067\u3059\u3002 \u306a\u304f\u901a\u904e\u3057\u306a\u3051\u308c\u3070\u306a\u3089\u306a\u4e2d\u9593\u30e6\u30cb\u30c3\u30c8<\/li>\n<li>\u3092\u6e80\u8db3\u3059\u308b\u3053\u3068\u3092\u9078\u3079\u308b\u7d20\u6750\u3001\u30b9\u30bf\u30a4\u30eb\u30c7\u30b6\u30a4\u30f3\u306e\u88fd\u54c1<\/li>\n<li>\u7121\u6599\u523a\u7e4d\u30a8\u30f3\u30dc\u30b9\u30ed\u30b4\u306b\u306f\u3001\u4e00\u62ec\u53d7\u6ce8<\/li>\n<li>\u652f\u63f4\u3001\u77ed\u7d0d\u671f\u3001\u6642\u9593<\/li>\n<li>\u308a\u8fd4\u308a\u65b9\u91dd\u5546\u54c1\u306e\u660e\u78ba\u3067\u5177\u4f53\u7684<\/li>\n<\/ul>\n<p>Nh\u00ecn chung, m\u1ecdi quy\u1ec1n l\u1ee3i c\u1ee7a kh\u00e1ch h\u00e0ng s\u1ebd \u0111\u01b0\u1ee3c \u0111\u1ea3m b\u1ea3o tuy\u1ec7t \u0111\u1ed1i. Khi \u0111\u1eb7t h\u00e0ng t\u1ea1i <a href=\"https:\/\/khantamgiare.com\/ja\/\">\u30bf\u30aa\u30eb\u683c\u5b89<\/a>, ch\u00fang t\u00f4i cam k\u1ebft mang \u0111\u1ebfn kh\u00e1ch h\u00e0ng nh\u1eefng s\u1ea3n ph\u1ea9m thi\u1ebft th\u1ef1c v\u1edbi m\u1ee9c gi\u00e1 \u01b0u \u0111\u00e3i.<\/p>\n<p>\u8a73\u7d30\u306a\u30a2\u30c9\u30d0\u30a4\u30b9\u3001\u3054\u9023\u7d61\u304f\u3060\u3055\u3044\u60c5\u5831\u3092\u63d0\u6848\u3057\u307e\u3059\u3002 \u3044\u307e\u3059\u304a\u5ba2\u69d8\u3092\u304a\u8fce\u3048\u3059\u308b\u3002<\/p>","protected":false},"excerpt":{"rendered":"<ul>\n<li class=\"text-pages\">\u30ea\u30cd\u30f3\u306e\u30b9\u30d1\u306b\u3088\u308b\u30b3\u30c3\u30c8\u30f3\u3001\u512a\u308c\u305f\u30ad\u30eb\u30c6\u30a3\u30f3\u30b0\u306b\u3088\u308b\u30d1\u30bf\u30fc\u30f3\u591a\u8272<\/li>\n<li class=\"text-pages\">\u30ea\u30cd\u30f3\u306e\u30b9\u30d1\u306e\u751f\u5730\u306f\u659c\u3081\u306e\u30b9\u30c8\u30e9\u30a4\u30d7\u591a\u8272<\/li>\n<li class=\"text-pages\">\u30ea\u30cd\u30f3\u306e\u30b9\u30d1\u3067\u306f\u3001\u30b9\u30d1\u30f3\u30c7\u30c3\u30af\u30b9\u97d3\u56fd<\/li>\n<li class=\"text-pages\">\u30ea\u30cd\u30f3\u306e\u30b9\u30d1\u5e03<\/li>\n<\/ul>\n<p>\u6ce8\u6587\u30b5\u30a4\u30ba\u306b\u3088\u3063\u3066\u304a\u5ba2\u69d8\u304c\u5fc5\u8981\u3067\u3059\u3002<\/p>","protected":false},"featured_media":5514,"comment_status":"closed","ping_status":"closed","template":"","meta":[],"product_cat":[66,64],"product_tag":[],"class_list":{"0":"post-4114","1":"product","2":"type-product","3":"status-publish","4":"has-post-thumbnail","6":"product_cat-chan-bong-cotton","7":"product_cat-ga-giuong-spa","8":"pa_chat-lieu-kate-tran-bong","9":"pa_kich-thuoc-90cm-x-190cm","10":"pa_mau-sac-tim","13":"instock","14":"product-type-simple"},"acf":[],"_links":{"self":[{"href":"https:\/\/khantamgiare.com\/ja\/wp-json\/wp\/v2\/product\/4114","targetHints":{"allow":["GET"]}}],"collection":[{"href":"https:\/\/khantamgiare.com\/ja\/wp-json\/wp\/v2\/product"}],"about":[{"href":"https:\/\/khantamgiare.com\/ja\/wp-json\/wp\/v2\/types\/product"}],"replies":[{"embeddable":true,"href":"https:\/\/khantamgiare.com\/ja\/wp-json\/wp\/v2\/comments?post=4114"}],"wp:featuredmedia":[{"embeddable":true,"href":"https:\/\/khantamgiare.com\/ja\/wp-json\/wp\/v2\/media\/5514"}],"wp:attachment":[{"href":"https:\/\/khantamgiare.com\/ja\/wp-json\/wp\/v2\/media?parent=4114"}],"wp:term":[{"taxonomy":"product_cat","embeddable":true,"href":"https:\/\/khantamgiare.com\/ja\/wp-json\/wp\/v2\/product_cat?post=4114"},{"taxonomy":"product_tag","embeddable":true,"href":"https:\/\/khantamgiare.com\/ja\/wp-json\/wp\/v2\/product_tag?post=4114"}],"curies":[{"name":"wp","href":"https:\/\/api.w.org\/{rel}","templated":true}]}}