{"id":4209,"date":"2023-06-29T08:05:41","date_gmt":"2023-06-29T08:05:41","guid":{"rendered":"http:\/\/khantam.h193.dpsmedia.vn\/san-pham\/gsp-chan-inox\/"},"modified":"2024-04-10T17:54:47","modified_gmt":"2024-04-10T10:54:47","slug":"gsp-chan-inox","status":"publish","type":"product","link":"https:\/\/khantamgiare.com\/ja\/gsp-chan-inox\/","title":{"rendered":"GSP\u811a\u306f\u3001\u30b9\u30c6\u30f3\u30ec\u30b9\u92fc"},"content":{"rendered":"<p style=\"text-align: justify;\">Gi\u1edbi thi\u1ec7u v\u1ec1 gi\u01b0\u1eddng spa cao c\u1ea5p:<\/p>\n<p style=\"text-align: justify;\"><a href=\"https:\/\/khantamgiare.com\/ja\/giuong-spa\/\">\u30b9\u30d1\u30d9\u30c3\u30c9<\/a> cao c\u1ea5p n\u00e0y \u0111\u01b0\u1ee3c thi\u1ebft k\u1ebf v\u1edbi khung Inox kh\u00f4ng ch\u1ec9 ch\u1eafc ch\u1eafn m\u00e0 c\u00f2n mang l\u1ea1i v\u1ebb \u0111\u1eb9p sang tr\u1ecdng v\u00e0 b\u1ec1n b\u1ec9 theo th\u1eddi gian. M\u1eb7t gi\u01b0\u1eddng \u0111\u01b0\u1ee3c trang b\u1ecb n\u1ec7m \u00eam \u00e1i, t\u00edch h\u1ee3p l\u1ed7 tho\u00e1ng gi\u00fap kh\u00e1ch h\u00e0ng c\u1ea3m th\u1ea5y d\u1ec5 ch\u1ecbu v\u00e0 th\u01b0 gi\u00e3n t\u1ed1i \u0111a trong su\u1ed1t qu\u00e1 tr\u00ecnh massage. V\u1edbi k\u00edch th\u01b0\u1edbc chu\u1ea9n l\u00e0 70cm x 180cm, s\u1ea3n ph\u1ea9m ph\u00f9 h\u1ee3p v\u1edbi \u0111a s\u1ed1 kh\u00f4ng gian spa. \u0110\u1eb7c bi\u1ec7t, gi\u01b0\u1eddng c\u00f3 hai phi\u00ean b\u1ea3n: c\u00f3 th\u1ec3 th\u00e1o r\u1eddi v\u00e0 c\u1ed1 \u0111\u1ecbnh, t\u00f9y thu\u1ed9c v\u00e0o nhu c\u1ea7u s\u1eed d\u1ee5ng v\u00e0 kh\u00f4ng gian l\u1eafp \u0111\u1eb7t c\u1ee7a qu\u00fd kh\u00e1ch h\u00e0ng. \u0110\u00e2y ch\u1eafc ch\u1eafn l\u00e0 s\u1ef1 l\u1ef1a ch\u1ecdn ho\u00e0n h\u1ea3o cho nh\u1eefng ai \u0111ang t\u00ecm ki\u1ebfm s\u1ef1 k\u1ebft h\u1ee3p gi\u1eefa ch\u1ea5t l\u01b0\u1ee3ng v\u00e0 thi\u1ebft k\u1ebf trong s\u1ea3n ph\u1ea9m n\u1ed9i th\u1ea5t spa c\u1ee7a m\u00ecnh.<\/p>\n<p><img decoding=\"async\" class=\"wp-image-3167 size-full aligncenter\" title=\"\u30de\u30c3\u30b5\u30fc\u30b8\u30d9\u30c3\u30c9\u3001\u811a\u306f\u3001\u30b9\u30c6\u30f3\u30ec\u30b9\u92fc\" src=\"http:\/\/khantamgiare.com\/wp-content\/uploads\/2023\/06\/e448fec353fcb6a2efed.jpg\" alt=\" width=\" height=\"540\" \/><\/p>\n<p style=\"text-align: center;\"><em>\u30de\u30c3\u30b5\u30fc\u30b8\u30d9\u30c3\u30c9\u3001\u811a\u306f\u3001\u30b9\u30c6\u30f3\u30ec\u30b9\u92fc<\/em><\/p>\n<p><img decoding=\"async\" class=\"wp-image-3168 size-full aligncenter\" title=\"\u30de\u30c3\u30b5\u30fc\u30b8\u30d9\u30c3\u30c9\u3001\u811a\u306f\u3001\u30b9\u30c6\u30f3\u30ec\u30b9\u92fc\" src=\"http:\/\/khantamgiare.com\/wp-content\/uploads\/2023\/06\/giuong-spa-inox2.jpg\" alt=\" width=\" height=\"720\" \/><\/p>\n<p style=\"text-align: center;\"><em>\u30de\u30c3\u30b5\u30fc\u30b8\u30d9\u30c3\u30c9\u3001\u811a\u306f\u3001\u30b9\u30c6\u30f3\u30ec\u30b9\u92fc<\/em><\/p>\n<p><img decoding=\"async\" class=\"aligncenter wp-image-3169 size-full\" title=\"\u30de\u30c3\u30b5\u30fc\u30b8\u30d9\u30c3\u30c9\u3001\u811a\u306f\u3001\u30b9\u30c6\u30f3\u30ec\u30b9\u92fc\" src=\"http:\/\/khantamgiare.com\/wp-content\/uploads\/2023\/06\/giuong-spa-inox4.jpg\" alt=\" width=\" height=\"518\" \/><\/p>\n<p>\u9023\u7d61\u5148 <a href=\"https:\/\/khantamgiare.com\/ja\/\">\u30bf\u30aa\u30eb\u683c\u5b89<\/a> \u0111\u1ec3 \u0111\u01b0\u1ee3c t\u01b0 v\u1ea5n th\u00eam v\u1ec1 c\u00e1c gi\u01b0\u1eddng spa cao c\u1ea5p c\u0169ng nh\u01b0 l\u00e0 nh\u1eefng d\u1ee5ng c\u1ee5 spa nh\u01b0 <a href=\"https:\/\/khantamgiare.com\/ja\/khan-spa\/\">\u30bf\u30aa\u30eb\u30b9\u30b9\u30d1<\/a>, kh\u0103n tr\u1ea3i gi\u01b0\u1eddng spa, \u2026.<\/p>\n<blockquote><p><em><strong>\u8a73\u7d30\uff1a <a href=\"https:\/\/khantamgiare.com\/ja\/gsp-chan-go-08\/\">Gi\u01b0\u1eddng Spa ch\u00e2n g\u1ed7 08<\/a><\/strong><\/em><\/p><\/blockquote>","protected":false},"excerpt":{"rendered":"<p>\u88fd\u54c1\u60c5\u5831:<br \/>\n\u2013\u5bdd\u5177\u306e\u30d5\u30ec\u30fc\u30e0\u306f\u30b9\u30c6\u30f3\u30ec\u30b9\u92fc\u306e\u78ba\u304b\u306a\u8010\u4e45\u6027\u3092\u6709\u3059\u308b<br \/>\n\u2013\u30bd\u30d5\u30c8\u30de\u30c3\u30c8\u30ec\u30b9\u3001\u30ea\u30fc\u30de\u5b54\u304f\u306e\u5834\u5408\u6dfb\u3044\u5bdd\u30de\u30c3\u30b5\u30fc\u30b8\u3001\u30ea\u30e9\u30c3\u30af\u30b9\u3002<br \/>\n\u2013\u901a\u5e38\u30b5\u30a4\u30ba\uff1a70cm\u00d7180cm<br \/>\n\u2013\u30b9\u30bf\u30a4\u30eb:\u7740\u8131\u53ef\u80fd\u306a\u975e\u53d6\u308a\u5916\u3057\u53ef\u80fd\u3002<\/p>","protected":false},"featured_media":5666,"comment_status":"closed","ping_status":"closed","template":"","meta":[],"product_cat":[72],"product_tag":[],"class_list":{"0":"post-4209","1":"product","2":"type-product","3":"status-publish","4":"has-post-thumbnail","6":"product_cat-giuong-spa","7":"pa_chat-lieu-inox","8":"pa_mau-sac-nau-socola","9":"pa_mau-sac-trang","12":"instock","13":"product-type-simple"},"acf":[],"_links":{"self":[{"href":"https:\/\/khantamgiare.com\/ja\/wp-json\/wp\/v2\/product\/4209","targetHints":{"allow":["GET"]}}],"collection":[{"href":"https:\/\/khantamgiare.com\/ja\/wp-json\/wp\/v2\/product"}],"about":[{"href":"https:\/\/khantamgiare.com\/ja\/wp-json\/wp\/v2\/types\/product"}],"replies":[{"embeddable":true,"href":"https:\/\/khantamgiare.com\/ja\/wp-json\/wp\/v2\/comments?post=4209"}],"wp:featuredmedia":[{"embeddable":true,"href":"https:\/\/khantamgiare.com\/ja\/wp-json\/wp\/v2\/media\/5666"}],"wp:attachment":[{"href":"https:\/\/khantamgiare.com\/ja\/wp-json\/wp\/v2\/media?parent=4209"}],"wp:term":[{"taxonomy":"product_cat","embeddable":true,"href":"https:\/\/khantamgiare.com\/ja\/wp-json\/wp\/v2\/product_cat?post=4209"},{"taxonomy":"product_tag","embeddable":true,"href":"https:\/\/khantamgiare.com\/ja\/wp-json\/wp\/v2\/product_tag?post=4209"}],"curies":[{"name":"wp","href":"https:\/\/api.w.org\/{rel}","templated":true}]}}